{"id":1957,"date":"2026-04-17T14:23:23","date_gmt":"2026-04-17T12:23:23","guid":{"rendered":"https:\/\/merely-labeled.com\/?page_id=1957"},"modified":"2026-04-17T17:48:36","modified_gmt":"2026-04-17T15:48:36","slug":"gefuellte-paprika","status":"publish","type":"page","link":"https:\/\/merely-labeled.com\/?page_id=1957","title":{"rendered":"Gef\u00fcllte Paprika"},"content":{"rendered":"\t\t<div data-elementor-type=\"wp-page\" data-elementor-id=\"1957\" class=\"elementor elementor-1957\" data-elementor-post-type=\"page\">\n\t\t\t\t<div class=\"elementor-element elementor-element-526c90dd e-con-full e-flex e-con e-parent\" data-id=\"526c90dd\" data-element_type=\"container\" data-e-type=\"container\" data-settings=\"{&quot;background_background&quot;:&quot;gradient&quot;}\">\n\t\t\t\t<div class=\"elementor-element elementor-element-780e2393 elementor-widget elementor-widget-heading\" data-id=\"780e2393\" data-element_type=\"widget\" data-e-type=\"widget\" data-widget_type=\"heading.default\">\n\t\t\t\t<div class=\"elementor-widget-container\">\n\t\t\t\t\t<h2 class=\"elementor-heading-title elementor-size-default\">Gef\u00fcllte Paprika<\/h2>\t\t\t\t<\/div>\n\t\t\t\t<\/div>\n\t\t\t\t<div class=\"elementor-element elementor-element-136720ea elementor-widget__width-inherit elementor-widget-divider--view-line elementor-invisible elementor-widget elementor-widget-divider\" data-id=\"136720ea\" data-element_type=\"widget\" data-e-type=\"widget\" data-settings=\"{&quot;_animation&quot;:&quot;fadeInLeft&quot;}\" data-widget_type=\"divider.default\">\n\t\t\t\t<div class=\"elementor-widget-container\">\n\t\t\t\t\t\t\t<div class=\"elementor-divider\">\n\t\t\t<span class=\"elementor-divider-separator\">\n\t\t\t\t\t\t<\/span>\n\t\t<\/div>\n\t\t\t\t\t\t<\/div>\n\t\t\t\t<\/div>\n\t\t\t\t<div class=\"elementor-element elementor-element-532fee69 elementor-widget elementor-widget-text-editor\" data-id=\"532fee69\" data-element_type=\"widget\" data-e-type=\"widget\" data-widget_type=\"text-editor.default\">\n\t\t\t\t<div class=\"elementor-widget-container\">\n\t\t\t\t\t\t\t\t\t<p><strong>Portionen<\/strong> F\u00fcr 4 Personen<\/p><h3>Zutaten<\/h3><ul><li data-section-id=\"1mqc5zn\" data-start=\"642\" data-end=\"671\">500 g mageres Faschiertes<\/li><li data-section-id=\"h7vza8\" data-start=\"672\" data-end=\"694\">1 Dose Tomaten<\/li><li data-section-id=\"1qbhhcu\" data-start=\"695\" data-end=\"715\">250 g H\u00fcttenk\u00e4se<\/li><li data-section-id=\"qqk6gc\" data-start=\"716\" data-end=\"729\">4 Paprika (halbiert)<\/li><li data-section-id=\"18jdwhc\" data-start=\"730\" data-end=\"753\">60 g Quinoa<\/li><li data-section-id=\"1ukl5jn\" data-start=\"754\" data-end=\"767\">1 Zwiebel (gehackt)<\/li><li data-section-id=\"i89ojh\" data-start=\"768\" data-end=\"788\">2 Knoblauchzehen (gehackt)<\/li><li data-section-id=\"5hr3xq\" data-start=\"789\" data-end=\"834\">Gew\u00fcrze (Paprika, Oregano, Salz, Pfeffer)<\/li><li data-section-id=\"480ry3\" data-start=\"835\" data-end=\"846\">1 TL \u00d6l<\/li><\/ul><h3>Zubereitung<\/h3><ol><li data-section-id=\"1sc2u0\" data-start=\"1527\" data-end=\"1546\"><strong>60 g Quinoa<\/strong> vorkochen.<\/li><li data-section-id=\"1mudalt\" data-start=\"1547\" data-end=\"1596\"><strong>500 g mageres Faschiertes<\/strong> mit <strong>1 Zwiebel (gehackt)<\/strong> und <strong>2 Knoblauchzehen (gehackt)<\/strong> anbraten.<\/li><li data-section-id=\"1bduotx\" data-start=\"1597\" data-end=\"1624\"><strong>1 Dose Tomaten<\/strong> und <strong>Gew\u00fcrze (Paprika, Oregano, Salz, Pfeffer)<\/strong> dazu geben und eindicken lassen.<\/li><li data-section-id=\"qjb41p\" data-start=\"1625\" data-end=\"1647\">Reis untermischen.<\/li><li data-section-id=\"18tb1je\" data-start=\"1648\" data-end=\"1707\"><strong>250 g H\u00fcttenk\u00e4se<\/strong> erst am Ende einr\u00fchren.<\/li><li data-section-id=\"lkd3mk\" data-start=\"1708\" data-end=\"1727\">Die Paprika f\u00fcllen.<\/li><li data-section-id=\"o5js22\" data-start=\"1728\" data-end=\"1761\">180 \u00b0C, ca. 30\u201335 min backen<\/li><\/ol>\t\t\t\t\t\t\t\t<\/div>\n\t\t\t\t<\/div>\n\t\t\t\t<\/div>\n\t\t\t\t<\/div>\n\t\t","protected":false},"excerpt":{"rendered":"<p>Gef\u00fcllte Paprika Portionen F\u00fcr 4 Personen Zutaten 500 g mageres Faschiertes 1 Dose Tomaten 250 g H\u00fcttenk\u00e4se 4 Paprika (halbiert) 60 g Quinoa 1 Zwiebel (gehackt) 2 Knoblauchzehen (gehackt) Gew\u00fcrze (Paprika, Oregano, Salz, Pfeffer) 1 TL \u00d6l Zubereitung 60 g Quinoa vorkochen. 500 g mageres Faschiertes mit 1 Zwiebel (gehackt) und 2 Knoblauchzehen (gehackt) anbraten. [&hellip;]<\/p>\n","protected":false},"author":1,"featured_media":0,"parent":0,"menu_order":0,"comment_status":"closed","ping_status":"closed","template":"elementor_header_footer","meta":{"footnotes":""},"class_list":["post-1957","page","type-page","status-publish","hentry"],"_links":{"self":[{"href":"https:\/\/merely-labeled.com\/index.php?rest_route=\/wp\/v2\/pages\/1957","targetHints":{"allow":["GET"]}}],"collection":[{"href":"https:\/\/merely-labeled.com\/index.php?rest_route=\/wp\/v2\/pages"}],"about":[{"href":"https:\/\/merely-labeled.com\/index.php?rest_route=\/wp\/v2\/types\/page"}],"author":[{"embeddable":true,"href":"https:\/\/merely-labeled.com\/index.php?rest_route=\/wp\/v2\/users\/1"}],"replies":[{"embeddable":true,"href":"https:\/\/merely-labeled.com\/index.php?rest_route=%2Fwp%2Fv2%2Fcomments&post=1957"}],"version-history":[{"count":7,"href":"https:\/\/merely-labeled.com\/index.php?rest_route=\/wp\/v2\/pages\/1957\/revisions"}],"predecessor-version":[{"id":1967,"href":"https:\/\/merely-labeled.com\/index.php?rest_route=\/wp\/v2\/pages\/1957\/revisions\/1967"}],"wp:attachment":[{"href":"https:\/\/merely-labeled.com\/index.php?rest_route=%2Fwp%2Fv2%2Fmedia&parent=1957"}],"curies":[{"name":"wp","href":"https:\/\/api.w.org\/{rel}","templated":true}]}}