{"id":1934,"date":"2026-04-17T13:31:12","date_gmt":"2026-04-17T11:31:12","guid":{"rendered":"https:\/\/merely-labeled.com\/?page_id=1934"},"modified":"2026-04-17T13:48:41","modified_gmt":"2026-04-17T11:48:41","slug":"kombucha-pickled-onions","status":"publish","type":"page","link":"https:\/\/merely-labeled.com\/?page_id=1934","title":{"rendered":"Kombucha Pickled Onions"},"content":{"rendered":"\t\t<div data-elementor-type=\"wp-page\" data-elementor-id=\"1934\" class=\"elementor elementor-1934\" data-elementor-post-type=\"page\">\n\t\t\t\t<div class=\"elementor-element elementor-element-513f5943 e-con-full e-flex e-con e-parent\" data-id=\"513f5943\" data-element_type=\"container\" data-e-type=\"container\" data-settings=\"{&quot;background_background&quot;:&quot;gradient&quot;}\">\n\t\t\t\t<div class=\"elementor-element elementor-element-1c2d6200 elementor-widget elementor-widget-heading\" data-id=\"1c2d6200\" data-element_type=\"widget\" data-e-type=\"widget\" data-widget_type=\"heading.default\">\n\t\t\t\t<div class=\"elementor-widget-container\">\n\t\t\t\t\t<h2 class=\"elementor-heading-title elementor-size-default\">Kombucha Pickled Onions<\/h2>\t\t\t\t<\/div>\n\t\t\t\t<\/div>\n\t\t\t\t<div class=\"elementor-element elementor-element-4e205a72 elementor-widget__width-inherit elementor-widget-divider--view-line elementor-invisible elementor-widget elementor-widget-divider\" data-id=\"4e205a72\" data-element_type=\"widget\" data-e-type=\"widget\" data-settings=\"{&quot;_animation&quot;:&quot;fadeInLeft&quot;}\" data-widget_type=\"divider.default\">\n\t\t\t\t<div class=\"elementor-widget-container\">\n\t\t\t\t\t\t\t<div class=\"elementor-divider\">\n\t\t\t<span class=\"elementor-divider-separator\">\n\t\t\t\t\t\t<\/span>\n\t\t<\/div>\n\t\t\t\t\t\t<\/div>\n\t\t\t\t<\/div>\n\t\t\t\t<div class=\"elementor-element elementor-element-61111658 elementor-widget elementor-widget-text-editor\" data-id=\"61111658\" data-element_type=\"widget\" data-e-type=\"widget\" data-widget_type=\"text-editor.default\">\n\t\t\t\t<div class=\"elementor-widget-container\">\n\t\t\t\t\t\t\t\t\t<h3>Zutaten<\/h3><ul><li>3 rote Zwiebeln (gesch\u00e4lt, in feine Scheiben geschnitten)<\/li><li>250 ml Apfelessig<\/li><li>250 ml Kombucha<\/li><li>1 TL Salz<\/li><li>1 EL Zucker<\/li><li>3 TL Einlegegew\u00fcrz<\/li><li>optional: 2-3 EL Zucker<\/li><\/ul><h3>Zubereitung<\/h3><ol><li><strong>250 ml Apfelessig, 250 ml Kombucha,1 TL Salz<\/strong> und <strong>1 EL Zucker<\/strong> mischen.<\/li><li><strong>3 rote Zwiebeln (gesch\u00e4lt, in feine Scheiben geschnitten)<\/strong> in ein Glas f\u00fcllen und mit der Fl\u00fcssigkeit \u00fcbergie\u00dfen, sodass alles gut von der Fl\u00fcssigkeit bedeckt ist. Das Glas verschlie\u00dfen, aber darauf achten, dass Luft entweichen kann.<\/li><li>Die Zwiebeln im K\u00fchlschrank ca. 1 Woche durchziehen lassen.<\/li><li>Die roten Zwiebeln halten sich f\u00fcr einige Wochen im K\u00fchlschrank.<\/li><\/ol>\t\t\t\t\t\t\t\t<\/div>\n\t\t\t\t<\/div>\n\t\t\t\t<\/div>\n\t\t\t\t<\/div>\n\t\t","protected":false},"excerpt":{"rendered":"<p>Kombucha Pickled Onions Zutaten 3 rote Zwiebeln (gesch\u00e4lt, in feine Scheiben geschnitten) 250 ml Apfelessig 250 ml Kombucha 1 TL Salz 1 EL Zucker 3 TL Einlegegew\u00fcrz optional: 2-3 EL Zucker Zubereitung 250 ml Apfelessig, 250 ml Kombucha,1 TL Salz und 1 EL Zucker mischen. 3 rote Zwiebeln (gesch\u00e4lt, in feine Scheiben geschnitten) in ein [&hellip;]<\/p>\n","protected":false},"author":1,"featured_media":0,"parent":0,"menu_order":0,"comment_status":"closed","ping_status":"closed","template":"elementor_header_footer","meta":{"footnotes":""},"class_list":["post-1934","page","type-page","status-publish","hentry"],"_links":{"self":[{"href":"https:\/\/merely-labeled.com\/index.php?rest_route=\/wp\/v2\/pages\/1934","targetHints":{"allow":["GET"]}}],"collection":[{"href":"https:\/\/merely-labeled.com\/index.php?rest_route=\/wp\/v2\/pages"}],"about":[{"href":"https:\/\/merely-labeled.com\/index.php?rest_route=\/wp\/v2\/types\/page"}],"author":[{"embeddable":true,"href":"https:\/\/merely-labeled.com\/index.php?rest_route=\/wp\/v2\/users\/1"}],"replies":[{"embeddable":true,"href":"https:\/\/merely-labeled.com\/index.php?rest_route=%2Fwp%2Fv2%2Fcomments&post=1934"}],"version-history":[{"count":7,"href":"https:\/\/merely-labeled.com\/index.php?rest_route=\/wp\/v2\/pages\/1934\/revisions"}],"predecessor-version":[{"id":1944,"href":"https:\/\/merely-labeled.com\/index.php?rest_route=\/wp\/v2\/pages\/1934\/revisions\/1944"}],"wp:attachment":[{"href":"https:\/\/merely-labeled.com\/index.php?rest_route=%2Fwp%2Fv2%2Fmedia&parent=1934"}],"curies":[{"name":"wp","href":"https:\/\/api.w.org\/{rel}","templated":true}]}}