{"id":1918,"date":"2026-04-09T20:13:12","date_gmt":"2026-04-09T18:13:12","guid":{"rendered":"https:\/\/merely-labeled.com\/?page_id=1918"},"modified":"2026-04-09T20:16:12","modified_gmt":"2026-04-09T18:16:12","slug":"high-protein-lasagne-mit-gemuese","status":"publish","type":"page","link":"https:\/\/merely-labeled.com\/?page_id=1918","title":{"rendered":"High-Protein Lasagne mit Gem\u00fcse"},"content":{"rendered":"\t\t<div data-elementor-type=\"wp-page\" data-elementor-id=\"1918\" class=\"elementor elementor-1918\" data-elementor-post-type=\"page\">\n\t\t\t\t<div class=\"elementor-element elementor-element-4233d700 e-con-full e-flex e-con e-parent\" data-id=\"4233d700\" data-element_type=\"container\" data-e-type=\"container\" data-settings=\"{&quot;background_background&quot;:&quot;gradient&quot;}\">\n\t\t\t\t<div class=\"elementor-element elementor-element-1f6de795 elementor-widget elementor-widget-heading\" data-id=\"1f6de795\" data-element_type=\"widget\" data-e-type=\"widget\" data-widget_type=\"heading.default\">\n\t\t\t\t<div class=\"elementor-widget-container\">\n\t\t\t\t\t<h2 class=\"elementor-heading-title elementor-size-default\">High-Protein Lasagne mit Gem\u00fcse<\/h2>\t\t\t\t<\/div>\n\t\t\t\t<\/div>\n\t\t\t\t<div class=\"elementor-element elementor-element-3842a45d elementor-widget__width-inherit elementor-widget-divider--view-line elementor-invisible elementor-widget elementor-widget-divider\" data-id=\"3842a45d\" data-element_type=\"widget\" data-e-type=\"widget\" data-settings=\"{&quot;_animation&quot;:&quot;fadeInLeft&quot;}\" data-widget_type=\"divider.default\">\n\t\t\t\t<div class=\"elementor-widget-container\">\n\t\t\t\t\t\t\t<div class=\"elementor-divider\">\n\t\t\t<span class=\"elementor-divider-separator\">\n\t\t\t\t\t\t<\/span>\n\t\t<\/div>\n\t\t\t\t\t\t<\/div>\n\t\t\t\t<\/div>\n\t\t\t\t<div class=\"elementor-element elementor-element-5938f8dc elementor-widget elementor-widget-text-editor\" data-id=\"5938f8dc\" data-element_type=\"widget\" data-e-type=\"widget\" data-widget_type=\"text-editor.default\">\n\t\t\t\t<div class=\"elementor-widget-container\">\n\t\t\t\t\t\t\t\t\t<p><strong>Portionen<\/strong> F\u00fcr 4-6 Personen<\/p><h3>Zutaten<\/h3><h4>Bolognese<\/h4><ul><li data-section-id=\"5ijk25\" data-start=\"259\" data-end=\"290\">700 g Faschiertes<\/li><li data-section-id=\"12k5zz3\" data-start=\"291\" data-end=\"314\">1 Zucchini (gew\u00fcrfelt)<\/li><li data-section-id=\"gtv960\" data-start=\"315\" data-end=\"337\">1 Paprika (gew\u00fcrfelt)<\/li><li data-section-id=\"bmbo2p\" data-start=\"338\" data-end=\"356\">200 g Karotten (gerieben)<\/li><li data-section-id=\"uvq32o\" data-start=\"379\" data-end=\"397\">200 g Sellerie (gerieben)<\/li><li>150 g Champignons (in Scheiben geschnitten)<\/li><li data-section-id=\"4cqwyf\" data-start=\"398\" data-end=\"413\">2 Knoblauchzehen (gehackt)<\/li><li data-section-id=\"4cqwyf\" data-start=\"398\" data-end=\"413\">1 EL Oliven\u00f6l<\/li><li data-section-id=\"t2y7gh\" data-start=\"414\" data-end=\"440\">400 g gehackte Tomaten<\/li><li data-section-id=\"1f4i4f7\" data-start=\"441\" data-end=\"462\">100 g Tomatenmark<\/li><li data-section-id=\"yvrm5o\" data-start=\"463\" data-end=\"499\">Salz, Pfeffer, Oregano, Rosmarin<\/li><\/ul><h4>Protein-B\u00e9chamel\u00a0<\/h4><ul><li data-section-id=\"14ye8b9\" data-start=\"542\" data-end=\"574\">500 g Skyr<\/li><li data-section-id=\"un9evt\" data-start=\"575\" data-end=\"595\">120 ml Milch<\/li><li data-section-id=\"4f30xx\" data-start=\"596\" data-end=\"613\">35 g Mehl<\/li><li data-section-id=\"ai1pjp\" data-start=\"614\" data-end=\"626\">1 Ei<\/li><li data-section-id=\"9sbh5p\" data-start=\"627\" data-end=\"652\">Salz, Pfeffer, Muskat<\/li><\/ul><h4>Schichten<\/h4><ul><li data-section-id=\"1bavwkb\" data-start=\"673\" data-end=\"705\">100\u2013120 g Lasagneplatten<\/li><li data-section-id=\"1ckg4g7\" data-start=\"706\" data-end=\"726\">100\u2013120 g K\u00e4se (gerieben)<\/li><\/ul><h3>Zubereitung<\/h3><h4>Protein-B\u00e9chamel\u00a0<\/h4><ol><li data-section-id=\"14ye8b9\" data-start=\"542\" data-end=\"574\"><strong>500 g Skyr,\u00a0120 ml Milch<\/strong> und <strong>35 g Mehl<\/strong> glatt r\u00fchren. Dann erhitzen bis es cremig wird.<\/li><li data-section-id=\"14ye8b9\" data-start=\"542\" data-end=\"574\">Abk\u00fchlen lassen bis es lauwarm ist, dann <strong>1 Ei<\/strong> einr\u00fchren. Mit\u00a0<strong>Salz, Pfeffer<\/strong> und <strong>Muskat<\/strong> w\u00fcrzen.<\/li><\/ol><h4>Bolognese<\/h4><ol><li data-section-id=\"12k5zz3\" data-start=\"291\" data-end=\"314\"><strong>1 Zucchini (gew\u00fcrfelt)<\/strong> salzen und 10 min stehen lassen, dann abtropfen.<\/li><li data-section-id=\"4cqwyf\" data-start=\"398\" data-end=\"413\"><strong>2 Knoblauchzehen (gehackt)<\/strong> in <strong>1 EL Oliven\u00f6l<\/strong> kurz anbraten. <strong>Zucchini, 1 Paprika (gew\u00fcrfelt), 200 g Karotten (gerieben), 200 g Sellerie (gerieben)<\/strong> und <strong>150 g Champignons (in Scheiben geschnitten)<\/strong>\u00a0dazu geben und mitbraten.<\/li><li data-section-id=\"5ijk25\" data-start=\"259\" data-end=\"290\"><strong>700 g Faschiertes<\/strong> dazu gehen und mitbraten.<\/li><li data-section-id=\"t2y7gh\" data-start=\"414\" data-end=\"440\"><strong>400 g gehackte Tomaten<\/strong> und <strong>100 g Tomatenmark<\/strong> dazu geben und mit <strong>Salz, Pfeffer, Oregano<\/strong> und <strong>Rosmarin<\/strong> w\u00fcrzen. K\u00f6cheln lassen, bis die Sauce eingedickt ist.<\/li><\/ol><h4>Schichten<\/h4><ol><li data-section-id=\"1bavwkb\" data-start=\"673\" data-end=\"705\">Bolognese und Bechamel im wechsel mit <strong>100\u2013120 g Lasagneplatten<\/strong> schichten. Die letzte Schickt soll Bechamel sein.<\/li><li data-section-id=\"1ckg4g7\" data-start=\"706\" data-end=\"726\">Zum Abschluss mit <strong>100\u2013120 g K\u00e4se (gerieben)<\/strong> bestreuen.<\/li><li>Lasagne <strong>30-35 Minuten bei 200\u00b0C<\/strong> backen, aus dem Backofen nehmen, <strong>15 Minuten<\/strong> ruhen lassen, in St\u00fccke schneiden und hei\u00df servieren.<\/li><\/ol>\t\t\t\t\t\t\t\t<\/div>\n\t\t\t\t<\/div>\n\t\t\t\t<\/div>\n\t\t\t\t<\/div>\n\t\t","protected":false},"excerpt":{"rendered":"<p>High-Protein Lasagne mit Gem\u00fcse Portionen F\u00fcr 4-6 Personen Zutaten Bolognese 700 g Faschiertes 1 Zucchini (gew\u00fcrfelt) 1 Paprika (gew\u00fcrfelt) 200 g Karotten (gerieben) 200 g Sellerie (gerieben) 150 g Champignons (in Scheiben geschnitten) 2 Knoblauchzehen (gehackt) 1 EL Oliven\u00f6l 400 g gehackte Tomaten 100 g Tomatenmark Salz, Pfeffer, Oregano, Rosmarin Protein-B\u00e9chamel\u00a0 500 g Skyr 120 [&hellip;]<\/p>\n","protected":false},"author":1,"featured_media":0,"parent":0,"menu_order":0,"comment_status":"closed","ping_status":"closed","template":"elementor_header_footer","meta":{"footnotes":""},"class_list":["post-1918","page","type-page","status-publish","hentry"],"_links":{"self":[{"href":"https:\/\/merely-labeled.com\/index.php?rest_route=\/wp\/v2\/pages\/1918","targetHints":{"allow":["GET"]}}],"collection":[{"href":"https:\/\/merely-labeled.com\/index.php?rest_route=\/wp\/v2\/pages"}],"about":[{"href":"https:\/\/merely-labeled.com\/index.php?rest_route=\/wp\/v2\/types\/page"}],"author":[{"embeddable":true,"href":"https:\/\/merely-labeled.com\/index.php?rest_route=\/wp\/v2\/users\/1"}],"replies":[{"embeddable":true,"href":"https:\/\/merely-labeled.com\/index.php?rest_route=%2Fwp%2Fv2%2Fcomments&post=1918"}],"version-history":[{"count":3,"href":"https:\/\/merely-labeled.com\/index.php?rest_route=\/wp\/v2\/pages\/1918\/revisions"}],"predecessor-version":[{"id":1921,"href":"https:\/\/merely-labeled.com\/index.php?rest_route=\/wp\/v2\/pages\/1918\/revisions\/1921"}],"wp:attachment":[{"href":"https:\/\/merely-labeled.com\/index.php?rest_route=%2Fwp%2Fv2%2Fmedia&parent=1918"}],"curies":[{"name":"wp","href":"https:\/\/api.w.org\/{rel}","templated":true}]}}