{"id":1886,"date":"2026-04-04T18:39:17","date_gmt":"2026-04-04T16:39:17","guid":{"rendered":"https:\/\/merely-labeled.com\/?page_id=1886"},"modified":"2026-04-04T18:52:01","modified_gmt":"2026-04-04T16:52:01","slug":"zucchini-nudel-auflauf-mit-faschiertem","status":"publish","type":"page","link":"https:\/\/merely-labeled.com\/?page_id=1886","title":{"rendered":"Zucchini-Nudel-Auflauf mit Faschiertem\u200b"},"content":{"rendered":"\t\t<div data-elementor-type=\"wp-page\" data-elementor-id=\"1886\" class=\"elementor elementor-1886\" data-elementor-post-type=\"page\">\n\t\t\t\t<div class=\"elementor-element elementor-element-781d22af e-con-full e-flex e-con e-parent\" data-id=\"781d22af\" data-element_type=\"container\" data-e-type=\"container\" data-settings=\"{&quot;background_background&quot;:&quot;gradient&quot;}\">\n\t\t\t\t<div class=\"elementor-element elementor-element-3bf4f765 elementor-widget elementor-widget-heading\" data-id=\"3bf4f765\" data-element_type=\"widget\" data-e-type=\"widget\" data-widget_type=\"heading.default\">\n\t\t\t\t<div class=\"elementor-widget-container\">\n\t\t\t\t\t<h2 class=\"elementor-heading-title elementor-size-default\">Zucchini-Nudel-Auflauf mit Faschiertem<\/h2>\t\t\t\t<\/div>\n\t\t\t\t<\/div>\n\t\t\t\t<div class=\"elementor-element elementor-element-7ffaf980 elementor-widget__width-inherit elementor-widget-divider--view-line elementor-invisible elementor-widget elementor-widget-divider\" data-id=\"7ffaf980\" data-element_type=\"widget\" data-e-type=\"widget\" data-settings=\"{&quot;_animation&quot;:&quot;fadeInLeft&quot;}\" data-widget_type=\"divider.default\">\n\t\t\t\t<div class=\"elementor-widget-container\">\n\t\t\t\t\t\t\t<div class=\"elementor-divider\">\n\t\t\t<span class=\"elementor-divider-separator\">\n\t\t\t\t\t\t<\/span>\n\t\t<\/div>\n\t\t\t\t\t\t<\/div>\n\t\t\t\t<\/div>\n\t\t\t\t<div class=\"elementor-element elementor-element-5eab6f37 elementor-widget elementor-widget-text-editor\" data-id=\"5eab6f37\" data-element_type=\"widget\" data-e-type=\"widget\" data-widget_type=\"text-editor.default\">\n\t\t\t\t<div class=\"elementor-widget-container\">\n\t\t\t\t\t\t\t\t\t<p><strong>Portionen<\/strong> F\u00fcr 4 Personen<\/p><h3>Zutaten<\/h3><ul><li>200 g Nudeln<\/li><li>1 kg Zucchini (in W\u00fcrfel geschnitten)<\/li><li>1 TL Oliven\u00f6l<\/li><li>1 Zwiebel (gehackt)<\/li><li>2 Knoblauchzehen (gehackt)<\/li><li>600 g Faschiertes<\/li><li>3 EL Tomatenmark<\/li><li>1 Dose gehackte Tomaten<\/li><li>Salz<\/li><li>1 TL Pfeffer<\/li><li>1 TL getrockneter Oregano<\/li><li>1 TL getrockneter Basilikum<\/li><li>80 g Parmesan (gerieben)<\/li><\/ul><h3>Zubereitung<\/h3><ol><li><strong>200 g Nudeln<\/strong> in Salzwasser bissfest garen, abgie\u00dfen und beiseite stellen.<\/li><li><strong>1 kg Zucchini<\/strong> mit <strong>1 TL Salz<\/strong> salzen, 15 Minuten ziehen lassen, Fl\u00fcssigkeit abgie\u00dfen.<\/li><li><strong>1 Zwiebel (gehackt)<\/strong> und <strong>2 Knoblauchzehen (gehackt)<\/strong>, in <strong>1 TL Oliven\u00f6l<\/strong> anbraten. <strong>600 g Faschiertes<\/strong> dazugeben und kr\u00fcmelig braten.<\/li><li>Die getropften Zucchini dazu geben und mit braten.<\/li><li><strong>3 EL Tomatenmark<\/strong> einr\u00fchren und kurz r\u00f6sten. <b>1 Dose gehackte Tomaten<\/b> hinzuf\u00fcgen, w\u00fcrzen und 10 Minuten k\u00f6cheln lassen.<\/li><li>Nudeln zur Suppe geben und vermischen.<\/li><li>Die Masse in eine Auflaufform geben, mit <strong>80 g geriebenen Parmesan<\/strong> bestreuen. Bei 180 \u00b0C ca. 25\u201330 Minuten backen.<\/li><\/ol>\t\t\t\t\t\t\t\t<\/div>\n\t\t\t\t<\/div>\n\t\t\t\t<\/div>\n\t\t\t\t<\/div>\n\t\t","protected":false},"excerpt":{"rendered":"<p>Zucchini-Nudel-Auflauf mit Faschiertem Portionen F\u00fcr 4 Personen Zutaten 200 g Nudeln 1 kg Zucchini (in W\u00fcrfel geschnitten) 1 TL Oliven\u00f6l 1 Zwiebel (gehackt) 2 Knoblauchzehen (gehackt) 600 g Faschiertes 3 EL Tomatenmark 1 Dose gehackte Tomaten Salz 1 TL Pfeffer 1 TL getrockneter Oregano 1 TL getrockneter Basilikum 80 g Parmesan (gerieben) Zubereitung 200 g [&hellip;]<\/p>\n","protected":false},"author":1,"featured_media":0,"parent":0,"menu_order":0,"comment_status":"closed","ping_status":"closed","template":"elementor_header_footer","meta":{"footnotes":""},"class_list":["post-1886","page","type-page","status-publish","hentry"],"_links":{"self":[{"href":"https:\/\/merely-labeled.com\/index.php?rest_route=\/wp\/v2\/pages\/1886","targetHints":{"allow":["GET"]}}],"collection":[{"href":"https:\/\/merely-labeled.com\/index.php?rest_route=\/wp\/v2\/pages"}],"about":[{"href":"https:\/\/merely-labeled.com\/index.php?rest_route=\/wp\/v2\/types\/page"}],"author":[{"embeddable":true,"href":"https:\/\/merely-labeled.com\/index.php?rest_route=\/wp\/v2\/users\/1"}],"replies":[{"embeddable":true,"href":"https:\/\/merely-labeled.com\/index.php?rest_route=%2Fwp%2Fv2%2Fcomments&post=1886"}],"version-history":[{"count":4,"href":"https:\/\/merely-labeled.com\/index.php?rest_route=\/wp\/v2\/pages\/1886\/revisions"}],"predecessor-version":[{"id":1890,"href":"https:\/\/merely-labeled.com\/index.php?rest_route=\/wp\/v2\/pages\/1886\/revisions\/1890"}],"wp:attachment":[{"href":"https:\/\/merely-labeled.com\/index.php?rest_route=%2Fwp%2Fv2%2Fmedia&parent=1886"}],"curies":[{"name":"wp","href":"https:\/\/api.w.org\/{rel}","templated":true}]}}