{"id":1873,"date":"2026-03-27T21:20:01","date_gmt":"2026-03-27T20:20:01","guid":{"rendered":"https:\/\/merely-labeled.com\/?page_id=1873"},"modified":"2026-03-27T21:29:47","modified_gmt":"2026-03-27T20:29:47","slug":"polenta-mit-haehnchen-und-gemuese","status":"publish","type":"page","link":"https:\/\/merely-labeled.com\/?page_id=1873","title":{"rendered":"Polenta mit H\u00e4hnchen und Gem\u00fcse"},"content":{"rendered":"\t\t<div data-elementor-type=\"wp-page\" data-elementor-id=\"1873\" class=\"elementor elementor-1873\" data-elementor-post-type=\"page\">\n\t\t\t\t<div class=\"elementor-element elementor-element-2dc89fb3 e-con-full e-flex e-con e-parent\" data-id=\"2dc89fb3\" data-element_type=\"container\" data-e-type=\"container\" data-settings=\"{&quot;background_background&quot;:&quot;gradient&quot;}\">\n\t\t\t\t<div class=\"elementor-element elementor-element-25c1cfed elementor-widget elementor-widget-heading\" data-id=\"25c1cfed\" data-element_type=\"widget\" data-e-type=\"widget\" data-widget_type=\"heading.default\">\n\t\t\t\t<div class=\"elementor-widget-container\">\n\t\t\t\t\t<h2 class=\"elementor-heading-title elementor-size-default\">Polenta mit H\u00e4hnchen und Gem\u00fcse<\/h2>\t\t\t\t<\/div>\n\t\t\t\t<\/div>\n\t\t\t\t<div class=\"elementor-element elementor-element-4d004f3 elementor-widget__width-inherit elementor-widget-divider--view-line elementor-invisible elementor-widget elementor-widget-divider\" data-id=\"4d004f3\" data-element_type=\"widget\" data-e-type=\"widget\" data-settings=\"{&quot;_animation&quot;:&quot;fadeInLeft&quot;}\" data-widget_type=\"divider.default\">\n\t\t\t\t<div class=\"elementor-widget-container\">\n\t\t\t\t\t\t\t<div class=\"elementor-divider\">\n\t\t\t<span class=\"elementor-divider-separator\">\n\t\t\t\t\t\t<\/span>\n\t\t<\/div>\n\t\t\t\t\t\t<\/div>\n\t\t\t\t<\/div>\n\t\t\t\t<div class=\"elementor-element elementor-element-58b973bd elementor-widget elementor-widget-text-editor\" data-id=\"58b973bd\" data-element_type=\"widget\" data-e-type=\"widget\" data-widget_type=\"text-editor.default\">\n\t\t\t\t<div class=\"elementor-widget-container\">\n\t\t\t\t\t\t\t\t\t<p><strong>Portionen<\/strong> F\u00fcr 2 Personen<\/p><h3>Zutaten<\/h3><ul><li data-section-id=\"1u5fjqu\" data-start=\"285\" data-end=\"335\"><strong>80\u202fg<\/strong> Polenta<\/li><li data-section-id=\"18je4nj\" data-start=\"336\" data-end=\"354\"><strong>400\u202fml<\/strong> Wasser<\/li><li data-section-id=\"1cgvh7l\" data-start=\"355\" data-end=\"413\"><strong>300 g <\/strong>H\u00fchnerbrust (w\u00fcrfelig geschnitten)<\/li><li data-section-id=\"kirnt4\" data-start=\"414\" data-end=\"459\"><strong>200 g<\/strong> Zucchini(w\u00fcrfelig geschnitten)<\/li><li data-section-id=\"kirnt4\" data-start=\"414\" data-end=\"459\"><strong>200 g <\/strong>Paprika(w\u00fcrfelig geschnitten)<\/li><li data-section-id=\"1f9usox\" data-start=\"505\" data-end=\"542\"><strong>1 TL<\/strong> Oliven\u00f6l<\/li><li data-section-id=\"6azmmx\" data-start=\"543\" data-end=\"584\">Salz, Pfeffer, Kr\u00e4uter nach Geschmack<\/li><\/ul><h3>Zubereitung<\/h3><ol><li data-section-id=\"tp4wvb\" data-start=\"602\" data-end=\"686\"><strong>80 g Polenta<\/strong> und <strong>1\/4 TL Salz<\/strong> in <strong>400 ml kochendem Wasser<\/strong> unter R\u00fchren 3\u20135\u202fMinuten garen, bis sie cremig ist.<\/li><li data-section-id=\"1bi53d1\" data-start=\"687\" data-end=\"760\"><strong>300 g H\u00fchnerbrust<\/strong>, leicht in <strong>1\u202fTL Oliven\u00f6l<\/strong> anbraten.<\/li><li data-section-id=\"1xgb8jw\" data-start=\"761\" data-end=\"811\"><strong>200 g Zucchini<\/strong> und <strong>200 g Paprika<\/strong> w\u00fcrfeln, kurz mitbraten. Mit <strong>Salz, Pfeffer<\/strong> und <strong>Kr\u00e4utern<\/strong> abschmecken.<\/li><li data-section-id=\"1cklapl\" data-start=\"812\" data-end=\"906\">Huhn und Gem\u00fcse auf der Polenta anrichten.<\/li><\/ol>\t\t\t\t\t\t\t\t<\/div>\n\t\t\t\t<\/div>\n\t\t\t\t<\/div>\n\t\t\t\t<\/div>\n\t\t","protected":false},"excerpt":{"rendered":"<p>Polenta mit H\u00e4hnchen und Gem\u00fcse Portionen F\u00fcr 2 Personen Zutaten 80\u202fg Polenta 400\u202fml Wasser 300 g H\u00fchnerbrust (w\u00fcrfelig geschnitten) 200 g Zucchini(w\u00fcrfelig geschnitten) 200 g Paprika(w\u00fcrfelig geschnitten) 1 TL Oliven\u00f6l Salz, Pfeffer, Kr\u00e4uter nach Geschmack Zubereitung 80 g Polenta und 1\/4 TL Salz in 400 ml kochendem Wasser unter R\u00fchren 3\u20135\u202fMinuten garen, bis sie cremig [&hellip;]<\/p>\n","protected":false},"author":1,"featured_media":0,"parent":0,"menu_order":0,"comment_status":"closed","ping_status":"closed","template":"elementor_header_footer","meta":{"footnotes":""},"class_list":["post-1873","page","type-page","status-publish","hentry"],"_links":{"self":[{"href":"https:\/\/merely-labeled.com\/index.php?rest_route=\/wp\/v2\/pages\/1873","targetHints":{"allow":["GET"]}}],"collection":[{"href":"https:\/\/merely-labeled.com\/index.php?rest_route=\/wp\/v2\/pages"}],"about":[{"href":"https:\/\/merely-labeled.com\/index.php?rest_route=\/wp\/v2\/types\/page"}],"author":[{"embeddable":true,"href":"https:\/\/merely-labeled.com\/index.php?rest_route=\/wp\/v2\/users\/1"}],"replies":[{"embeddable":true,"href":"https:\/\/merely-labeled.com\/index.php?rest_route=%2Fwp%2Fv2%2Fcomments&post=1873"}],"version-history":[{"count":9,"href":"https:\/\/merely-labeled.com\/index.php?rest_route=\/wp\/v2\/pages\/1873\/revisions"}],"predecessor-version":[{"id":1882,"href":"https:\/\/merely-labeled.com\/index.php?rest_route=\/wp\/v2\/pages\/1873\/revisions\/1882"}],"wp:attachment":[{"href":"https:\/\/merely-labeled.com\/index.php?rest_route=%2Fwp%2Fv2%2Fmedia&parent=1873"}],"curies":[{"name":"wp","href":"https:\/\/api.w.org\/{rel}","templated":true}]}}