{"id":1830,"date":"2026-03-22T11:48:16","date_gmt":"2026-03-22T10:48:16","guid":{"rendered":"https:\/\/merely-labeled.com\/?page_id=1830"},"modified":"2026-03-22T12:39:31","modified_gmt":"2026-03-22T11:39:31","slug":"huehnerbrust-brokkoli-auflauf","status":"publish","type":"page","link":"https:\/\/merely-labeled.com\/?page_id=1830","title":{"rendered":"H\u00fchnerbrust\u2013Brokkoli\u2013Auflauf"},"content":{"rendered":"\t\t<div data-elementor-type=\"wp-page\" data-elementor-id=\"1830\" class=\"elementor elementor-1830\" data-elementor-post-type=\"page\">\n\t\t\t\t<div class=\"elementor-element elementor-element-68c733d9 e-con-full e-flex e-con e-parent\" data-id=\"68c733d9\" data-element_type=\"container\" data-e-type=\"container\" data-settings=\"{&quot;background_background&quot;:&quot;gradient&quot;}\">\n\t\t\t\t<div class=\"elementor-element elementor-element-935c0be elementor-widget elementor-widget-heading\" data-id=\"935c0be\" data-element_type=\"widget\" data-e-type=\"widget\" data-widget_type=\"heading.default\">\n\t\t\t\t<div class=\"elementor-widget-container\">\n\t\t\t\t\t<h2 class=\"elementor-heading-title elementor-size-default\">H\u00fchnerbrust\u2013Brokkoli\u2013Auflauf (Thermomix TM 6)<\/h2>\t\t\t\t<\/div>\n\t\t\t\t<\/div>\n\t\t\t\t<div class=\"elementor-element elementor-element-6c07f23a elementor-widget__width-inherit elementor-widget-divider--view-line elementor-invisible elementor-widget elementor-widget-divider\" data-id=\"6c07f23a\" data-element_type=\"widget\" data-e-type=\"widget\" data-settings=\"{&quot;_animation&quot;:&quot;fadeInLeft&quot;}\" data-widget_type=\"divider.default\">\n\t\t\t\t<div class=\"elementor-widget-container\">\n\t\t\t\t\t\t\t<div class=\"elementor-divider\">\n\t\t\t<span class=\"elementor-divider-separator\">\n\t\t\t\t\t\t<\/span>\n\t\t<\/div>\n\t\t\t\t\t\t<\/div>\n\t\t\t\t<\/div>\n\t\t\t\t<div class=\"elementor-element elementor-element-7a59c632 elementor-widget elementor-widget-text-editor\" data-id=\"7a59c632\" data-element_type=\"widget\" data-e-type=\"widget\" data-widget_type=\"text-editor.default\">\n\t\t\t\t<div class=\"elementor-widget-container\">\n\t\t\t\t\t\t\t\t\t<p><strong>Portionen<\/strong> F\u00fcr 4 Personen<\/p>\n<h3>Zutaten<\/h3>\n<h4>F\u00fcr das H\u00fchnergeschnetzelte<\/h4>\n<ul>\n<li data-section-id=\"2ripa1\" data-start=\"86\" data-end=\"111\">500 g H\u00fchnerbrust (gew\u00fcrfelt)<\/li>\n<li data-section-id=\"w86qmh\" data-start=\"112\" data-end=\"130\">300 g Brokkoli (kleine R\u00f6schen)<\/li>\n<li data-section-id=\"w86qmh\" data-start=\"112\" data-end=\"130\">250 g Kartoffeln<\/li>\n<li data-section-id=\"14afizn\" data-start=\"131\" data-end=\"152\">1 Zwiebel (gehackt)<\/li>\n<li data-section-id=\"14afizn\" data-start=\"131\" data-end=\"152\">2 Knoblauchzehen (gehackt)<\/li>\n<li data-section-id=\"xvdb1p\" data-start=\"153\" data-end=\"171\">1 TL \u00d6l<\/li>\n<li data-section-id=\"v7ionb\" data-start=\"182\" data-end=\"192\">5 Eier<\/li>\n<li data-section-id=\"rud5ej\" data-start=\"210\" data-end=\"226\">200 ml Milch (fettarm)<\/li>\n<li data-section-id=\"zbw40s\" data-start=\"227\" data-end=\"251\">50 g geriebener K\u00e4se<\/li>\n<li data-section-id=\"9sbh5p\" data-start=\"252\" data-end=\"277\">Salz, Pfeffer, Muskat<\/li>\n<\/ul>\n<h3>Zubereitung<\/h3>\n<ol>\n<li data-start=\"953\" data-end=\"992\"><strong>50 g Emmentaler<\/strong> in St\u00fccken in den Mixtopf geben.&nbsp;<strong data-start=\"996\" data-end=\"1017\" style=\"text-align: var(--text-align); font-size: var(--wp--preset--font-size--medium);\">10 Sek. | Stufe 8<\/strong><span style=\"text-align: var(--text-align); font-size: var(--wp--preset--font-size--medium);\"> \u2013 fein reiben.&nbsp;<\/span><span style=\"text-align: var(--text-align); font-size: var(--wp--preset--font-size--medium);\">K\u00e4se umf\u00fcllen und beiseitestellen.<\/span><\/li>\n<li data-start=\"1038\" data-end=\"1072\"><strong>250 g Kartoffeln<\/strong>&nbsp;kochen, abk\u00fchlen lassen und in W\u00fcrfel schneiden.<\/li>\n<li data-start=\"1038\" data-end=\"1072\"><strong>300 g Brokkoli<\/strong>&nbsp;d\u00fcnsten.<\/li>\n<li data-section-id=\"1kr7m1j\" data-start=\"478\" data-end=\"501\"><strong>500 g H\u00fchnerbrust (gew\u00fcrfelt)<\/strong> in <strong>1 TL \u00d6l<\/strong> scharf anbraten, mit <strong>Salz<\/strong> und <strong>Pfeffer<\/strong> w\u00fcrzen.<\/li>\n<li data-section-id=\"bvxjru\" data-start=\"536\" data-end=\"576\"><strong>1 Zwiebel (gehackt)<\/strong> und <strong>2 Knoblauchzehen (gehackt)<\/strong>, kurz mitbraten, den Brokkoli und Kartoffeln unterr\u00fchren und in die Auflaufform geben.<\/li>\n<li data-section-id=\"1tfd5qj\" data-start=\"595\" data-end=\"631\"><strong>5 Eier, 100 ml Schlagobers<\/strong> und <strong>100 ml Milch<\/strong> verquirlen.<\/li>\n<li data-section-id=\"1rmhb4d\" data-start=\"632\" data-end=\"664\"><strong>K\u00e4se<\/strong> und <strong>Salz, Pfeffer und Muskat<\/strong> unterr\u00fchren und gleichm\u00e4\u00dfig in der Auflaufform verteilen.<\/li>\n<li data-section-id=\"xd2ud9\" data-start=\"744\" data-end=\"779\">35\u201340 Minuten bei 180 \u00b0C backen.<\/li>\n<\/ol>\t\t\t\t\t\t\t\t<\/div>\n\t\t\t\t<\/div>\n\t\t\t\t<\/div>\n\t\t\t\t<\/div>\n\t\t","protected":false},"excerpt":{"rendered":"<p>H\u00fchnerbrust\u2013Brokkoli\u2013Auflauf (Thermomix TM 6) Portionen F\u00fcr 4 Personen Zutaten F\u00fcr das H\u00fchnergeschnetzelte 500 g H\u00fchnerbrust (gew\u00fcrfelt) 300 g Brokkoli (kleine R\u00f6schen) 250 g Kartoffeln 1 Zwiebel (gehackt) 2 Knoblauchzehen (gehackt) 1 TL \u00d6l 5 Eier 200 ml Milch (fettarm) 50 g geriebener K\u00e4se Salz, Pfeffer, Muskat Zubereitung 50 g Emmentaler in St\u00fccken in den Mixtopf [&hellip;]<\/p>\n","protected":false},"author":1,"featured_media":0,"parent":0,"menu_order":0,"comment_status":"closed","ping_status":"closed","template":"elementor_header_footer","meta":{"footnotes":""},"class_list":["post-1830","page","type-page","status-publish","hentry"],"_links":{"self":[{"href":"https:\/\/merely-labeled.com\/index.php?rest_route=\/wp\/v2\/pages\/1830","targetHints":{"allow":["GET"]}}],"collection":[{"href":"https:\/\/merely-labeled.com\/index.php?rest_route=\/wp\/v2\/pages"}],"about":[{"href":"https:\/\/merely-labeled.com\/index.php?rest_route=\/wp\/v2\/types\/page"}],"author":[{"embeddable":true,"href":"https:\/\/merely-labeled.com\/index.php?rest_route=\/wp\/v2\/users\/1"}],"replies":[{"embeddable":true,"href":"https:\/\/merely-labeled.com\/index.php?rest_route=%2Fwp%2Fv2%2Fcomments&post=1830"}],"version-history":[{"count":10,"href":"https:\/\/merely-labeled.com\/index.php?rest_route=\/wp\/v2\/pages\/1830\/revisions"}],"predecessor-version":[{"id":1844,"href":"https:\/\/merely-labeled.com\/index.php?rest_route=\/wp\/v2\/pages\/1830\/revisions\/1844"}],"wp:attachment":[{"href":"https:\/\/merely-labeled.com\/index.php?rest_route=%2Fwp%2Fv2%2Fmedia&parent=1830"}],"curies":[{"name":"wp","href":"https:\/\/api.w.org\/{rel}","templated":true}]}}