{"id":1771,"date":"2025-06-28T22:17:49","date_gmt":"2025-06-28T20:17:49","guid":{"rendered":"https:\/\/merely-labeled.com\/?page_id=1771"},"modified":"2025-06-28T22:18:59","modified_gmt":"2025-06-28T20:18:59","slug":"ofenlachs-mit-ofengemuese-feta","status":"publish","type":"page","link":"https:\/\/merely-labeled.com\/?page_id=1771","title":{"rendered":"Ofenlachs mit Ofengem\u00fcse &amp; Feta"},"content":{"rendered":"\t\t<div data-elementor-type=\"wp-page\" data-elementor-id=\"1771\" class=\"elementor elementor-1771\" data-elementor-post-type=\"page\">\n\t\t\t\t<div class=\"elementor-element elementor-element-5059fa08 e-con-full e-flex e-con e-parent\" data-id=\"5059fa08\" data-element_type=\"container\" data-e-type=\"container\" data-settings=\"{&quot;background_background&quot;:&quot;gradient&quot;}\">\n\t\t\t\t<div class=\"elementor-element elementor-element-3ef774c7 elementor-widget elementor-widget-heading\" data-id=\"3ef774c7\" data-element_type=\"widget\" data-e-type=\"widget\" data-widget_type=\"heading.default\">\n\t\t\t\t<div class=\"elementor-widget-container\">\n\t\t\t\t\t<h2 class=\"elementor-heading-title elementor-size-default\">Ofenlachs mit mediterranem Gem\u00fcse &amp; Schafsk\u00e4se<\/h2>\t\t\t\t<\/div>\n\t\t\t\t<\/div>\n\t\t\t\t<div class=\"elementor-element elementor-element-5385610d elementor-widget__width-inherit elementor-widget-divider--view-line elementor-invisible elementor-widget elementor-widget-divider\" data-id=\"5385610d\" data-element_type=\"widget\" data-e-type=\"widget\" data-settings=\"{&quot;_animation&quot;:&quot;fadeInLeft&quot;}\" data-widget_type=\"divider.default\">\n\t\t\t\t<div class=\"elementor-widget-container\">\n\t\t\t\t\t\t\t<div class=\"elementor-divider\">\n\t\t\t<span class=\"elementor-divider-separator\">\n\t\t\t\t\t\t<\/span>\n\t\t<\/div>\n\t\t\t\t\t\t<\/div>\n\t\t\t\t<\/div>\n\t\t\t\t<div class=\"elementor-element elementor-element-3e585e69 elementor-widget elementor-widget-text-editor\" data-id=\"3e585e69\" data-element_type=\"widget\" data-e-type=\"widget\" data-widget_type=\"text-editor.default\">\n\t\t\t\t<div class=\"elementor-widget-container\">\n\t\t\t\t\t\t\t\t\t<p><strong>Portionen<\/strong> F\u00fcr 2 Personen<\/p><h3>Zutaten<\/h3><ul><li data-start=\"231\" data-end=\"254\">250\u202fg Lachsfilets<\/li><li data-start=\"257\" data-end=\"292\">100\u202fg Feta<\/li><li data-start=\"295\" data-end=\"355\">1 mittelgro\u00dfe Zucchini (in halbe Scheiben geschnitten)<\/li><li data-start=\"358\" data-end=\"394\">150\u202fg Champignons (geviertelt)<\/li><li data-start=\"397\" data-end=\"457\">1 mittelgro\u00dfe Paprikaschote (rot oder gelb, gew\u00fcrfelt)<\/li><li data-start=\"460\" data-end=\"513\">300\u202fg Cherrytomaten<\/li><li data-start=\"516\" data-end=\"562\">2 Knoblauchzehen (gehackt oder gepresst)<\/li><li data-start=\"565\" data-end=\"638\">3\u20134 mittelgro\u00dfe Kartoffeln (in kleine W\u00fcrfel geschnitten)<\/li><li data-start=\"641\" data-end=\"676\">Salz &amp; Pfeffer nach Geschmack<\/li><li data-start=\"679\" data-end=\"700\">1\u20132 EL Oliven\u00f6l<\/li><li data-start=\"703\" data-end=\"767\">Optional: Frische Kr\u00e4uter (z.\u202fB. Rosmarin, Thymian oder Oregano)<\/li><\/ul><h3>Zubereitung<\/h3><ol><li data-start=\"805\" data-end=\"891\">Auf <strong data-start=\"837\" data-end=\"854\">200\u202f\u00b0C Umluft<\/strong> (220\u202f\u00b0C Ober-\/Unterhitze) vorheizen.<\/li><li data-start=\"1164\" data-end=\"1334\"><strong>1 mittelgro\u00dfe Zucchini, 150 g Champignons, 1 Paprika, 300\u202fg Cherrytomaten, 2 Knoblauchzehen<\/strong> und <strong>3\u20134 mittelgro\u00dfe Kartoffeln<\/strong> in eine gro\u00dfe Sch\u00fcssel geben. Mit Oliven\u00f6l, Salz und Pfeffer vermengen.<\/li><li data-start=\"1339\" data-end=\"1460\">Alles in eine ofenfeste Form oder auf ein tiefes Backblech geben und gleichm\u00e4\u00dfig verteilen.<\/li><li data-start=\"1465\" data-end=\"1563\"><strong>250 g Lachsfilets<\/strong> mit etwas Salz und Pfeffer w\u00fcrzen und auf das Gem\u00fcse setzen.<\/li><li data-start=\"1568\" data-end=\"1649\">Den Schafsk\u00e4se \u00fcber Gem\u00fcse und Lachs br\u00f6seln.<\/li><li data-start=\"1654\" data-end=\"1756\">Im Ofen <strong data-start=\"1678\" data-end=\"1699\">ca. 25\u201330 Minuten<\/strong> backen, bis die Kartoffeln weich sind und der Lachs gar.<\/li><li data-start=\"1654\" data-end=\"1756\"><strong style=\"caret-color: #000000; color: #000000;\" data-start=\"1662\" data-end=\"1684\">5 Minuten vor Ende<\/strong><span style=\"caret-color: #000000; color: #000000; font-size: medium;\">\u00a0der Garzeit den Schafsk\u00e4se \u00fcber das Gem\u00fcse und den Lachs br\u00f6seln und fertig backen.<\/span><\/li><\/ol>\t\t\t\t\t\t\t\t<\/div>\n\t\t\t\t<\/div>\n\t\t\t\t<\/div>\n\t\t\t\t<\/div>\n\t\t","protected":false},"excerpt":{"rendered":"<p>Ofenlachs mit mediterranem Gem\u00fcse &amp; Schafsk\u00e4se Portionen F\u00fcr 2 Personen Zutaten 250\u202fg Lachsfilets 100\u202fg Feta 1 mittelgro\u00dfe Zucchini (in halbe Scheiben geschnitten) 150\u202fg Champignons (geviertelt) 1 mittelgro\u00dfe Paprikaschote (rot oder gelb, gew\u00fcrfelt) 300\u202fg Cherrytomaten 2 Knoblauchzehen (gehackt oder gepresst) 3\u20134 mittelgro\u00dfe Kartoffeln (in kleine W\u00fcrfel geschnitten) Salz &amp; Pfeffer nach Geschmack 1\u20132 EL Oliven\u00f6l Optional: [&hellip;]<\/p>\n","protected":false},"author":1,"featured_media":0,"parent":0,"menu_order":0,"comment_status":"closed","ping_status":"closed","template":"elementor_header_footer","meta":{"footnotes":""},"class_list":["post-1771","page","type-page","status-publish","hentry"],"_links":{"self":[{"href":"https:\/\/merely-labeled.com\/index.php?rest_route=\/wp\/v2\/pages\/1771","targetHints":{"allow":["GET"]}}],"collection":[{"href":"https:\/\/merely-labeled.com\/index.php?rest_route=\/wp\/v2\/pages"}],"about":[{"href":"https:\/\/merely-labeled.com\/index.php?rest_route=\/wp\/v2\/types\/page"}],"author":[{"embeddable":true,"href":"https:\/\/merely-labeled.com\/index.php?rest_route=\/wp\/v2\/users\/1"}],"replies":[{"embeddable":true,"href":"https:\/\/merely-labeled.com\/index.php?rest_route=%2Fwp%2Fv2%2Fcomments&post=1771"}],"version-history":[{"count":3,"href":"https:\/\/merely-labeled.com\/index.php?rest_route=\/wp\/v2\/pages\/1771\/revisions"}],"predecessor-version":[{"id":1774,"href":"https:\/\/merely-labeled.com\/index.php?rest_route=\/wp\/v2\/pages\/1771\/revisions\/1774"}],"wp:attachment":[{"href":"https:\/\/merely-labeled.com\/index.php?rest_route=%2Fwp%2Fv2%2Fmedia&parent=1771"}],"curies":[{"name":"wp","href":"https:\/\/api.w.org\/{rel}","templated":true}]}}