{"id":1713,"date":"2025-06-21T17:47:51","date_gmt":"2025-06-21T15:47:51","guid":{"rendered":"https:\/\/merely-labeled.com\/?page_id=1713"},"modified":"2025-07-13T14:57:46","modified_gmt":"2025-07-13T12:57:46","slug":"koernelia-die-glutenfreie-krustenqueen","status":"publish","type":"page","link":"https:\/\/merely-labeled.com\/?page_id=1713","title":{"rendered":"K\u00f6rnelia \u2013 die glutenfreie Krustenqueen"},"content":{"rendered":"\t\t<div data-elementor-type=\"wp-page\" data-elementor-id=\"1713\" class=\"elementor elementor-1713\" data-elementor-post-type=\"page\">\n\t\t\t\t<div class=\"elementor-element elementor-element-59491bb8 e-con-full e-flex e-con e-parent\" data-id=\"59491bb8\" data-element_type=\"container\" data-e-type=\"container\" data-settings=\"{&quot;background_background&quot;:&quot;gradient&quot;}\">\n\t\t\t\t<div class=\"elementor-element elementor-element-52026c74 elementor-widget elementor-widget-heading\" data-id=\"52026c74\" data-element_type=\"widget\" data-e-type=\"widget\" data-widget_type=\"heading.default\">\n\t\t\t\t<div class=\"elementor-widget-container\">\n\t\t\t\t\t<h2 class=\"elementor-heading-title elementor-size-default\">K\u00f6rnelia \u2013 die glutenfreie Krustenqueen (Thermomix TM 6)<\/h2>\t\t\t\t<\/div>\n\t\t\t\t<\/div>\n\t\t\t\t<div class=\"elementor-element elementor-element-6e8d85da elementor-widget__width-inherit elementor-widget-divider--view-line elementor-invisible elementor-widget elementor-widget-divider\" data-id=\"6e8d85da\" data-element_type=\"widget\" data-e-type=\"widget\" data-settings=\"{&quot;_animation&quot;:&quot;fadeInLeft&quot;}\" data-widget_type=\"divider.default\">\n\t\t\t\t<div class=\"elementor-widget-container\">\n\t\t\t\t\t\t\t<div class=\"elementor-divider\">\n\t\t\t<span class=\"elementor-divider-separator\">\n\t\t\t\t\t\t<\/span>\n\t\t<\/div>\n\t\t\t\t\t\t<\/div>\n\t\t\t\t<\/div>\n\t\t\t\t<div class=\"elementor-element elementor-element-78a71c59 elementor-widget elementor-widget-text-editor\" data-id=\"78a71c59\" data-element_type=\"widget\" data-e-type=\"widget\" data-widget_type=\"text-editor.default\">\n\t\t\t\t<div class=\"elementor-widget-container\">\n\t\t\t\t\t\t\t\t\t<p><strong>Portionen<\/strong> F\u00fcr 4 Personen<\/p><h3>Zutaten<\/h3><ul><li>90 g Leinsamen<\/li><li data-start=\"240\" data-end=\"253\">2 Paran\u00fcsse<\/li><li data-start=\"127\" data-end=\"173\">135 g K\u00fcrbiskerne oder Sonnenblumenkerne<\/li><li data-start=\"215\" data-end=\"237\">60 g Waln\u00fcsse<\/li><li data-start=\"104\" data-end=\"124\">150 g Haferflocken<\/li><li data-start=\"256\" data-end=\"272\">2 EL Chiasamen<\/li><li data-start=\"275\" data-end=\"304\">4 EL Flohsamenschalenpulver<\/li><li data-start=\"307\" data-end=\"322\">\u00bd TL Salz<\/li><li data-start=\"325\" data-end=\"374\">\u00bd EL Ahornsirup<\/li><li data-start=\"325\" data-end=\"374\">400 ml Wasser<\/li><\/ul><h3>Zubereitung<\/h3><ol><li data-start=\"432\" data-end=\"495\"><strong>90 g Leinsamen<\/strong> in den Mixtopf geben und <strong>5 Sek.\/Stufe 10<\/strong> schroten.<\/li><li data-start=\"499\" data-end=\"550\"><strong>2 Paran\u00fcsse<\/strong> zugeben und <strong>5 Sek.\/Stufe 6<\/strong> zerkleinern.<\/li><li data-start=\"554\" data-end=\"610\"><strong>135 g K\u00fcrbiskerne<\/strong> hinzuf\u00fcgen und <strong>5 Sek.\/Stufe 6<\/strong> zerkleinern.<\/li><li><strong>60 g Waln\u00fcsse <\/strong>dazugeben und <strong>3 Sek.\/Stufe 5<\/strong> zerkleinern .<\/li><li data-start=\"388\" data-end=\"512\">Danach <strong>150 g Haferflocken, 2 EL Chiasamen, 4 EL Flohsamenschalenpulver, \u00bd TL Salz, \u00bd EL Ahornsirup<\/strong> und <strong>400 ml Wasser<\/strong> hinzuf\u00fcgen.<\/li><li data-start=\"790\" data-end=\"831\">Alles <strong>3 Min.\/Knetstufe<\/strong> gut durchkneten.<\/li><li data-start=\"835\" data-end=\"954\">Den Teig in eine mit Backpapier ausgelegte Kastenform geben oder auf ein mit Backpapier belegtes Backblech streichen.<\/li><li data-start=\"958\" data-end=\"998\">Bei <strong>180 \u00b0C Umluft ca. 60 Minuten<\/strong> backen.<\/li><\/ol>\t\t\t\t\t\t\t\t<\/div>\n\t\t\t\t<\/div>\n\t\t\t\t<\/div>\n\t\t\t\t<\/div>\n\t\t","protected":false},"excerpt":{"rendered":"<p>K\u00f6rnelia \u2013 die glutenfreie Krustenqueen (Thermomix TM 6) Portionen F\u00fcr 4 Personen Zutaten 90 g Leinsamen 2 Paran\u00fcsse 135 g K\u00fcrbiskerne oder Sonnenblumenkerne 60 g Waln\u00fcsse 150 g Haferflocken 2 EL Chiasamen 4 EL Flohsamenschalenpulver \u00bd TL Salz \u00bd EL Ahornsirup 400 ml Wasser Zubereitung 90 g Leinsamen in den Mixtopf geben und 5 Sek.\/Stufe [&hellip;]<\/p>\n","protected":false},"author":1,"featured_media":0,"parent":0,"menu_order":0,"comment_status":"closed","ping_status":"closed","template":"elementor_header_footer","meta":{"footnotes":""},"class_list":["post-1713","page","type-page","status-publish","hentry"],"_links":{"self":[{"href":"https:\/\/merely-labeled.com\/index.php?rest_route=\/wp\/v2\/pages\/1713","targetHints":{"allow":["GET"]}}],"collection":[{"href":"https:\/\/merely-labeled.com\/index.php?rest_route=\/wp\/v2\/pages"}],"about":[{"href":"https:\/\/merely-labeled.com\/index.php?rest_route=\/wp\/v2\/types\/page"}],"author":[{"embeddable":true,"href":"https:\/\/merely-labeled.com\/index.php?rest_route=\/wp\/v2\/users\/1"}],"replies":[{"embeddable":true,"href":"https:\/\/merely-labeled.com\/index.php?rest_route=%2Fwp%2Fv2%2Fcomments&post=1713"}],"version-history":[{"count":7,"href":"https:\/\/merely-labeled.com\/index.php?rest_route=\/wp\/v2\/pages\/1713\/revisions"}],"predecessor-version":[{"id":1791,"href":"https:\/\/merely-labeled.com\/index.php?rest_route=\/wp\/v2\/pages\/1713\/revisions\/1791"}],"wp:attachment":[{"href":"https:\/\/merely-labeled.com\/index.php?rest_route=%2Fwp%2Fv2%2Fmedia&parent=1713"}],"curies":[{"name":"wp","href":"https:\/\/api.w.org\/{rel}","templated":true}]}}