{"id":1619,"date":"2025-03-21T17:16:23","date_gmt":"2025-03-21T16:16:23","guid":{"rendered":"https:\/\/merely-labeled.com\/?page_id=1619"},"modified":"2025-05-31T16:08:38","modified_gmt":"2025-05-31T14:08:38","slug":"kartoffel-brokkoli-quiche-thermomix-tm6","status":"publish","type":"page","link":"https:\/\/merely-labeled.com\/?page_id=1619","title":{"rendered":"Kartoffel-Brokkoli-Quiche (Thermomix TM6)"},"content":{"rendered":"\t\t<div data-elementor-type=\"wp-page\" data-elementor-id=\"1619\" class=\"elementor elementor-1619\" data-elementor-post-type=\"page\">\n\t\t\t\t<div class=\"elementor-element elementor-element-5cc9fb3 e-con-full e-flex e-con e-parent\" data-id=\"5cc9fb3\" data-element_type=\"container\" data-e-type=\"container\" data-settings=\"{&quot;background_background&quot;:&quot;gradient&quot;}\">\n\t\t\t\t<div class=\"elementor-element elementor-element-15adf23e elementor-widget elementor-widget-heading\" data-id=\"15adf23e\" data-element_type=\"widget\" data-e-type=\"widget\" data-widget_type=\"heading.default\">\n\t\t\t\t<div class=\"elementor-widget-container\">\n\t\t\t\t\t<h2 class=\"elementor-heading-title elementor-size-default\">Kartoffel-Brokkoli-Quiche (Thermomix TM6)<\/h2>\t\t\t\t<\/div>\n\t\t\t\t<\/div>\n\t\t\t\t<div class=\"elementor-element elementor-element-3943d600 elementor-widget__width-inherit elementor-widget-divider--view-line elementor-invisible elementor-widget elementor-widget-divider\" data-id=\"3943d600\" data-element_type=\"widget\" data-e-type=\"widget\" data-settings=\"{&quot;_animation&quot;:&quot;fadeInLeft&quot;}\" data-widget_type=\"divider.default\">\n\t\t\t\t<div class=\"elementor-widget-container\">\n\t\t\t\t\t\t\t<div class=\"elementor-divider\">\n\t\t\t<span class=\"elementor-divider-separator\">\n\t\t\t\t\t\t<\/span>\n\t\t<\/div>\n\t\t\t\t\t\t<\/div>\n\t\t\t\t<\/div>\n\t\t\t\t<div class=\"elementor-element elementor-element-28994d5d elementor-widget elementor-widget-text-editor\" data-id=\"28994d5d\" data-element_type=\"widget\" data-e-type=\"widget\" data-widget_type=\"text-editor.default\">\n\t\t\t\t<div class=\"elementor-widget-container\">\n\t\t\t\t\t\t\t\t\t<h3 data-start=\"118\" data-end=\"131\">Zutaten<\/h3><h4 data-start=\"133\" data-end=\"157\">F\u00fcr den Teig:<\/h4><ul data-start=\"158\" data-end=\"260\"><li>200 g Mehl<\/li><li>100 g kalte Butter, in St\u00fccken<\/li><li>1 Ei<\/li><li>1 Prise Salz<\/li><li>2\u20133 EL kaltes Wasser (bei Bedarf)<\/li><\/ul><h4 data-start=\"262\" data-end=\"289\">F\u00fcr die F\u00fcllung:<\/h4><ul><li data-start=\"392\" data-end=\"466\">400 g festkochende Kartoffeln, gesch\u00e4lt und in kleine W\u00fcrfel geschnitten<\/li><li data-start=\"392\" data-end=\"466\">250 g Brokkoli, in kleine R\u00f6schen geteilt<\/li><li>200 g Emmentaler, in St\u00fccken<\/li><li>1 Zwiebel, halbiert<\/li><li>2 Knoblauchzehen<\/li><li>200 ml Schlagobers<\/li><li>4 Eier<\/li><li>Salz, Pfeffer<\/li><li>Muskatnuss (optional)<\/li><li>1 EL Oliven\u00f6l (zum Anbraten)<\/li><li>100 g Speckw\u00fcrfel (optional)<\/li><\/ul><h3 data-start=\"678\" data-end=\"695\">Zubereitung<\/h3><h4 data-start=\"758\" data-end=\"783\">1. Teig zubereiten<\/h4><ol><li data-start=\"787\" data-end=\"836\"><strong>200 g Mehl, 100 g kalte Butter (in St\u00fccken), 1 Ei<\/strong> und <strong>1 Prise Salz<\/strong> in den Mixtopf geben.<\/li><li data-start=\"840\" data-end=\"893\"><strong data-start=\"840\" data-end=\"861\">20 Sek. | Stufe 6<\/strong> mixen, bis ein Teig entsteht.<\/li><li data-start=\"897\" data-end=\"973\">Falls n\u00f6tig, <strong>2-3 EL kaltes Wasser<\/strong>\u00a0zugeben und nochmals kurz mixen.<\/li><li data-start=\"977\" data-end=\"1076\">Teig herausnehmen, zu einer Kugel formen, in Frischhaltefolie wickeln und <strong data-start=\"1051\" data-end=\"1075\">30 Min. kalt stellen<\/strong>.<\/li><\/ol><h4 data-start=\"1078\" data-end=\"1099\">2. K\u00e4se reiben<\/h4><ol><li data-start=\"1103\" data-end=\"1148\"><strong>200 g Emmentaler (in St\u00fccken)<\/strong> in den Mixtopf geben.<\/li><li data-start=\"1152\" data-end=\"1183\"><strong data-start=\"1152\" data-end=\"1173\">10 Sek. | Stufe 8<\/strong> reiben.<\/li><li data-start=\"1187\" data-end=\"1221\">K\u00e4se umf\u00fcllen und beiseitestellen.<\/li><\/ol><h4>3. Kartoffeln vorkochen<\/h4><ol><li data-start=\"1256\" data-end=\"1359\"><strong>400 g Kartoffelw\u00fcrfel<\/strong> in Salzwasser ca. <strong data-start=\"1290\" data-end=\"1303\">5 Minuten<\/strong> vorkochen, bis sie fast gar, aber noch bissfest sind.<\/li><li data-start=\"1362\" data-end=\"1391\">Abgie\u00dfen und beiseitestellen.<\/li><\/ol><h4 data-start=\"1393\" data-end=\"1432\">4. Brokkoli im Thermomix d\u00e4mpfen<\/h4><ol><li data-start=\"1436\" data-end=\"1471\"><strong>250 g Brokkoli<\/strong> in den Gareinsatz geben.<\/li><li data-start=\"1475\" data-end=\"1535\">500 ml Wasser in den Mixtopf f\u00fcllen, Gareinsatz einsetzen.<\/li><li data-start=\"1539\" data-end=\"1580\"><strong data-start=\"1539\" data-end=\"1569\">15 Min. | Varoma | Stufe 1<\/strong> d\u00e4mpfen.<\/li><li data-start=\"1584\" data-end=\"1630\">Gareinsatz herausnehmen und den Brokkoli in eine gro\u00dfe Sch\u00fcssel geben.<\/li><\/ol><h4 data-start=\"1632\" data-end=\"1679\">5. Zwiebel, Knoblauch und Speck anbraten<\/h4><ol><li data-start=\"1683\" data-end=\"1728\"><strong>1 Zwiebel (halbiert)<\/strong> und <strong>2 Knoblauchzehen<\/strong> in den Mixtopf geben.<\/li><li data-start=\"1732\" data-end=\"1767\"><strong data-start=\"1732\" data-end=\"1752\">5 Sek. | Stufe 5<\/strong> zerkleinern.<\/li><li data-start=\"1771\" data-end=\"1806\"><strong>100 g Speckw\u00fcrfel<\/strong> zugeben.<\/li><li data-start=\"1810\" data-end=\"1861\"><strong data-start=\"1810\" data-end=\"1851\">5 Min. | 120 \u00b0C | Stufe 1 | Linkslauf<\/strong> anbraten.<\/li><li data-start=\"1810\" data-end=\"1861\">Die Mischung zum Brokkoli geben.<\/li><\/ol><h4 data-start=\"1863\" data-end=\"1898\">6. Eier-Schlagobers-Mischung<\/h4><ol><li data-start=\"1902\" data-end=\"1969\"><strong>4 Eier, 200 ml Schlagobers, Salz, Pfeffer<\/strong> und <strong>Muskat<\/strong> in den Mixtopf geben.<\/li><li data-start=\"1973\" data-end=\"2006\"><strong data-start=\"1973\" data-end=\"1994\">10 Sek. | Stufe 4<\/strong> verquirlen.<\/li><li data-start=\"1973\" data-end=\"2006\">Die Mischung zum <strong>Brokkoli<\/strong> geben, den <strong>K\u00e4se<\/strong> dazugeben und alles miteinander vermischen.<\/li><\/ol><h4 data-start=\"2184\" data-end=\"2207\">8. Quiche backen<\/h4><ol><li data-start=\"2211\" data-end=\"2254\">Backrohr auf <strong data-start=\"2224\" data-end=\"2241\">180 \u00b0C Umluft<\/strong> vorheizen.<\/li><li data-start=\"2258\" data-end=\"2331\">Teig ausrollen, in eine gefettete Quicheform legen und Rand hochziehen.<\/li><li data-start=\"2335\" data-end=\"2381\">F\u00fcllung einf\u00fcllen und gleichm\u00e4\u00dfig verteilen.<\/li><li data-start=\"2422\" data-end=\"2454\"><strong data-start=\"2422\" data-end=\"2436\">35\u201340 Min.<\/strong> goldbraun backen.<\/li><\/ol>\t\t\t\t\t\t\t\t<\/div>\n\t\t\t\t<\/div>\n\t\t\t\t<\/div>\n\t\t\t\t<\/div>\n\t\t","protected":false},"excerpt":{"rendered":"<p>Kartoffel-Brokkoli-Quiche (Thermomix TM6) Zutaten F\u00fcr den Teig: 200 g Mehl 100 g kalte Butter, in St\u00fccken 1 Ei 1 Prise Salz 2\u20133 EL kaltes Wasser (bei Bedarf) F\u00fcr die F\u00fcllung: 400 g festkochende Kartoffeln, gesch\u00e4lt und in kleine W\u00fcrfel geschnitten 250 g Brokkoli, in kleine R\u00f6schen geteilt 200 g Emmentaler, in St\u00fccken 1 Zwiebel, halbiert [&hellip;]<\/p>\n","protected":false},"author":1,"featured_media":0,"parent":0,"menu_order":0,"comment_status":"closed","ping_status":"closed","template":"elementor_header_footer","meta":{"footnotes":""},"class_list":["post-1619","page","type-page","status-publish","hentry"],"_links":{"self":[{"href":"https:\/\/merely-labeled.com\/index.php?rest_route=\/wp\/v2\/pages\/1619","targetHints":{"allow":["GET"]}}],"collection":[{"href":"https:\/\/merely-labeled.com\/index.php?rest_route=\/wp\/v2\/pages"}],"about":[{"href":"https:\/\/merely-labeled.com\/index.php?rest_route=\/wp\/v2\/types\/page"}],"author":[{"embeddable":true,"href":"https:\/\/merely-labeled.com\/index.php?rest_route=\/wp\/v2\/users\/1"}],"replies":[{"embeddable":true,"href":"https:\/\/merely-labeled.com\/index.php?rest_route=%2Fwp%2Fv2%2Fcomments&post=1619"}],"version-history":[{"count":10,"href":"https:\/\/merely-labeled.com\/index.php?rest_route=\/wp\/v2\/pages\/1619\/revisions"}],"predecessor-version":[{"id":1678,"href":"https:\/\/merely-labeled.com\/index.php?rest_route=\/wp\/v2\/pages\/1619\/revisions\/1678"}],"wp:attachment":[{"href":"https:\/\/merely-labeled.com\/index.php?rest_route=%2Fwp%2Fv2%2Fmedia&parent=1619"}],"curies":[{"name":"wp","href":"https:\/\/api.w.org\/{rel}","templated":true}]}}