{"id":1610,"date":"2025-03-16T13:21:40","date_gmt":"2025-03-16T12:21:40","guid":{"rendered":"https:\/\/merely-labeled.com\/?page_id=1610"},"modified":"2026-02-27T16:14:28","modified_gmt":"2026-02-27T15:14:28","slug":"crispy-rice-salat","status":"publish","type":"page","link":"https:\/\/merely-labeled.com\/?page_id=1610","title":{"rendered":"Crispy Rice Salat"},"content":{"rendered":"\t\t<div data-elementor-type=\"wp-page\" data-elementor-id=\"1610\" class=\"elementor elementor-1610\" data-elementor-post-type=\"page\">\n\t\t\t\t<div class=\"elementor-element elementor-element-629c94c9 e-con-full e-flex e-con e-parent\" data-id=\"629c94c9\" data-element_type=\"container\" data-e-type=\"container\" data-settings=\"{&quot;background_background&quot;:&quot;gradient&quot;}\">\n\t\t\t\t<div class=\"elementor-element elementor-element-63c3fb5 elementor-widget elementor-widget-heading\" data-id=\"63c3fb5\" data-element_type=\"widget\" data-e-type=\"widget\" data-widget_type=\"heading.default\">\n\t\t\t\t<div class=\"elementor-widget-container\">\n\t\t\t\t\t<h2 class=\"elementor-heading-title elementor-size-default\">Crispy Rice Salat<\/h2>\t\t\t\t<\/div>\n\t\t\t\t<\/div>\n\t\t\t\t<div class=\"elementor-element elementor-element-5425bb54 elementor-widget__width-inherit elementor-widget-divider--view-line elementor-invisible elementor-widget elementor-widget-divider\" data-id=\"5425bb54\" data-element_type=\"widget\" data-e-type=\"widget\" data-settings=\"{&quot;_animation&quot;:&quot;fadeInLeft&quot;}\" data-widget_type=\"divider.default\">\n\t\t\t\t<div class=\"elementor-widget-container\">\n\t\t\t\t\t\t\t<div class=\"elementor-divider\">\n\t\t\t<span class=\"elementor-divider-separator\">\n\t\t\t\t\t\t<\/span>\n\t\t<\/div>\n\t\t\t\t\t\t<\/div>\n\t\t\t\t<\/div>\n\t\t\t\t<div class=\"elementor-element elementor-element-6453af2d elementor-widget elementor-widget-text-editor\" data-id=\"6453af2d\" data-element_type=\"widget\" data-e-type=\"widget\" data-widget_type=\"text-editor.default\">\n\t\t\t\t<div class=\"elementor-widget-container\">\n\t\t\t\t\t\t\t\t\t<p data-start=\"25\" data-end=\"68\"><strong data-start=\"25\" data-end=\"39\">Portionen:<\/strong> F\u00fcr 2 gro\u00dfz\u00fcgige Portionen<\/p><h3 data-start=\"70\" data-end=\"83\">Zutaten<\/h3><h4 data-start=\"85\" data-end=\"113\">F\u00fcr das Dressing<\/h4><ul data-start=\"114\" data-end=\"355\"><li data-start=\"114\" data-end=\"144\">1 TL geriebener Ingwer<\/li><li data-start=\"145\" data-end=\"178\">1 Knoblauchzehe, gesch\u00e4lt<\/li><li data-start=\"179\" data-end=\"207\">60 g helle Sojasauce<\/li><li data-start=\"208\" data-end=\"242\">\u00bd bis 1 TL Shiitake-Pulver<\/li><li data-start=\"243\" data-end=\"276\">30 g \u00d6l<\/li><li data-start=\"277\" data-end=\"302\">20 g Limettensaft<\/li><li data-start=\"303\" data-end=\"330\">2 EL brauner Zucker<\/li><li data-start=\"331\" data-end=\"355\">1 TL Chili Crisp<\/li><\/ul><h4 data-start=\"357\" data-end=\"394\"><strong data-start=\"362\" data-end=\"392\">F\u00fcr den Crispy Rice Salat:<\/strong><\/h4><ul data-start=\"395\" data-end=\"787\"><li data-start=\"395\" data-end=\"465\"><strong data-start=\"397\" data-end=\"417\">120 g Jasminreis<\/strong>, nach Packungsanweisung gekocht und abgek\u00fchlt &#8211; idealerweise am Vortag kochen<\/li><li data-start=\"466\" data-end=\"499\"><strong data-start=\"468\" data-end=\"479\">2 EL \u00d6l<\/strong><\/li><li data-start=\"500\" data-end=\"528\"><strong data-start=\"502\" data-end=\"526\">2 TL rote Currypaste<\/strong><\/li><li data-start=\"529\" data-end=\"595\"><strong data-start=\"531\" data-end=\"552\">2 TL Speisest\u00e4rke<\/strong> (falls der Reis nicht gut zusammenklebt)<\/li><li data-start=\"596\" data-end=\"629\"><strong data-start=\"598\" data-end=\"609\">\u00bd Gurke<\/strong>, d\u00fcnn geschnitten<\/li><li><strong data-start=\"632\" data-end=\"649\">5 g Minze<\/strong>, grob gehackt<\/li><li data-start=\"630\" data-end=\"665\"><strong data-start=\"632\" data-end=\"649\">5 g Koriander<\/strong>, grob gehackt<\/li><li data-start=\"666\" data-end=\"721\"><strong data-start=\"668\" data-end=\"691\">2 Fr\u00fchlingszwiebeln<\/strong>, in feine Ringe geschnitten<\/li><li data-start=\"722\" data-end=\"752\"><strong data-start=\"724\" data-end=\"750\">70 g Erdn\u00fcsse<\/strong>, grob gehackt<\/li><li data-start=\"753\" data-end=\"787\"><strong data-start=\"755\" data-end=\"785\">Chili Crisp nach Geschmack<\/strong><\/li><\/ul><h3 data-start=\"789\" data-end=\"806\">Zubereitung<\/h3><h4 data-start=\"811\" data-end=\"1087\">Dressing zubereiten<\/h4><ol data-start=\"808\" data-end=\"2351\"><li data-start=\"808\" data-end=\"1087\"><p data-start=\"811\" data-end=\"1087\">Alle Zutaten f\u00fcr das Dressing (<strong data-start=\"871\" data-end=\"978\">geriebener Ingwer, Knoblauch, Sojasauce, Shiitake-Pulver, \u00d6l, Limettensaft, brauner Zucker, Chili Crisp<\/strong>) in einen Mixer oder eine K\u00fcchenmaschine geben und p\u00fcrieren, bis eine cremige, aromatische Sauce entsteht.<\/p><\/li><\/ol><h4 data-start=\"1092\" data-end=\"1128\">Crispy Rice im Ofen zubereiten<\/h4><ol><li><strong data-start=\"1151\" data-end=\"1171\">120 g Jasminreis<\/strong> nach Packungsanweisung zubereiten und vollst\u00e4ndig abk\u00fchlen lassen.<\/li><li><strong data-start=\"1270\" data-end=\"1297\">200 \u00b0C Ober-\/Unterhitze<\/strong> oder <strong data-start=\"1303\" data-end=\"1320\">180 \u00b0C Umluft<\/strong>.<\/li><li>Den gekochten Reis in einer Sch\u00fcssel mit <strong data-start=\"1392\" data-end=\"1403\">2 EL \u00d6l<\/strong> und <strong data-start=\"1408\" data-end=\"1433\">2 TL roter Currypaste<\/strong>vermengen. Falls der Reis nicht gut zusammenklebt, <strong data-start=\"1485\" data-end=\"1506\">2 TL Speisest\u00e4rke<\/strong> hinzuf\u00fcgen und mit leicht feuchten H\u00e4nden mischen.<\/li><li>Ein Backblech mit Backpapier auslegen und den Reis in einer d\u00fcnnen Schicht darauf verteilen.<\/li><li><strong data-start=\"1692\" data-end=\"1703\">Backen:<\/strong> Den Reis f\u00fcr <strong data-start=\"1717\" data-end=\"1734\">20\u201325 Minuten<\/strong> backen. Nach der H\u00e4lfte der Zeit einmal wenden oder umr\u00fchren, damit er gleichm\u00e4\u00dfig knusprig wird.<\/li><li>F\u00fcr extra Knusprigkeit optional die Grillfunktion des Ofens f\u00fcr <strong data-start=\"1925\" data-end=\"1940\">2\u20133 Minuten<\/strong> aktivieren.<\/li><\/ol><h4 data-start=\"1959\" data-end=\"1986\">Salat zusammenstellen<\/h4><ol><li>Den knusprigen Reis in kleine, goldbraune St\u00fccke brechen.<\/li><li>Mit etwa der H\u00e4lfte des Dressings, <strong data-start=\"2092\" data-end=\"2157\">\u00bd geschnittenen Gurke, 2 Fr\u00fchlingszwiebeln (fein geschnitten)<\/strong> und <strong data-start=\"2162\" data-end=\"2194\">5 g grob gehacktem Koriander<\/strong> vermengen.<\/li><li>Mit <strong data-start=\"2217\" data-end=\"2245\">70 g gehackten Erdn\u00fcssen<\/strong> und <strong data-start=\"2250\" data-end=\"2280\">Chili Crisp nach Geschmack<\/strong> toppen.<\/li><li>Nach Belieben mehr Dressing hinzuf\u00fcgen und servieren.<\/li><\/ol>\t\t\t\t\t\t\t\t<\/div>\n\t\t\t\t<\/div>\n\t\t\t\t<\/div>\n\t\t\t\t<\/div>\n\t\t","protected":false},"excerpt":{"rendered":"<p>Crispy Rice Salat Portionen: F\u00fcr 2 gro\u00dfz\u00fcgige Portionen Zutaten F\u00fcr das Dressing 1 TL geriebener Ingwer 1 Knoblauchzehe, gesch\u00e4lt 60 g helle Sojasauce \u00bd bis 1 TL Shiitake-Pulver 30 g \u00d6l 20 g Limettensaft 2 EL brauner Zucker 1 TL Chili Crisp F\u00fcr den Crispy Rice Salat: 120 g Jasminreis, nach Packungsanweisung gekocht und abgek\u00fchlt [&hellip;]<\/p>\n","protected":false},"author":1,"featured_media":0,"parent":9,"menu_order":0,"comment_status":"closed","ping_status":"closed","template":"elementor_header_footer","meta":{"footnotes":""},"class_list":["post-1610","page","type-page","status-publish","hentry"],"_links":{"self":[{"href":"https:\/\/merely-labeled.com\/index.php?rest_route=\/wp\/v2\/pages\/1610","targetHints":{"allow":["GET"]}}],"collection":[{"href":"https:\/\/merely-labeled.com\/index.php?rest_route=\/wp\/v2\/pages"}],"about":[{"href":"https:\/\/merely-labeled.com\/index.php?rest_route=\/wp\/v2\/types\/page"}],"author":[{"embeddable":true,"href":"https:\/\/merely-labeled.com\/index.php?rest_route=\/wp\/v2\/users\/1"}],"replies":[{"embeddable":true,"href":"https:\/\/merely-labeled.com\/index.php?rest_route=%2Fwp%2Fv2%2Fcomments&post=1610"}],"version-history":[{"count":7,"href":"https:\/\/merely-labeled.com\/index.php?rest_route=\/wp\/v2\/pages\/1610\/revisions"}],"predecessor-version":[{"id":1738,"href":"https:\/\/merely-labeled.com\/index.php?rest_route=\/wp\/v2\/pages\/1610\/revisions\/1738"}],"up":[{"embeddable":true,"href":"https:\/\/merely-labeled.com\/index.php?rest_route=\/wp\/v2\/pages\/9"}],"wp:attachment":[{"href":"https:\/\/merely-labeled.com\/index.php?rest_route=%2Fwp%2Fv2%2Fmedia&parent=1610"}],"curies":[{"name":"wp","href":"https:\/\/api.w.org\/{rel}","templated":true}]}}