{"id":1597,"date":"2025-02-27T19:47:12","date_gmt":"2025-02-27T18:47:12","guid":{"rendered":"https:\/\/merely-labeled.com\/?page_id=1597"},"modified":"2025-02-27T19:48:05","modified_gmt":"2025-02-27T18:48:05","slug":"gemuese-muffins","status":"publish","type":"page","link":"https:\/\/merely-labeled.com\/?page_id=1597","title":{"rendered":"Gem\u00fcse-Muffins"},"content":{"rendered":"\t\t<div data-elementor-type=\"wp-page\" data-elementor-id=\"1597\" class=\"elementor elementor-1597\" data-elementor-post-type=\"page\">\n\t\t\t\t<div class=\"elementor-element elementor-element-1e14bd89 e-con-full e-flex e-con e-parent\" data-id=\"1e14bd89\" data-element_type=\"container\" data-e-type=\"container\" data-settings=\"{&quot;background_background&quot;:&quot;gradient&quot;}\">\n\t\t\t\t<div class=\"elementor-element elementor-element-407c8a89 elementor-widget elementor-widget-heading\" data-id=\"407c8a89\" data-element_type=\"widget\" data-e-type=\"widget\" data-widget_type=\"heading.default\">\n\t\t\t\t<div class=\"elementor-widget-container\">\n\t\t\t\t\t<h2 class=\"elementor-heading-title elementor-size-default\">Gem\u00fcse-Muffins<\/h2>\t\t\t\t<\/div>\n\t\t\t\t<\/div>\n\t\t\t\t<div class=\"elementor-element elementor-element-72f8a1dc elementor-widget__width-inherit elementor-widget-divider--view-line elementor-invisible elementor-widget elementor-widget-divider\" data-id=\"72f8a1dc\" data-element_type=\"widget\" data-e-type=\"widget\" data-settings=\"{&quot;_animation&quot;:&quot;fadeInLeft&quot;}\" data-widget_type=\"divider.default\">\n\t\t\t\t<div class=\"elementor-widget-container\">\n\t\t\t\t\t\t\t<div class=\"elementor-divider\">\n\t\t\t<span class=\"elementor-divider-separator\">\n\t\t\t\t\t\t<\/span>\n\t\t<\/div>\n\t\t\t\t\t\t<\/div>\n\t\t\t\t<\/div>\n\t\t\t\t<div class=\"elementor-element elementor-element-112e80e4 elementor-widget elementor-widget-text-editor\" data-id=\"112e80e4\" data-element_type=\"widget\" data-e-type=\"widget\" data-widget_type=\"text-editor.default\">\n\t\t\t\t<div class=\"elementor-widget-container\">\n\t\t\t\t\t\t\t\t\t<p data-start=\"22\" data-end=\"53\"><strong data-start=\"22\" data-end=\"36\">Portionen:<\/strong> ca. 12 Muffins<\/p><h3 data-start=\"55\" data-end=\"68\">Zutaten<\/h3><ul data-start=\"69\" data-end=\"531\"><li data-start=\"69\" data-end=\"107\"><strong data-start=\"71\" data-end=\"89\">100 g Zucchini<\/strong>, fein geraspelt<\/li><li data-start=\"108\" data-end=\"175\"><strong data-start=\"110\" data-end=\"134\">\u00bd Paprika (ca. 70 g)<\/strong>, geputzt, in kleine St\u00fccke geschnitten<\/li><li data-start=\"176\" data-end=\"224\"><strong data-start=\"178\" data-end=\"196\">150 g Karotten<\/strong>, gesch\u00e4lt, fein geraspelt<\/li><li data-start=\"225\" data-end=\"282\"><strong data-start=\"227\" data-end=\"252\">50 g Fr\u00fchlingszwiebel<\/strong>, in feine Ringe geschnitten<\/li><li data-start=\"283\" data-end=\"298\"><strong data-start=\"285\" data-end=\"296\">1 EL \u00d6l<\/strong><\/li><li data-start=\"299\" data-end=\"324\"><strong data-start=\"301\" data-end=\"322\">150 g Magertopfen<\/strong><\/li><li data-start=\"325\" data-end=\"339\"><strong data-start=\"327\" data-end=\"337\">2 Eier<\/strong><\/li><li data-start=\"340\" data-end=\"375\"><strong data-start=\"342\" data-end=\"373\">100 g geriebener Emmentaler<\/strong><\/li><li data-start=\"376\" data-end=\"394\"><strong data-start=\"378\" data-end=\"392\">150 g Mehl<\/strong><\/li><li data-start=\"395\" data-end=\"418\"><strong data-start=\"397\" data-end=\"416\">2 TL Backpulver<\/strong><\/li><li data-start=\"419\" data-end=\"449\"><strong data-start=\"421\" data-end=\"447\">etwas Salz und Pfeffer<\/strong><\/li><li data-start=\"450\" data-end=\"482\"><strong data-start=\"452\" data-end=\"480\">125 ml Milch oder Wasser<\/strong><\/li><li data-start=\"483\" data-end=\"531\"><strong data-start=\"485\" data-end=\"504\">etwas Basilikum<\/strong>, gewaschen, fein gehackt<\/li><\/ul><h3 data-start=\"533\" data-end=\"550\">Zubereitung<\/h3><ol data-start=\"552\" data-end=\"1671\"><li data-start=\"552\" data-end=\"800\"><p data-start=\"555\" data-end=\"800\"><strong data-start=\"555\" data-end=\"577\">Gem\u00fcse anschwitzen<\/strong><br data-start=\"577\" data-end=\"580\" \/><strong data-start=\"583\" data-end=\"594\">1 EL \u00d6l<\/strong> in einer Pfanne erhitzen und die vorbereiteten <strong data-start=\"642\" data-end=\"694\">Zucchini, Karotten, Paprika und Fr\u00fchlingszwiebel<\/strong> auf mittlerer Stufe <strong data-start=\"715\" data-end=\"733\">einige Minuten<\/strong> anschwitzen. Danach beiseitestellen und leicht ausk\u00fchlen lassen.<\/p><\/li><li data-start=\"802\" data-end=\"1038\"><p data-start=\"805\" data-end=\"1038\"><strong data-start=\"805\" data-end=\"824\">Teig zubereiten<\/strong><br data-start=\"824\" data-end=\"827\" \/>In einer Sch\u00fcssel <strong data-start=\"848\" data-end=\"869\">150 g Magertopfen<\/strong>, <strong data-start=\"871\" data-end=\"881\">2 Eier<\/strong> und <strong data-start=\"886\" data-end=\"917\">100 g geriebenen Emmentaler<\/strong> verr\u00fchren.<br data-start=\"928\" data-end=\"931\" \/>In einer separaten Sch\u00fcssel <strong data-start=\"962\" data-end=\"976\">150 g Mehl<\/strong>, <strong data-start=\"978\" data-end=\"997\">2 TL Backpulver<\/strong>, <strong data-start=\"999\" data-end=\"1025\">etwas Salz und Pfeffer<\/strong> vermengen.<\/p><\/li><li data-start=\"1040\" data-end=\"1291\"><p data-start=\"1043\" data-end=\"1291\"><strong data-start=\"1043\" data-end=\"1061\">Teig vollenden<\/strong><br data-start=\"1061\" data-end=\"1064\" \/>Die Mehlmischung und <strong data-start=\"1088\" data-end=\"1116\">125 ml Milch oder Wasser<\/strong> zur Topfenmasse geben und gut verr\u00fchren.<br data-start=\"1157\" data-end=\"1160\" \/>Das angeschwitzte Gem\u00fcse hinzuf\u00fcgen und nochmal kurz durchmischen.<br data-start=\"1229\" data-end=\"1232\" \/>Das vorbereitete <strong data-start=\"1252\" data-end=\"1265\">Basilikum<\/strong> unter den Teig mischen.<\/p><\/li><li data-start=\"1293\" data-end=\"1609\"><p data-start=\"1296\" data-end=\"1609\"><strong data-start=\"1296\" data-end=\"1306\">Backen<\/strong><br data-start=\"1306\" data-end=\"1309\" \/>Das Backrohr auf <strong data-start=\"1329\" data-end=\"1374\">180 \u00b0C Ober-\/Unterhitze (160 \u00b0C Hei\u00dfluft)<\/strong> vorheizen.<br data-start=\"1385\" data-end=\"1388\" \/>Eine Silikon-Muffinform mit kaltem Wasser ausschwenken (nicht abtrocknen).<br data-start=\"1465\" data-end=\"1468\" \/>Mit einem Eisportionierer oder L\u00f6ffel den Teig in die Mulden der Muffinform f\u00fcllen.<br data-start=\"1554\" data-end=\"1557\" \/>Im vorgeheizten Rohr <strong data-start=\"1581\" data-end=\"1599\">ca. 25 Minuten<\/strong> backen.<\/p><\/li><li data-start=\"1611\" data-end=\"1671\"><p data-start=\"1614\" data-end=\"1671\"><strong data-start=\"1614\" data-end=\"1627\">Servieren<\/strong><br data-start=\"1627\" data-end=\"1630\" \/>Die Muffins am besten warm genie\u00dfen.<\/p><\/li><\/ol><h3 data-start=\"1673\" data-end=\"1693\">Tipps &amp; Tricks<\/h3><p data-start=\"1695\" data-end=\"1957\"><strong data-start=\"1695\" data-end=\"1709\">Variation:<\/strong> Statt Emmentaler kann auch Bergk\u00e4se oder w\u00fcrziger Gouda verwendet werden.<br data-start=\"1783\" data-end=\"1786\" \/><strong data-start=\"1786\" data-end=\"1808\">Zus\u00e4tzliche W\u00fcrze:<\/strong> F\u00fcr eine pikante Note etwas Muskat oder Chiliflocken hinzuf\u00fcgen.<br data-start=\"1873\" data-end=\"1876\" \/><strong data-start=\"1876\" data-end=\"1890\">Meal Prep:<\/strong> Die Muffins lassen sich gut einfrieren und bei Bedarf aufbacken.<\/p><p data-start=\"1959\" data-end=\"1971\" data-is-last-node=\"\" data-is-only-node=\"\">Mahlzeit! \ud83d\ude0a<\/p>\t\t\t\t\t\t\t\t<\/div>\n\t\t\t\t<\/div>\n\t\t\t\t<\/div>\n\t\t\t\t<\/div>\n\t\t","protected":false},"excerpt":{"rendered":"<p>Gem\u00fcse-Muffins Portionen: ca. 12 Muffins Zutaten 100 g Zucchini, fein geraspelt \u00bd Paprika (ca. 70 g), geputzt, in kleine St\u00fccke geschnitten 150 g Karotten, gesch\u00e4lt, fein geraspelt 50 g Fr\u00fchlingszwiebel, in feine Ringe geschnitten 1 EL \u00d6l 150 g Magertopfen 2 Eier 100 g geriebener Emmentaler 150 g Mehl 2 TL Backpulver etwas Salz und [&hellip;]<\/p>\n","protected":false},"author":1,"featured_media":0,"parent":0,"menu_order":0,"comment_status":"closed","ping_status":"closed","template":"elementor_header_footer","meta":{"footnotes":""},"class_list":["post-1597","page","type-page","status-publish","hentry"],"_links":{"self":[{"href":"https:\/\/merely-labeled.com\/index.php?rest_route=\/wp\/v2\/pages\/1597","targetHints":{"allow":["GET"]}}],"collection":[{"href":"https:\/\/merely-labeled.com\/index.php?rest_route=\/wp\/v2\/pages"}],"about":[{"href":"https:\/\/merely-labeled.com\/index.php?rest_route=\/wp\/v2\/types\/page"}],"author":[{"embeddable":true,"href":"https:\/\/merely-labeled.com\/index.php?rest_route=\/wp\/v2\/users\/1"}],"replies":[{"embeddable":true,"href":"https:\/\/merely-labeled.com\/index.php?rest_route=%2Fwp%2Fv2%2Fcomments&post=1597"}],"version-history":[{"count":4,"href":"https:\/\/merely-labeled.com\/index.php?rest_route=\/wp\/v2\/pages\/1597\/revisions"}],"predecessor-version":[{"id":1602,"href":"https:\/\/merely-labeled.com\/index.php?rest_route=\/wp\/v2\/pages\/1597\/revisions\/1602"}],"wp:attachment":[{"href":"https:\/\/merely-labeled.com\/index.php?rest_route=%2Fwp%2Fv2%2Fmedia&parent=1597"}],"curies":[{"name":"wp","href":"https:\/\/api.w.org\/{rel}","templated":true}]}}