{"id":1584,"date":"2025-02-27T19:33:49","date_gmt":"2025-02-27T18:33:49","guid":{"rendered":"https:\/\/merely-labeled.com\/?page_id=1584"},"modified":"2025-02-27T19:35:36","modified_gmt":"2025-02-27T18:35:36","slug":"haferflocken-kekse-2","status":"publish","type":"page","link":"https:\/\/merely-labeled.com\/?page_id=1584","title":{"rendered":"Haferflocken-Kekse ohne Banane"},"content":{"rendered":"\t\t<div data-elementor-type=\"wp-page\" data-elementor-id=\"1584\" class=\"elementor elementor-1584\" data-elementor-post-type=\"page\">\n\t\t\t\t<div class=\"elementor-element elementor-element-431bd422 e-con-full e-flex e-con e-parent\" data-id=\"431bd422\" data-element_type=\"container\" data-e-type=\"container\" data-settings=\"{&quot;background_background&quot;:&quot;gradient&quot;}\">\n\t\t\t\t<div class=\"elementor-element elementor-element-5e94ebc9 elementor-widget elementor-widget-heading\" data-id=\"5e94ebc9\" data-element_type=\"widget\" data-e-type=\"widget\" data-widget_type=\"heading.default\">\n\t\t\t\t<div class=\"elementor-widget-container\">\n\t\t\t\t\t<h2 class=\"elementor-heading-title elementor-size-default\">Haferflocken-Kekse ohne Banane<\/h2>\t\t\t\t<\/div>\n\t\t\t\t<\/div>\n\t\t\t\t<div class=\"elementor-element elementor-element-7f5fd289 elementor-widget__width-inherit elementor-widget-divider--view-line elementor-invisible elementor-widget elementor-widget-divider\" data-id=\"7f5fd289\" data-element_type=\"widget\" data-e-type=\"widget\" data-settings=\"{&quot;_animation&quot;:&quot;fadeInLeft&quot;}\" data-widget_type=\"divider.default\">\n\t\t\t\t<div class=\"elementor-widget-container\">\n\t\t\t\t\t\t\t<div class=\"elementor-divider\">\n\t\t\t<span class=\"elementor-divider-separator\">\n\t\t\t\t\t\t<\/span>\n\t\t<\/div>\n\t\t\t\t\t\t<\/div>\n\t\t\t\t<\/div>\n\t\t\t\t<div class=\"elementor-element elementor-element-134ee573 elementor-widget elementor-widget-text-editor\" data-id=\"134ee573\" data-element_type=\"widget\" data-e-type=\"widget\" data-widget_type=\"text-editor.default\">\n\t\t\t\t<div class=\"elementor-widget-container\">\n\t\t\t\t\t\t\t\t\t<p data-start=\"26\" data-end=\"58\"><strong data-start=\"26\" data-end=\"40\">Portionen:<\/strong> ca. 12\u201315 Kekse<\/p><h3 data-start=\"60\" data-end=\"73\">Zutaten<\/h3><ul data-start=\"74\" data-end=\"693\"><li data-start=\"74\" data-end=\"119\"><strong data-start=\"76\" data-end=\"98\">120 g Haferflocken<\/strong> (zart oder kernig)<\/li><li data-start=\"120\" data-end=\"166\"><strong data-start=\"122\" data-end=\"164\">50 g gemahlene Mandeln oder Haseln\u00fcsse<\/strong><\/li><li data-start=\"167\" data-end=\"189\"><strong data-start=\"169\" data-end=\"187\">1 EL Leinsamen<\/strong><\/li><li data-start=\"190\" data-end=\"209\"><strong data-start=\"192\" data-end=\"207\">3 EL Wasser<\/strong><\/li><li data-start=\"210\" data-end=\"242\"><strong data-start=\"212\" data-end=\"240\">1 Becher (150 g) Joghurt<\/strong><\/li><li data-start=\"243\" data-end=\"295\"><strong data-start=\"245\" data-end=\"293\">1 EL Honig, Ahornsirup oder Zucker nach Wahl<\/strong><\/li><li data-start=\"296\" data-end=\"313\"><strong data-start=\"298\" data-end=\"311\">1 TL Zimt<\/strong><\/li><li data-start=\"314\" data-end=\"351\"><strong data-start=\"316\" data-end=\"349\">\u00bd TL frisch geriebener Ingwer<\/strong><\/li><li data-start=\"352\" data-end=\"373\"><strong data-start=\"354\" data-end=\"371\">\u00bd TL Kardamom<\/strong><\/li><li data-start=\"374\" data-end=\"394\"><strong data-start=\"376\" data-end=\"392\">1 Prise Salz<\/strong><\/li><li data-start=\"395\" data-end=\"418\"><strong data-start=\"397\" data-end=\"416\">1 TL Backpulver<\/strong><\/li><li data-start=\"419\" data-end=\"457\"><strong data-start=\"421\" data-end=\"455\">1 P\u00e4ckchen (8 g) Vanillezucker<\/strong><\/li><li data-start=\"458\" data-end=\"545\"><strong data-start=\"460\" data-end=\"494\">40 g gehackte N\u00fcsse oder Samen<\/strong> (z. B. Waln\u00fcsse, K\u00fcrbiskerne, Sonnenblumenkerne)<\/li><li data-start=\"546\" data-end=\"623\"><strong data-start=\"548\" data-end=\"586\">30 g Rosinen oder gehackte Datteln<\/strong> (oder Schokodrops als Alternative)<\/li><li data-start=\"624\" data-end=\"693\">Falls der Teig zu feucht ist: <strong data-start=\"656\" data-end=\"691\">1\u20132 EL zus\u00e4tzliche Haferflocken<\/strong><\/li><\/ul><h3 data-start=\"695\" data-end=\"712\">Zubereitung<\/h3><ol data-start=\"714\" data-end=\"1924\"><li data-start=\"714\" data-end=\"837\"><p data-start=\"717\" data-end=\"837\"><strong data-start=\"717\" data-end=\"739\">Backofen vorheizen<\/strong><br data-start=\"739\" data-end=\"742\" \/>Backofen auf <strong data-start=\"758\" data-end=\"785\">180 \u00b0C Umluft<\/strong>\u00a0vorheizen. Ein Backblech mit Backpapier auslegen.<\/p><\/li><li data-start=\"839\" data-end=\"937\"><p data-start=\"842\" data-end=\"937\"><strong data-start=\"842\" data-end=\"864\">Leinsamen schroten<\/strong><br data-start=\"864\" data-end=\"867\" \/><strong data-start=\"870\" data-end=\"888\">1 EL Leinsamen<\/strong> im Thermomix <strong data-start=\"902\" data-end=\"922\">8 Sek. \/ Stufe 8<\/strong> fein mahlen.<\/p><\/li><li data-start=\"939\" data-end=\"1160\"><p data-start=\"942\" data-end=\"1160\"><strong data-start=\"942\" data-end=\"972\">Fl\u00fcssige Zutaten vermengen<\/strong><br data-start=\"972\" data-end=\"975\" \/>In einer Sch\u00fcssel <strong data-start=\"996\" data-end=\"1024\">1 Becher (150 g) Joghurt<\/strong>, <strong data-start=\"1026\" data-end=\"1041\">3 EL Wasser<\/strong>, <strong data-start=\"1043\" data-end=\"1076\">\u00bd TL frisch geriebenen Ingwer<\/strong>, <strong data-start=\"1078\" data-end=\"1103\">1 EL Honig\/Ahornsirup<\/strong> und <strong data-start=\"1108\" data-end=\"1142\">1 P\u00e4ckchen (8 g) Vanillezucker<\/strong> gut verquirlen.<\/p><\/li><li data-start=\"1162\" data-end=\"1414\"><p data-start=\"1165\" data-end=\"1414\"><strong data-start=\"1165\" data-end=\"1193\">Trockene Zutaten mischen<\/strong><br data-start=\"1193\" data-end=\"1196\" \/>In einer separaten Sch\u00fcssel <strong data-start=\"1227\" data-end=\"1249\">120 g Haferflocken<\/strong>, <strong data-start=\"1251\" data-end=\"1293\">50 g gemahlene Mandeln oder Haseln\u00fcsse<\/strong>, die <strong data-start=\"1299\" data-end=\"1325\">geschroteten Leinsamen<\/strong>, <strong data-start=\"1327\" data-end=\"1340\">1 TL Zimt<\/strong>, <strong data-start=\"1342\" data-end=\"1359\">\u00bd TL Kardamom<\/strong>, <strong data-start=\"1361\" data-end=\"1377\">1 Prise Salz<\/strong> und <strong data-start=\"1382\" data-end=\"1401\" data-is-only-node=\"\">1 TL Backpulver<\/strong> vermengen.<\/p><\/li><li data-start=\"1416\" data-end=\"1579\"><p data-start=\"1419\" data-end=\"1579\"><strong data-start=\"1419\" data-end=\"1436\">Zusammenf\u00fcgen<\/strong><br data-start=\"1436\" data-end=\"1439\" \/>Die trockenen Zutaten zur fl\u00fcssigen Mischung geben und gut vermengen. Falls der Teig zu feucht ist, <strong data-start=\"1542\" data-end=\"1565\">1\u20132 EL Haferflocken<\/strong> hinzuf\u00fcgen.<\/p><\/li><li data-start=\"1581\" data-end=\"1705\"><p data-start=\"1584\" data-end=\"1705\"><strong data-start=\"1584\" data-end=\"1606\">Extras unterr\u00fchren<\/strong><br data-start=\"1606\" data-end=\"1609\" \/><strong data-start=\"1612\" data-end=\"1646\">40 g gehackte N\u00fcsse oder Samen<\/strong> sowie <strong data-start=\"1653\" data-end=\"1691\">30 g Rosinen oder gehackte Datteln<\/strong> unterheben.<\/p><\/li><li data-start=\"1707\" data-end=\"1817\"><p data-start=\"1710\" data-end=\"1817\"><strong data-start=\"1710\" data-end=\"1726\">Kekse formen<\/strong><br data-start=\"1726\" data-end=\"1729\" \/>Mit einem L\u00f6ffel kleine H\u00e4ufchen auf das Backblech setzen und leicht flach dr\u00fccken.<\/p><\/li><li data-start=\"1819\" data-end=\"1924\"><p data-start=\"1822\" data-end=\"1924\"><strong data-start=\"1822\" data-end=\"1832\">Backen<\/strong><br data-start=\"1832\" data-end=\"1835\" \/>Im vorgeheizten Backofen <strong data-start=\"1863\" data-end=\"1884\">ca. 12\u201315 Minuten<\/strong> backen, bis die Kekse goldbraun sind.<\/p><\/li><\/ol><h3 data-start=\"1926\" data-end=\"1946\">Tipps &amp; Tricks<\/h3><p data-start=\"1948\" data-end=\"2271\"><strong data-start=\"2024\" data-end=\"2044\">Extra Geschmack:<\/strong> Eine Prise Muskatnuss oder etwas Zitronenschale hinzuf\u00fcgen.<br data-start=\"2104\" data-end=\"2107\" \/><strong data-start=\"2107\" data-end=\"2125\">S\u00fc\u00dfe anpassen:<\/strong> Nach Belieben mehr oder weniger Honig\/Ahornsirup verwenden oder ganz weglassen.<br data-start=\"2205\" data-end=\"2208\" \/><strong data-start=\"2208\" data-end=\"2224\">Schokoladig:<\/strong> Statt Rosinen\/Datteln Schokodrops verwenden.<\/p><p data-start=\"2273\" data-end=\"2290\" data-is-last-node=\"\" data-is-only-node=\"\">Guten Appetit! \ud83d\ude0a<\/p>\t\t\t\t\t\t\t\t<\/div>\n\t\t\t\t<\/div>\n\t\t\t\t<\/div>\n\t\t\t\t<\/div>\n\t\t","protected":false},"excerpt":{"rendered":"<p>Haferflocken-Kekse ohne Banane Portionen: ca. 12\u201315 Kekse Zutaten 120 g Haferflocken (zart oder kernig) 50 g gemahlene Mandeln oder Haseln\u00fcsse 1 EL Leinsamen 3 EL Wasser 1 Becher (150 g) Joghurt 1 EL Honig, Ahornsirup oder Zucker nach Wahl 1 TL Zimt \u00bd TL frisch geriebener Ingwer \u00bd TL Kardamom 1 Prise Salz 1 TL [&hellip;]<\/p>\n","protected":false},"author":1,"featured_media":0,"parent":0,"menu_order":0,"comment_status":"closed","ping_status":"closed","template":"elementor_header_footer","meta":{"footnotes":""},"class_list":["post-1584","page","type-page","status-publish","hentry"],"_links":{"self":[{"href":"https:\/\/merely-labeled.com\/index.php?rest_route=\/wp\/v2\/pages\/1584","targetHints":{"allow":["GET"]}}],"collection":[{"href":"https:\/\/merely-labeled.com\/index.php?rest_route=\/wp\/v2\/pages"}],"about":[{"href":"https:\/\/merely-labeled.com\/index.php?rest_route=\/wp\/v2\/types\/page"}],"author":[{"embeddable":true,"href":"https:\/\/merely-labeled.com\/index.php?rest_route=\/wp\/v2\/users\/1"}],"replies":[{"embeddable":true,"href":"https:\/\/merely-labeled.com\/index.php?rest_route=%2Fwp%2Fv2%2Fcomments&post=1584"}],"version-history":[{"count":8,"href":"https:\/\/merely-labeled.com\/index.php?rest_route=\/wp\/v2\/pages\/1584\/revisions"}],"predecessor-version":[{"id":1593,"href":"https:\/\/merely-labeled.com\/index.php?rest_route=\/wp\/v2\/pages\/1584\/revisions\/1593"}],"wp:attachment":[{"href":"https:\/\/merely-labeled.com\/index.php?rest_route=%2Fwp%2Fv2%2Fmedia&parent=1584"}],"curies":[{"name":"wp","href":"https:\/\/api.w.org\/{rel}","templated":true}]}}