{"id":847,"date":"2024-08-18T14:53:19","date_gmt":"2024-08-18T12:53:19","guid":{"rendered":"http:\/\/merely-labeled.com\/?page_id=847"},"modified":"2024-08-18T19:24:17","modified_gmt":"2024-08-18T17:24:17","slug":"knuspriger-koreanischer-tofu-thermomix-tm-6","status":"publish","type":"page","link":"http:\/\/merely-labeled.com\/?page_id=847","title":{"rendered":"Knuspriger koreanischer Tofu (Thermomix TM 6)"},"content":{"rendered":"\t\t<div data-elementor-type=\"wp-page\" data-elementor-id=\"847\" class=\"elementor elementor-847\" data-elementor-post-type=\"page\">\n\t\t\t\t<div class=\"elementor-element elementor-element-1d6ce5aa e-con-full e-flex e-con e-parent\" data-id=\"1d6ce5aa\" data-element_type=\"container\" data-e-type=\"container\" data-settings=\"{&quot;background_background&quot;:&quot;gradient&quot;}\">\n\t\t\t\t<div class=\"elementor-element elementor-element-5b0a5e39 elementor-widget elementor-widget-heading\" data-id=\"5b0a5e39\" data-element_type=\"widget\" data-e-type=\"widget\" data-widget_type=\"heading.default\">\n\t\t\t\t<div class=\"elementor-widget-container\">\n\t\t\t\t\t<h2 class=\"elementor-heading-title elementor-size-default\">Knuspriger koreanischer Tofu (Thermomix TM 6)<\/h2>\t\t\t\t<\/div>\n\t\t\t\t<\/div>\n\t\t\t\t<div class=\"elementor-element elementor-element-328478fa elementor-widget__width-inherit elementor-widget-divider--view-line elementor-invisible elementor-widget elementor-widget-divider\" data-id=\"328478fa\" data-element_type=\"widget\" data-e-type=\"widget\" data-settings=\"{&quot;_animation&quot;:&quot;fadeInLeft&quot;}\" data-widget_type=\"divider.default\">\n\t\t\t\t<div class=\"elementor-widget-container\">\n\t\t\t\t\t\t\t<div class=\"elementor-divider\">\n\t\t\t<span class=\"elementor-divider-separator\">\n\t\t\t\t\t\t<\/span>\n\t\t<\/div>\n\t\t\t\t\t\t<\/div>\n\t\t\t\t<\/div>\n\t\t\t\t<div class=\"elementor-element elementor-element-1170d109 elementor-widget elementor-widget-text-editor\" data-id=\"1170d109\" data-element_type=\"widget\" data-e-type=\"widget\" data-widget_type=\"text-editor.default\">\n\t\t\t\t<div class=\"elementor-widget-container\">\n\t\t\t\t\t\t\t\t\t<p><strong>Portionen<\/strong> F\u00fcr 4 Personen<\/p><h3>Zutaten<\/h3><h4>Tofu-Panade<\/h4><ul><li><strong>100 g<\/strong> Mandeldrink<\/li><li><strong>80 g<\/strong> Speisest\u00e4rke<\/li><li><strong>50 g<\/strong> Mehl<\/li><li><strong>1 TL<\/strong> Knoblauch (gemahlen)<\/li><li><strong>1 TL<\/strong> Salz<\/li><li><strong>\u00bc TL<\/strong> Pfeffer<\/li><\/ul><h4>Sauce<\/h4><ul><li><strong>5<\/strong> Knoblauchzehen<\/li><li><strong>10 g<\/strong> Ingwer (frisch, in d\u00fcnnen Scheiben)<\/li><li><strong>60 g<\/strong> brauner Zucker<\/li><li><strong>60 g<\/strong> Reisessig<\/li><li><strong>60 g<\/strong> Agavendicksaft<\/li><li><strong>30 &#8211; 50 g<\/strong> Gochujang (koreanische Chilipaste), nach Geschmack<\/li><li><strong>30 g<\/strong> Ketchup<\/li><li><strong>20 g<\/strong> Sesam\u00f6l<\/li><li><strong>20 g<\/strong> dunkle Sojasauce<\/li><\/ul><h4>Reis und Brokkoli<\/h4><ul><li><strong>1200 g<\/strong> Wasser<\/li><li><strong>1 \u00bd TL<\/strong> Salz<\/li><li><strong>300 g<\/strong> Langkornreis (parboiled)<\/li><li><strong>350 g<\/strong> Brokkolir\u00f6schen<\/li><li>Salz zum W\u00fcrzen<\/li><\/ul><h4>Tofu<\/h4><ul><li>\u00d6l zum Frittieren<\/li><li><strong>400 g<\/strong> Tofu (fest, in W\u00fcrfeln, 2 cm, f\u00fcr 30 Minuten gepresst)<\/li><li>Sesam zum Garnieren<\/li><li><strong>2<\/strong> Fr\u00fchlingszwiebeln (in d\u00fcnnen Ringen, 5 mm)<\/li><\/ul><h3>Zubereitung<\/h3><h4>Tofu-Panade<\/h4><ol><li>Eine Sch\u00fcssel auf den Mixtopfdeckel stellen, <strong>100 g Mandeldrink<\/strong> einwiegen und zur Seite stellen.<\/li><li><strong>80 g Speisest\u00e4rke<\/strong>, <strong>50 g Mehl<\/strong>, <strong>1 TL Knoblauch<\/strong>, <strong>1 TL Salz<\/strong> und <strong>\u00bc TL Pfeffer<\/strong> in den Mixtopf geben, 10 Sek.\/Stufe 3 vermischen und in eine gro\u00dfe Sch\u00fcssel umf\u00fcllen.<\/li><\/ol><h4>Sauce<\/h4><ol><li><strong>5 Knoblauchzehen<\/strong> und <strong>10 g Ingwer<\/strong> in den Mixtopf geben, 5 Sek.\/Stufe 5 zerkleinern und mit dem Spatel nach unten schieben.<\/li><li><strong>60 g brauner Zucker<\/strong>, <strong>60 g Reisessig<\/strong>, <strong>60 g Agavendicksaft<\/strong>, <strong>30 &#8211; 50 g Gochujang<\/strong>, <strong>30 g Ketchup<\/strong>, <strong>20 g Sesam\u00f6l<\/strong>und <strong>20 g Sojasauce<\/strong> zugeben, 10 Sek.\/Stufe 3 vermischen und dann 10 Min.\/100\u00b0C\/Stufe 1 erhitzen. In eine separate Sch\u00fcssel umf\u00fcllen und warm halten. Mixtopf sp\u00fclen.<\/li><\/ol><h4>Reis und Brokkoli<\/h4><ol><li><strong>1200 g Wasser<\/strong> und <strong>1 \u00bd TL Salz<\/strong> in den Mixtopf geben, Gareinsatz einh\u00e4ngen, <strong>300 g Reis<\/strong> einwiegen und 13 Min.\/Varoma\/Stufe 2 garen.<\/li><li>Varoma-Beh\u00e4lter aufsetzen, <strong>350 g Brokkolir\u00f6schen<\/strong> einwiegen, mit Salz w\u00fcrzen, Varoma verschlie\u00dfen und 10 Min.\/Varoma\/Stufe 2 garen. Varoma absetzen und Reis und Brokkoli warm halten.<\/li><\/ol><h4>Tofu<\/h4><ol><li>In einem gro\u00dfen Topf auf dem Herd \u00d6l auf 190\u00b0C erhitzen (siehe Tipp). In dieser Zeit die Tofuw\u00fcrfel erst in der Mehlmischung, dann in dem Mandeldrink und erneut in der Mehlmischung wenden.<\/li><li>Den Tofu 4-5 Minuten goldbraun frittieren und auf K\u00fcchenpapier abtropfen lassen.<\/li><li>Den Tofu zu der Sauce geben, gut vermischen, mit Sesam und Fr\u00fchlingszwiebeln garnieren und zusammen mit Reis und Brokkoli servieren.<\/li><\/ol><h3>Notwendiges Zubeh\u00f6r<\/h3><ul><li>Gro\u00dfer Topf<\/li><li>Herd<\/li><li>K\u00fcchenrolle<\/li><li>Thermometer<\/li><\/ul><h3>Tipps &amp; Tricks<\/h3><ul><li><strong>Tofu pressen:<\/strong> 2-3 Bl\u00e4tter K\u00fcchenrolle auf ein Backblech legen, Tofu daraufgeben, erneut 2-3 Bl\u00e4tter K\u00fcchenrolle daraufgeben und ein weiteres Backblech daraufsetzen. Darauf 2-3 schwere B\u00fccher legen und Tofu 30 Minuten pressen.<\/li><li>Gib so viel \u00d6l in die Pfanne, dass der Boden etwa 3 cm bedeckt ist. Das \u00d6l ist hei\u00df genug, wenn du den Stiel eines Holzl\u00f6ffels in das Fett tauchst und sich am Stiel Bl\u00e4schen bilden.<\/li><\/ul>\t\t\t\t\t\t\t\t<\/div>\n\t\t\t\t<\/div>\n\t\t\t\t<\/div>\n\t\t\t\t<\/div>\n\t\t","protected":false},"excerpt":{"rendered":"<p>Knuspriger koreanischer Tofu (Thermomix TM 6) Portionen F\u00fcr 4 Personen Zutaten Tofu-Panade 100 g Mandeldrink 80 g Speisest\u00e4rke 50 g Mehl 1 TL Knoblauch (gemahlen) 1 TL Salz \u00bc TL Pfeffer Sauce 5 Knoblauchzehen 10 g Ingwer (frisch, in d\u00fcnnen Scheiben) 60 g brauner Zucker 60 g Reisessig 60 g Agavendicksaft 30 &#8211; 50 g [&hellip;]<\/p>\n","protected":false},"author":1,"featured_media":0,"parent":0,"menu_order":0,"comment_status":"closed","ping_status":"closed","template":"elementor_header_footer","meta":{"footnotes":""},"class_list":["post-847","page","type-page","status-publish","hentry"],"_links":{"self":[{"href":"http:\/\/merely-labeled.com\/index.php?rest_route=\/wp\/v2\/pages\/847","targetHints":{"allow":["GET"]}}],"collection":[{"href":"http:\/\/merely-labeled.com\/index.php?rest_route=\/wp\/v2\/pages"}],"about":[{"href":"http:\/\/merely-labeled.com\/index.php?rest_route=\/wp\/v2\/types\/page"}],"author":[{"embeddable":true,"href":"http:\/\/merely-labeled.com\/index.php?rest_route=\/wp\/v2\/users\/1"}],"replies":[{"embeddable":true,"href":"http:\/\/merely-labeled.com\/index.php?rest_route=%2Fwp%2Fv2%2Fcomments&post=847"}],"version-history":[{"count":7,"href":"http:\/\/merely-labeled.com\/index.php?rest_route=\/wp\/v2\/pages\/847\/revisions"}],"predecessor-version":[{"id":1047,"href":"http:\/\/merely-labeled.com\/index.php?rest_route=\/wp\/v2\/pages\/847\/revisions\/1047"}],"wp:attachment":[{"href":"http:\/\/merely-labeled.com\/index.php?rest_route=%2Fwp%2Fv2%2Fmedia&parent=847"}],"curies":[{"name":"wp","href":"https:\/\/api.w.org\/{rel}","templated":true}]}}