{"id":833,"date":"2024-08-18T14:50:06","date_gmt":"2024-08-18T12:50:06","guid":{"rendered":"http:\/\/merely-labeled.com\/?page_id=833"},"modified":"2024-08-18T18:09:41","modified_gmt":"2024-08-18T16:09:41","slug":"mohn-chili-pesto-thermomix-tm-6","status":"publish","type":"page","link":"http:\/\/merely-labeled.com\/?page_id=833","title":{"rendered":"Mohn-Chili-Pesto (Thermomix TM 6)"},"content":{"rendered":"\t\t<div data-elementor-type=\"wp-page\" data-elementor-id=\"833\" class=\"elementor elementor-833\" data-elementor-post-type=\"page\">\n\t\t\t\t<div class=\"elementor-element elementor-element-2bfac22 e-con-full e-flex e-con e-parent\" data-id=\"2bfac22\" data-element_type=\"container\" data-e-type=\"container\" data-settings=\"{&quot;background_background&quot;:&quot;gradient&quot;}\">\n\t\t\t\t<div class=\"elementor-element elementor-element-49cac620 elementor-widget elementor-widget-heading\" data-id=\"49cac620\" data-element_type=\"widget\" data-e-type=\"widget\" data-widget_type=\"heading.default\">\n\t\t\t\t<div class=\"elementor-widget-container\">\n\t\t\t\t\t<h2 class=\"elementor-heading-title elementor-size-default\">Mohn-Chili-Pesto (Thermomix TM 6)<\/h2>\t\t\t\t<\/div>\n\t\t\t\t<\/div>\n\t\t\t\t<div class=\"elementor-element elementor-element-37e33701 elementor-widget__width-inherit elementor-widget-divider--view-line elementor-invisible elementor-widget elementor-widget-divider\" data-id=\"37e33701\" data-element_type=\"widget\" data-e-type=\"widget\" data-settings=\"{&quot;_animation&quot;:&quot;fadeInLeft&quot;}\" data-widget_type=\"divider.default\">\n\t\t\t\t<div class=\"elementor-widget-container\">\n\t\t\t\t\t\t\t<div class=\"elementor-divider\">\n\t\t\t<span class=\"elementor-divider-separator\">\n\t\t\t\t\t\t<\/span>\n\t\t<\/div>\n\t\t\t\t\t\t<\/div>\n\t\t\t\t<\/div>\n\t\t\t\t<div class=\"elementor-element elementor-element-276d9dd elementor-widget elementor-widget-text-editor\" data-id=\"276d9dd\" data-element_type=\"widget\" data-e-type=\"widget\" data-widget_type=\"text-editor.default\">\n\t\t\t\t<div class=\"elementor-widget-container\">\n\t\t\t\t\t\t\t\t\t<p><strong>Portionen:<\/strong> Ergibt 1 Glas<\/p><h3>Zutaten<\/h3><ul><li><strong>100 g<\/strong> Mohn<\/li><li><strong>125 \u2013 150 g<\/strong> Parmesan (in St\u00fccken)<\/li><li><strong>2 \u2013 3<\/strong> rote Chilischoten (frisch, nach Wunsch entkernt)<\/li><li><strong>3 St\u00e4ngel<\/strong> Rosmarin (abgezupft)<\/li><li><strong>150 g<\/strong> Oliven\u00f6l<\/li><li><strong>50 g<\/strong> Walnussh\u00e4lften<\/li><li><strong>1 TL<\/strong> Salz<\/li><\/ul><h3>Zubereitung<\/h3><ol><li><strong>100 g Mohn<\/strong> und <strong>125 \u2013 150 g Parmesan<\/strong> in den Mixtopf geben, <strong>20 Sek.\/Stufe 10<\/strong> zerkleinern und umf\u00fcllen.<\/li><li><strong>2 \u2013 3 rote Chilischoten<\/strong> und <strong>3 St\u00e4ngel Rosmarin<\/strong> in den Mixtopf geben, <strong>25 Sek.\/Stufe 8<\/strong> zerkleinern und mit dem Spatel nach unten schieben.<\/li><li><strong>50 g Oliven\u00f6l<\/strong> zugeben und <strong>3 Min.\/120\u00b0C\/Stufe 1<\/strong> d\u00fcnsten.<\/li><li>Die Mohn-Parmesan-Mischung, <strong>50 g Walnussh\u00e4lften<\/strong>, <strong>1 TL Salz<\/strong> und das restliche <strong>100 g Oliven\u00f6l<\/strong> zugeben, <strong>10 Sek.\/Stufe 7<\/strong> verr\u00fchren.<\/li><li>In ein Schraubglas umf\u00fcllen und unter einer \u00d6lschicht im K\u00fchlschrank aufbewahren oder zu Nudeln servieren.<\/li><\/ol><h3>Notwendiges Zubeh\u00f6r<\/h3><ul><li>Thermomix TM 6<\/li><li>Schraubglas<\/li><li>K\u00fchlschrank<\/li><\/ul><h3>N\u00e4hrwerte pro Glas<\/h3><p><strong>Kalorien:<\/strong> 11173 kJ \/ 2674 kcal<br \/><strong>Protein:<\/strong> 69 g<br \/><strong>Kohlenhydrate:<\/strong> 10 g<br \/><strong>Fett:<\/strong> 261 g<br \/><strong>Ballaststoffe:<\/strong> 3 g<\/p><h3>Tipps &amp; Tricks<\/h3><ul><li>Das Pesto h\u00e4lt sich unter einer \u00d6lschicht im K\u00fchlschrank mehrere Wochen.<\/li><li>Es eignet sich hervorragend als Aufstrich oder zu Nudeln, aber auch als besondere W\u00fcrze f\u00fcr andere Gerichte.<\/li><\/ul>\t\t\t\t\t\t\t\t<\/div>\n\t\t\t\t<\/div>\n\t\t\t\t<\/div>\n\t\t\t\t<\/div>\n\t\t","protected":false},"excerpt":{"rendered":"<p>Mohn-Chili-Pesto (Thermomix TM 6) Portionen: Ergibt 1 Glas Zutaten 100 g Mohn 125 \u2013 150 g Parmesan (in St\u00fccken) 2 \u2013 3 rote Chilischoten (frisch, nach Wunsch entkernt) 3 St\u00e4ngel Rosmarin (abgezupft) 150 g Oliven\u00f6l 50 g Walnussh\u00e4lften 1 TL Salz Zubereitung 100 g Mohn und 125 \u2013 150 g Parmesan in den Mixtopf geben, [&hellip;]<\/p>\n","protected":false},"author":1,"featured_media":0,"parent":0,"menu_order":0,"comment_status":"closed","ping_status":"closed","template":"elementor_header_footer","meta":{"footnotes":""},"class_list":["post-833","page","type-page","status-publish","hentry"],"_links":{"self":[{"href":"http:\/\/merely-labeled.com\/index.php?rest_route=\/wp\/v2\/pages\/833","targetHints":{"allow":["GET"]}}],"collection":[{"href":"http:\/\/merely-labeled.com\/index.php?rest_route=\/wp\/v2\/pages"}],"about":[{"href":"http:\/\/merely-labeled.com\/index.php?rest_route=\/wp\/v2\/types\/page"}],"author":[{"embeddable":true,"href":"http:\/\/merely-labeled.com\/index.php?rest_route=\/wp\/v2\/users\/1"}],"replies":[{"embeddable":true,"href":"http:\/\/merely-labeled.com\/index.php?rest_route=%2Fwp%2Fv2%2Fcomments&post=833"}],"version-history":[{"count":6,"href":"http:\/\/merely-labeled.com\/index.php?rest_route=\/wp\/v2\/pages\/833\/revisions"}],"predecessor-version":[{"id":981,"href":"http:\/\/merely-labeled.com\/index.php?rest_route=\/wp\/v2\/pages\/833\/revisions\/981"}],"wp:attachment":[{"href":"http:\/\/merely-labeled.com\/index.php?rest_route=%2Fwp%2Fv2%2Fmedia&parent=833"}],"curies":[{"name":"wp","href":"https:\/\/api.w.org\/{rel}","templated":true}]}}