{"id":827,"date":"2024-08-18T14:40:17","date_gmt":"2024-08-18T12:40:17","guid":{"rendered":"http:\/\/merely-labeled.com\/?page_id=827"},"modified":"2024-10-18T12:40:37","modified_gmt":"2024-10-18T10:40:37","slug":"kaspressknoedel-thermomix-tm-6","status":"publish","type":"page","link":"http:\/\/merely-labeled.com\/?page_id=827","title":{"rendered":"Kaspresskn\u00f6del (Thermomix TM 6)"},"content":{"rendered":"\t\t<div data-elementor-type=\"wp-page\" data-elementor-id=\"827\" class=\"elementor elementor-827\" data-elementor-post-type=\"page\">\n\t\t\t\t<div class=\"elementor-element elementor-element-dd6d60a e-con-full e-flex e-con e-parent\" data-id=\"dd6d60a\" data-element_type=\"container\" data-e-type=\"container\" data-settings=\"{&quot;background_background&quot;:&quot;gradient&quot;}\">\n\t\t\t\t<div class=\"elementor-element elementor-element-32a88c69 elementor-widget elementor-widget-heading\" data-id=\"32a88c69\" data-element_type=\"widget\" data-e-type=\"widget\" data-widget_type=\"heading.default\">\n\t\t\t\t<div class=\"elementor-widget-container\">\n\t\t\t\t\t<h2 class=\"elementor-heading-title elementor-size-default\">Kaspresskn\u00f6del (Thermomix TM 6)<\/h2>\t\t\t\t<\/div>\n\t\t\t\t<\/div>\n\t\t\t\t<div class=\"elementor-element elementor-element-5d380539 elementor-widget__width-inherit elementor-widget-divider--view-line elementor-invisible elementor-widget elementor-widget-divider\" data-id=\"5d380539\" data-element_type=\"widget\" data-e-type=\"widget\" data-settings=\"{&quot;_animation&quot;:&quot;fadeInLeft&quot;}\" data-widget_type=\"divider.default\">\n\t\t\t\t<div class=\"elementor-widget-container\">\n\t\t\t\t\t\t\t<div class=\"elementor-divider\">\n\t\t\t<span class=\"elementor-divider-separator\">\n\t\t\t\t\t\t<\/span>\n\t\t<\/div>\n\t\t\t\t\t\t<\/div>\n\t\t\t\t<\/div>\n\t\t\t\t<div class=\"elementor-element elementor-element-61f7d9bf elementor-widget elementor-widget-text-editor\" data-id=\"61f7d9bf\" data-element_type=\"widget\" data-e-type=\"widget\" data-widget_type=\"text-editor.default\">\n\t\t\t\t<div class=\"elementor-widget-container\">\n\t\t\t\t\t\t\t\t\t<p><strong>Portionen:<\/strong> F\u00fcr 12 Kn\u00f6del<\/p><h3>Zutaten<\/h3><ul><li><strong>150 g<\/strong> Bergk\u00e4se (in St\u00fccken)<\/li><li><strong>1 \u2013 2 EL<\/strong> frische Petersilie (Bl\u00e4ttchen abgezupft)<\/li><li><strong>50 g<\/strong> Zwiebeln (geviertelt)<\/li><li><strong>20 g<\/strong> Butter (in St\u00fccken)<\/li><li><strong>100 g<\/strong> Semmelw\u00fcrfel<\/li><li><strong>60 g<\/strong> Sauerrahm<\/li><li><strong>70 g<\/strong> Schlagobers<\/li><li><strong>15 g<\/strong> Weizenmehl (universal)<\/li><li><strong>1 Ei<\/strong> (Gr\u00f6\u00dfe M)<\/li><li><strong>\u00bd TL<\/strong> Salz<\/li><li><strong>Butterschmalz<\/strong> (zum Ausbacken)<\/li><\/ul><h3>Zubereitung<\/h3><ol><li><p><strong>K\u00e4semischung zubereiten:<\/strong><\/p><ul><li><strong>150 g Bergk\u00e4se<\/strong> und <strong>1 \u2013 2 EL Petersilie<\/strong> in den Mixtopf geben, <strong>4 Sek.\/Stufe 8<\/strong> hacken und in eine Sch\u00fcssel umf\u00fcllen.<\/li><\/ul><\/li><li><p><strong>Zwiebeln d\u00fcnsten:<\/strong><\/p><ul><li><strong>50 g Zwiebeln<\/strong> in den Mixtopf geben, <strong>4 Sek.\/Stufe 5<\/strong> zerkleinern und mit dem Spatel nach unten schieben.<\/li><li><strong>20 g Butter<\/strong> zugeben und <strong>5 Min.\/120\u00b0C\/Stufe 1<\/strong> d\u00fcnsten.<\/li><\/ul><\/li><li><p><strong>Kn\u00f6delmasse zubereiten:<\/strong><\/p><ul><li>In einer gro\u00dfen Sch\u00fcssel die <strong>100 g Semmelw\u00fcrfel<\/strong>, K\u00e4semischung, ged\u00fcnstete Zwiebeln, <strong>60 g Sauerrahm<\/strong>, <strong>70 g Schlagobers<\/strong>, <strong>15 g Weizenmehl<\/strong>, <strong>1 Ei<\/strong> und <strong>\u00bd TL Salz<\/strong> per Hand vermischen.<\/li><\/ul><\/li><li><p><strong>Kn\u00f6del formen:<\/strong><\/p><ul><li>Backpapier auf die Arbeitsplatte legen, die Kn\u00f6delmasse darauf geben, mit nassen H\u00e4nden eine feste Rolle formen und die Enden des Backpapiers fest verschlie\u00dfen.<\/li><li>Die Kn\u00f6delrolle eine Stunde im K\u00fchlschrank ruhen lassen. In dieser Zeit den Mixtopf sp\u00fclen.<\/li><\/ul><\/li><li><p><strong>Kn\u00f6del schneiden und formen:<\/strong><\/p><ul><li>Nach Ende der Ruhezeit die Kn\u00f6delrolle auswickeln, in <strong>12 Scheiben<\/strong> schneiden und mit befeuchteten H\u00e4nden Laibchen formen.<\/li><\/ul><\/li><li><p><strong>Kn\u00f6del ausbacken:<\/strong><\/p><ul><li>Eine Bratpfanne mit <strong>Butterschmalz<\/strong> (1 cm hoch) erhitzen und die Kn\u00f6delscheiben in hei\u00dfem Fett schwimmend ausbacken, zwischendurch wenden.<\/li><\/ul><\/li><li><p><strong>Servieren:<\/strong><\/p><ul><li>Die Kaspresskn\u00f6del auf K\u00fcchenrolle abtropfen lassen. Kaspresskn\u00f6del in tiefen Tellern anrichten und servieren.<\/li><\/ul><\/li><\/ol><h3>Notwendiges Zubeh\u00f6r<\/h3><ul><li>Backpapier<\/li><li>K\u00fchlschrank<\/li><li>Bratpfanne<\/li><li>K\u00fcchenrolle<\/li><li>Herd<\/li><\/ul>\t\t\t\t\t\t\t\t<\/div>\n\t\t\t\t<\/div>\n\t\t\t\t<\/div>\n\t\t\t\t<\/div>\n\t\t","protected":false},"excerpt":{"rendered":"<p>Kaspresskn\u00f6del (Thermomix TM 6) Portionen: F\u00fcr 12 Kn\u00f6del Zutaten 150 g Bergk\u00e4se (in St\u00fccken) 1 \u2013 2 EL frische Petersilie (Bl\u00e4ttchen abgezupft) 50 g Zwiebeln (geviertelt) 20 g Butter (in St\u00fccken) 100 g Semmelw\u00fcrfel 60 g Sauerrahm 70 g Schlagobers 15 g Weizenmehl (universal) 1 Ei (Gr\u00f6\u00dfe M) \u00bd TL Salz Butterschmalz (zum Ausbacken) Zubereitung [&hellip;]<\/p>\n","protected":false},"author":1,"featured_media":0,"parent":0,"menu_order":0,"comment_status":"closed","ping_status":"closed","template":"elementor_header_footer","meta":{"footnotes":""},"class_list":["post-827","page","type-page","status-publish","hentry"],"_links":{"self":[{"href":"http:\/\/merely-labeled.com\/index.php?rest_route=\/wp\/v2\/pages\/827","targetHints":{"allow":["GET"]}}],"collection":[{"href":"http:\/\/merely-labeled.com\/index.php?rest_route=\/wp\/v2\/pages"}],"about":[{"href":"http:\/\/merely-labeled.com\/index.php?rest_route=\/wp\/v2\/types\/page"}],"author":[{"embeddable":true,"href":"http:\/\/merely-labeled.com\/index.php?rest_route=\/wp\/v2\/users\/1"}],"replies":[{"embeddable":true,"href":"http:\/\/merely-labeled.com\/index.php?rest_route=%2Fwp%2Fv2%2Fcomments&post=827"}],"version-history":[{"count":10,"href":"http:\/\/merely-labeled.com\/index.php?rest_route=\/wp\/v2\/pages\/827\/revisions"}],"predecessor-version":[{"id":1264,"href":"http:\/\/merely-labeled.com\/index.php?rest_route=\/wp\/v2\/pages\/827\/revisions\/1264"}],"wp:attachment":[{"href":"http:\/\/merely-labeled.com\/index.php?rest_route=%2Fwp%2Fv2%2Fmedia&parent=827"}],"curies":[{"name":"wp","href":"https:\/\/api.w.org\/{rel}","templated":true}]}}