{"id":795,"date":"2024-08-18T11:26:53","date_gmt":"2024-08-18T09:26:53","guid":{"rendered":"http:\/\/merely-labeled.com\/?page_id=795"},"modified":"2026-02-27T16:14:11","modified_gmt":"2026-02-27T15:14:11","slug":"eier-in-petersiliensauce-thermomix-tm-6","status":"publish","type":"page","link":"http:\/\/merely-labeled.com\/?page_id=795","title":{"rendered":"Eier in Petersiliensauce (Thermomix TM 6)"},"content":{"rendered":"\t\t<div data-elementor-type=\"wp-page\" data-elementor-id=\"795\" class=\"elementor elementor-795\" data-elementor-post-type=\"page\">\n\t\t\t\t<div class=\"elementor-element elementor-element-2ba62bd9 e-con-full e-flex e-con e-parent\" data-id=\"2ba62bd9\" data-element_type=\"container\" data-e-type=\"container\" data-settings=\"{&quot;background_background&quot;:&quot;gradient&quot;}\">\n\t\t\t\t<div class=\"elementor-element elementor-element-17b85b73 elementor-widget elementor-widget-heading\" data-id=\"17b85b73\" data-element_type=\"widget\" data-e-type=\"widget\" data-widget_type=\"heading.default\">\n\t\t\t\t<div class=\"elementor-widget-container\">\n\t\t\t\t\t<h2 class=\"elementor-heading-title elementor-size-default\">Eier in Petersiliensauce (Thermomix TM 6)<\/h2>\t\t\t\t<\/div>\n\t\t\t\t<\/div>\n\t\t\t\t<div class=\"elementor-element elementor-element-64aab9eb elementor-widget__width-inherit elementor-widget-divider--view-line elementor-invisible elementor-widget elementor-widget-divider\" data-id=\"64aab9eb\" data-element_type=\"widget\" data-e-type=\"widget\" data-settings=\"{&quot;_animation&quot;:&quot;fadeInLeft&quot;}\" data-widget_type=\"divider.default\">\n\t\t\t\t<div class=\"elementor-widget-container\">\n\t\t\t\t\t\t\t<div class=\"elementor-divider\">\n\t\t\t<span class=\"elementor-divider-separator\">\n\t\t\t\t\t\t<\/span>\n\t\t<\/div>\n\t\t\t\t\t\t<\/div>\n\t\t\t\t<\/div>\n\t\t\t\t<div class=\"elementor-element elementor-element-7e2f4f3 elementor-widget elementor-widget-text-editor\" data-id=\"7e2f4f3\" data-element_type=\"widget\" data-e-type=\"widget\" data-widget_type=\"text-editor.default\">\n\t\t\t\t<div class=\"elementor-widget-container\">\n\t\t\t\t\t\t\t\t\t<p><strong>Portionen<\/strong> F\u00fcr 4 Personen<\/p><h3>Zutaten<\/h3><ul><li>750 g Wasser<\/li><li>8 Eier (gek\u00fchlt)<\/li><li>750 g Kartoffeln (vorwiegend festkochend, in St\u00fccken, ca. 3 cm)<\/li><li>5 Prisen Salz<\/li><li>40 g Butter<\/li><li>50 g Mehl<\/li><li>250 g Milch<\/li><li>2 Prisen Pfeffer<\/li><li>2 Prisen Muskat<\/li><li>10 St\u00e4ngel Petersilie (abgezupft)<\/li><\/ul><h3>Zubereitung<\/h3><ol><li><strong>500 g Wasser<\/strong> in den Mixtopf geben, Gareinsatz einh\u00e4ngen, <strong>8 Eier <\/strong>hineingeben. Varoma-Beh\u00e4lter aufsetzen, <strong>750 g Kartoffeln<\/strong> einwiegen, mit <strong>2 Prisen Salz<\/strong> bestreuen, Varoma verschlie\u00dfen und <strong>11 Min.\/Varoma\/Stufe 2<\/strong> garen.<\/li><li>Varoma absetzen und Gareinsatz mit den Eiern herausnehmen. Eier kalt abschrecken und abtropfen lassen. Varoma wieder aufsetzen und weitere 20 Min.\/Varoma\/Stufe 2 garen. In dieser Zeit die Eier pellen.<\/li><li>Varoma absetzen, gepellte Eier auf die Kartoffeln setzen, Varoma verschlie\u00dfen und zur Seite stellen. Mixtopf leeren.<\/li><li><strong>40 g Butter<\/strong> in den Mixtopf geben und <strong>1 Min.\/100\u00b0C\/Stufe 1<\/strong> erhitzen.<\/li><li><strong>50 g Mehl<\/strong> zugeben und 3 Min.\/100\u00b0C\/Stufe 1 d\u00fcnsten.<\/li><li><strong>250 g Milch, 250 g Wasser, 3 Prisen Salz, zwei Prisen Pfeffer<\/strong> und <strong>zwei Prisen Muskat <\/strong>zugeben und <strong>10 Sek.\/Stufe 5<\/strong> vermischen.<\/li><li>Varoma mit Kartoffeln und Eiern aufsetzen und <strong>7 Min.\/100\u00b0C\/Stufe 1<\/strong> erhitzen. Varoma absetzen.<\/li><li><strong>\u00be der Petersilienbl\u00e4ttchen von zehn St\u00e4ngeln<\/strong>\u00a0zur Sauce geben und <strong>10 Sek.\/Stufe 8<\/strong> p\u00fcrieren. Sauce abschmecken, mit Eiern und Kartoffeln anrichten, mit den \u00fcbrigen Petersilienbl\u00e4ttchen bestreuen und servieren.<\/li><\/ol>\t\t\t\t\t\t\t\t<\/div>\n\t\t\t\t<\/div>\n\t\t\t\t<\/div>\n\t\t\t\t<\/div>\n\t\t","protected":false},"excerpt":{"rendered":"<p>Eier in Petersiliensauce (Thermomix TM 6) Portionen F\u00fcr 4 Personen Zutaten 750 g Wasser 8 Eier (gek\u00fchlt) 750 g Kartoffeln (vorwiegend festkochend, in St\u00fccken, ca. 3 cm) 5 Prisen Salz 40 g Butter 50 g Mehl 250 g Milch 2 Prisen Pfeffer 2 Prisen Muskat 10 St\u00e4ngel Petersilie (abgezupft) Zubereitung 500 g Wasser in den [&hellip;]<\/p>\n","protected":false},"author":1,"featured_media":0,"parent":9,"menu_order":0,"comment_status":"closed","ping_status":"closed","template":"elementor_header_footer","meta":{"footnotes":""},"class_list":["post-795","page","type-page","status-publish","hentry"],"_links":{"self":[{"href":"http:\/\/merely-labeled.com\/index.php?rest_route=\/wp\/v2\/pages\/795","targetHints":{"allow":["GET"]}}],"collection":[{"href":"http:\/\/merely-labeled.com\/index.php?rest_route=\/wp\/v2\/pages"}],"about":[{"href":"http:\/\/merely-labeled.com\/index.php?rest_route=\/wp\/v2\/types\/page"}],"author":[{"embeddable":true,"href":"http:\/\/merely-labeled.com\/index.php?rest_route=\/wp\/v2\/users\/1"}],"replies":[{"embeddable":true,"href":"http:\/\/merely-labeled.com\/index.php?rest_route=%2Fwp%2Fv2%2Fcomments&post=795"}],"version-history":[{"count":7,"href":"http:\/\/merely-labeled.com\/index.php?rest_route=\/wp\/v2\/pages\/795\/revisions"}],"predecessor-version":[{"id":1762,"href":"http:\/\/merely-labeled.com\/index.php?rest_route=\/wp\/v2\/pages\/795\/revisions\/1762"}],"up":[{"embeddable":true,"href":"http:\/\/merely-labeled.com\/index.php?rest_route=\/wp\/v2\/pages\/9"}],"wp:attachment":[{"href":"http:\/\/merely-labeled.com\/index.php?rest_route=%2Fwp%2Fv2%2Fmedia&parent=795"}],"curies":[{"name":"wp","href":"https:\/\/api.w.org\/{rel}","templated":true}]}}