{"id":790,"date":"2024-08-18T11:25:03","date_gmt":"2024-08-18T09:25:03","guid":{"rendered":"http:\/\/merely-labeled.com\/?page_id=790"},"modified":"2024-08-18T20:03:14","modified_gmt":"2024-08-18T18:03:14","slug":"lachs-mit-zitronenrisotto-thermomix-tm-6","status":"publish","type":"page","link":"http:\/\/merely-labeled.com\/?page_id=790","title":{"rendered":"Lachs mit Zitronenrisotto (Thermomix TM 6)"},"content":{"rendered":"\t\t<div data-elementor-type=\"wp-page\" data-elementor-id=\"790\" class=\"elementor elementor-790\" data-elementor-post-type=\"page\">\n\t\t\t\t<div class=\"elementor-element elementor-element-2aa05c98 e-con-full e-flex e-con e-parent\" data-id=\"2aa05c98\" data-element_type=\"container\" data-e-type=\"container\" data-settings=\"{&quot;background_background&quot;:&quot;gradient&quot;}\">\n\t\t\t\t<div class=\"elementor-element elementor-element-6e24519f elementor-widget elementor-widget-heading\" data-id=\"6e24519f\" data-element_type=\"widget\" data-e-type=\"widget\" data-widget_type=\"heading.default\">\n\t\t\t\t<div class=\"elementor-widget-container\">\n\t\t\t\t\t<h2 class=\"elementor-heading-title elementor-size-default\">Lachs mit Zitronenrisotto (Thermomix TM 6)<\/h2>\t\t\t\t<\/div>\n\t\t\t\t<\/div>\n\t\t\t\t<div class=\"elementor-element elementor-element-5a5d9bdf elementor-widget__width-inherit elementor-widget-divider--view-line elementor-invisible elementor-widget elementor-widget-divider\" data-id=\"5a5d9bdf\" data-element_type=\"widget\" data-e-type=\"widget\" data-settings=\"{&quot;_animation&quot;:&quot;fadeInLeft&quot;}\" data-widget_type=\"divider.default\">\n\t\t\t\t<div class=\"elementor-widget-container\">\n\t\t\t\t\t\t\t<div class=\"elementor-divider\">\n\t\t\t<span class=\"elementor-divider-separator\">\n\t\t\t\t\t\t<\/span>\n\t\t<\/div>\n\t\t\t\t\t\t<\/div>\n\t\t\t\t<\/div>\n\t\t\t\t<div class=\"elementor-element elementor-element-6bfae elementor-widget elementor-widget-text-editor\" data-id=\"6bfae\" data-element_type=\"widget\" data-e-type=\"widget\" data-widget_type=\"text-editor.default\">\n\t\t\t\t<div class=\"elementor-widget-container\">\n\t\t\t\t\t\t\t\t\t<p><strong>Portionen:<\/strong> F\u00fcr 6 Personen<\/p><h3>Zutaten<\/h3><h4>F\u00fcr den Lachs<\/h4><ul><li><strong>800 g<\/strong> Lachsfilet (frisch, ohne Haut, in 6 St\u00fccken)<\/li><li><strong>\u00bc TL<\/strong> wei\u00dfer Pfeffer<\/li><li><strong>\u00bd TL<\/strong> Salz<\/li><li><strong>1 Zitrone<\/strong> (unbehandelt, 1 TL Schale abgerieben, Saft ausgepresst)<\/li><\/ul><h4>F\u00fcr das Risotto<\/h4><ul><li><strong>80 g<\/strong> Parmesan (in St\u00fccken)<\/li><li><strong>1<\/strong> Knoblauchzehe<\/li><li><strong>70 g<\/strong> Schalotten<\/li><li><strong>60 g<\/strong> Butter (weich, in St\u00fccken)<\/li><li><strong>300 g<\/strong> Risottoreis (Kochzeit 18-20 Minuten)<\/li><li><strong>150 g<\/strong> Wei\u00dfwein (trocken)<\/li><li><strong>850 g<\/strong> Wasser<\/li><li><strong>2 geh. TL<\/strong> Gew\u00fcrzpaste f\u00fcr Gem\u00fcsebr\u00fche (selbst gemacht) oder 2 W\u00fcrfel Gem\u00fcsebr\u00fche (f\u00fcr je 0,5 l)<\/li><li><strong>1 TL<\/strong> Zitronenschale (abgerieben)<\/li><li><strong>10 g<\/strong> Zitronensaft (frisch gepresst)<\/li><li><strong>5 St\u00e4ngel<\/strong> Zitronenthymian (abgezupft, und etwas mehr zum Dekorieren)<\/li><\/ul><h3>Zubereitung<\/h3><h4>Lachs vorbereiten<\/h4><ol><li><strong>800 g Lachsfilet<\/strong> beidseitig mit <strong>\u00bc TL Pfeffer<\/strong> und <strong>\u00bd TL Salz<\/strong> w\u00fcrzen, mit dem Saft der <strong>Zitrone<\/strong> betr\u00e4ufeln und auf dem Varoma-Einlegeboden verteilen. Einlegeboden in den Varoma-Beh\u00e4lter einsetzen, Varoma verschlie\u00dfen und zur Seite stellen.<\/li><\/ol><h4>Parmesan zerkleinern<\/h4><ol start=\"2\"><li><strong>80 g Parmesan<\/strong> in den Mixtopf geben, <strong>10 Sek.\/Stufe 10<\/strong> zerkleinern und umf\u00fcllen. Mixtopf sp\u00fclen.<\/li><\/ol><h4>Schalotten und Knoblauch anbraten<\/h4><ol start=\"3\"><li><strong>1 Knoblauchzehe<\/strong> und <strong>70 g Schalotten<\/strong> in den Mixtopf geben, <strong>3 Sek.\/Stufe 5<\/strong> zerkleinern und mit dem Spatel nach unten schieben.<\/li><li><strong>30 g Butter<\/strong> zugeben und <strong>3 Min.\/100\u00b0C\/Linkslauf\/Stufe 1<\/strong> d\u00fcnsten.<\/li><\/ol><h4>Risotto anbraten<\/h4><ol start=\"5\"><li><strong>300 g Risottoreis<\/strong> in den Mixtopf geben und <strong>3 Min.\/100\u00b0C\/Linkslauf\/Stufe 1<\/strong> d\u00fcnsten.<\/li><\/ol><h4>Risotto kochen<\/h4><ol start=\"6\"><li><strong>150 g Wei\u00dfwein<\/strong>, <strong>1 TL Zitronenschale<\/strong> und <strong>10 g Zitronensaft<\/strong> zugeben und <strong>2 Min.\/100\u00b0C\/Linkslauf\/Stufe 1<\/strong>abl\u00f6schen.<\/li><li><strong>850 g Wasser<\/strong>, <strong>2 geh. TL Gew\u00fcrzpaste<\/strong>, <strong>1 TL Zitronenthymian<\/strong>, <strong>\u00bd TL Salz<\/strong> und <strong>\u00bc TL Pfeffer<\/strong> zugeben. Mit dem Spatel einmal \u00fcber den Mixtopfboden r\u00fchren, um den Reis zu l\u00f6sen. Varoma aufsetzen und <strong>14 Min.\/Varoma\/Linkslauf\/Stufe 1<\/strong> garen.<\/li><\/ol><h4>Butter und Parmesan hinzuf\u00fcgen<\/h4><ol start=\"8\"><li>Varoma absetzen, <strong>30 g Butter<\/strong> in den Mixtopf zugeben, mit dem Spatel einmal umr\u00fchren, Varoma wieder aufsetzen und <strong>5 Min.\/Varoma\/Linkslauf\/Stufe 1<\/strong> fertig garen.<\/li><\/ol><h4>Risotto vollenden<\/h4><ol start=\"9\"><li>Varoma absetzen. <strong>80 g Parmesan<\/strong> in den Mixtopf zugeben, mit dem Spatel unter das Risotto heben, ca. 1 Minute quellen lassen und abschmecken.<\/li><\/ol><h4>Servieren<\/h4><ol start=\"10\"><li>Zitronenrisotto auf 6 Teller verteilen, je ein Lachsst\u00fcck daraufsetzen, mit Zitronenthymian garnieren und sofort servieren.<\/li><\/ol><h3>Tipps &amp; Tricks<\/h3><ul><li><strong>Knuspriger Lachs:<\/strong> F\u00fcr eine knusprige Textur kannst du den Lachs nach dem Dampfgaren kurz in einer hei\u00dfen Pfanne mit etwas \u00d6l anbraten.<\/li><li><strong>Risotto-Konsistenz:<\/strong> Achte darauf, das Risotto nicht zu lange zu kochen, damit es cremig bleibt. Es sollte nicht trocken werden.<\/li><li><strong>Wei\u00dfwein-Ersatz:<\/strong> Wenn du keinen Wei\u00dfwein verwenden m\u00f6chtest, kannst du ihn durch zus\u00e4tzlichen Zitronensaft oder Gem\u00fcsebr\u00fche ersetzen.<\/li><li><strong>Zitronenthymian:<\/strong> Wenn Zitronenthymian schwer zu finden ist, kannst du auch normalen Thymian verwenden und mit etwas zus\u00e4tzlichem Zitronensaft nachw\u00fcrzen.<\/li><li><strong>Gem\u00fcse hinzuf\u00fcgen:<\/strong> F\u00fcr eine buntere und ausgewogenere Mahlzeit kannst du dem Risotto kurz vor Ende der Garzeit noch etwas ged\u00fcnstetes Gem\u00fcse wie Erbsen oder Spargel hinzuf\u00fcgen.<\/li><li><strong>Resteverwertung:<\/strong> Falls Risotto \u00fcbrig bleibt, kannst du es am n\u00e4chsten Tag zu Risottob\u00e4llchen (Arancini) formen, panieren und frittieren.<\/li><\/ul>\t\t\t\t\t\t\t\t<\/div>\n\t\t\t\t<\/div>\n\t\t\t\t<\/div>\n\t\t\t\t<\/div>\n\t\t","protected":false},"excerpt":{"rendered":"<p>Lachs mit Zitronenrisotto (Thermomix TM 6) Portionen: F\u00fcr 6 Personen Zutaten F\u00fcr den Lachs 800 g Lachsfilet (frisch, ohne Haut, in 6 St\u00fccken) \u00bc TL wei\u00dfer Pfeffer \u00bd TL Salz 1 Zitrone (unbehandelt, 1 TL Schale abgerieben, Saft ausgepresst) F\u00fcr das Risotto 80 g Parmesan (in St\u00fccken) 1 Knoblauchzehe 70 g Schalotten 60 g Butter [&hellip;]<\/p>\n","protected":false},"author":1,"featured_media":0,"parent":0,"menu_order":0,"comment_status":"closed","ping_status":"closed","template":"elementor_header_footer","meta":{"footnotes":""},"class_list":["post-790","page","type-page","status-publish","hentry"],"_links":{"self":[{"href":"http:\/\/merely-labeled.com\/index.php?rest_route=\/wp\/v2\/pages\/790","targetHints":{"allow":["GET"]}}],"collection":[{"href":"http:\/\/merely-labeled.com\/index.php?rest_route=\/wp\/v2\/pages"}],"about":[{"href":"http:\/\/merely-labeled.com\/index.php?rest_route=\/wp\/v2\/types\/page"}],"author":[{"embeddable":true,"href":"http:\/\/merely-labeled.com\/index.php?rest_route=\/wp\/v2\/users\/1"}],"replies":[{"embeddable":true,"href":"http:\/\/merely-labeled.com\/index.php?rest_route=%2Fwp%2Fv2%2Fcomments&post=790"}],"version-history":[{"count":10,"href":"http:\/\/merely-labeled.com\/index.php?rest_route=\/wp\/v2\/pages\/790\/revisions"}],"predecessor-version":[{"id":1073,"href":"http:\/\/merely-labeled.com\/index.php?rest_route=\/wp\/v2\/pages\/790\/revisions\/1073"}],"wp:attachment":[{"href":"http:\/\/merely-labeled.com\/index.php?rest_route=%2Fwp%2Fv2%2Fmedia&parent=790"}],"curies":[{"name":"wp","href":"https:\/\/api.w.org\/{rel}","templated":true}]}}