{"id":755,"date":"2024-08-18T11:11:58","date_gmt":"2024-08-18T09:11:58","guid":{"rendered":"http:\/\/merely-labeled.com\/?page_id=755"},"modified":"2025-06-29T21:03:30","modified_gmt":"2025-06-29T19:03:30","slug":"gefuellte-paprikaschoten-mit-tomatensauce-thermomix-tm-6","status":"publish","type":"page","link":"http:\/\/merely-labeled.com\/?page_id=755","title":{"rendered":"Gef\u00fcllte Paprikaschoten mit Tomatensauce (Thermomix TM 6)"},"content":{"rendered":"\t\t<div data-elementor-type=\"wp-page\" data-elementor-id=\"755\" class=\"elementor elementor-755\" data-elementor-post-type=\"page\">\n\t\t\t\t<div class=\"elementor-element elementor-element-3ff0d54a e-con-full e-flex e-con e-parent\" data-id=\"3ff0d54a\" data-element_type=\"container\" data-e-type=\"container\" data-settings=\"{&quot;background_background&quot;:&quot;gradient&quot;}\">\n\t\t\t\t<div class=\"elementor-element elementor-element-60259d1f elementor-widget elementor-widget-heading\" data-id=\"60259d1f\" data-element_type=\"widget\" data-e-type=\"widget\" data-widget_type=\"heading.default\">\n\t\t\t\t<div class=\"elementor-widget-container\">\n\t\t\t\t\t<h2 class=\"elementor-heading-title elementor-size-default\">Gef\u00fcllte Paprikaschoten mit Tomatensauce (Thermomix TM 6)<\/h2>\t\t\t\t<\/div>\n\t\t\t\t<\/div>\n\t\t\t\t<div class=\"elementor-element elementor-element-9f321c1 elementor-widget__width-inherit elementor-widget-divider--view-line elementor-invisible elementor-widget elementor-widget-divider\" data-id=\"9f321c1\" data-element_type=\"widget\" data-e-type=\"widget\" data-settings=\"{&quot;_animation&quot;:&quot;fadeInLeft&quot;}\" data-widget_type=\"divider.default\">\n\t\t\t\t<div class=\"elementor-widget-container\">\n\t\t\t\t\t\t\t<div class=\"elementor-divider\">\n\t\t\t<span class=\"elementor-divider-separator\">\n\t\t\t\t\t\t<\/span>\n\t\t<\/div>\n\t\t\t\t\t\t<\/div>\n\t\t\t\t<\/div>\n\t\t\t\t<div class=\"elementor-element elementor-element-3328ad7c elementor-widget elementor-widget-text-editor\" data-id=\"3328ad7c\" data-element_type=\"widget\" data-e-type=\"widget\" data-widget_type=\"text-editor.default\">\n\t\t\t\t<div class=\"elementor-widget-container\">\n\t\t\t\t\t\t\t\t\t<p><strong>Portionen:<\/strong> F\u00fcr 4-6 Personen<\/p><h3>Zutaten<\/h3><h4>F\u00fcr die F\u00fcllung und Paprikaschoten<\/h4><ul><li>200 g Gouda<\/li><li>1 Zwiebel (halbiert)<\/li><li>3 Knoblauchzehen<\/li><li>20 g Oliven\u00f6l<\/li><li>1 Dose Tomaten<\/li><li>1 Handvoll Kr\u00e4uter (Oregano, Thymian, Liebst\u00f6ckl, Petersilie, etc.)<\/li><li>300 g Quinoa<\/li><li>1 TL Salz<\/li><li>0.25 TL Pfeffer<\/li><li>1 Messerspitze Asaf\u00f6tida<\/li><li>1\/4 TL Zimtpulver<\/li><li>1 1\/2 EL Zucker<\/li><li>2 EL Tomatenmark<\/li><li>1 TL Paprika edels\u00fc\u00df<\/li><li>0.5 TL Zimt<\/li><li>1 EL Suppengew\u00fcrz<\/li><li>300 g Wasser<\/li><li>6 Paprikaschoten (halbiert und entkernt)<\/li><\/ul><h4>F\u00fcr die Tomatensauce (doppelte Menge)<\/h4><ul><li>2 Zwiebeln (halbiert)<\/li><li>2 Messerspitzen Asaf\u00f6tida<\/li><li>2 EL Zucker<\/li><li>4 EL Tomatenmark<\/li><li>4 Dosen Tomaten<\/li><li>2-4 EL Nussmus<\/li><li>2 TL Salz<\/li><li>1 TL Pfeffer<\/li><li>2 Handvoll Kr\u00e4uter (Oregano, Thymian, Liebst\u00f6ckl, Petersilie, etc.) \u2013 gehackt<\/li><\/ul><h3>Zubereitung<\/h3><h4>F\u00fcllung und Paprikaschoten<\/h4><ol><li><strong>200 g Gouda<\/strong> in den Mixtopf geben und <strong>4 Sek.\/Stufe 6<\/strong> zerkleinern. Umf\u00fcllen und beiseitestellen.<\/li><li><strong>1 Zwiebel<\/strong> (halbiert) und <strong>3 Knoblauchzehen<\/strong> in den Mixtopf geben, <strong>3 Sek.\/Stufe 5<\/strong> zerkleinern und mit dem Spatel nach unten schieben.<\/li><li><strong>20 g Oliven\u00f6l<\/strong> zugeben und <strong>7 Min.\/120\u00b0C\/Linkslauf\/Stufe 1<\/strong> d\u00fcnsten.<\/li><li><strong>1 Handvoll Kr\u00e4uter<\/strong> (Oregano, Thymian, Liebst\u00f6ckl, Petersilie, etc.) zugeben und <strong>5 Sek.\/Stufe 5<\/strong> zerkleinern.<\/li><li><strong>300 g Quinoa<\/strong>, <strong>1 Dose Tomaten<\/strong>, <strong>1 TL Salz<\/strong>, <strong>0.25 TL Pfeffer<\/strong>, <strong>1 Messerspitze Asaf\u00f6tida<\/strong>, <strong>1\/4 TL Zimtpulver<\/strong>, <strong>1 1\/2 EL Zucker<\/strong>, <strong>2 EL Tomatenmark<\/strong>, <strong>1 EL Suppengew\u00fcrz<\/strong> und <strong>300 g Wasser<\/strong> zugeben und <strong>45 Min.\/100\u00b0C\/Linkslauf\/Stufe R\u00fchren<\/strong> kochen. W\u00e4hrenddessen <strong>6 Paprikaschoten<\/strong> halbieren und entkernen. Backofen auf <strong>180\u00b0C<\/strong> vorheizen.<\/li><li>Die Quinoa-Masse in die halbierten Paprikaschoten f\u00fcllen und den zerkleinerten Gouda dar\u00fcber verteilen.<\/li><li>Die gef\u00fcllten Paprikaschoten bei <strong>180\u00b0C Umluft<\/strong> ca. <strong>30 Min.<\/strong> backen.<\/li><\/ol><h4>Tomatensauce<\/h4><ol><li><strong>2 Zwiebeln<\/strong> (halbiert) in den Mixtopf geben, <strong>3 Sek.\/Stufe 5<\/strong> zerkleinern und mit dem Spatel nach unten schieben.<\/li><li><strong>2 Messerspitzen Asaf\u00f6tida<\/strong>, <strong>2 EL Zucker<\/strong>, <strong>4 EL Tomatenmark<\/strong>, <strong>4 Dosen Tomaten<\/strong>, <strong>2-4 EL Nussmus<\/strong>, <strong>2 TL Salz<\/strong>und <strong>1 TL Pfeffer<\/strong> in den Mixtopf geben und <strong>20 Min.\/100\u00b0C\/Stufe 1<\/strong> kochen.<\/li><li><strong>2 Handvoll Kr\u00e4uter<\/strong> (Oregano, Thymian, Liebst\u00f6ckl, Petersilie, etc.) zugeben und <strong>45 Sek.\/Stufe 10<\/strong> p\u00fcrieren<\/li><\/ol>\t\t\t\t\t\t\t\t<\/div>\n\t\t\t\t<\/div>\n\t\t\t\t<\/div>\n\t\t\t\t<\/div>\n\t\t","protected":false},"excerpt":{"rendered":"<p>Gef\u00fcllte Paprikaschoten mit Tomatensauce (Thermomix TM 6) Portionen: F\u00fcr 4-6 Personen Zutaten F\u00fcr die F\u00fcllung und Paprikaschoten 200 g Gouda 1 Zwiebel (halbiert) 3 Knoblauchzehen 20 g Oliven\u00f6l 1 Dose Tomaten 1 Handvoll Kr\u00e4uter (Oregano, Thymian, Liebst\u00f6ckl, Petersilie, etc.) 300 g Quinoa 1 TL Salz 0.25 TL Pfeffer 1 Messerspitze Asaf\u00f6tida 1\/4 TL Zimtpulver 1 [&hellip;]<\/p>\n","protected":false},"author":1,"featured_media":0,"parent":0,"menu_order":0,"comment_status":"closed","ping_status":"closed","template":"elementor_header_footer","meta":{"footnotes":""},"class_list":["post-755","page","type-page","status-publish","hentry"],"_links":{"self":[{"href":"http:\/\/merely-labeled.com\/index.php?rest_route=\/wp\/v2\/pages\/755","targetHints":{"allow":["GET"]}}],"collection":[{"href":"http:\/\/merely-labeled.com\/index.php?rest_route=\/wp\/v2\/pages"}],"about":[{"href":"http:\/\/merely-labeled.com\/index.php?rest_route=\/wp\/v2\/types\/page"}],"author":[{"embeddable":true,"href":"http:\/\/merely-labeled.com\/index.php?rest_route=\/wp\/v2\/users\/1"}],"replies":[{"embeddable":true,"href":"http:\/\/merely-labeled.com\/index.php?rest_route=%2Fwp%2Fv2%2Fcomments&post=755"}],"version-history":[{"count":10,"href":"http:\/\/merely-labeled.com\/index.php?rest_route=\/wp\/v2\/pages\/755\/revisions"}],"predecessor-version":[{"id":1784,"href":"http:\/\/merely-labeled.com\/index.php?rest_route=\/wp\/v2\/pages\/755\/revisions\/1784"}],"wp:attachment":[{"href":"http:\/\/merely-labeled.com\/index.php?rest_route=%2Fwp%2Fv2%2Fmedia&parent=755"}],"curies":[{"name":"wp","href":"https:\/\/api.w.org\/{rel}","templated":true}]}}