{"id":713,"date":"2024-08-18T10:53:57","date_gmt":"2024-08-18T08:53:57","guid":{"rendered":"http:\/\/merely-labeled.com\/?page_id=713"},"modified":"2024-08-18T18:25:44","modified_gmt":"2024-08-18T16:25:44","slug":"fleischbaellchen-auf-schwedische-art-koettbullar-mit-erdaepfelpueree-thermomix-tm-6","status":"publish","type":"page","link":"http:\/\/merely-labeled.com\/?page_id=713","title":{"rendered":"Fleischb\u00e4llchen auf schwedische Art (K\u00f6ttbullar) mit Erd\u00e4pfelp\u00fcree (Thermomix TM 6)"},"content":{"rendered":"\t\t<div data-elementor-type=\"wp-page\" data-elementor-id=\"713\" class=\"elementor elementor-713\" data-elementor-post-type=\"page\">\n\t\t\t\t<div class=\"elementor-element elementor-element-477ecbe4 e-con-full e-flex e-con e-parent\" data-id=\"477ecbe4\" data-element_type=\"container\" data-e-type=\"container\" data-settings=\"{&quot;background_background&quot;:&quot;gradient&quot;}\">\n\t\t\t\t<div class=\"elementor-element elementor-element-45550eb1 elementor-widget elementor-widget-heading\" data-id=\"45550eb1\" data-element_type=\"widget\" data-e-type=\"widget\" data-widget_type=\"heading.default\">\n\t\t\t\t<div class=\"elementor-widget-container\">\n\t\t\t\t\t<h2 class=\"elementor-heading-title elementor-size-default\">Fleischb\u00e4llchen auf schwedische Art (K\u00f6ttbullar) mit Erd\u00e4pfelp\u00fcree (Thermomix TM 6)<\/h2>\t\t\t\t<\/div>\n\t\t\t\t<\/div>\n\t\t\t\t<div class=\"elementor-element elementor-element-f24aab1 elementor-widget__width-inherit elementor-widget-divider--view-line elementor-invisible elementor-widget elementor-widget-divider\" data-id=\"f24aab1\" data-element_type=\"widget\" data-e-type=\"widget\" data-settings=\"{&quot;_animation&quot;:&quot;fadeInLeft&quot;}\" data-widget_type=\"divider.default\">\n\t\t\t\t<div class=\"elementor-widget-container\">\n\t\t\t\t\t\t\t<div class=\"elementor-divider\">\n\t\t\t<span class=\"elementor-divider-separator\">\n\t\t\t\t\t\t<\/span>\n\t\t<\/div>\n\t\t\t\t\t\t<\/div>\n\t\t\t\t<\/div>\n\t\t\t\t<div class=\"elementor-element elementor-element-def7ae7 elementor-widget elementor-widget-text-editor\" data-id=\"def7ae7\" data-element_type=\"widget\" data-e-type=\"widget\" data-widget_type=\"text-editor.default\">\n\t\t\t\t<div class=\"elementor-widget-container\">\n\t\t\t\t\t\t\t\t\t<p><strong>Portionen:<\/strong> F\u00fcr 4-6 Personen<\/p><h3>Zutaten<\/h3><h4>F\u00fcr die Fleischb\u00e4llchen<\/h4><ul><li><strong>3 St\u00e4ngel<\/strong> Petersilie (Bl\u00e4ttchen abgezupft)<\/li><li><strong>500 g<\/strong> Faschiertes (vom Rind)<\/li><li><strong>50 g<\/strong> Semmelbr\u00f6sel (etwas mehr zum W\u00e4lzen)<\/li><li><strong>1 Ei<\/strong> (Gr\u00f6\u00dfe M)<\/li><li><strong>1 Messerspitze<\/strong> Asaf\u00f6tida<\/li><li><strong>0.5 TL<\/strong> Salz<\/li><li><strong>2 \u2013 3 Prisen<\/strong> Muskatnuss (gemahlen)<\/li><li><strong>1 Prise<\/strong> Piment (gemahlen)<\/li><li><strong>1 Prise<\/strong> Pfeffer (frisch gemahlen)<\/li><\/ul><h4>F\u00fcr die Sauce<\/h4><ul><li><strong>400 g<\/strong> Wasser<\/li><li><strong>40 g<\/strong> Butter<\/li><li><strong>2 TL<\/strong> Gew\u00fcrzpaste f\u00fcr Gem\u00fcsebr\u00fche (selbst gemacht)<\/li><li><strong>20 g<\/strong> Worcestersauce<\/li><li><strong>2 TL<\/strong> Dijonsenf<\/li><li><strong>200 g<\/strong> Schlagobers<\/li><li><strong>60 g<\/strong> Weizenmehl (glatt)<\/li><li><strong>2 \u2013 3 EL<\/strong> Butterschmalz<\/li><\/ul><h4>F\u00fcr das Erd\u00e4pfelp\u00fcree<\/h4><ul><li><strong>1000 g<\/strong> Erd\u00e4pfel (mehlig)<\/li><li><strong>1 TL<\/strong> Salz<\/li><li><strong>300 g<\/strong> Mandel- oder Hafermilch<\/li><li><strong>20 g<\/strong> Butter<\/li><li><strong>1-2 Prisen<\/strong> Muskatnuss<\/li><\/ul><h3>Zubereitung<\/h3><ol><li><strong>1000 g Erd\u00e4pfel<\/strong> (mehlig) in Wasser kochen. W\u00e4hrenddessen mit dem Rezept im Thermomix fortfahren.<\/li><\/ol><h4>Fleischb\u00e4llchen<\/h4><ol><li><strong>3 St\u00e4ngel Petersilie<\/strong> (Bl\u00e4ttchen abgezupft) in den Mixtopf geben, <strong>5 Sek.\/Stufe 5<\/strong> zerkleinern und mit dem Spatel nach unten schieben.<\/li><li><strong>500 g Faschiertes<\/strong>, <strong>50 g Semmelbr\u00f6sel<\/strong>, <strong>1 Ei<\/strong>, <strong>1 Messerspitze Asaf\u00f6tida<\/strong>, <strong>0.5 TL Salz<\/strong>, <strong>2 \u2013 3 Prisen Muskatnuss<\/strong>, <strong>1 Prise Piment<\/strong> und <strong>1 Prise Pfeffer<\/strong> in den Mixtopf geben und <strong>30 Sek.\/Linkslauf\/Stufe 3<\/strong> mischen. In eine Sch\u00fcssel umf\u00fcllen und Mixtopf wieder einsetzen.<\/li><li>Aus dem Fleischteig 20 kleine Fleischb\u00e4llchen zu je 35 g (\u00d8 3-4 cm) formen, in Semmelbr\u00f6seln w\u00e4lzen und im Varoma-Beh\u00e4lter und Einlegeboden verteilen. Varoma-Einlegeboden in den Varoma-Beh\u00e4lter einsetzen und verschlie\u00dfen.<\/li><\/ol><h4>Sauce<\/h4><ol><li><strong>400 g Wasser<\/strong>, <strong>20 g Butter<\/strong>, <strong>2 TL Gew\u00fcrzpaste f\u00fcr Gem\u00fcsebr\u00fche<\/strong>, <strong>20 g Worcestersauce<\/strong> und <strong>2 TL Dijonsenf<\/strong> in den Mixtopf geben. Mixtopf aus dem Thermomix herausnehmen und in den Thermomix Friend einsetzen. Varoma aufsetzen und <strong>20 Min.\/Varoma\/Stufe 1<\/strong> garen.<\/li><li>Varoma absetzen, \u00f6ffnen und etwas ausdampfen lassen. <strong>200 g Schlagobers<\/strong> und <strong>60 g Weizenmehl<\/strong> einwiegen. Messbecher einsetzen und die Sauce <strong>5 Min.\/Varoma\/Stufe 1<\/strong> aufkochen.<\/li><li>In dieser Zeit <strong>2-3 EL Butterschmalz<\/strong> in eine Bratpfanne geben und erhitzen. Die Fleischb\u00e4llchen bei mittlerer Hitze von allen Seiten braten. Wenn der Thermomix klingelt, Sauce \u00fcber die Fleischb\u00e4llchen in die Pfanne geben, auf dem Herd nochmals aufkochen und dann bei niedriger Temperatur ziehen lassen.<\/li><\/ol><h4>Erd\u00e4pfelp\u00fcree<\/h4><ol><li>Die gekochten <strong>Erd\u00e4pfel<\/strong> stampfen, <strong>1 TL Salz<\/strong>, <strong>300 g Mandel- oder Hafermilch<\/strong>, <strong>20 g Butter<\/strong> und <strong>1-2 Prisen Muskatnuss<\/strong> untermischen und vermischen.<\/li><\/ol><h3>Notwendiges Zubeh\u00f6r<\/h3><ul><li>Thermomix TM 6<\/li><li>Thermomix Friend (optional)<\/li><li>Varoma-Beh\u00e4lter und Einlegeboden<\/li><li>Sch\u00fcssel<\/li><li>Bratpfanne<\/li><\/ul><h3>Tipps &amp; Tricks<\/h3><ul><li>Die Fleischb\u00e4llchen k\u00f6nnen nach dem Braten auch direkt in der Sauce serviert werden, um den Geschmack noch intensiver zu machen.<\/li><li>Das Erd\u00e4pfelp\u00fcree kann nach Belieben mit weiteren Gew\u00fcrzen oder frischen Kr\u00e4utern verfeinert werden.<\/li><\/ul>\t\t\t\t\t\t\t\t<\/div>\n\t\t\t\t<\/div>\n\t\t\t\t<\/div>\n\t\t\t\t<\/div>\n\t\t","protected":false},"excerpt":{"rendered":"<p>Fleischb\u00e4llchen auf schwedische Art (K\u00f6ttbullar) mit Erd\u00e4pfelp\u00fcree (Thermomix TM 6) Portionen: F\u00fcr 4-6 Personen Zutaten F\u00fcr die Fleischb\u00e4llchen 3 St\u00e4ngel Petersilie (Bl\u00e4ttchen abgezupft) 500 g Faschiertes (vom Rind) 50 g Semmelbr\u00f6sel (etwas mehr zum W\u00e4lzen) 1 Ei (Gr\u00f6\u00dfe M) 1 Messerspitze Asaf\u00f6tida 0.5 TL Salz 2 \u2013 3 Prisen Muskatnuss (gemahlen) 1 Prise Piment (gemahlen) [&hellip;]<\/p>\n","protected":false},"author":1,"featured_media":0,"parent":0,"menu_order":0,"comment_status":"closed","ping_status":"closed","template":"elementor_header_footer","meta":{"footnotes":""},"class_list":["post-713","page","type-page","status-publish","hentry"],"_links":{"self":[{"href":"http:\/\/merely-labeled.com\/index.php?rest_route=\/wp\/v2\/pages\/713","targetHints":{"allow":["GET"]}}],"collection":[{"href":"http:\/\/merely-labeled.com\/index.php?rest_route=\/wp\/v2\/pages"}],"about":[{"href":"http:\/\/merely-labeled.com\/index.php?rest_route=\/wp\/v2\/types\/page"}],"author":[{"embeddable":true,"href":"http:\/\/merely-labeled.com\/index.php?rest_route=\/wp\/v2\/users\/1"}],"replies":[{"embeddable":true,"href":"http:\/\/merely-labeled.com\/index.php?rest_route=%2Fwp%2Fv2%2Fcomments&post=713"}],"version-history":[{"count":7,"href":"http:\/\/merely-labeled.com\/index.php?rest_route=\/wp\/v2\/pages\/713\/revisions"}],"predecessor-version":[{"id":1014,"href":"http:\/\/merely-labeled.com\/index.php?rest_route=\/wp\/v2\/pages\/713\/revisions\/1014"}],"wp:attachment":[{"href":"http:\/\/merely-labeled.com\/index.php?rest_route=%2Fwp%2Fv2%2Fmedia&parent=713"}],"curies":[{"name":"wp","href":"https:\/\/api.w.org\/{rel}","templated":true}]}}