{"id":708,"date":"2024-08-18T10:45:18","date_gmt":"2024-08-18T08:45:18","guid":{"rendered":"http:\/\/merely-labeled.com\/?page_id=708"},"modified":"2024-08-18T19:56:06","modified_gmt":"2024-08-18T17:56:06","slug":"lasagne-thermomix-tm-6","status":"publish","type":"page","link":"http:\/\/merely-labeled.com\/?page_id=708","title":{"rendered":"Lasagne (Thermomix TM 6)"},"content":{"rendered":"\t\t<div data-elementor-type=\"wp-page\" data-elementor-id=\"708\" class=\"elementor elementor-708\" data-elementor-post-type=\"page\">\n\t\t\t\t<div class=\"elementor-element elementor-element-6fe5eb68 e-con-full e-flex e-con e-parent\" data-id=\"6fe5eb68\" data-element_type=\"container\" data-e-type=\"container\" data-settings=\"{&quot;background_background&quot;:&quot;gradient&quot;}\">\n\t\t\t\t<div class=\"elementor-element elementor-element-d60b394 elementor-widget elementor-widget-heading\" data-id=\"d60b394\" data-element_type=\"widget\" data-e-type=\"widget\" data-widget_type=\"heading.default\">\n\t\t\t\t<div class=\"elementor-widget-container\">\n\t\t\t\t\t<h2 class=\"elementor-heading-title elementor-size-default\">Lasagne (Thermomix TM 6)<\/h2>\t\t\t\t<\/div>\n\t\t\t\t<\/div>\n\t\t\t\t<div class=\"elementor-element elementor-element-43303f0a elementor-widget__width-inherit elementor-widget-divider--view-line elementor-invisible elementor-widget elementor-widget-divider\" data-id=\"43303f0a\" data-element_type=\"widget\" data-e-type=\"widget\" data-settings=\"{&quot;_animation&quot;:&quot;fadeInLeft&quot;}\" data-widget_type=\"divider.default\">\n\t\t\t\t<div class=\"elementor-widget-container\">\n\t\t\t\t\t\t\t<div class=\"elementor-divider\">\n\t\t\t<span class=\"elementor-divider-separator\">\n\t\t\t\t\t\t<\/span>\n\t\t<\/div>\n\t\t\t\t\t\t<\/div>\n\t\t\t\t<\/div>\n\t\t\t\t<div class=\"elementor-element elementor-element-6f1e7a99 elementor-widget elementor-widget-text-editor\" data-id=\"6f1e7a99\" data-element_type=\"widget\" data-e-type=\"widget\" data-widget_type=\"text-editor.default\">\n\t\t\t\t<div class=\"elementor-widget-container\">\n\t\t\t\t\t\t\t\t\t<p><strong>Portionen:<\/strong> F\u00fcr 4-6 Personen<\/p><h3>Zutaten<\/h3><h4>F\u00fcr den K\u00e4se<\/h4><ul><li><strong>200 g<\/strong> Emmentaler (in St\u00fccken)<\/li><\/ul><h4>F\u00fcr die Bolognese-Sauce<\/h4><ul><li><strong>200 g<\/strong> Karotten (in St\u00fccken)<\/li><li><strong>200 g<\/strong> Knollensellerie (in St\u00fccken)<\/li><li><strong>50 g<\/strong> Oliven\u00f6l<\/li><li><strong>500 g<\/strong> Hackfleisch (gemischt, grob zerzupft)<\/li><li><strong>1 Messerspitze<\/strong> Asaf\u00f6tida<\/li><li><strong>150 g<\/strong> Rotwein<\/li><li><strong>1 Dose<\/strong> st\u00fcckige Tomaten (400 g)<\/li><li><strong>100 g<\/strong> Tomatenmark<\/li><li><strong>2 TL<\/strong> Salz<\/li><li><strong>1.25 TL<\/strong> schwarzer Pfeffer (gemahlen)<\/li><li><strong>0.5 TL<\/strong> Rosmarin<\/li><li><strong>1 TL<\/strong> Oregano (getrocknet)<\/li><li><strong>2<\/strong> Lorbeerbl\u00e4tter<\/li><\/ul><h4>F\u00fcr die B\u00e9chamelsauce<\/h4><ul><li><strong>150 g<\/strong> Mehl<\/li><li><strong>50 g<\/strong> Oliven\u00f6l<\/li><li><strong>1 l<\/strong> Wasser<\/li><li><strong>50 g<\/strong> Emmentaler (in St\u00fccken)<\/li><li><strong>2 TL<\/strong> Suppengew\u00fcrz<\/li><li><strong>3 EL<\/strong> Cashewmus<\/li><li><strong>2 TL<\/strong> Salz<\/li><li><strong>1.25 TL<\/strong> schwarzer Pfeffer (gemahlen)<\/li><li><strong>1 Messerspitze<\/strong> Asaf\u00f6tida<\/li><li><strong>2 Prisen<\/strong> Muskat<\/li><\/ul><h4>F\u00fcr die Lasagne<\/h4><ul><li><strong>250 g<\/strong> Lasagneplatten (trocken, ca. 12 Platten, 10 x 20 cm)<\/li><\/ul><h3>Zubereitung<\/h3><h4>K\u00e4se zerkleinern<\/h4><ol><li><strong>200 g Emmentaler<\/strong> (in St\u00fccken) in den Mixtopf geben, <strong>10 Sek.\/Stufe 10<\/strong> zerkleinern, umf\u00fcllen und Mixtopf sp\u00fclen.<\/li><\/ol><h4>Bolognese-Sauce<\/h4><ol start=\"2\"><li><strong>200 g Karotten<\/strong> (in St\u00fccken) und <strong>200 g Knollensellerie<\/strong> (in St\u00fccken) in den Mixtopf geben, <strong>6 Sek.\/Stufe 5<\/strong>zerkleinern.<\/li><li><strong>50 g Oliven\u00f6l<\/strong> in den Mixtopf geben und <strong>5 Min.\/120\u00b0C\/Stufe 2<\/strong> d\u00fcnsten.<\/li><li><strong>500 g Hackfleisch<\/strong> (gemischt, grob zerzupft) zugeben, anstelle des Messbechers den Gareinsatz als Spritzschutz auf den Mixtopfdeckel stellen und <strong>10 Min.\/120\u00b0C\/Linkslauf\/Stufe 1<\/strong> d\u00fcnsten.<\/li><li><strong>1 Messerspitze Asaf\u00f6tida<\/strong>, <strong>150 g Rotwein<\/strong>, <strong>1 Dose st\u00fcckige Tomaten<\/strong> (400 g), <strong>100 g Tomatenmark<\/strong>, <strong>2 TL Salz<\/strong>, <strong>1.25 TL schwarzer Pfeffer<\/strong>, <strong>0.5 TL Rosmarin<\/strong>, <strong>1 TL Oregano<\/strong> und <strong>2 Lorbeerbl\u00e4tter<\/strong> zugeben, mit dem Spatel einmal vermischen, anstelle des Messbechers den Gareinsatz als Spritzschutz auf den Mixtopfdeckel stellen und <strong>15 Min.\/100\u00b0C\/Linkslauf\/Stufe R\u00fchren<\/strong> garen.<\/li><li>Mit dem Spatel noch einmal durchr\u00fchren, abschmecken, umf\u00fcllen und die Lorbeerbl\u00e4tter entfernen. Mixtopf sp\u00fclen.<\/li><\/ol><h4>B\u00e9chamelsauce<\/h4><ol start=\"7\"><li><strong>150 g Mehl<\/strong> und <strong>50 g Oliven\u00f6l<\/strong> in den Mixtopf geben und <strong>5 Min.\/120\u00b0C\/Stufe 2.5<\/strong> anschwitzen.<\/li><li><strong>1 l Wasser<\/strong>, <strong>50 g Emmentaler<\/strong> (in St\u00fccken), <strong>2 TL Suppengew\u00fcrz<\/strong>, <strong>3 EL Cashewmus<\/strong>, <strong>2 TL Salz<\/strong>, <strong>1.25 TL schwarzer Pfeffer<\/strong>, <strong>1 Messerspitze Asaf\u00f6tida<\/strong> und <strong>2 Prisen Muskat<\/strong> in den Mixtopf geben und <strong>10 Min.\/100\u00b0C\/Stufe 4<\/strong> erhitzen. In dieser Zeit den Backofen auf <strong>200\u00b0C<\/strong> vorheizen.<\/li><\/ol><h4>Lasagne schichten<\/h4><ol start=\"9\"><li>Zuerst eine d\u00fcnne Lage Bolognese-Sauce in die Auflaufform geben.<\/li><li>Eine Lage Lasagneplatten in die Auflaufform legen und abwechselnd Bolognese-Sauce, Lasagneplatten und B\u00e9chamelsauce schichten. Die letzte Lage sollte B\u00e9chamelsauce sein.<\/li><li>Zum Abschluss den zerkleinerten Emmentaler dar\u00fcberstreuen.<\/li><\/ol><h4>Backen<\/h4><ol start=\"12\"><li>Lasagne <strong>30-35 Minuten bei 200\u00b0C<\/strong> backen, aus dem Backofen nehmen, <strong>5 Minuten<\/strong> ruhen lassen, in St\u00fccke schneiden und hei\u00df servieren.<\/li><\/ol>\t\t\t\t\t\t\t\t<\/div>\n\t\t\t\t<\/div>\n\t\t\t\t<\/div>\n\t\t\t\t<\/div>\n\t\t","protected":false},"excerpt":{"rendered":"<p>Lasagne (Thermomix TM 6) Portionen: F\u00fcr 4-6 Personen Zutaten F\u00fcr den K\u00e4se 200 g Emmentaler (in St\u00fccken) F\u00fcr die Bolognese-Sauce 200 g Karotten (in St\u00fccken) 200 g Knollensellerie (in St\u00fccken) 50 g Oliven\u00f6l 500 g Hackfleisch (gemischt, grob zerzupft) 1 Messerspitze Asaf\u00f6tida 150 g Rotwein 1 Dose st\u00fcckige Tomaten (400 g) 100 g Tomatenmark 2 [&hellip;]<\/p>\n","protected":false},"author":1,"featured_media":0,"parent":0,"menu_order":0,"comment_status":"closed","ping_status":"closed","template":"elementor_header_footer","meta":{"footnotes":""},"class_list":["post-708","page","type-page","status-publish","hentry"],"_links":{"self":[{"href":"http:\/\/merely-labeled.com\/index.php?rest_route=\/wp\/v2\/pages\/708","targetHints":{"allow":["GET"]}}],"collection":[{"href":"http:\/\/merely-labeled.com\/index.php?rest_route=\/wp\/v2\/pages"}],"about":[{"href":"http:\/\/merely-labeled.com\/index.php?rest_route=\/wp\/v2\/types\/page"}],"author":[{"embeddable":true,"href":"http:\/\/merely-labeled.com\/index.php?rest_route=\/wp\/v2\/users\/1"}],"replies":[{"embeddable":true,"href":"http:\/\/merely-labeled.com\/index.php?rest_route=%2Fwp%2Fv2%2Fcomments&post=708"}],"version-history":[{"count":10,"href":"http:\/\/merely-labeled.com\/index.php?rest_route=\/wp\/v2\/pages\/708\/revisions"}],"predecessor-version":[{"id":1060,"href":"http:\/\/merely-labeled.com\/index.php?rest_route=\/wp\/v2\/pages\/708\/revisions\/1060"}],"wp:attachment":[{"href":"http:\/\/merely-labeled.com\/index.php?rest_route=%2Fwp%2Fv2%2Fmedia&parent=708"}],"curies":[{"name":"wp","href":"https:\/\/api.w.org\/{rel}","templated":true}]}}