{"id":689,"date":"2024-08-18T10:35:29","date_gmt":"2024-08-18T08:35:29","guid":{"rendered":"http:\/\/merely-labeled.com\/?page_id=689"},"modified":"2024-08-18T20:01:09","modified_gmt":"2024-08-18T18:01:09","slug":"thukpa-thermomix-tm-6","status":"publish","type":"page","link":"http:\/\/merely-labeled.com\/?page_id=689","title":{"rendered":"Thukpa (Thermomix TM 6)"},"content":{"rendered":"\t\t<div data-elementor-type=\"wp-page\" data-elementor-id=\"689\" class=\"elementor elementor-689\" data-elementor-post-type=\"page\">\n\t\t\t\t<div class=\"elementor-element elementor-element-4c2ef33c e-con-full e-flex e-con e-parent\" data-id=\"4c2ef33c\" data-element_type=\"container\" data-e-type=\"container\" data-settings=\"{&quot;background_background&quot;:&quot;gradient&quot;}\">\n\t\t\t\t<div class=\"elementor-element elementor-element-2abba8cf elementor-widget elementor-widget-heading\" data-id=\"2abba8cf\" data-element_type=\"widget\" data-e-type=\"widget\" data-widget_type=\"heading.default\">\n\t\t\t\t<div class=\"elementor-widget-container\">\n\t\t\t\t\t<h2 class=\"elementor-heading-title elementor-size-default\">Thukpa (Thermomix TM 6)<\/h2>\t\t\t\t<\/div>\n\t\t\t\t<\/div>\n\t\t\t\t<div class=\"elementor-element elementor-element-7b615d9a elementor-widget__width-inherit elementor-widget-divider--view-line elementor-invisible elementor-widget elementor-widget-divider\" data-id=\"7b615d9a\" data-element_type=\"widget\" data-e-type=\"widget\" data-settings=\"{&quot;_animation&quot;:&quot;fadeInLeft&quot;}\" data-widget_type=\"divider.default\">\n\t\t\t\t<div class=\"elementor-widget-container\">\n\t\t\t\t\t\t\t<div class=\"elementor-divider\">\n\t\t\t<span class=\"elementor-divider-separator\">\n\t\t\t\t\t\t<\/span>\n\t\t<\/div>\n\t\t\t\t\t\t<\/div>\n\t\t\t\t<\/div>\n\t\t\t\t<div class=\"elementor-element elementor-element-42f6f56 elementor-widget elementor-widget-text-editor\" data-id=\"42f6f56\" data-element_type=\"widget\" data-e-type=\"widget\" data-widget_type=\"text-editor.default\">\n\t\t\t\t<div class=\"elementor-widget-container\">\n\t\t\t\t\t\t\t\t\t<p><strong>Portionen:<\/strong> F\u00fcr 4 Personen<\/p><h3>Zutaten<\/h3><ul><li><strong>1 1\/2 EL<\/strong> Ingwer (in Scheiben)<\/li><li><strong>1 1\/2 EL<\/strong> Knoblauch<\/li><li><strong>1<\/strong> Zwiebel<\/li><li><strong>10 g<\/strong> \u00d6l<\/li><li><strong>1 TL<\/strong> Kurkuma<\/li><li><strong>1 TL<\/strong> Currypulver<\/li><li><strong>1\/2 TL<\/strong> Chilipulver<\/li><li><strong>1\/4 TL<\/strong> Kardamompulver<\/li><li><strong>1\/4 TL<\/strong> Kreuzk\u00fcmmelpulver<\/li><li><strong>1\/4 TL<\/strong> Zimtpulver<\/li><li><strong>1 Prise<\/strong> Muskatnuss<\/li><li><strong>150 g<\/strong> Spinat (TK)<\/li><li><strong>3<\/strong> Kartoffeln (w\u00fcrfelig geschnitten)<\/li><li><strong>1<\/strong> Tomate (w\u00fcrfelig geschnitten)<\/li><li><strong>700 ml<\/strong> Wasser<\/li><li><strong>100 g<\/strong> asiatische Nudeln (evtl. klein gebrochen)<\/li><li><strong>Sojasauce<\/strong> (nach Geschmack)<\/li><li><strong>1\/4 TL<\/strong> schwarzer Pfeffer<\/li><\/ul><h3>Zubereitung<\/h3><ol><li><strong>1 1\/2 EL Ingwer<\/strong> (in Scheiben), <strong>1 1\/2 EL Knoblauch<\/strong> und <strong>1 Zwiebel<\/strong> in den Mixtopf geben und <strong>5 Sek.\/Stufe 6<\/strong>zerkleinern.<\/li><li><strong>10 g \u00d6l<\/strong> zugeben und <strong>5 Min.\/120\u00b0C\/Stufe 1<\/strong> anbraten.<\/li><li><strong>1 TL Kurkuma<\/strong>, <strong>1 TL Currypulver<\/strong>, <strong>1\/2 TL Chilipulver<\/strong>, <strong>1\/4 TL Kardamompulver<\/strong>, <strong>1\/4 TL Kreuzk\u00fcmmelpulver<\/strong>, <strong>1\/4 TL Zimtpulver<\/strong> und <strong>1 Prise Muskatnuss<\/strong> zugeben und <strong>1 Min.\/120\u00b0C\/Stufe 1<\/strong> anbraten.<\/li><li><strong>150 g Spinat<\/strong> (TK), <strong>3 Kartoffeln<\/strong> (w\u00fcrfelig geschnitten), <strong>1 Tomate<\/strong> (w\u00fcrfelig geschnitten) und <strong>700 ml Wasser<\/strong>zugeben. <strong>15 Min.\/100\u00b0C\/Linkslauf\/Stufe R\u00fchren<\/strong> kochen.<\/li><li><strong>100 g asiatische Nudeln<\/strong> (evtl. klein gebrochen), <strong>Sojasauce<\/strong> (nach Geschmack) und <strong>1\/4 TL schwarzer Pfeffer<\/strong>dazugeben. Die Nudeln kurze Zeit ziehen lassen, damit sie weich werden.<\/li><\/ol><h3>Tipps &amp; Tricks<\/h3><ul><li><strong>W\u00fcrze nach Geschmack:<\/strong> Wenn du es etwas sch\u00e4rfer magst, kannst du mehr Chilipulver oder frische Chilis hinzuf\u00fcgen. F\u00fcr eine mildere Variante einfach die Menge reduzieren.<\/li><li><strong>Variationen:<\/strong> Du kannst auch anderes Gem\u00fcse wie Karotten, Erbsen oder Paprika hinzuf\u00fcgen, um das Gericht nach deinem Geschmack zu variieren.<\/li><li><strong>Protein hinzuf\u00fcgen:<\/strong> Wenn du m\u00f6chtest, kannst du gekochtes H\u00fchnchen oder Tofu hinzuf\u00fcgen, um das Gericht proteinreicher zu machen.<\/li><li><strong>Nudeln getrennt kochen:<\/strong> Um sicherzustellen, dass die Nudeln nicht zu weich werden, kannst du sie separat in hei\u00dfem Wasser kochen und erst kurz vor dem Servieren in die Suppe geben.<\/li><li><strong>Frische Kr\u00e4uter:<\/strong> Ein paar frische Korianderbl\u00e4tter oder Fr\u00fchlingszwiebeln am Ende hinzuf\u00fcgen, um dem Gericht noch mehr Geschmack und Frische zu verleihen.<\/li><li><strong>Zitronensaft:<\/strong> Ein Spritzer frischer Zitronensaft vor dem Servieren hebt die Aromen und gibt der Suppe eine erfrischende Note.<\/li><\/ul>\t\t\t\t\t\t\t\t<\/div>\n\t\t\t\t<\/div>\n\t\t\t\t<\/div>\n\t\t\t\t<\/div>\n\t\t","protected":false},"excerpt":{"rendered":"<p>Thukpa (Thermomix TM 6) Portionen: F\u00fcr 4 Personen Zutaten 1 1\/2 EL Ingwer (in Scheiben) 1 1\/2 EL Knoblauch 1 Zwiebel 10 g \u00d6l 1 TL Kurkuma 1 TL Currypulver 1\/2 TL Chilipulver 1\/4 TL Kardamompulver 1\/4 TL Kreuzk\u00fcmmelpulver 1\/4 TL Zimtpulver 1 Prise Muskatnuss 150 g Spinat (TK) 3 Kartoffeln (w\u00fcrfelig geschnitten) 1 Tomate [&hellip;]<\/p>\n","protected":false},"author":1,"featured_media":0,"parent":0,"menu_order":0,"comment_status":"closed","ping_status":"closed","template":"elementor_header_footer","meta":{"footnotes":""},"class_list":["post-689","page","type-page","status-publish","hentry"],"_links":{"self":[{"href":"http:\/\/merely-labeled.com\/index.php?rest_route=\/wp\/v2\/pages\/689","targetHints":{"allow":["GET"]}}],"collection":[{"href":"http:\/\/merely-labeled.com\/index.php?rest_route=\/wp\/v2\/pages"}],"about":[{"href":"http:\/\/merely-labeled.com\/index.php?rest_route=\/wp\/v2\/types\/page"}],"author":[{"embeddable":true,"href":"http:\/\/merely-labeled.com\/index.php?rest_route=\/wp\/v2\/users\/1"}],"replies":[{"embeddable":true,"href":"http:\/\/merely-labeled.com\/index.php?rest_route=%2Fwp%2Fv2%2Fcomments&post=689"}],"version-history":[{"count":7,"href":"http:\/\/merely-labeled.com\/index.php?rest_route=\/wp\/v2\/pages\/689\/revisions"}],"predecessor-version":[{"id":1067,"href":"http:\/\/merely-labeled.com\/index.php?rest_route=\/wp\/v2\/pages\/689\/revisions\/1067"}],"wp:attachment":[{"href":"http:\/\/merely-labeled.com\/index.php?rest_route=%2Fwp%2Fv2%2Fmedia&parent=689"}],"curies":[{"name":"wp","href":"https:\/\/api.w.org\/{rel}","templated":true}]}}