{"id":671,"date":"2024-08-18T10:23:04","date_gmt":"2024-08-18T08:23:04","guid":{"rendered":"http:\/\/merely-labeled.com\/?page_id=671"},"modified":"2024-08-18T20:07:35","modified_gmt":"2024-08-18T18:07:35","slug":"pilz-kartoffel-suppe-thermomix-tm-6","status":"publish","type":"page","link":"http:\/\/merely-labeled.com\/?page_id=671","title":{"rendered":"Pilz-Kartoffel-Suppe (Thermomix TM 6)"},"content":{"rendered":"\t\t<div data-elementor-type=\"wp-page\" data-elementor-id=\"671\" class=\"elementor elementor-671\" data-elementor-post-type=\"page\">\n\t\t\t\t<div class=\"elementor-element elementor-element-38107d8a e-con-full e-flex e-con e-parent\" data-id=\"38107d8a\" data-element_type=\"container\" data-e-type=\"container\" data-settings=\"{&quot;background_background&quot;:&quot;gradient&quot;}\">\n\t\t\t\t<div class=\"elementor-element elementor-element-47846060 elementor-widget elementor-widget-heading\" data-id=\"47846060\" data-element_type=\"widget\" data-e-type=\"widget\" data-widget_type=\"heading.default\">\n\t\t\t\t<div class=\"elementor-widget-container\">\n\t\t\t\t\t<h2 class=\"elementor-heading-title elementor-size-default\">Pilz-Kartoffel-Suppe (Thermomix TM 6)<\/h2>\t\t\t\t<\/div>\n\t\t\t\t<\/div>\n\t\t\t\t<div class=\"elementor-element elementor-element-9a82c7b elementor-widget__width-inherit elementor-widget-divider--view-line elementor-invisible elementor-widget elementor-widget-divider\" data-id=\"9a82c7b\" data-element_type=\"widget\" data-e-type=\"widget\" data-settings=\"{&quot;_animation&quot;:&quot;fadeInLeft&quot;}\" data-widget_type=\"divider.default\">\n\t\t\t\t<div class=\"elementor-widget-container\">\n\t\t\t\t\t\t\t<div class=\"elementor-divider\">\n\t\t\t<span class=\"elementor-divider-separator\">\n\t\t\t\t\t\t<\/span>\n\t\t<\/div>\n\t\t\t\t\t\t<\/div>\n\t\t\t\t<\/div>\n\t\t\t\t<div class=\"elementor-element elementor-element-55a0d5d elementor-widget elementor-widget-text-editor\" data-id=\"55a0d5d\" data-element_type=\"widget\" data-e-type=\"widget\" data-widget_type=\"text-editor.default\">\n\t\t\t\t<div class=\"elementor-widget-container\">\n\t\t\t\t\t\t\t\t\t<p><strong>Portionen:<\/strong> F\u00fcr 4 Personen<\/p><h3>Zutaten<\/h3><ul><li><strong>50 g<\/strong> Knollensellerie (in St\u00fccken)<\/li><li><strong>50 g<\/strong> M\u00f6hren (in St\u00fccken)<\/li><li><strong>50 g<\/strong> Zwiebeln (halbiert)<\/li><li><strong>2<\/strong> Knoblauchzehen<\/li><li><strong>40 g<\/strong> \u00d6l<\/li><li><strong>600 g<\/strong> Wasser<\/li><li><strong>400 g<\/strong> Kartoffeln (festkochend, in mundgerechten St\u00fccken)<\/li><li><strong>20 g<\/strong> getrocknete Steinpilze<\/li><li><strong>1 TL<\/strong> Majoran (getrocknet)<\/li><li><strong>0.5 TL<\/strong> Salz<\/li><li><strong>0.25 TL<\/strong> Pfeffer<\/li><li><strong>1<\/strong> Suppenw\u00fcrfel<\/li><\/ul><h3>Zubereitung<\/h3><ol><li><strong>50 g Knollensellerie<\/strong> (in St\u00fccken), <strong>50 g M\u00f6hren<\/strong> (in St\u00fccken), <strong>50 g Zwiebeln<\/strong> (halbiert) und <strong>2 Knoblauchzehen<\/strong> in den Mixtopf geben, <strong>5 Sek.\/Stufe 5<\/strong> zerkleinern und mit dem Spatel nach unten schieben.<\/li><li><strong>40 g \u00d6l<\/strong> zugeben und <strong>5 Min.\/120\u00b0C\/Stufe 2<\/strong> d\u00fcnsten.<\/li><li><strong>600 g Wasser<\/strong>, <strong>400 g Kartoffeln<\/strong> (festkochend, in mundgerechten St\u00fccken), <strong>20 g getrocknete Steinpilze<\/strong>, <strong>1 TL Majoran<\/strong> (getrocknet), <strong>0.5 TL Salz<\/strong>, <strong>0.25 TL Pfeffer<\/strong> und <strong>1 Suppenw\u00fcrfel<\/strong> zugeben, <strong>22 Min.\/100\u00b0C\/Linkslauf\/Stufe R\u00fchren<\/strong> garen.<\/li><li>Abschmecken und sofort servieren.<\/li><\/ol><h3>Tipps &amp; Tricks<\/h3><ul><li><strong>Frische Pilze:<\/strong> Wenn du frische Pilze anstelle von getrockneten Steinpilzen verwenden m\u00f6chtest, kannst du etwa 200 g frische Pilze (z.B. Champignons oder Kr\u00e4uterseitlinge) nehmen. Diese einfach in Scheiben schneiden und wie gewohnt in die Suppe geben.<\/li><li><strong>Einweichzeit f\u00fcr Steinpilze:<\/strong> Wenn du die getrockneten Steinpilze vorher einweichst (ca. 20 Minuten in warmem Wasser), erhalten sie eine weichere Textur und die Einweichfl\u00fcssigkeit kann anstelle eines Teils des Wassers in die Suppe gegeben werden, um den Geschmack zu intensivieren.<\/li><li><strong>Cremige Variante:<\/strong> F\u00fcr eine cremigere Suppe kannst du nach dem Kochen die H\u00e4lfte der Suppe entnehmen und p\u00fcrieren, dann wieder zur\u00fcck in den Mixtopf geben und kurz auf niedriger Stufe verr\u00fchren.<\/li><li><strong>Aromen verst\u00e4rken:<\/strong> F\u00fcr zus\u00e4tzlichen Geschmack kannst du vor dem Servieren etwas frischen Thymian oder Petersilie \u00fcber die Suppe streuen.<\/li><li><strong>Kartoffeln:<\/strong> Festkochende Kartoffeln behalten ihre Form beim Kochen besser, f\u00fcr eine s\u00e4migere Suppe kannst du auch vorwiegend festkochende Kartoffeln verwenden.<\/li><li><strong>Vegan:<\/strong> F\u00fcr eine vegane Variante des Rezepts kannst du einen veganen Suppenw\u00fcrfel verwenden und sicherstellen, dass das \u00d6l pflanzlich ist.<\/li><\/ul>\t\t\t\t\t\t\t\t<\/div>\n\t\t\t\t<\/div>\n\t\t\t\t<\/div>\n\t\t\t\t<\/div>\n\t\t","protected":false},"excerpt":{"rendered":"<p>Pilz-Kartoffel-Suppe (Thermomix TM 6) Portionen: F\u00fcr 4 Personen Zutaten 50 g Knollensellerie (in St\u00fccken) 50 g M\u00f6hren (in St\u00fccken) 50 g Zwiebeln (halbiert) 2 Knoblauchzehen 40 g \u00d6l 600 g Wasser 400 g Kartoffeln (festkochend, in mundgerechten St\u00fccken) 20 g getrocknete Steinpilze 1 TL Majoran (getrocknet) 0.5 TL Salz 0.25 TL Pfeffer 1 Suppenw\u00fcrfel Zubereitung [&hellip;]<\/p>\n","protected":false},"author":1,"featured_media":0,"parent":0,"menu_order":0,"comment_status":"closed","ping_status":"closed","template":"elementor_header_footer","meta":{"footnotes":""},"class_list":["post-671","page","type-page","status-publish","hentry"],"_links":{"self":[{"href":"http:\/\/merely-labeled.com\/index.php?rest_route=\/wp\/v2\/pages\/671","targetHints":{"allow":["GET"]}}],"collection":[{"href":"http:\/\/merely-labeled.com\/index.php?rest_route=\/wp\/v2\/pages"}],"about":[{"href":"http:\/\/merely-labeled.com\/index.php?rest_route=\/wp\/v2\/types\/page"}],"author":[{"embeddable":true,"href":"http:\/\/merely-labeled.com\/index.php?rest_route=\/wp\/v2\/users\/1"}],"replies":[{"embeddable":true,"href":"http:\/\/merely-labeled.com\/index.php?rest_route=%2Fwp%2Fv2%2Fcomments&post=671"}],"version-history":[{"count":7,"href":"http:\/\/merely-labeled.com\/index.php?rest_route=\/wp\/v2\/pages\/671\/revisions"}],"predecessor-version":[{"id":1092,"href":"http:\/\/merely-labeled.com\/index.php?rest_route=\/wp\/v2\/pages\/671\/revisions\/1092"}],"wp:attachment":[{"href":"http:\/\/merely-labeled.com\/index.php?rest_route=%2Fwp%2Fv2%2Fmedia&parent=671"}],"curies":[{"name":"wp","href":"https:\/\/api.w.org\/{rel}","templated":true}]}}