{"id":644,"date":"2024-08-18T09:57:56","date_gmt":"2024-08-18T07:57:56","guid":{"rendered":"http:\/\/merely-labeled.com\/?page_id=644"},"modified":"2024-08-18T18:11:22","modified_gmt":"2024-08-18T16:11:22","slug":"palak-paneer-thermomix-tm-6","status":"publish","type":"page","link":"http:\/\/merely-labeled.com\/?page_id=644","title":{"rendered":"Palak Paneer (Thermomix TM 6)"},"content":{"rendered":"\t\t<div data-elementor-type=\"wp-page\" data-elementor-id=\"644\" class=\"elementor elementor-644\" data-elementor-post-type=\"page\">\n\t\t\t\t<div class=\"elementor-element elementor-element-2a7e45e7 e-con-full e-flex e-con e-parent\" data-id=\"2a7e45e7\" data-element_type=\"container\" data-e-type=\"container\" data-settings=\"{&quot;background_background&quot;:&quot;gradient&quot;}\">\n\t\t\t\t<div class=\"elementor-element elementor-element-7448abe0 elementor-widget elementor-widget-heading\" data-id=\"7448abe0\" data-element_type=\"widget\" data-e-type=\"widget\" data-widget_type=\"heading.default\">\n\t\t\t\t<div class=\"elementor-widget-container\">\n\t\t\t\t\t<h2 class=\"elementor-heading-title elementor-size-default\">Palak Paneer (Thermomix TM 6)<\/h2>\t\t\t\t<\/div>\n\t\t\t\t<\/div>\n\t\t\t\t<div class=\"elementor-element elementor-element-66e32433 elementor-widget__width-inherit elementor-widget-divider--view-line elementor-invisible elementor-widget elementor-widget-divider\" data-id=\"66e32433\" data-element_type=\"widget\" data-e-type=\"widget\" data-settings=\"{&quot;_animation&quot;:&quot;fadeInLeft&quot;}\" data-widget_type=\"divider.default\">\n\t\t\t\t<div class=\"elementor-widget-container\">\n\t\t\t\t\t\t\t<div class=\"elementor-divider\">\n\t\t\t<span class=\"elementor-divider-separator\">\n\t\t\t\t\t\t<\/span>\n\t\t<\/div>\n\t\t\t\t\t\t<\/div>\n\t\t\t\t<\/div>\n\t\t\t\t<div class=\"elementor-element elementor-element-2396a44 elementor-widget elementor-widget-text-editor\" data-id=\"2396a44\" data-element_type=\"widget\" data-e-type=\"widget\" data-widget_type=\"text-editor.default\">\n\t\t\t\t<div class=\"elementor-widget-container\">\n\t\t\t\t\t\t\t\t\t<p><strong>Portionen:<\/strong> F\u00fcr 6-8 Personen<\/p><h3>Zutaten<\/h3><ul><li><strong>4 \u2013 5<\/strong> Zwiebeln (halbiert)<\/li><li><strong>4 cm<\/strong> Ingwer (in Scheiben geschnitten)<\/li><li><strong>40 g<\/strong> \u00d6l<\/li><li><strong>2 Packungen<\/strong> fester Tofu (ca. 1 cm W\u00fcrfel)<\/li><li><strong>1 geh\u00e4ufter EL<\/strong> Kreuzk\u00fcmmel<\/li><li><strong>1 EL<\/strong> Koriander (gemahlen)<\/li><li><strong>1\/2 TL<\/strong> Chilipulver<\/li><li><strong>1 EL<\/strong> Kurkuma<\/li><li><strong>1\/2 TL<\/strong> Zimtpulver<\/li><li><strong>1\/4 TL<\/strong> Kardamom (gemahlen)<\/li><li><strong>700 g<\/strong> passierte Tomaten<\/li><li><strong>3 TL<\/strong> Salz<\/li><li><strong>1\/2 TL<\/strong> Pfeffer<\/li><li><strong>800 g<\/strong> Spinat (tiefgek\u00fchlt)<\/li><li><strong>3 EL<\/strong> Mandelmus<\/li><li><strong>400 g<\/strong> Basmatireis<\/li><li><strong>800 g<\/strong> Wasser<\/li><li><strong>1 TL<\/strong> Salz<\/li><\/ul><h3>Zubereitung<\/h3><ol><li><strong>4 cm Ingwer<\/strong> (in Scheiben geschnitten) in den Mixtopf geben und <strong>5 Sek.\/Stufe 5<\/strong> zerkleinern.<\/li><li><strong>4 \u2013 5 Zwiebeln<\/strong> (halbiert) in den Mixtopf geben und <strong>5 Sek.\/Stufe 5<\/strong> zerkleinern.<\/li><li>Mit dem Spatel nach unten schieben. <strong>20 g \u00d6l<\/strong> dazugeben und <strong>8 Min.\/120\u00b0C\/Stufe 1<\/strong> d\u00fcnsten. W\u00e4hrenddessen <strong>2 Packungen fester Tofu<\/strong> (ca. 1 cm W\u00fcrfel) in einer Pfanne in \u00d6l anbraten.<\/li><li><strong>1 geh\u00e4ufter EL Kreuzk\u00fcmmel<\/strong>, <strong>1 EL Koriander<\/strong>, <strong>1\/2 TL Chilipulver<\/strong>, <strong>1 EL Kurkuma<\/strong>, <strong>1\/2 TL Zimtpulver<\/strong> und <strong>1\/4 TL Kardamom<\/strong> dazugeben und <strong>1 Min.\/120\u00b0C\/Stufe 1<\/strong> d\u00fcnsten.<\/li><li><strong>700 g passierte Tomaten<\/strong>, <strong>3 TL Salz<\/strong>, <strong>1\/2 TL Pfeffer<\/strong>, <strong>800 g Spinat<\/strong> (tiefgek\u00fchlt) und <strong>3 EL Mandelmus<\/strong> zugeben und <strong>20 Min.\/100\u00b0C\/Stufe 1<\/strong> kochen.<\/li><li>Die gebratenen Tofuw\u00fcrfel dazugeben und mit dem Spatel unterr\u00fchren.<\/li><\/ol><h4>Reis zubereiten:<\/h4><ol><li><strong>400 g Basmatireis<\/strong> in den Gareinsatz geben und gr\u00fcndlich mit Wasser absp\u00fclen.<\/li><li><strong>800 g Wasser<\/strong> und <strong>1 TL Salz<\/strong> in den Mixtopf geben. Gareinsatz mit Reis einh\u00e4ngen und <strong>18 Min.\/Varoma\/Stufe 4<\/strong>garen.<\/li><li>Reis zusammen mit dem Palak Paneer servieren.<\/li><\/ol><h3>Notwendiges Zubeh\u00f6r<\/h3><ul><li>Thermomix TM 6<\/li><li>Pfanne zum Anbraten des Tofus<\/li><li>Gareinsatz f\u00fcr den Reis<\/li><li>Spatel<\/li><\/ul><h3>N\u00e4hrwerte pro Portion<\/h3><p><strong>Kalorien:<\/strong> variabel je nach Zutaten<br \/><strong>Protein:<\/strong> variabel<br \/><strong>Kohlenhydrate:<\/strong> variabel<br \/><strong>Fett:<\/strong> variabel<br \/><strong>Ballaststoffe:<\/strong> variabel<\/p><h3>Tipps &amp; Tricks<\/h3><ul><li>Der Tofu kann auch durch Paneer ersetzt werden, um das Gericht authentischer zu machen.<\/li><li>F\u00fcr eine cremigere Konsistenz kann etwas mehr Mandelmus oder Kokosmilch hinzugef\u00fcgt werden.<\/li><\/ul>\t\t\t\t\t\t\t\t<\/div>\n\t\t\t\t<\/div>\n\t\t\t\t<\/div>\n\t\t\t\t<\/div>\n\t\t","protected":false},"excerpt":{"rendered":"<p>Palak Paneer (Thermomix TM 6) Portionen: F\u00fcr 6-8 Personen Zutaten 4 \u2013 5 Zwiebeln (halbiert) 4 cm Ingwer (in Scheiben geschnitten) 40 g \u00d6l 2 Packungen fester Tofu (ca. 1 cm W\u00fcrfel) 1 geh\u00e4ufter EL Kreuzk\u00fcmmel 1 EL Koriander (gemahlen) 1\/2 TL Chilipulver 1 EL Kurkuma 1\/2 TL Zimtpulver 1\/4 TL Kardamom (gemahlen) 700 g [&hellip;]<\/p>\n","protected":false},"author":1,"featured_media":0,"parent":0,"menu_order":0,"comment_status":"closed","ping_status":"closed","template":"elementor_header_footer","meta":{"footnotes":""},"class_list":["post-644","page","type-page","status-publish","hentry"],"_links":{"self":[{"href":"http:\/\/merely-labeled.com\/index.php?rest_route=\/wp\/v2\/pages\/644","targetHints":{"allow":["GET"]}}],"collection":[{"href":"http:\/\/merely-labeled.com\/index.php?rest_route=\/wp\/v2\/pages"}],"about":[{"href":"http:\/\/merely-labeled.com\/index.php?rest_route=\/wp\/v2\/types\/page"}],"author":[{"embeddable":true,"href":"http:\/\/merely-labeled.com\/index.php?rest_route=\/wp\/v2\/users\/1"}],"replies":[{"embeddable":true,"href":"http:\/\/merely-labeled.com\/index.php?rest_route=%2Fwp%2Fv2%2Fcomments&post=644"}],"version-history":[{"count":7,"href":"http:\/\/merely-labeled.com\/index.php?rest_route=\/wp\/v2\/pages\/644\/revisions"}],"predecessor-version":[{"id":987,"href":"http:\/\/merely-labeled.com\/index.php?rest_route=\/wp\/v2\/pages\/644\/revisions\/987"}],"wp:attachment":[{"href":"http:\/\/merely-labeled.com\/index.php?rest_route=%2Fwp%2Fv2%2Fmedia&parent=644"}],"curies":[{"name":"wp","href":"https:\/\/api.w.org\/{rel}","templated":true}]}}