{"id":634,"date":"2024-08-18T09:50:08","date_gmt":"2024-08-18T07:50:08","guid":{"rendered":"http:\/\/merely-labeled.com\/?page_id=634"},"modified":"2026-02-27T16:14:00","modified_gmt":"2026-02-27T15:14:00","slug":"erbsensuppe-mit-kuerbiskernpesto-thermomix-tm-6","status":"publish","type":"page","link":"http:\/\/merely-labeled.com\/?page_id=634","title":{"rendered":"Erbsensuppe mit K\u00fcrbiskernpesto (Thermomix TM 6)"},"content":{"rendered":"\t\t<div data-elementor-type=\"wp-page\" data-elementor-id=\"634\" class=\"elementor elementor-634\" data-elementor-post-type=\"page\">\n\t\t\t\t<div class=\"elementor-element elementor-element-27895b0c e-con-full e-flex e-con e-parent\" data-id=\"27895b0c\" data-element_type=\"container\" data-e-type=\"container\" data-settings=\"{&quot;background_background&quot;:&quot;gradient&quot;}\">\n\t\t\t\t<div class=\"elementor-element elementor-element-4e094d33 elementor-widget elementor-widget-heading\" data-id=\"4e094d33\" data-element_type=\"widget\" data-e-type=\"widget\" data-widget_type=\"heading.default\">\n\t\t\t\t<div class=\"elementor-widget-container\">\n\t\t\t\t\t<h2 class=\"elementor-heading-title elementor-size-default\">Erbsensuppe mit K\u00fcrbiskernpesto (Thermomix TM 6)\n<\/h2>\t\t\t\t<\/div>\n\t\t\t\t<\/div>\n\t\t\t\t<div class=\"elementor-element elementor-element-271b310 elementor-widget__width-inherit elementor-widget-divider--view-line elementor-invisible elementor-widget elementor-widget-divider\" data-id=\"271b310\" data-element_type=\"widget\" data-e-type=\"widget\" data-settings=\"{&quot;_animation&quot;:&quot;fadeInLeft&quot;}\" data-widget_type=\"divider.default\">\n\t\t\t\t<div class=\"elementor-widget-container\">\n\t\t\t\t\t\t\t<div class=\"elementor-divider\">\n\t\t\t<span class=\"elementor-divider-separator\">\n\t\t\t\t\t\t<\/span>\n\t\t<\/div>\n\t\t\t\t\t\t<\/div>\n\t\t\t\t<\/div>\n\t\t\t\t<div class=\"elementor-element elementor-element-b446277 elementor-widget elementor-widget-text-editor\" data-id=\"b446277\" data-element_type=\"widget\" data-e-type=\"widget\" data-widget_type=\"text-editor.default\">\n\t\t\t\t<div class=\"elementor-widget-container\">\n\t\t\t\t\t\t\t\t\t<p><strong>Portionen:<\/strong> F\u00fcr 4 Personen<\/p><h3>Zutaten<\/h3><h4>K\u00fcrbiskernpesto<\/h4><ul><li><strong>30 g<\/strong> K\u00fcrbiskerne<\/li><li><strong>1 Bund<\/strong> frische Petersilie (Bl\u00e4ttchen abgezupft)<\/li><li><strong>30 g<\/strong> K\u00fcrbiskern\u00f6l<\/li><li><strong>1\/4 TL<\/strong> Salz<\/li><li><strong>1\/2 TL<\/strong> Zitronensaft (frisch gepresst)<\/li><\/ul><h4>Erbsensuppe<\/h4><ul><li><strong>60 g<\/strong> Zwiebeln (halbiert)<\/li><li><strong>700 g<\/strong> gr\u00fcne Erbsen (tiefgek\u00fchlt)<\/li><li><strong>200 g<\/strong> Wasser<\/li><li><strong>1 TL<\/strong> Salz<\/li><li><strong>1 TL<\/strong> Zucker<\/li><li><strong>1\/4 TL<\/strong> Pfeffer (gemahlen)<\/li><li><strong>1<\/strong> Suppenw\u00fcrfel<\/li><\/ul><h3>Zubereitung<\/h3><h4>K\u00fcrbiskernpesto<\/h4><ol><li><strong>30 g K\u00fcrbiskerne<\/strong> in den Mixtopf geben und <strong>5 Sek.\/Stufe 6<\/strong> zerkleinern. In eine Bratpfanne umf\u00fcllen und auf dem Herd r\u00f6sten, bis sie duften.<\/li><li><strong>1 Bund frische Petersilie<\/strong> (Bl\u00e4ttchen abgezupft) in den Mixtopf geben, <strong>6 Sek.\/Stufe 7<\/strong> zerkleinern und mit dem Spatel nach unten schieben.<\/li><li>Die ger\u00f6steten K\u00fcrbiskerne, <strong>30 g K\u00fcrbiskern\u00f6l<\/strong>, <strong>1\/4 TL Salz<\/strong> und <strong>1\/2 TL Zitronensaft<\/strong> zugeben, <strong>30 Sek.\/Stufe 2<\/strong>mischen und in eine kleine Sch\u00fcssel umf\u00fcllen. Mixtopf sp\u00fclen.<\/li><\/ol><h4>Erbsensuppe<\/h4><ol><li><strong>60 g Zwiebeln<\/strong> (halbiert) in den Mixtopf geben, <strong>4 Sek.\/Stufe 5<\/strong> zerkleinern und mit dem Spatel nach unten schieben.<\/li><li><strong>700 g gr\u00fcne Erbsen<\/strong> (tiefgek\u00fchlt), <strong>200 g Wasser<\/strong>, <strong>1 TL Salz<\/strong>, <strong>1 TL Zucker<\/strong>, <strong>1\/4 TL Pfeffer<\/strong> (gemahlen) und <strong>1 Suppenw\u00fcrfel<\/strong> zugeben und <strong>15 Min.\/100\u00b0C\/Stufe 1<\/strong> kochen.<\/li><li>Danach <strong>20 Sek.\/Stufe 6-9<\/strong> schrittweise ansteigend p\u00fcrieren.<\/li><li>Die Erbsensuppe in tiefen Tellern anrichten, das K\u00fcrbiskernpesto spiralf\u00f6rmig einr\u00fchren und servieren.<\/li><\/ol><h3>Notwendiges Zubeh\u00f6r<\/h3><ul><li>Thermomix TM 6<\/li><li>Bratpfanne zum R\u00f6sten der K\u00fcrbiskerne<\/li><li>Spatel<\/li><li>Suppenteller zum Servieren<\/li><\/ul><h3>Tipps &amp; Tricks<\/h3><ul><li>Das K\u00fcrbiskernpesto kann auch als Topping f\u00fcr andere Suppen oder Gerichte verwendet werden.<\/li><li>Die Suppe kann nach Belieben mit einem Schuss Sahne oder Kokosmilch verfeinert werden.<\/li><\/ul>\t\t\t\t\t\t\t\t<\/div>\n\t\t\t\t<\/div>\n\t\t\t\t<\/div>\n\t\t\t\t<\/div>\n\t\t","protected":false},"excerpt":{"rendered":"<p>Erbsensuppe mit K\u00fcrbiskernpesto (Thermomix TM 6) Portionen: F\u00fcr 4 Personen Zutaten K\u00fcrbiskernpesto 30 g K\u00fcrbiskerne 1 Bund frische Petersilie (Bl\u00e4ttchen abgezupft) 30 g K\u00fcrbiskern\u00f6l 1\/4 TL Salz 1\/2 TL Zitronensaft (frisch gepresst) Erbsensuppe 60 g Zwiebeln (halbiert) 700 g gr\u00fcne Erbsen (tiefgek\u00fchlt) 200 g Wasser 1 TL Salz 1 TL Zucker 1\/4 TL Pfeffer (gemahlen) [&hellip;]<\/p>\n","protected":false},"author":1,"featured_media":0,"parent":9,"menu_order":0,"comment_status":"closed","ping_status":"closed","template":"elementor_header_footer","meta":{"footnotes":""},"class_list":["post-634","page","type-page","status-publish","hentry"],"_links":{"self":[{"href":"http:\/\/merely-labeled.com\/index.php?rest_route=\/wp\/v2\/pages\/634","targetHints":{"allow":["GET"]}}],"collection":[{"href":"http:\/\/merely-labeled.com\/index.php?rest_route=\/wp\/v2\/pages"}],"about":[{"href":"http:\/\/merely-labeled.com\/index.php?rest_route=\/wp\/v2\/types\/page"}],"author":[{"embeddable":true,"href":"http:\/\/merely-labeled.com\/index.php?rest_route=\/wp\/v2\/users\/1"}],"replies":[{"embeddable":true,"href":"http:\/\/merely-labeled.com\/index.php?rest_route=%2Fwp%2Fv2%2Fcomments&post=634"}],"version-history":[{"count":7,"href":"http:\/\/merely-labeled.com\/index.php?rest_route=\/wp\/v2\/pages\/634\/revisions"}],"predecessor-version":[{"id":1011,"href":"http:\/\/merely-labeled.com\/index.php?rest_route=\/wp\/v2\/pages\/634\/revisions\/1011"}],"up":[{"embeddable":true,"href":"http:\/\/merely-labeled.com\/index.php?rest_route=\/wp\/v2\/pages\/9"}],"wp:attachment":[{"href":"http:\/\/merely-labeled.com\/index.php?rest_route=%2Fwp%2Fv2%2Fmedia&parent=634"}],"curies":[{"name":"wp","href":"https:\/\/api.w.org\/{rel}","templated":true}]}}