{"id":626,"date":"2024-08-17T13:36:38","date_gmt":"2024-08-17T11:36:38","guid":{"rendered":"http:\/\/merely-labeled.com\/?page_id=626"},"modified":"2024-08-18T18:32:10","modified_gmt":"2024-08-18T16:32:10","slug":"haehnchen-mit-sesamsauce-und-reis-thermomix-tm-6","status":"publish","type":"page","link":"http:\/\/merely-labeled.com\/?page_id=626","title":{"rendered":"H\u00e4hnchen mit Sesamsauce und Reis (Thermomix TM 6)"},"content":{"rendered":"\t\t<div data-elementor-type=\"wp-page\" data-elementor-id=\"626\" class=\"elementor elementor-626\" data-elementor-post-type=\"page\">\n\t\t\t\t<div class=\"elementor-element elementor-element-68368bdb e-con-full e-flex e-con e-parent\" data-id=\"68368bdb\" data-element_type=\"container\" data-e-type=\"container\" data-settings=\"{&quot;background_background&quot;:&quot;gradient&quot;}\">\n\t\t\t\t<div class=\"elementor-element elementor-element-4066029f elementor-widget elementor-widget-heading\" data-id=\"4066029f\" data-element_type=\"widget\" data-e-type=\"widget\" data-widget_type=\"heading.default\">\n\t\t\t\t<div class=\"elementor-widget-container\">\n\t\t\t\t\t<h2 class=\"elementor-heading-title elementor-size-default\">H\u00e4hnchen mit Sesamsauce und Reis (Thermomix TM 6)<\/h2>\t\t\t\t<\/div>\n\t\t\t\t<\/div>\n\t\t\t\t<div class=\"elementor-element elementor-element-4b701e02 elementor-widget__width-inherit elementor-widget-divider--view-line elementor-invisible elementor-widget elementor-widget-divider\" data-id=\"4b701e02\" data-element_type=\"widget\" data-e-type=\"widget\" data-settings=\"{&quot;_animation&quot;:&quot;fadeInLeft&quot;}\" data-widget_type=\"divider.default\">\n\t\t\t\t<div class=\"elementor-widget-container\">\n\t\t\t\t\t\t\t<div class=\"elementor-divider\">\n\t\t\t<span class=\"elementor-divider-separator\">\n\t\t\t\t\t\t<\/span>\n\t\t<\/div>\n\t\t\t\t\t\t<\/div>\n\t\t\t\t<\/div>\n\t\t\t\t<div class=\"elementor-element elementor-element-125cced elementor-widget elementor-widget-text-editor\" data-id=\"125cced\" data-element_type=\"widget\" data-e-type=\"widget\" data-widget_type=\"text-editor.default\">\n\t\t\t\t<div class=\"elementor-widget-container\">\n\t\t\t\t\t\t\t\t\t<p><strong>Portionen:<\/strong> F\u00fcr 4 Personen<\/p><h3>Zutaten<\/h3><ul><li><strong>Oliven\u00f6l<\/strong> (zum Bestreichen)<\/li><li><strong>800 g<\/strong> H\u00e4hnchenbrust (in St\u00fccken, ca. 3 cm)<\/li><li><strong>250 g<\/strong> Jasminreis<\/li><li><strong>1000 g<\/strong> Wasser<\/li><li><strong>2 TL<\/strong> Salz<\/li><li><strong>180 g<\/strong> M\u00f6hren (in Scheiben, ca. 5 mm)<\/li><li><strong>100 g<\/strong> Zuckerschoten<\/li><li><strong>1 Ei<\/strong> (verquirlt)<\/li><li><strong>60 g<\/strong> Speisest\u00e4rke<\/li><li><strong>2 TL<\/strong> Paprika edels\u00fc\u00df<\/li><li><strong>\u00bd TL<\/strong> Pfeffer<\/li><li><strong>2<\/strong> Knoblauchzehen (gesch\u00e4lt)<\/li><li><strong>30 g<\/strong> Reisessig<\/li><li><strong>60 g<\/strong> Honig<\/li><li><strong>20 g<\/strong> Sweet-Chili-Sauce<\/li><li><strong>60 g<\/strong> Ketchup<\/li><li><strong>30 g<\/strong> brauner Zucker<\/li><li><strong>50 g<\/strong> Sojasauce<\/li><li><strong>20 g<\/strong> Sesam<\/li><li><strong>2<\/strong> Fr\u00fchlingszwiebeln (in d\u00fcnnen Ringen)<\/li><\/ul><h3>Zubereitung<\/h3><ol><li><strong>Backofen<\/strong> auf <strong>200\u00b0C<\/strong> vorheizen. Ein Backblech mit Alufolie auslegen und mit <strong>Oliven\u00f6l<\/strong> bestreichen.<\/li><li>Eine Sch\u00fcssel auf den Mixtopfdeckel stellen, <strong>800 g H\u00e4hnchen<\/strong> einwiegen und zur Seite stellen. Gareinsatz auf den Mixtopfdeckel stellen, <strong>250 g Reis<\/strong> einwiegen und waschen, bis das Wasser klar ist.<\/li><li><strong>1000 g Wasser<\/strong> und <strong>1 TL Salz<\/strong> in den Mixtopf geben, Gareinsatz mit Reis einh\u00e4ngen, Varoma-Beh\u00e4lter aufsetzen, <strong>180 g M\u00f6hren<\/strong> (in Scheiben, ca. 5 mm) und <strong>100 g Zuckerschoten<\/strong> einwiegen, Varoma verschlie\u00dfen und <strong>13 Min.\/Varoma\/Stufe 4<\/strong> garen.<\/li><li>Varoma absetzen und Zuckerschoten und M\u00f6hren umf\u00fcllen. Gareinsatz mithilfe des Spatels herausnehmen, Reis ebenfalls umf\u00fcllen und warm halten. Mixtopf sp\u00fclen.<\/li><li><strong>800 g H\u00e4hnchen<\/strong> mit <strong>1 Ei<\/strong> (verquirlt), <strong>60 g Speisest\u00e4rke<\/strong>, <strong>2 TL Paprika edels\u00fc\u00df<\/strong>, <strong>\u00bd TL Pfeffer<\/strong> und <strong>1 TL Salz<\/strong>vermischen, auf das vorbereitete Backblech geben und <strong>10-12 Minuten (200\u00b0C)<\/strong> backen, dabei zwischendurch einmal wenden. In dieser Zeit mit dem Rezept fortfahren.<\/li><li><strong>2 Knoblauchzehen<\/strong> in den Mixtopf geben, <strong>3 Sek.\/Stufe 7<\/strong> zerkleinern und mit dem Spatel nach unten schieben.<\/li><li><strong>30 g Reisessig<\/strong>, <strong>60 g Honig<\/strong>, <strong>20 g Sweet-Chili-Sauce<\/strong>, <strong>60 g Ketchup<\/strong>, <strong>30 g brauner Zucker<\/strong>, <strong>50 g Sojasauce<\/strong> und <strong>20 g Sesam<\/strong> zugeben, anstelle des Messbechers Gareinsatz als Spritzschutz auf den Mixtopfdeckel stellen und <strong>6 Min.\/120\u00b0C\/Stufe 2<\/strong> erhitzen.<\/li><li>H\u00e4hnchen mit der Sauce vermischen, mit Reis und Gem\u00fcse anrichten, mit <strong>Fr\u00fchlingszwiebeln<\/strong> bestreuen und servieren.<\/li><\/ol><h3>Notwendiges Zubeh\u00f6r<\/h3><ul><li>Thermomix TM 6<\/li><li>Gareinsatz<\/li><li>Varoma-Beh\u00e4lter<\/li><li>Backblech mit Alufolie<\/li><li>Spatel<\/li><\/ul><h3>Tipps &amp; Tricks<\/h3><ul><li>Das H\u00e4hnchen kann nach Belieben auch in der Pfanne angebraten werden, anstatt es im Ofen zu backen.<\/li><li>F\u00fcr eine zus\u00e4tzliche Geschmackskomponente kann ger\u00f6steter Sesam verwendet werden.<\/li><\/ul>\t\t\t\t\t\t\t\t<\/div>\n\t\t\t\t<\/div>\n\t\t\t\t<\/div>\n\t\t\t\t<\/div>\n\t\t","protected":false},"excerpt":{"rendered":"<p>H\u00e4hnchen mit Sesamsauce und Reis (Thermomix TM 6) Portionen: F\u00fcr 4 Personen Zutaten Oliven\u00f6l (zum Bestreichen) 800 g H\u00e4hnchenbrust (in St\u00fccken, ca. 3 cm) 250 g Jasminreis 1000 g Wasser 2 TL Salz 180 g M\u00f6hren (in Scheiben, ca. 5 mm) 100 g Zuckerschoten 1 Ei (verquirlt) 60 g Speisest\u00e4rke 2 TL Paprika edels\u00fc\u00df \u00bd [&hellip;]<\/p>\n","protected":false},"author":1,"featured_media":0,"parent":0,"menu_order":0,"comment_status":"closed","ping_status":"closed","template":"elementor_header_footer","meta":{"footnotes":""},"class_list":["post-626","page","type-page","status-publish","hentry"],"_links":{"self":[{"href":"http:\/\/merely-labeled.com\/index.php?rest_route=\/wp\/v2\/pages\/626","targetHints":{"allow":["GET"]}}],"collection":[{"href":"http:\/\/merely-labeled.com\/index.php?rest_route=\/wp\/v2\/pages"}],"about":[{"href":"http:\/\/merely-labeled.com\/index.php?rest_route=\/wp\/v2\/types\/page"}],"author":[{"embeddable":true,"href":"http:\/\/merely-labeled.com\/index.php?rest_route=\/wp\/v2\/users\/1"}],"replies":[{"embeddable":true,"href":"http:\/\/merely-labeled.com\/index.php?rest_route=%2Fwp%2Fv2%2Fcomments&post=626"}],"version-history":[{"count":7,"href":"http:\/\/merely-labeled.com\/index.php?rest_route=\/wp\/v2\/pages\/626\/revisions"}],"predecessor-version":[{"id":1031,"href":"http:\/\/merely-labeled.com\/index.php?rest_route=\/wp\/v2\/pages\/626\/revisions\/1031"}],"wp:attachment":[{"href":"http:\/\/merely-labeled.com\/index.php?rest_route=%2Fwp%2Fv2%2Fmedia&parent=626"}],"curies":[{"name":"wp","href":"https:\/\/api.w.org\/{rel}","templated":true}]}}