{"id":618,"date":"2024-08-17T13:29:18","date_gmt":"2024-08-17T11:29:18","guid":{"rendered":"http:\/\/merely-labeled.com\/?page_id=618"},"modified":"2026-02-27T16:14:32","modified_gmt":"2026-02-27T15:14:32","slug":"cremige-rote-linsensuppe-thermomix-tm-6","status":"publish","type":"page","link":"http:\/\/merely-labeled.com\/?page_id=618","title":{"rendered":"Cremige rote Linsensuppe (Thermomix TM 6)"},"content":{"rendered":"\t\t<div data-elementor-type=\"wp-page\" data-elementor-id=\"618\" class=\"elementor elementor-618\" data-elementor-post-type=\"page\">\n\t\t\t\t<div class=\"elementor-element elementor-element-1134a4e e-con-full e-flex e-con e-parent\" data-id=\"1134a4e\" data-element_type=\"container\" data-e-type=\"container\" data-settings=\"{&quot;background_background&quot;:&quot;gradient&quot;}\">\n\t\t\t\t<div class=\"elementor-element elementor-element-4eb8b591 elementor-widget elementor-widget-heading\" data-id=\"4eb8b591\" data-element_type=\"widget\" data-e-type=\"widget\" data-widget_type=\"heading.default\">\n\t\t\t\t<div class=\"elementor-widget-container\">\n\t\t\t\t\t<h2 class=\"elementor-heading-title elementor-size-default\">Cremige rote Linsensuppe (Thermomix TM 6)<\/h2>\t\t\t\t<\/div>\n\t\t\t\t<\/div>\n\t\t\t\t<div class=\"elementor-element elementor-element-4d0c92e6 elementor-widget__width-inherit elementor-widget-divider--view-line elementor-invisible elementor-widget elementor-widget-divider\" data-id=\"4d0c92e6\" data-element_type=\"widget\" data-e-type=\"widget\" data-settings=\"{&quot;_animation&quot;:&quot;fadeInLeft&quot;}\" data-widget_type=\"divider.default\">\n\t\t\t\t<div class=\"elementor-widget-container\">\n\t\t\t\t\t\t\t<div class=\"elementor-divider\">\n\t\t\t<span class=\"elementor-divider-separator\">\n\t\t\t\t\t\t<\/span>\n\t\t<\/div>\n\t\t\t\t\t\t<\/div>\n\t\t\t\t<\/div>\n\t\t\t\t<div class=\"elementor-element elementor-element-fa66080 elementor-widget elementor-widget-text-editor\" data-id=\"fa66080\" data-element_type=\"widget\" data-e-type=\"widget\" data-widget_type=\"text-editor.default\">\n\t\t\t\t<div class=\"elementor-widget-container\">\n\t\t\t\t\t\t\t\t\t<p><strong>Portionen:<\/strong> F\u00fcr 4 Personen<\/p><h3>Zutaten<\/h3><ul><li><strong>30 g<\/strong> Oliven\u00f6l<\/li><li><strong>150 g<\/strong> Zwiebeln (geviertelt)<\/li><li><strong>2<\/strong> Knoblauchzehen (gesch\u00e4lt)<\/li><li><strong>\u00bd<\/strong> Chili, frisch (z.B. Bird\u2019s eye chili, entkernt)<\/li><li><strong>500 g<\/strong> Wasser<\/li><li><strong>100 g<\/strong> Karotten (in St\u00fccken)<\/li><li><strong>90 g<\/strong> rote Linsen (gewaschen)<\/li><li><strong>80 g<\/strong> rote Paprikaschoten (in St\u00fccken)<\/li><li><strong>2 TL<\/strong> Paprikapulver, edels\u00fc\u00df (etwas mehr zum Abschmecken)<\/li><li><strong>1 TL<\/strong> Kreuzk\u00fcmmel, gemahlen<\/li><li><strong>1<\/strong> Gem\u00fcsesuppenw\u00fcrfel<\/li><li><strong>1 TL<\/strong> Salz (etwas mehr zum Abschmecken)<\/li><li><strong>Zitronensaft<\/strong> (zum Abschmecken)<\/li><\/ul><h3>Zubereitung<\/h3><ol><li><strong>30 g Oliven\u00f6l<\/strong>, <strong>150 g Zwiebeln<\/strong> (geviertelt), <strong>2 Knoblauchzehen<\/strong> (gesch\u00e4lt) und <strong>\u00bd Chili<\/strong> (entkernt) in den Mixtopf geben und <strong>3 Sek.\/Stufe 5<\/strong> zerkleinern.<\/li><li>Mit dem Spatel nach unten schieben und <strong>5 Min.\/120\u00b0C\/Stufe 1<\/strong> d\u00fcnsten.<\/li><li><strong>500 g Wasser<\/strong>, <strong>100 g Karotten<\/strong> (in St\u00fccken), <strong>90 g rote Linsen<\/strong> (gewaschen), <strong>80 g rote Paprikaschoten<\/strong> (in St\u00fccken), <strong>2 TL Paprikapulver<\/strong> (edels\u00fc\u00df) und <strong>1 TL Kreuzk\u00fcmmel<\/strong> zugeben und <strong>30 Min.\/100\u00b0C\/Stufe 1<\/strong> kochen.<\/li><li><strong>1 Gem\u00fcsesuppenw\u00fcrfel<\/strong> und <strong>1 TL Salz<\/strong> hinzugeben und die Linsensuppe <strong>2 Min.\/Stufe 6-10<\/strong> schrittweise ansteigend p\u00fcrieren.<\/li><li>Mit Salz und Zitronensaft abschmecken.<\/li><li>In Tellern anrichten und mit etwas Paprikapulver bestreut servieren.<\/li><\/ol><h3>Notwendiges Zubeh\u00f6r<\/h3><ul><li>Thermomix TM 6<\/li><li>Spatel<\/li><li>Suppenteller zum Servieren<\/li><\/ul><h3>Tipps &amp; Tricks<\/h3><ul><li>F\u00fcr eine extra cremige Konsistenz kann vor dem P\u00fcrieren ein Schuss Sahne oder Kokosmilch hinzugef\u00fcgt werden.<\/li><li>Die Suppe kann auch mit frischen Kr\u00e4utern wie Koriander oder Petersilie garniert werden.<\/li><\/ul>\t\t\t\t\t\t\t\t<\/div>\n\t\t\t\t<\/div>\n\t\t\t\t<\/div>\n\t\t\t\t<\/div>\n\t\t","protected":false},"excerpt":{"rendered":"<p>Cremige rote Linsensuppe (Thermomix TM 6) Portionen: F\u00fcr 4 Personen Zutaten 30 g Oliven\u00f6l 150 g Zwiebeln (geviertelt) 2 Knoblauchzehen (gesch\u00e4lt) \u00bd Chili, frisch (z.B. Bird\u2019s eye chili, entkernt) 500 g Wasser 100 g Karotten (in St\u00fccken) 90 g rote Linsen (gewaschen) 80 g rote Paprikaschoten (in St\u00fccken) 2 TL Paprikapulver, edels\u00fc\u00df (etwas mehr zum [&hellip;]<\/p>\n","protected":false},"author":1,"featured_media":0,"parent":9,"menu_order":0,"comment_status":"closed","ping_status":"closed","template":"elementor_header_footer","meta":{"footnotes":""},"class_list":["post-618","page","type-page","status-publish","hentry"],"_links":{"self":[{"href":"http:\/\/merely-labeled.com\/index.php?rest_route=\/wp\/v2\/pages\/618","targetHints":{"allow":["GET"]}}],"collection":[{"href":"http:\/\/merely-labeled.com\/index.php?rest_route=\/wp\/v2\/pages"}],"about":[{"href":"http:\/\/merely-labeled.com\/index.php?rest_route=\/wp\/v2\/types\/page"}],"author":[{"embeddable":true,"href":"http:\/\/merely-labeled.com\/index.php?rest_route=\/wp\/v2\/users\/1"}],"replies":[{"embeddable":true,"href":"http:\/\/merely-labeled.com\/index.php?rest_route=%2Fwp%2Fv2%2Fcomments&post=618"}],"version-history":[{"count":10,"href":"http:\/\/merely-labeled.com\/index.php?rest_route=\/wp\/v2\/pages\/618\/revisions"}],"predecessor-version":[{"id":1008,"href":"http:\/\/merely-labeled.com\/index.php?rest_route=\/wp\/v2\/pages\/618\/revisions\/1008"}],"up":[{"embeddable":true,"href":"http:\/\/merely-labeled.com\/index.php?rest_route=\/wp\/v2\/pages\/9"}],"wp:attachment":[{"href":"http:\/\/merely-labeled.com\/index.php?rest_route=%2Fwp%2Fv2%2Fmedia&parent=618"}],"curies":[{"name":"wp","href":"https:\/\/api.w.org\/{rel}","templated":true}]}}