{"id":609,"date":"2024-08-17T12:07:54","date_gmt":"2024-08-17T10:07:54","guid":{"rendered":"http:\/\/merely-labeled.com\/?page_id=609"},"modified":"2024-08-18T19:23:54","modified_gmt":"2024-08-18T17:23:54","slug":"huehnergeschnetzeltes-mit-reis-und-brokkoli","status":"publish","type":"page","link":"http:\/\/merely-labeled.com\/?page_id=609","title":{"rendered":"H\u00fchnergeschnetzeltes mit Reis und Brokkoli (Thermomix TM 6)"},"content":{"rendered":"\t\t<div data-elementor-type=\"wp-page\" data-elementor-id=\"609\" class=\"elementor elementor-609\" data-elementor-post-type=\"page\">\n\t\t\t\t<div class=\"elementor-element elementor-element-25018ea e-con-full e-flex e-con e-parent\" data-id=\"25018ea\" data-element_type=\"container\" data-e-type=\"container\" data-settings=\"{&quot;background_background&quot;:&quot;gradient&quot;}\">\n\t\t\t\t<div class=\"elementor-element elementor-element-24d8a9f4 elementor-widget elementor-widget-heading\" data-id=\"24d8a9f4\" data-element_type=\"widget\" data-e-type=\"widget\" data-widget_type=\"heading.default\">\n\t\t\t\t<div class=\"elementor-widget-container\">\n\t\t\t\t\t<h2 class=\"elementor-heading-title elementor-size-default\">H\u00fchnergeschnetzeltes mit Reis und Brokkoli (Thermomix TM 6)<\/h2>\t\t\t\t<\/div>\n\t\t\t\t<\/div>\n\t\t\t\t<div class=\"elementor-element elementor-element-7fe3e72e elementor-widget__width-inherit elementor-widget-divider--view-line elementor-invisible elementor-widget elementor-widget-divider\" data-id=\"7fe3e72e\" data-element_type=\"widget\" data-e-type=\"widget\" data-settings=\"{&quot;_animation&quot;:&quot;fadeInLeft&quot;}\" data-widget_type=\"divider.default\">\n\t\t\t\t<div class=\"elementor-widget-container\">\n\t\t\t\t\t\t\t<div class=\"elementor-divider\">\n\t\t\t<span class=\"elementor-divider-separator\">\n\t\t\t\t\t\t<\/span>\n\t\t<\/div>\n\t\t\t\t\t\t<\/div>\n\t\t\t\t<\/div>\n\t\t\t\t<div class=\"elementor-element elementor-element-7606714 elementor-widget elementor-widget-text-editor\" data-id=\"7606714\" data-element_type=\"widget\" data-e-type=\"widget\" data-widget_type=\"text-editor.default\">\n\t\t\t\t<div class=\"elementor-widget-container\">\n\t\t\t\t\t\t\t\t\t<p><strong>Portionen:<\/strong> F\u00fcr 4 Personen<\/p><h3>Zutaten<\/h3><ul><li><strong>30 g<\/strong> Tomatenmark<\/li><li><strong>10 g<\/strong> Sonnenblumen\u00f6l<\/li><li><strong>1 TL<\/strong> Worcestersauce<\/li><li><strong>1 \u00bd TL<\/strong> Paprikapulver, edels\u00fc\u00df<\/li><li><strong>\u00bd TL<\/strong> Salz und etwas mehr f\u00fcr die Marinade und den Brokkoli<\/li><li><strong>\u00bc TL<\/strong> Pfeffer, gemahlen und etwas mehr f\u00fcr die Marinade<\/li><li><strong>500 g<\/strong> H\u00fchnerbrust, in Streifen (ca. 1 x 3 cm)<\/li><li><strong>2 geh. TL<\/strong> Gew\u00fcrzpaste f\u00fcr Gem\u00fcsebr\u00fche oder 2 W\u00fcrfel Gem\u00fcsesuppenw\u00fcrfel (f\u00fcr 0,5 l)<\/li><li><strong>250 g<\/strong> Reis, parboiled<\/li><li><strong>1200 g<\/strong> Wasser<\/li><li><strong>500 g<\/strong> Brokkoli, in kleinen R\u00f6schen<\/li><li><strong>1<\/strong> Zwiebel, halbiert<\/li><li><strong>20 g<\/strong> Butter<\/li><li><strong>100 g<\/strong> Schlagobers<\/li><li><strong>15 g<\/strong> Maisst\u00e4rke<\/li><li><strong>1 TL<\/strong> Oregano, getrocknet<\/li><\/ul><h3>Zubereitung<\/h3><ol><li><p><strong>H\u00fchnerbrust marinieren:<\/strong><\/p><ul><li>Eine Sch\u00fcssel (ca. 2 l) auf den Mixtopfdeckel stellen, <strong>30 g Tomatenmark<\/strong> und <strong>10 g Sonnenblumen\u00f6l<\/strong>einwiegen, <strong>1 TL Worcestersauce<\/strong>, <strong>\u00bd TL Paprikapulver<\/strong>, <strong>2 Prisen Salz<\/strong> und <strong>2 Prisen Pfeffer<\/strong> zugeben, alles verr\u00fchren.<\/li><li>Sch\u00fcssel wieder auf den Mixtopfdeckel stellen, <strong>500 g H\u00fchnerbruststreifen<\/strong> einwiegen und alles gut vermischen.<\/li><\/ul><\/li><li><p><strong>Reis und Brokkoli vorbereiten:<\/strong><\/p><ul><li><strong>2 geh. TL Gew\u00fcrzpaste f\u00fcr Gem\u00fcsebr\u00fche<\/strong> in den Mixtopf geben, Gareinsatz einh\u00e4ngen, <strong>250 g Reis<\/strong>einwiegen und <strong>1200 g Wasser<\/strong> \u00fcber den Reis einwiegen.<\/li><li>Varoma-Beh\u00e4lter aufsetzen, <strong>500 g Brokkoli<\/strong> einwiegen und mit <strong>2 Prisen Salz<\/strong> w\u00fcrzen. Varoma-Einlegeboden einsetzen, mariniertes H\u00fchnergeschnetzeltes auf dem Varoma-Einlegeboden verteilen, Varoma verschlie\u00dfen und <strong>13 Min.\/Varoma\/Stufe 1<\/strong> garen.<\/li><\/ul><\/li><li><p><strong>Weiteres Garen:<\/strong><\/p><ul><li>Varoma-Einlegeboden absetzen, Brokkoli einmal durchmischen, Einlegeboden wieder einsetzen und Varoma verschlie\u00dfen. Weitere <strong>12 Min.\/Varoma\/Stufe 1<\/strong> garen.<\/li><\/ul><\/li><li><p><strong>Garprozess beenden:<\/strong><\/p><ul><li>Varoma absetzen und Fleisch in eine Sch\u00fcssel geben. Brokkoli umf\u00fcllen. Gareinsatz mithilfe des Spatels herausnehmen, Reis umf\u00fcllen und alles warm stellen. Mixtopf leeren und Garfl\u00fcssigkeit dabei auffangen.<\/li><\/ul><\/li><li><p><strong>Sauce zubereiten:<\/strong><\/p><ul><li><strong>1 Zwiebel<\/strong> in den Mixtopf geben, <strong>5 Sek.\/Stufe 5<\/strong> zerkleinern und mit dem Spatel nach unten schieben.<\/li><li><strong>20 g Butter<\/strong> zugeben und <strong>2 Min.\/120\u00b0C\/Stufe 1<\/strong> d\u00fcnsten.<\/li><li><strong>300 g Garfl\u00fcssigkeit<\/strong>, <strong>100 g Schlagobers<\/strong>, <strong>15 g Maisst\u00e4rke<\/strong>, <strong>10 g Tomatenmark<\/strong>, <strong>1 TL Paprikapulver<\/strong>, <strong>1 TL Oregano<\/strong>, <strong>\u00bd TL Salz<\/strong> und <strong>\u00bc TL Pfeffer<\/strong> zugeben, <strong>5 Sek.\/Stufe 5<\/strong> verr\u00fchren, <strong>3 Min.\/100\u00b0C\/Stufe 3<\/strong>aufkochen.<\/li><li>Die Sauce zum Fleisch in die Sch\u00fcssel geben, vermischen und abschmecken.<\/li><\/ul><\/li><li><p><strong>Servieren:<\/strong><\/p><ul><li>H\u00fchnergeschnetzeltes mit Reis und Brokkoli auf 4 Tellern anrichten und servieren.<\/li><\/ul><\/li><\/ol>\t\t\t\t\t\t\t\t<\/div>\n\t\t\t\t<\/div>\n\t\t\t\t<\/div>\n\t\t\t\t<\/div>\n\t\t","protected":false},"excerpt":{"rendered":"<p>H\u00fchnergeschnetzeltes mit Reis und Brokkoli (Thermomix TM 6) Portionen: F\u00fcr 4 Personen Zutaten 30 g Tomatenmark 10 g Sonnenblumen\u00f6l 1 TL Worcestersauce 1 \u00bd TL Paprikapulver, edels\u00fc\u00df \u00bd TL Salz und etwas mehr f\u00fcr die Marinade und den Brokkoli \u00bc TL Pfeffer, gemahlen und etwas mehr f\u00fcr die Marinade 500 g H\u00fchnerbrust, in Streifen (ca. [&hellip;]<\/p>\n","protected":false},"author":1,"featured_media":0,"parent":0,"menu_order":0,"comment_status":"closed","ping_status":"closed","template":"elementor_header_footer","meta":{"footnotes":""},"class_list":["post-609","page","type-page","status-publish","hentry"],"_links":{"self":[{"href":"http:\/\/merely-labeled.com\/index.php?rest_route=\/wp\/v2\/pages\/609","targetHints":{"allow":["GET"]}}],"collection":[{"href":"http:\/\/merely-labeled.com\/index.php?rest_route=\/wp\/v2\/pages"}],"about":[{"href":"http:\/\/merely-labeled.com\/index.php?rest_route=\/wp\/v2\/types\/page"}],"author":[{"embeddable":true,"href":"http:\/\/merely-labeled.com\/index.php?rest_route=\/wp\/v2\/users\/1"}],"replies":[{"embeddable":true,"href":"http:\/\/merely-labeled.com\/index.php?rest_route=%2Fwp%2Fv2%2Fcomments&post=609"}],"version-history":[{"count":8,"href":"http:\/\/merely-labeled.com\/index.php?rest_route=\/wp\/v2\/pages\/609\/revisions"}],"predecessor-version":[{"id":1044,"href":"http:\/\/merely-labeled.com\/index.php?rest_route=\/wp\/v2\/pages\/609\/revisions\/1044"}],"wp:attachment":[{"href":"http:\/\/merely-labeled.com\/index.php?rest_route=%2Fwp%2Fv2%2Fmedia&parent=609"}],"curies":[{"name":"wp","href":"https:\/\/api.w.org\/{rel}","templated":true}]}}