{"id":601,"date":"2024-08-17T11:56:59","date_gmt":"2024-08-17T09:56:59","guid":{"rendered":"http:\/\/merely-labeled.com\/?page_id=601"},"modified":"2024-08-18T16:58:01","modified_gmt":"2024-08-18T14:58:01","slug":"limoncellospritz","status":"publish","type":"page","link":"http:\/\/merely-labeled.com\/?page_id=601","title":{"rendered":"Limoncellospritz"},"content":{"rendered":"\t\t<div data-elementor-type=\"wp-page\" data-elementor-id=\"601\" class=\"elementor elementor-601\" data-elementor-post-type=\"page\">\n\t\t\t\t<div class=\"elementor-element elementor-element-7b13efe5 e-con-full e-flex e-con e-parent\" data-id=\"7b13efe5\" data-element_type=\"container\" data-e-type=\"container\" data-settings=\"{&quot;background_background&quot;:&quot;gradient&quot;}\">\n\t\t\t\t<div class=\"elementor-element elementor-element-5d9617b3 elementor-widget elementor-widget-heading\" data-id=\"5d9617b3\" data-element_type=\"widget\" data-e-type=\"widget\" data-widget_type=\"heading.default\">\n\t\t\t\t<div class=\"elementor-widget-container\">\n\t\t\t\t\t<h2 class=\"elementor-heading-title elementor-size-default\">Limoncellospritz<\/h2>\t\t\t\t<\/div>\n\t\t\t\t<\/div>\n\t\t\t\t<div class=\"elementor-element elementor-element-8baa3f6 elementor-widget__width-inherit elementor-widget-divider--view-line elementor-invisible elementor-widget elementor-widget-divider\" data-id=\"8baa3f6\" data-element_type=\"widget\" data-e-type=\"widget\" data-settings=\"{&quot;_animation&quot;:&quot;fadeInLeft&quot;}\" data-widget_type=\"divider.default\">\n\t\t\t\t<div class=\"elementor-widget-container\">\n\t\t\t\t\t\t\t<div class=\"elementor-divider\">\n\t\t\t<span class=\"elementor-divider-separator\">\n\t\t\t\t\t\t<\/span>\n\t\t<\/div>\n\t\t\t\t\t\t<\/div>\n\t\t\t\t<\/div>\n\t\t\t\t<div class=\"elementor-element elementor-element-b101549 elementor-widget elementor-widget-text-editor\" data-id=\"b101549\" data-element_type=\"widget\" data-e-type=\"widget\" data-widget_type=\"text-editor.default\">\n\t\t\t\t<div class=\"elementor-widget-container\">\n\t\t\t\t\t\t\t\t\t<p><strong>Portionen:<\/strong> 1 Drink<\/p><h3>Zutaten<\/h3><ul><li><strong>50 ml<\/strong> Limoncello<\/li><li><strong>100 ml<\/strong> Prosecco<\/li><li><strong>50 ml<\/strong> Soda- oder Mineralwasser<\/li><li><strong>Eisw\u00fcrfel<\/strong> nach Bedarf<\/li><li><strong>Zitronenscheiben<\/strong> zum Garnieren<\/li><li><strong>Frische Minzbl\u00e4tter<\/strong> zum Garnieren (optional)<\/li><\/ul><h3>Zubereitung<\/h3><ol><li><strong>Eisw\u00fcrfel<\/strong> in ein Weinglas oder ein gro\u00dfes Cocktailglas f\u00fcllen.<\/li><li><strong>50 ml Limoncello<\/strong> \u00fcber das Eis gie\u00dfen.<\/li><li><strong>100 ml Prosecco<\/strong> hinzuf\u00fcgen und vorsichtig umr\u00fchren.<\/li><li>Das Glas mit <strong>50 ml Soda- oder Mineralwasser<\/strong> auff\u00fcllen.<\/li><li>Den Drink mit einer <strong>Zitronenscheibe<\/strong> und, falls gew\u00fcnscht, ein paar <strong>frischen Minzbl\u00e4ttern<\/strong> garnieren.<\/li><\/ol><h3>Notwendiges Zubeh\u00f6r<\/h3><ul><li>Weinglas oder gro\u00dfes Cocktailglas<\/li><li>L\u00f6ffel zum Umr\u00fchren<\/li><\/ul><h3>N\u00e4hrwerte pro Portion<\/h3><p><strong>Kalorien:<\/strong> variabel je nach Art des Proseccos und Limoncellos<br \/><strong>Alkoholgehalt:<\/strong> variabel<br \/><strong>Zucker:<\/strong> variabel<br \/><strong>Fett:<\/strong> nicht vorhanden<br \/><strong>Ballaststoffe:<\/strong> nicht vorhanden<\/p><h3>Tipps &amp; Tricks<\/h3><ul><li>F\u00fcr eine weniger s\u00fc\u00dfe Variante kann die Menge des Limoncellos reduziert werden.<\/li><li>Der Drink kann auch mit einem Spritzer frisch gepresstem Zitronensaft verfeinert werden.<\/li><\/ul>\t\t\t\t\t\t\t\t<\/div>\n\t\t\t\t<\/div>\n\t\t\t\t<\/div>\n\t\t\t\t<\/div>\n\t\t","protected":false},"excerpt":{"rendered":"<p>Limoncellospritz Portionen: 1 Drink Zutaten 50 ml Limoncello 100 ml Prosecco 50 ml Soda- oder Mineralwasser Eisw\u00fcrfel nach Bedarf Zitronenscheiben zum Garnieren Frische Minzbl\u00e4tter zum Garnieren (optional) Zubereitung Eisw\u00fcrfel in ein Weinglas oder ein gro\u00dfes Cocktailglas f\u00fcllen. 50 ml Limoncello \u00fcber das Eis gie\u00dfen. 100 ml Prosecco hinzuf\u00fcgen und vorsichtig umr\u00fchren. Das Glas mit 50 [&hellip;]<\/p>\n","protected":false},"author":1,"featured_media":0,"parent":0,"menu_order":0,"comment_status":"closed","ping_status":"closed","template":"elementor_header_footer","meta":{"footnotes":""},"class_list":["post-601","page","type-page","status-publish","hentry"],"_links":{"self":[{"href":"http:\/\/merely-labeled.com\/index.php?rest_route=\/wp\/v2\/pages\/601","targetHints":{"allow":["GET"]}}],"collection":[{"href":"http:\/\/merely-labeled.com\/index.php?rest_route=\/wp\/v2\/pages"}],"about":[{"href":"http:\/\/merely-labeled.com\/index.php?rest_route=\/wp\/v2\/types\/page"}],"author":[{"embeddable":true,"href":"http:\/\/merely-labeled.com\/index.php?rest_route=\/wp\/v2\/users\/1"}],"replies":[{"embeddable":true,"href":"http:\/\/merely-labeled.com\/index.php?rest_route=%2Fwp%2Fv2%2Fcomments&post=601"}],"version-history":[{"count":7,"href":"http:\/\/merely-labeled.com\/index.php?rest_route=\/wp\/v2\/pages\/601\/revisions"}],"predecessor-version":[{"id":969,"href":"http:\/\/merely-labeled.com\/index.php?rest_route=\/wp\/v2\/pages\/601\/revisions\/969"}],"wp:attachment":[{"href":"http:\/\/merely-labeled.com\/index.php?rest_route=%2Fwp%2Fv2%2Fmedia&parent=601"}],"curies":[{"name":"wp","href":"https:\/\/api.w.org\/{rel}","templated":true}]}}