{"id":593,"date":"2024-08-17T11:49:19","date_gmt":"2024-08-17T09:49:19","guid":{"rendered":"http:\/\/merely-labeled.com\/?page_id=593"},"modified":"2024-08-18T20:02:19","modified_gmt":"2024-08-18T18:02:19","slug":"tiramisu","status":"publish","type":"page","link":"http:\/\/merely-labeled.com\/?page_id=593","title":{"rendered":"Tiramisu"},"content":{"rendered":"\t\t<div data-elementor-type=\"wp-page\" data-elementor-id=\"593\" class=\"elementor elementor-593\" data-elementor-post-type=\"page\">\n\t\t\t\t<div class=\"elementor-element elementor-element-5b4a07d5 e-con-full e-flex e-con e-parent\" data-id=\"5b4a07d5\" data-element_type=\"container\" data-e-type=\"container\" data-settings=\"{&quot;background_background&quot;:&quot;gradient&quot;}\">\n\t\t\t\t<div class=\"elementor-element elementor-element-321f33d elementor-widget elementor-widget-heading\" data-id=\"321f33d\" data-element_type=\"widget\" data-e-type=\"widget\" data-widget_type=\"heading.default\">\n\t\t\t\t<div class=\"elementor-widget-container\">\n\t\t\t\t\t<h2 class=\"elementor-heading-title elementor-size-default\">Tiramisu (Thermomix TM 6)<\/h2>\t\t\t\t<\/div>\n\t\t\t\t<\/div>\n\t\t\t\t<div class=\"elementor-element elementor-element-47879c7b elementor-widget__width-inherit elementor-widget-divider--view-line elementor-invisible elementor-widget elementor-widget-divider\" data-id=\"47879c7b\" data-element_type=\"widget\" data-e-type=\"widget\" data-settings=\"{&quot;_animation&quot;:&quot;fadeInLeft&quot;}\" data-widget_type=\"divider.default\">\n\t\t\t\t<div class=\"elementor-widget-container\">\n\t\t\t\t\t\t\t<div class=\"elementor-divider\">\n\t\t\t<span class=\"elementor-divider-separator\">\n\t\t\t\t\t\t<\/span>\n\t\t<\/div>\n\t\t\t\t\t\t<\/div>\n\t\t\t\t<\/div>\n\t\t\t\t<div class=\"elementor-element elementor-element-6c46c38 elementor-widget elementor-widget-text-editor\" data-id=\"6c46c38\" data-element_type=\"widget\" data-e-type=\"widget\" data-widget_type=\"text-editor.default\">\n\t\t\t\t<div class=\"elementor-widget-container\">\n\t\t\t\t\t\t\t\t\t<p><strong>Portionen:<\/strong> F\u00fcr ca. 6-8 Personen<br \/><strong>Gr\u00f6\u00dfe der Sch\u00fcssel:<\/strong> 29 x 19 x 7 cm<\/p><h3>Zutaten<\/h3><ul><li><strong>500 g<\/strong> Mascarpone<\/li><li><strong>5<\/strong> Eier (getrennt in Eigelb und Eiwei\u00df)<\/li><li><strong>150 g<\/strong> Zucker<\/li><li><strong>1 TL<\/strong> Vanilleextrakt (alternativ: das Mark einer halben Vanilleschote, <strong>1 EL<\/strong> Vanillezucker oder <strong>1\/4 TL<\/strong>Vanillepulver)<\/li><li><strong>200 ml<\/strong> kalter Espresso oder starker Kaffee<\/li><li><strong>50 ml<\/strong> Amaretto (optional)<\/li><li><strong>200 g<\/strong> L\u00f6ffelbiskuits<\/li><li><strong>Kakaopulver<\/strong> zum Best\u00e4uben<\/li><\/ul><h3>Zubereitung<\/h3><ol><li><p><strong>5 Eiwei\u00df<\/strong> in den Mixtopf geben und <strong>2 Min.\/Stufe 3,5<\/strong> steif schlagen. Eiwei\u00df umf\u00fcllen und kalt stellen. R\u00fchraufsatz entfernen, Mixtopf reinigen und trocknen.<\/p><\/li><li><p><strong>5 Eigelb<\/strong>, <strong>150 g Zucker<\/strong> und <strong>1 TL Vanilleextrakt<\/strong> (oder Alternative) in den Mixtopf geben und <strong>3 Min.\/Stufe 3<\/strong>schaumig schlagen.<\/p><\/li><li><p><strong>500 g Mascarpone<\/strong> in den Mixtopf geben und <strong>1 Min.\/Stufe 3,5<\/strong> unterr\u00fchren, bis eine glatte Creme entsteht.<\/p><\/li><li><p>Die geschlagene Eiwei\u00dfmasse vorsichtig unter die Mascarpone-Ei-Mischung heben.<\/p><\/li><li><p><strong>200 ml Espresso<\/strong> oder starker Kaffee und <strong>50 ml Amaretto<\/strong> (falls verwendet) in eine flache Sch\u00fcssel geben und gut vermischen.<\/p><\/li><li><p><strong>200 g L\u00f6ffelbiskuits<\/strong> nacheinander kurz in die Kaffee-Mischung tauchen (nur kurz, damit sie nicht zu weich werden) und den Boden der Sch\u00fcssel (29 x 19 x 7 cm) damit auslegen.<\/p><\/li><li><p>Eine Schicht der Mascarpone-Creme auf die getr\u00e4nkten L\u00f6ffelbiskuits geben und glatt streichen. Eine zweite Schicht getr\u00e4nkter L\u00f6ffelbiskuits darauflegen und mit einer weiteren Schicht Mascarpone-Creme abschlie\u00dfen. Den Vorgang wiederholen, bis die Sch\u00fcssel gef\u00fcllt ist (meistens 2 Schichten Biskuits und 2 Schichten Creme).<\/p><\/li><li><p>Das Tiramisu mindestens <strong>4 Stunden<\/strong> (besser \u00fcber Nacht) im K\u00fchlschrank durchziehen lassen.<\/p><\/li><li><p>Vor dem Servieren mit <strong>Kakaopulver<\/strong> best\u00e4uben.<\/p><\/li><\/ol><h3>Tipps &amp; Tricks<\/h3><ul><li><strong>L\u00f6ffelbiskuits optimal einweichen:<\/strong> Tauche die L\u00f6ffelbiskuits wirklich nur kurz in den Kaffee, damit sie nicht zu weich werden und ihre Form behalten.<\/li><li><strong>Variation ohne Alkohol:<\/strong> Wenn du das Tiramisu ohne Alkohol zubereiten m\u00f6chtest, kannst du den Amaretto weglassen oder durch Mandelsirup ersetzen.<\/li><li><strong>K\u00fchlen:<\/strong> Das Tiramisu sollte idealerweise \u00fcber Nacht im K\u00fchlschrank durchziehen. So k\u00f6nnen sich die Aromen besser entfalten und die Creme wird fester.<\/li><li><strong>Servieren:<\/strong> F\u00fcr ein besonders sch\u00f6nes Serviererlebnis kannst du das Tiramisu in einzelne Gl\u00e4ser schichten, anstatt in einer gro\u00dfen Form.<\/li><li><strong>Kakaopulver:<\/strong> Best\u00e4ube das Tiramisu erst kurz vor dem Servieren mit Kakaopulver, damit es nicht feucht wird und seine sch\u00f6ne Optik beh\u00e4lt.<\/li><li><strong>Frische Eier:<\/strong> Verwende immer frische Eier, da sie roh verarbeitet werden. Alternativ kannst du pasteurisiertes Ei verwenden.<\/li><\/ul>\t\t\t\t\t\t\t\t<\/div>\n\t\t\t\t<\/div>\n\t\t\t\t<\/div>\n\t\t\t\t<\/div>\n\t\t","protected":false},"excerpt":{"rendered":"<p>Tiramisu (Thermomix TM 6) Portionen: F\u00fcr ca. 6-8 PersonenGr\u00f6\u00dfe der Sch\u00fcssel: 29 x 19 x 7 cm Zutaten 500 g Mascarpone 5 Eier (getrennt in Eigelb und Eiwei\u00df) 150 g Zucker 1 TL Vanilleextrakt (alternativ: das Mark einer halben Vanilleschote, 1 EL Vanillezucker oder 1\/4 TLVanillepulver) 200 ml kalter Espresso oder starker Kaffee 50 ml [&hellip;]<\/p>\n","protected":false},"author":1,"featured_media":0,"parent":0,"menu_order":0,"comment_status":"closed","ping_status":"closed","template":"elementor_header_footer","meta":{"footnotes":""},"class_list":["post-593","page","type-page","status-publish","hentry"],"_links":{"self":[{"href":"http:\/\/merely-labeled.com\/index.php?rest_route=\/wp\/v2\/pages\/593","targetHints":{"allow":["GET"]}}],"collection":[{"href":"http:\/\/merely-labeled.com\/index.php?rest_route=\/wp\/v2\/pages"}],"about":[{"href":"http:\/\/merely-labeled.com\/index.php?rest_route=\/wp\/v2\/types\/page"}],"author":[{"embeddable":true,"href":"http:\/\/merely-labeled.com\/index.php?rest_route=\/wp\/v2\/users\/1"}],"replies":[{"embeddable":true,"href":"http:\/\/merely-labeled.com\/index.php?rest_route=%2Fwp%2Fv2%2Fcomments&post=593"}],"version-history":[{"count":10,"href":"http:\/\/merely-labeled.com\/index.php?rest_route=\/wp\/v2\/pages\/593\/revisions"}],"predecessor-version":[{"id":1070,"href":"http:\/\/merely-labeled.com\/index.php?rest_route=\/wp\/v2\/pages\/593\/revisions\/1070"}],"wp:attachment":[{"href":"http:\/\/merely-labeled.com\/index.php?rest_route=%2Fwp%2Fv2%2Fmedia&parent=593"}],"curies":[{"name":"wp","href":"https:\/\/api.w.org\/{rel}","templated":true}]}}