{"id":585,"date":"2024-08-17T11:35:45","date_gmt":"2024-08-17T09:35:45","guid":{"rendered":"http:\/\/merely-labeled.com\/?page_id=585"},"modified":"2026-02-27T16:14:40","modified_gmt":"2026-02-27T15:14:40","slug":"ciabatta","status":"publish","type":"page","link":"http:\/\/merely-labeled.com\/?page_id=585","title":{"rendered":"Ciabatta"},"content":{"rendered":"\t\t<div data-elementor-type=\"wp-page\" data-elementor-id=\"585\" class=\"elementor elementor-585\" data-elementor-post-type=\"page\">\n\t\t\t\t<div class=\"elementor-element elementor-element-51b40bc9 e-con-full e-flex e-con e-parent\" data-id=\"51b40bc9\" data-element_type=\"container\" data-e-type=\"container\" data-settings=\"{&quot;background_background&quot;:&quot;gradient&quot;}\">\n\t\t\t\t<div class=\"elementor-element elementor-element-4c011f8c elementor-widget elementor-widget-heading\" data-id=\"4c011f8c\" data-element_type=\"widget\" data-e-type=\"widget\" data-widget_type=\"heading.default\">\n\t\t\t\t<div class=\"elementor-widget-container\">\n\t\t\t\t\t<h2 class=\"elementor-heading-title elementor-size-default\">Ciabatta<\/h2>\t\t\t\t<\/div>\n\t\t\t\t<\/div>\n\t\t\t\t<div class=\"elementor-element elementor-element-3152fd92 elementor-widget__width-inherit elementor-widget-divider--view-line elementor-invisible elementor-widget elementor-widget-divider\" data-id=\"3152fd92\" data-element_type=\"widget\" data-e-type=\"widget\" data-settings=\"{&quot;_animation&quot;:&quot;fadeInLeft&quot;}\" data-widget_type=\"divider.default\">\n\t\t\t\t<div class=\"elementor-widget-container\">\n\t\t\t\t\t\t\t<div class=\"elementor-divider\">\n\t\t\t<span class=\"elementor-divider-separator\">\n\t\t\t\t\t\t<\/span>\n\t\t<\/div>\n\t\t\t\t\t\t<\/div>\n\t\t\t\t<\/div>\n\t\t\t\t<div class=\"elementor-element elementor-element-24890ba5 elementor-widget elementor-widget-text-editor\" data-id=\"24890ba5\" data-element_type=\"widget\" data-e-type=\"widget\" data-widget_type=\"text-editor.default\">\n\t\t\t\t<div class=\"elementor-widget-container\">\n\t\t\t\t\t\t\t\t\t<h3>Zutaten<\/h3><h4>Biga-Vorteig<\/h4><ul><li><strong>230 g<\/strong> Weizenmehl Typ 00 (12-15% Eiwei\u00df)<\/li><li><strong>175 g<\/strong> Wasser<\/li><li><strong>0,5 g<\/strong> frische Hefe (ca. erbsengro\u00df)<\/li><\/ul><h4>Hauptteig<\/h4><ul><li><strong>275 g<\/strong> Weizenmehl Typ 00 (12-15% Eiwei\u00df)<\/li><li><strong>150 g<\/strong> Wasser<\/li><li><strong>15 g<\/strong> Oliven\u00f6l<\/li><li><strong>12 g<\/strong> Salz<\/li><li><strong>8 g<\/strong> frische Hefe<\/li><li><strong>Biga-Vorteig<\/strong> (aus dem ersten Schritt)<\/li><\/ul><h3>Zubereitung<\/h3><h4>Biga-Vorteig<\/h4><ol><li><strong>175 g Wasser<\/strong> in eine hohe Tupperdose geben und <strong>0,5 g frische Hefe<\/strong> darin aufl\u00f6sen.<\/li><li><strong>230 g Weizenmehl<\/strong> hinzuf\u00fcgen und verr\u00fchren, bis das Mehl das Wasser vollst\u00e4ndig gebunden hat.<\/li><li>Vorteig <strong>6-24 Stunden<\/strong> bei Raumtemperatur ruhen lassen.<\/li><\/ol><h4>Hauptteig<\/h4><ol><li><strong>275 g Weizenmehl<\/strong> und <strong>8 g frische Hefe<\/strong> in eine R\u00fchrsch\u00fcssel oder Knetmaschine geben.<\/li><li>Mit dem Kneten beginnen und langsam <strong>150 g Wasser<\/strong> hinzuf\u00fcgen.<\/li><li>Wenn das Mehl das Wasser gebunden hat, den gesamten <strong>Biga-Vorteig<\/strong> hinzuf\u00fcgen und weiter kneten.<\/li><li>Kurz darauf <strong>15 g Oliven\u00f6l<\/strong> und <strong>12 g Salz<\/strong> hinzuf\u00fcgen.<\/li><li>Wenn der Teig geschmeidig ist, auf die Arbeitsplatte st\u00fcrzen, dehnen und falten, zu einer Kugel formen und f\u00fcr <strong>30 Minuten<\/strong> in eine ge\u00f6lte Tupperdose mit Deckel geben.<\/li><li>H\u00e4nde befeuchten und den Teig zweimal im Abstand von <strong>30 Minuten<\/strong> coil folden.<\/li><li>Teig eine Stunde abgedeckt im Beh\u00e4lter ruhen lassen.<\/li><\/ol><h4>Formgebung und Backen<\/h4><ol><li>Arbeitsplatte mit Mehl best\u00e4uben.<\/li><li>Teig st\u00fcrzen und in zwei gleich gro\u00dfe St\u00fccke teilen.<\/li><li>Teiglinge auf ein Brett mit Backpapier positionieren und abgedeckt <strong>30 Minuten<\/strong> ruhen lassen.<\/li><li>Ofen auf <strong>250\u00b0C Ober- und Unterhitze<\/strong> vorheizen.<\/li><li>Teig in den Ofen schieben und mit viel Dampf <strong>20-25 Minuten<\/strong> backen.<\/li><\/ol><h3>Tipps &amp; Tricks<\/h3><ul><li>Die lange Ruhezeit des Vorteigs (Biga) sorgt f\u00fcr eine bessere Entwicklung des Aromas und der Krume.<\/li><li>Um ausreichend Dampf im Ofen zu erzeugen, kann eine hitzebest\u00e4ndige Schale mit Wasser in den Ofen gestellt werden.<\/li><\/ul>\t\t\t\t\t\t\t\t<\/div>\n\t\t\t\t<\/div>\n\t\t\t\t<\/div>\n\t\t\t\t<\/div>\n\t\t","protected":false},"excerpt":{"rendered":"<p>Ciabatta Zutaten Biga-Vorteig 230 g Weizenmehl Typ 00 (12-15% Eiwei\u00df) 175 g Wasser 0,5 g frische Hefe (ca. erbsengro\u00df) Hauptteig 275 g Weizenmehl Typ 00 (12-15% Eiwei\u00df) 150 g Wasser 15 g Oliven\u00f6l 12 g Salz 8 g frische Hefe Biga-Vorteig (aus dem ersten Schritt) Zubereitung Biga-Vorteig 175 g Wasser in eine hohe Tupperdose geben [&hellip;]<\/p>\n","protected":false},"author":1,"featured_media":0,"parent":9,"menu_order":0,"comment_status":"closed","ping_status":"closed","template":"elementor_header_footer","meta":{"footnotes":""},"class_list":["post-585","page","type-page","status-publish","hentry"],"_links":{"self":[{"href":"http:\/\/merely-labeled.com\/index.php?rest_route=\/wp\/v2\/pages\/585","targetHints":{"allow":["GET"]}}],"collection":[{"href":"http:\/\/merely-labeled.com\/index.php?rest_route=\/wp\/v2\/pages"}],"about":[{"href":"http:\/\/merely-labeled.com\/index.php?rest_route=\/wp\/v2\/types\/page"}],"author":[{"embeddable":true,"href":"http:\/\/merely-labeled.com\/index.php?rest_route=\/wp\/v2\/users\/1"}],"replies":[{"embeddable":true,"href":"http:\/\/merely-labeled.com\/index.php?rest_route=%2Fwp%2Fv2%2Fcomments&post=585"}],"version-history":[{"count":10,"href":"http:\/\/merely-labeled.com\/index.php?rest_route=\/wp\/v2\/pages\/585\/revisions"}],"predecessor-version":[{"id":1207,"href":"http:\/\/merely-labeled.com\/index.php?rest_route=\/wp\/v2\/pages\/585\/revisions\/1207"}],"up":[{"embeddable":true,"href":"http:\/\/merely-labeled.com\/index.php?rest_route=\/wp\/v2\/pages\/9"}],"wp:attachment":[{"href":"http:\/\/merely-labeled.com\/index.php?rest_route=%2Fwp%2Fv2%2Fmedia&parent=585"}],"curies":[{"name":"wp","href":"https:\/\/api.w.org\/{rel}","templated":true}]}}