{"id":575,"date":"2024-08-17T11:16:55","date_gmt":"2024-08-17T09:16:55","guid":{"rendered":"http:\/\/merely-labeled.com\/?page_id=575"},"modified":"2024-08-18T20:09:53","modified_gmt":"2024-08-18T18:09:53","slug":"elementor-575","status":"publish","type":"page","link":"http:\/\/merely-labeled.com\/?page_id=575","title":{"rendered":"Pfeffersauce (Thermomix TM6)"},"content":{"rendered":"\t\t<div data-elementor-type=\"wp-page\" data-elementor-id=\"575\" class=\"elementor elementor-575\" data-elementor-post-type=\"page\">\n\t\t\t\t<div class=\"elementor-element elementor-element-4d877fd9 e-con-full e-flex e-con e-parent\" data-id=\"4d877fd9\" data-element_type=\"container\" data-e-type=\"container\" data-settings=\"{&quot;background_background&quot;:&quot;gradient&quot;}\">\n\t\t\t\t<div class=\"elementor-element elementor-element-4ef7386d elementor-widget elementor-widget-heading\" data-id=\"4ef7386d\" data-element_type=\"widget\" data-e-type=\"widget\" data-widget_type=\"heading.default\">\n\t\t\t\t<div class=\"elementor-widget-container\">\n\t\t\t\t\t<h2 class=\"elementor-heading-title elementor-size-default\">Pfeffersauce (Thermomix TM 6)<\/h2>\t\t\t\t<\/div>\n\t\t\t\t<\/div>\n\t\t\t\t<div class=\"elementor-element elementor-element-251f7392 elementor-widget__width-inherit elementor-widget-divider--view-line elementor-invisible elementor-widget elementor-widget-divider\" data-id=\"251f7392\" data-element_type=\"widget\" data-e-type=\"widget\" data-settings=\"{&quot;_animation&quot;:&quot;fadeInLeft&quot;}\" data-widget_type=\"divider.default\">\n\t\t\t\t<div class=\"elementor-widget-container\">\n\t\t\t\t\t\t\t<div class=\"elementor-divider\">\n\t\t\t<span class=\"elementor-divider-separator\">\n\t\t\t\t\t\t<\/span>\n\t\t<\/div>\n\t\t\t\t\t\t<\/div>\n\t\t\t\t<\/div>\n\t\t\t\t<div class=\"elementor-element elementor-element-4fe4823d elementor-widget elementor-widget-text-editor\" data-id=\"4fe4823d\" data-element_type=\"widget\" data-e-type=\"widget\" data-widget_type=\"text-editor.default\">\n\t\t\t\t<div class=\"elementor-widget-container\">\n\t\t\t\t\t\t\t\t\t<p><strong>Portionen:<\/strong> F\u00fcr 4 Personen<\/p><h3>Zutaten<\/h3><ul><li><strong>2 EL<\/strong> schwarze Pfefferk\u00f6rner (im M\u00f6rser grob zerdr\u00fcckt)<\/li><li><strong>2 EL<\/strong> Butter<\/li><li><strong>1 kleine<\/strong> Zwiebel (halbiert)<\/li><li><strong>100 ml<\/strong> Portwein (Ruby oder Tawny Port) oder Cognac<\/li><li><strong>1<\/strong> Suppenw\u00fcrfel (Rind)<\/li><li><strong>200 ml<\/strong> Wasser<\/li><li><strong>250 ml<\/strong> Schlagobers<\/li><li><strong>2 TL<\/strong> Maisst\u00e4rke<\/li><li><strong>Salz<\/strong> nach Geschmack<\/li><\/ul><h3>Zubereitung<\/h3><ol><li><strong>1 kleine Zwiebel<\/strong> (halbiert) in den Mixtopf geben und <strong>5 Sek.\/Stufe 5<\/strong> zerkleinern. Mit dem Spatel nach unten schieben.<\/li><li><strong>2 EL Butter<\/strong> hinzuf\u00fcgen und <strong>3 Min.\/Varoma\/Stufe 1<\/strong> anschwitzen.<\/li><li><strong>2 EL zerdr\u00fcckte schwarze Pfefferk\u00f6rner<\/strong> und <strong>100 ml Portwein<\/strong> (Ruby oder Tawny Port) oder Cognac hinzuf\u00fcgen. <strong>2 Min.\/120\u00b0C\/Stufe 1<\/strong> kochen lassen, damit der Alkohol gr\u00f6\u00dftenteils verdampft.<\/li><li><strong>1 Suppenw\u00fcrfel (Rind)<\/strong>, <strong>200 ml Wasser<\/strong> sowie <strong>250 ml Schlagobers<\/strong> hinzuf\u00fcgen.<\/li><li><strong>2 TL Maisst\u00e4rke<\/strong> (mit etwas kaltem Wasser anger\u00fchrt) langsam in die Mischung einr\u00fchren und <strong>15 Min.\/100\u00b0C\/Stufe 2<\/strong> k\u00f6cheln lassen.<\/li><li><strong>Salz nach Geschmack<\/strong> hinzuf\u00fcgen und nach Bedarf noch etwas Pfeffer.<\/li><\/ol><h3>Tipps &amp; Tricks<\/h3><ul><li><strong>Pfefferk\u00f6rner variieren:<\/strong> F\u00fcr einen intensiveren Geschmack kannst du gr\u00fcne oder rosa Pfefferk\u00f6rner anstelle oder zus\u00e4tzlich zu den schwarzen verwenden.<\/li><li><strong>Portwein-Alternativen:<\/strong> Wenn du keinen Portwein oder Cognac zur Hand hast, kannst du auch einen kr\u00e4ftigen Rotwein verwenden, der der Sauce eine andere, aber ebenso leckere Note verleiht.<\/li><li><strong>S\u00e4migkeit der Sauce:<\/strong> F\u00fcr eine extra s\u00e4mige Sauce kannst du die Schlagobers durch Sahne mit h\u00f6herem Fettgehalt ersetzen oder zus\u00e4tzlich etwas Cr\u00e8me fra\u00eeche hinzuf\u00fcgen.<\/li><li><strong>Milder Geschmack:<\/strong> Wenn dir die Sauce zu scharf ist, kannst du die Menge der Pfefferk\u00f6rner reduzieren oder nach dem Kochen ein wenig Zucker hinzuf\u00fcgen, um die Sch\u00e4rfe zu mildern.<\/li><li><strong>Aufbewahrung:<\/strong> Die Sauce kann gut im K\u00fchlschrank aufbewahrt werden und schmeckt nach dem Aufw\u00e4rmen sogar noch intensiver. Sie l\u00e4sst sich auch gut einfrieren.<\/li><li><strong>Servieren:<\/strong> Die Pfeffersauce passt hervorragend zu Steak, gegrilltem Fleisch oder sogar zu Kartoffelgerichten.<\/li><\/ul>\t\t\t\t\t\t\t\t<\/div>\n\t\t\t\t<\/div>\n\t\t\t\t<\/div>\n\t\t\t\t<\/div>\n\t\t","protected":false},"excerpt":{"rendered":"<p>Pfeffersauce (Thermomix TM 6) Portionen: F\u00fcr 4 Personen Zutaten 2 EL schwarze Pfefferk\u00f6rner (im M\u00f6rser grob zerdr\u00fcckt) 2 EL Butter 1 kleine Zwiebel (halbiert) 100 ml Portwein (Ruby oder Tawny Port) oder Cognac 1 Suppenw\u00fcrfel (Rind) 200 ml Wasser 250 ml Schlagobers 2 TL Maisst\u00e4rke Salz nach Geschmack Zubereitung 1 kleine Zwiebel (halbiert) in den [&hellip;]<\/p>\n","protected":false},"author":1,"featured_media":0,"parent":0,"menu_order":0,"comment_status":"closed","ping_status":"closed","template":"elementor_header_footer","meta":{"footnotes":""},"class_list":["post-575","page","type-page","status-publish","hentry"],"_links":{"self":[{"href":"http:\/\/merely-labeled.com\/index.php?rest_route=\/wp\/v2\/pages\/575","targetHints":{"allow":["GET"]}}],"collection":[{"href":"http:\/\/merely-labeled.com\/index.php?rest_route=\/wp\/v2\/pages"}],"about":[{"href":"http:\/\/merely-labeled.com\/index.php?rest_route=\/wp\/v2\/types\/page"}],"author":[{"embeddable":true,"href":"http:\/\/merely-labeled.com\/index.php?rest_route=\/wp\/v2\/users\/1"}],"replies":[{"embeddable":true,"href":"http:\/\/merely-labeled.com\/index.php?rest_route=%2Fwp%2Fv2%2Fcomments&post=575"}],"version-history":[{"count":8,"href":"http:\/\/merely-labeled.com\/index.php?rest_route=\/wp\/v2\/pages\/575\/revisions"}],"predecessor-version":[{"id":1104,"href":"http:\/\/merely-labeled.com\/index.php?rest_route=\/wp\/v2\/pages\/575\/revisions\/1104"}],"wp:attachment":[{"href":"http:\/\/merely-labeled.com\/index.php?rest_route=%2Fwp%2Fv2%2Fmedia&parent=575"}],"curies":[{"name":"wp","href":"https:\/\/api.w.org\/{rel}","templated":true}]}}