{"id":555,"date":"2024-08-03T13:55:26","date_gmt":"2024-08-03T11:55:26","guid":{"rendered":"http:\/\/merely-labeled.com\/?page_id=555"},"modified":"2024-08-18T16:58:39","modified_gmt":"2024-08-18T14:58:39","slug":"linsensalat-mit-getrockneten-tomaten","status":"publish","type":"page","link":"http:\/\/merely-labeled.com\/?page_id=555","title":{"rendered":"Linsensalat mit getrockneten Tomaten"},"content":{"rendered":"\t\t<div data-elementor-type=\"wp-page\" data-elementor-id=\"555\" class=\"elementor elementor-555\" data-elementor-post-type=\"page\">\n\t\t\t\t<div class=\"elementor-element elementor-element-41582f02 e-con-full e-flex e-con e-parent\" data-id=\"41582f02\" data-element_type=\"container\" data-e-type=\"container\" data-settings=\"{&quot;background_background&quot;:&quot;gradient&quot;}\">\n\t\t\t\t<div class=\"elementor-element elementor-element-305e9988 elementor-widget elementor-widget-heading\" data-id=\"305e9988\" data-element_type=\"widget\" data-e-type=\"widget\" data-widget_type=\"heading.default\">\n\t\t\t\t<div class=\"elementor-widget-container\">\n\t\t\t\t\t<h2 class=\"elementor-heading-title elementor-size-default\">Linsensalat mit getrockneten Tomaten<\/h2>\t\t\t\t<\/div>\n\t\t\t\t<\/div>\n\t\t\t\t<div class=\"elementor-element elementor-element-571b4ab0 elementor-widget__width-inherit elementor-widget-divider--view-line elementor-invisible elementor-widget elementor-widget-divider\" data-id=\"571b4ab0\" data-element_type=\"widget\" data-e-type=\"widget\" data-settings=\"{&quot;_animation&quot;:&quot;fadeInLeft&quot;}\" data-widget_type=\"divider.default\">\n\t\t\t\t<div class=\"elementor-widget-container\">\n\t\t\t\t\t\t\t<div class=\"elementor-divider\">\n\t\t\t<span class=\"elementor-divider-separator\">\n\t\t\t\t\t\t<\/span>\n\t\t<\/div>\n\t\t\t\t\t\t<\/div>\n\t\t\t\t<\/div>\n\t\t\t\t<div class=\"elementor-element elementor-element-60c5e559 elementor-widget elementor-widget-text-editor\" data-id=\"60c5e559\" data-element_type=\"widget\" data-e-type=\"widget\" data-widget_type=\"text-editor.default\">\n\t\t\t\t<div class=\"elementor-widget-container\">\n\t\t\t\t\t\t\t\t\t<p><strong>Portionen:<\/strong> F\u00fcr 4 Personen<\/p><h3>Zutaten<\/h3><ul><li><strong>250 g<\/strong> getrocknete Linsen (kein Dal, rote oder gelbe Linsen!) \u2013 nach Anleitung weich gekocht<\/li><li><strong>1 Glas<\/strong> (ca. <strong>160 g<\/strong>) in \u00d6l eingelegte getrocknete Tomaten \u2013 klein geschnitten<\/li><li><strong>3<\/strong> Fr\u00fchlingszwiebeln \u2013 in Ringe geschnitten<\/li><li><strong>16 Bl\u00e4tter<\/strong> Basilikum \u2013 gehackt<\/li><li><strong>1 TL<\/strong> getrockneter Rosmarin (oder frischer nach Geschmack)<\/li><li><strong>10 EL<\/strong> (Balsamico-)Essig<\/li><li><strong>\u00d6l<\/strong> der eingelegten Tomaten<\/li><li><strong>1 TL<\/strong> Salz<\/li><li><strong>Pfeffer<\/strong> nach Geschmack<\/li><li><strong>1<\/strong> Zucchini \u2013 in W\u00fcrfel geschnitten<\/li><li><strong>4 Zehen<\/strong> Knoblauch \u2013 fein gehackt<\/li><li><strong>1\/8 TL<\/strong> Zimtpulver<\/li><\/ul><h3>Zubereitung<\/h3><ol><li><strong>1 Zucchini<\/strong> in etwas <strong>\u00d6l<\/strong> anbraten.<\/li><li><strong>3 in Ringe geschnittene Fr\u00fchlingszwiebeln<\/strong>, <strong>1 TL getrockneten Rosmarin<\/strong>, <strong>4 fein gehackte Knoblauchzehen<\/strong>und <strong>1\/8 TL Zimtpulver<\/strong> unterr\u00fchren und kurz mitbraten.<\/li><li>Alle Zutaten, einschlie\u00dflich der <strong>gekochten Linsen<\/strong>, <strong>klein geschnittenen getrockneten Tomaten<\/strong>, <strong>gehackten Basilikumbl\u00e4tter<\/strong>, <strong>10 EL (Balsamico-)Essig<\/strong>, und <strong>1 TL Salz<\/strong> in einer gro\u00dfen Sch\u00fcssel miteinander vermengen.<\/li><li>Mit <strong>Pfeffer<\/strong> nach Geschmack w\u00fcrzen.<\/li><li>Den Salat mindestens 1 Stunde ziehen lassen, damit sich die Aromen entfalten k\u00f6nnen.<\/li><li>Vor dem Servieren eventuell nachw\u00fcrzen.<\/li><\/ol><h3>Notwendiges Zubeh\u00f6r<\/h3><ul><li>Gro\u00dfe Sch\u00fcssel<\/li><li>Pfanne<\/li><li>Schneidebrett<\/li><li>Messer<\/li><\/ul><h3>N\u00e4hrwerte pro Portion<\/h3><p><strong>Kalorien:<\/strong> variabel je nach Art des \u00d6ls und der Linsen<br \/><strong>Protein:<\/strong> variabel<br \/><strong>Kohlenhydrate:<\/strong> variabel<br \/><strong>Fett:<\/strong> variabel<br \/><strong>Ballaststoffe:<\/strong> variabel<\/p><h3>Tipps &amp; Tricks<\/h3><ul><li>Der Salat kann auch am Vortag zubereitet werden, um die Aromen noch besser entfalten zu lassen.<\/li><li>F\u00fcr einen zus\u00e4tzlichen Geschmacksschub k\u00f6nnen einige gehackte Oliven hinzugef\u00fcgt werden.<\/li><\/ul>\t\t\t\t\t\t\t\t<\/div>\n\t\t\t\t<\/div>\n\t\t\t\t<\/div>\n\t\t\t\t<\/div>\n\t\t","protected":false},"excerpt":{"rendered":"<p>Linsensalat mit getrockneten Tomaten Portionen: F\u00fcr 4 Personen Zutaten 250 g getrocknete Linsen (kein Dal, rote oder gelbe Linsen!) \u2013 nach Anleitung weich gekocht 1 Glas (ca. 160 g) in \u00d6l eingelegte getrocknete Tomaten \u2013 klein geschnitten 3 Fr\u00fchlingszwiebeln \u2013 in Ringe geschnitten 16 Bl\u00e4tter Basilikum \u2013 gehackt 1 TL getrockneter Rosmarin (oder frischer nach [&hellip;]<\/p>\n","protected":false},"author":1,"featured_media":0,"parent":0,"menu_order":0,"comment_status":"closed","ping_status":"closed","template":"elementor_header_footer","meta":{"footnotes":""},"class_list":["post-555","page","type-page","status-publish","hentry"],"_links":{"self":[{"href":"http:\/\/merely-labeled.com\/index.php?rest_route=\/wp\/v2\/pages\/555","targetHints":{"allow":["GET"]}}],"collection":[{"href":"http:\/\/merely-labeled.com\/index.php?rest_route=\/wp\/v2\/pages"}],"about":[{"href":"http:\/\/merely-labeled.com\/index.php?rest_route=\/wp\/v2\/types\/page"}],"author":[{"embeddable":true,"href":"http:\/\/merely-labeled.com\/index.php?rest_route=\/wp\/v2\/users\/1"}],"replies":[{"embeddable":true,"href":"http:\/\/merely-labeled.com\/index.php?rest_route=%2Fwp%2Fv2%2Fcomments&post=555"}],"version-history":[{"count":10,"href":"http:\/\/merely-labeled.com\/index.php?rest_route=\/wp\/v2\/pages\/555\/revisions"}],"predecessor-version":[{"id":972,"href":"http:\/\/merely-labeled.com\/index.php?rest_route=\/wp\/v2\/pages\/555\/revisions\/972"}],"wp:attachment":[{"href":"http:\/\/merely-labeled.com\/index.php?rest_route=%2Fwp%2Fv2%2Fmedia&parent=555"}],"curies":[{"name":"wp","href":"https:\/\/api.w.org\/{rel}","templated":true}]}}