{"id":488,"date":"2024-07-13T07:39:21","date_gmt":"2024-07-13T05:39:21","guid":{"rendered":"http:\/\/merely-labeled.com\/?page_id=488"},"modified":"2026-02-27T16:14:44","modified_gmt":"2026-02-27T15:14:44","slug":"chili-limetten-dressing","status":"publish","type":"page","link":"http:\/\/merely-labeled.com\/?page_id=488","title":{"rendered":"Chili-Limetten-Dressing"},"content":{"rendered":"\t\t<div data-elementor-type=\"wp-page\" data-elementor-id=\"488\" class=\"elementor elementor-488\" data-elementor-post-type=\"page\">\n\t\t\t\t<div class=\"elementor-element elementor-element-3aa2ff8f e-con-full e-flex e-con e-parent\" data-id=\"3aa2ff8f\" data-element_type=\"container\" data-e-type=\"container\" data-settings=\"{&quot;background_background&quot;:&quot;gradient&quot;}\">\n\t\t\t\t<div class=\"elementor-element elementor-element-12b1ae9b elementor-widget elementor-widget-heading\" data-id=\"12b1ae9b\" data-element_type=\"widget\" data-e-type=\"widget\" data-widget_type=\"heading.default\">\n\t\t\t\t<div class=\"elementor-widget-container\">\n\t\t\t\t\t<h2 class=\"elementor-heading-title elementor-size-default\">Chili-Limetten-Dressing<\/h2>\t\t\t\t<\/div>\n\t\t\t\t<\/div>\n\t\t\t\t<div class=\"elementor-element elementor-element-240c26d3 elementor-widget__width-inherit elementor-widget-divider--view-line elementor-invisible elementor-widget elementor-widget-divider\" data-id=\"240c26d3\" data-element_type=\"widget\" data-e-type=\"widget\" data-settings=\"{&quot;_animation&quot;:&quot;fadeInLeft&quot;}\" data-widget_type=\"divider.default\">\n\t\t\t\t<div class=\"elementor-widget-container\">\n\t\t\t\t\t\t\t<div class=\"elementor-divider\">\n\t\t\t<span class=\"elementor-divider-separator\">\n\t\t\t\t\t\t<\/span>\n\t\t<\/div>\n\t\t\t\t\t\t<\/div>\n\t\t\t\t<\/div>\n\t\t\t\t<div class=\"elementor-element elementor-element-1c1b39fa elementor-widget elementor-widget-text-editor\" data-id=\"1c1b39fa\" data-element_type=\"widget\" data-e-type=\"widget\" data-widget_type=\"text-editor.default\">\n\t\t\t\t<div class=\"elementor-widget-container\">\n\t\t\t\t\t\t\t\t\t<p><strong>Portionen:<\/strong> F\u00fcr 1 Portion<\/p><h3>Zutaten<\/h3><ul><li><strong>3 EL<\/strong> Oliven\u00f6l<\/li><li><strong>2 EL<\/strong> Limettensaft<\/li><li><strong>1 EL<\/strong> Sojasauce<\/li><li><strong>1 EL<\/strong> Ahornsirup oder Honig<\/li><li><strong>1 TL<\/strong> Sriracha oder eine andere scharfe Sauce (nach Geschmack)<\/li><li><strong>1<\/strong> Knoblauchzehe, fein gehackt<\/li><li><strong>1\/2 TL<\/strong> geriebene Limettenschale<\/li><li>Eine Prise Salz<\/li><\/ul><h3>Zubereitung<\/h3><ol><li><strong>3 EL Oliven\u00f6l<\/strong>, <strong>2 EL Limettensaft<\/strong>, <strong>1 EL Sojasauce<\/strong>, <strong>1 EL Ahornsirup (oder Honig)<\/strong>, <strong>1 TL Sriracha<\/strong>, <strong>1 fein gehackte Knoblauchzehe<\/strong>, <strong>1\/2 TL geriebene Limettenschale<\/strong> und <strong>eine Prise Salz<\/strong> in eine Sch\u00fcssel geben.<\/li><li>Alle Zutaten gut miteinander verr\u00fchren, bis das Dressing eine gleichm\u00e4\u00dfige Konsistenz erreicht.<\/li><li>Das Dressing \u00fcber den Salat oder ein anderes Gericht nach Wahl geben und genie\u00dfen.<\/li><\/ol><h3>Notwendiges Zubeh\u00f6r<\/h3><ul><li>Sch\u00fcssel<\/li><li>Schneebesen oder Gabel zum Verr\u00fchren<\/li><\/ul><h3>N\u00e4hrwerte pro 1 Portion<\/h3><ul><li><strong>Kalorien:<\/strong> 890 kJ \/ 212 kcal<\/li><li><strong>Protein:<\/strong> 0 g<\/li><li><strong>Kohlenhydrate:<\/strong> 6 g<\/li><li><strong>Fett:<\/strong> 21 g<\/li><li><strong>Ballaststoffe:<\/strong> 0.5 g<\/li><\/ul><h4>Tipps &amp; Tricks<\/h4><p>F\u00fcr eine intensivere Limettennote kannst du die Limettenschale kurz vor dem Servieren frisch \u00fcber das Gericht reiben. Das Dressing passt hervorragend zu asiatischen Salaten, Grillgerichten oder als Marinade f\u00fcr Tofu und H\u00fchnchen.<\/p>\t\t\t\t\t\t\t\t<\/div>\n\t\t\t\t<\/div>\n\t\t\t\t<\/div>\n\t\t\t\t<\/div>\n\t\t","protected":false},"excerpt":{"rendered":"<p>Chili-Limetten-Dressing Portionen: F\u00fcr 1 Portion Zutaten 3 EL Oliven\u00f6l 2 EL Limettensaft 1 EL Sojasauce 1 EL Ahornsirup oder Honig 1 TL Sriracha oder eine andere scharfe Sauce (nach Geschmack) 1 Knoblauchzehe, fein gehackt 1\/2 TL geriebene Limettenschale Eine Prise Salz Zubereitung 3 EL Oliven\u00f6l, 2 EL Limettensaft, 1 EL Sojasauce, 1 EL Ahornsirup (oder [&hellip;]<\/p>\n","protected":false},"author":1,"featured_media":0,"parent":9,"menu_order":0,"comment_status":"closed","ping_status":"closed","template":"elementor_header_footer","meta":{"footnotes":""},"class_list":["post-488","page","type-page","status-publish","hentry"],"_links":{"self":[{"href":"http:\/\/merely-labeled.com\/index.php?rest_route=\/wp\/v2\/pages\/488","targetHints":{"allow":["GET"]}}],"collection":[{"href":"http:\/\/merely-labeled.com\/index.php?rest_route=\/wp\/v2\/pages"}],"about":[{"href":"http:\/\/merely-labeled.com\/index.php?rest_route=\/wp\/v2\/types\/page"}],"author":[{"embeddable":true,"href":"http:\/\/merely-labeled.com\/index.php?rest_route=\/wp\/v2\/users\/1"}],"replies":[{"embeddable":true,"href":"http:\/\/merely-labeled.com\/index.php?rest_route=%2Fwp%2Fv2%2Fcomments&post=488"}],"version-history":[{"count":7,"href":"http:\/\/merely-labeled.com\/index.php?rest_route=\/wp\/v2\/pages\/488\/revisions"}],"predecessor-version":[{"id":937,"href":"http:\/\/merely-labeled.com\/index.php?rest_route=\/wp\/v2\/pages\/488\/revisions\/937"}],"up":[{"embeddable":true,"href":"http:\/\/merely-labeled.com\/index.php?rest_route=\/wp\/v2\/pages\/9"}],"wp:attachment":[{"href":"http:\/\/merely-labeled.com\/index.php?rest_route=%2Fwp%2Fv2%2Fmedia&parent=488"}],"curies":[{"name":"wp","href":"https:\/\/api.w.org\/{rel}","templated":true}]}}