{"id":483,"date":"2024-07-13T07:38:20","date_gmt":"2024-07-13T05:38:20","guid":{"rendered":"http:\/\/merely-labeled.com\/?page_id=483"},"modified":"2024-08-18T16:55:18","modified_gmt":"2024-08-18T14:55:18","slug":"sesam-ingwer-dressing","status":"publish","type":"page","link":"http:\/\/merely-labeled.com\/?page_id=483","title":{"rendered":"Sesam-Ingwer-Dressing"},"content":{"rendered":"\t\t<div data-elementor-type=\"wp-page\" data-elementor-id=\"483\" class=\"elementor elementor-483\" data-elementor-post-type=\"page\">\n\t\t\t\t<div class=\"elementor-element elementor-element-7f916be0 e-con-full e-flex e-con e-parent\" data-id=\"7f916be0\" data-element_type=\"container\" data-e-type=\"container\" data-settings=\"{&quot;background_background&quot;:&quot;gradient&quot;}\">\n\t\t\t\t<div class=\"elementor-element elementor-element-3faecfd8 elementor-widget elementor-widget-heading\" data-id=\"3faecfd8\" data-element_type=\"widget\" data-e-type=\"widget\" data-widget_type=\"heading.default\">\n\t\t\t\t<div class=\"elementor-widget-container\">\n\t\t\t\t\t<h2 class=\"elementor-heading-title elementor-size-default\">Sesam-Ingwer-Dressing<\/h2>\t\t\t\t<\/div>\n\t\t\t\t<\/div>\n\t\t\t\t<div class=\"elementor-element elementor-element-674f7766 elementor-widget__width-inherit elementor-widget-divider--view-line elementor-invisible elementor-widget elementor-widget-divider\" data-id=\"674f7766\" data-element_type=\"widget\" data-e-type=\"widget\" data-settings=\"{&quot;_animation&quot;:&quot;fadeInLeft&quot;}\" data-widget_type=\"divider.default\">\n\t\t\t\t<div class=\"elementor-widget-container\">\n\t\t\t\t\t\t\t<div class=\"elementor-divider\">\n\t\t\t<span class=\"elementor-divider-separator\">\n\t\t\t\t\t\t<\/span>\n\t\t<\/div>\n\t\t\t\t\t\t<\/div>\n\t\t\t\t<\/div>\n\t\t\t\t<div class=\"elementor-element elementor-element-43a2b221 elementor-widget elementor-widget-text-editor\" data-id=\"43a2b221\" data-element_type=\"widget\" data-e-type=\"widget\" data-widget_type=\"text-editor.default\">\n\t\t\t\t<div class=\"elementor-widget-container\">\n\t\t\t\t\t\t\t\t\t<p><strong>Portionen:<\/strong> F\u00fcr 4 Personen<\/p><h3>Zutaten<\/h3><ul><li><strong>3 EL<\/strong> Sesam\u00f6l<\/li><li><strong>2 EL<\/strong> Sojasauce<\/li><li><strong>1 EL<\/strong> Reisessig<\/li><li><strong>1 EL<\/strong> Limettensaft<\/li><li><strong>1 EL<\/strong> Ahornsirup oder Honig<\/li><li><strong>1 TL<\/strong> frischer Ingwer (fein gerieben)<\/li><li><strong>1<\/strong> Knoblauchzehe (fein gehackt)<\/li><li><strong>1 TL<\/strong> ger\u00f6steter Sesam<\/li><\/ul><h3>Zubereitung<\/h3><ol><li><strong>3 EL Sesam\u00f6l<\/strong>, <strong>2 EL Sojasauce<\/strong>, <strong>1 EL Reisessig<\/strong>, <strong>1 EL Limettensaft<\/strong>, <strong>1 EL Ahornsirup oder Honig<\/strong>, <strong>1 TL fein geriebener frischer Ingwer<\/strong>, <strong>1 fein gehackte Knoblauchzehe<\/strong> und <strong>1 TL ger\u00f6steter Sesam<\/strong> in einer Sch\u00fcssel gut miteinander vermischen.<\/li><li>R\u00fchren, bis sich alle Zutaten gut verbunden haben.<\/li><li>Das Dressing kann sofort verwendet oder im K\u00fchlschrank f\u00fcr sp\u00e4ter aufbewahrt werden.<\/li><\/ol><h3>Notwendiges Zubeh\u00f6r<\/h3><ul><li>Sch\u00fcssel<\/li><li>Schneebesen oder L\u00f6ffel zum R\u00fchren<\/li><\/ul><h3>N\u00e4hrwerte pro Portion<\/h3><p><strong>Kalorien:<\/strong> variabel je nach Menge und Art der Zutaten<br \/><strong>Protein:<\/strong> variabel<br \/><strong>Kohlenhydrate:<\/strong> variabel<br \/><strong>Fett:<\/strong> variabel<br \/><strong>Ballaststoffe:<\/strong> variabel<\/p><h3>Tipps &amp; Tricks<\/h3><ul><li>Dieses Dressing passt hervorragend zu Salaten, asiatischen Gerichten oder als Marinade f\u00fcr Gem\u00fcse.<\/li><li>F\u00fcr einen intensiveren Geschmack kann der ger\u00f6stete Sesam kurz vor dem Servieren hinzugef\u00fcgt werden.<\/li><\/ul>\t\t\t\t\t\t\t\t<\/div>\n\t\t\t\t<\/div>\n\t\t\t\t<\/div>\n\t\t\t\t<\/div>\n\t\t","protected":false},"excerpt":{"rendered":"<p>Sesam-Ingwer-Dressing Portionen: F\u00fcr 4 Personen Zutaten 3 EL Sesam\u00f6l 2 EL Sojasauce 1 EL Reisessig 1 EL Limettensaft 1 EL Ahornsirup oder Honig 1 TL frischer Ingwer (fein gerieben) 1 Knoblauchzehe (fein gehackt) 1 TL ger\u00f6steter Sesam Zubereitung 3 EL Sesam\u00f6l, 2 EL Sojasauce, 1 EL Reisessig, 1 EL Limettensaft, 1 EL Ahornsirup oder Honig, [&hellip;]<\/p>\n","protected":false},"author":1,"featured_media":0,"parent":0,"menu_order":0,"comment_status":"closed","ping_status":"closed","template":"elementor_header_footer","meta":{"footnotes":""},"class_list":["post-483","page","type-page","status-publish","hentry"],"_links":{"self":[{"href":"http:\/\/merely-labeled.com\/index.php?rest_route=\/wp\/v2\/pages\/483","targetHints":{"allow":["GET"]}}],"collection":[{"href":"http:\/\/merely-labeled.com\/index.php?rest_route=\/wp\/v2\/pages"}],"about":[{"href":"http:\/\/merely-labeled.com\/index.php?rest_route=\/wp\/v2\/types\/page"}],"author":[{"embeddable":true,"href":"http:\/\/merely-labeled.com\/index.php?rest_route=\/wp\/v2\/users\/1"}],"replies":[{"embeddable":true,"href":"http:\/\/merely-labeled.com\/index.php?rest_route=%2Fwp%2Fv2%2Fcomments&post=483"}],"version-history":[{"count":7,"href":"http:\/\/merely-labeled.com\/index.php?rest_route=\/wp\/v2\/pages\/483\/revisions"}],"predecessor-version":[{"id":963,"href":"http:\/\/merely-labeled.com\/index.php?rest_route=\/wp\/v2\/pages\/483\/revisions\/963"}],"wp:attachment":[{"href":"http:\/\/merely-labeled.com\/index.php?rest_route=%2Fwp%2Fv2%2Fmedia&parent=483"}],"curies":[{"name":"wp","href":"https:\/\/api.w.org\/{rel}","templated":true}]}}