{"id":478,"date":"2024-07-13T07:37:00","date_gmt":"2024-07-13T05:37:00","guid":{"rendered":"http:\/\/merely-labeled.com\/?page_id=478"},"modified":"2024-08-18T16:36:56","modified_gmt":"2024-08-18T14:36:56","slug":"erdnuss-dressing","status":"publish","type":"page","link":"http:\/\/merely-labeled.com\/?page_id=478","title":{"rendered":"Erdnuss-Dressing\u00a0"},"content":{"rendered":"\t\t<div data-elementor-type=\"wp-page\" data-elementor-id=\"478\" class=\"elementor elementor-478\" data-elementor-post-type=\"page\">\n\t\t\t\t<div class=\"elementor-element elementor-element-733b9035 e-con-full e-flex e-con e-parent\" data-id=\"733b9035\" data-element_type=\"container\" data-e-type=\"container\" data-settings=\"{&quot;background_background&quot;:&quot;gradient&quot;}\">\n\t\t\t\t<div class=\"elementor-element elementor-element-3380c965 elementor-widget elementor-widget-heading\" data-id=\"3380c965\" data-element_type=\"widget\" data-e-type=\"widget\" data-widget_type=\"heading.default\">\n\t\t\t\t<div class=\"elementor-widget-container\">\n\t\t\t\t\t<h2 class=\"elementor-heading-title elementor-size-default\">Erdnuss-Dressing \n<\/h2>\t\t\t\t<\/div>\n\t\t\t\t<\/div>\n\t\t\t\t<div class=\"elementor-element elementor-element-94d00ea elementor-widget__width-inherit elementor-widget-divider--view-line elementor-invisible elementor-widget elementor-widget-divider\" data-id=\"94d00ea\" data-element_type=\"widget\" data-e-type=\"widget\" data-settings=\"{&quot;_animation&quot;:&quot;fadeInLeft&quot;}\" data-widget_type=\"divider.default\">\n\t\t\t\t<div class=\"elementor-widget-container\">\n\t\t\t\t\t\t\t<div class=\"elementor-divider\">\n\t\t\t<span class=\"elementor-divider-separator\">\n\t\t\t\t\t\t<\/span>\n\t\t<\/div>\n\t\t\t\t\t\t<\/div>\n\t\t\t\t<\/div>\n\t\t\t\t<div class=\"elementor-element elementor-element-15c3ba7 elementor-widget elementor-widget-text-editor\" data-id=\"15c3ba7\" data-element_type=\"widget\" data-e-type=\"widget\" data-widget_type=\"text-editor.default\">\n\t\t\t\t<div class=\"elementor-widget-container\">\n\t\t\t\t\t\t\t\t\t<p><strong>Portionen:<\/strong> 4<\/p><h3>Zutaten<\/h3><ul><li><strong>4 EL<\/strong> Erdnussbutter (cremig)<\/li><li><strong>3 EL<\/strong> Sojasauce<\/li><li><strong>1 EL<\/strong> Reisessig<\/li><li><strong>1 EL<\/strong> Sesam\u00f6l<\/li><li><strong>1 EL<\/strong> Honig oder Ahornsirup<\/li><li><strong>Saft<\/strong> einer Limette<\/li><li><strong>1-2 EL<\/strong> Wasser (f\u00fcr die Konsistenz)<\/li><\/ul><h3>Zubereitung<\/h3><ol><li><strong>4 EL<\/strong> cremige Erdnussbutter in eine Sch\u00fcssel geben.<\/li><li><strong>3 EL<\/strong> Sojasauce, <strong>1 EL<\/strong> Reisessig, <strong>1 EL<\/strong> Sesam\u00f6l und <strong>1 EL<\/strong> Honig oder Ahornsirup hinzuf\u00fcgen.<\/li><li>Den <strong>Saft<\/strong> einer Limette auspressen und ebenfalls dazugeben.<\/li><li>Alles gut verr\u00fchren, bis eine glatte Masse entsteht.<\/li><li><strong>1-2 EL<\/strong> Wasser hinzugeben, um die gew\u00fcnschte Konsistenz zu erreichen. Nochmals gut vermengen.<\/li><\/ol><h3>Notwendiges Zubeh\u00f6r<\/h3><ul><li>Sch\u00fcssel<\/li><li>Schneebesen oder Gabel<\/li><\/ul><h3>N\u00e4hrwerte pro Portion<\/h3><p><strong>Kalorien:<\/strong> 837 kJ \/ 200 kcal<br \/><strong>Protein:<\/strong> 4 g<br \/><strong>Kohlenhydrate:<\/strong> 10 g<br \/><strong>Fett:<\/strong> 17 g<br \/><strong>Ballaststoffe:<\/strong> 1 g<\/p><h3>Tipps &amp; Tricks<\/h3><ul><li>F\u00fcr eine extra cremige Konsistenz mehr Wasser oder Sesam\u00f6l hinzuf\u00fcgen.<\/li><li>Passt hervorragend zu Salaten, als Dip f\u00fcr Gem\u00fcse oder zu Reisgerichten.<\/li><\/ul>\t\t\t\t\t\t\t\t<\/div>\n\t\t\t\t<\/div>\n\t\t\t\t<\/div>\n\t\t\t\t<\/div>\n\t\t","protected":false},"excerpt":{"rendered":"<p>Erdnuss-Dressing Portionen: 4 Zutaten 4 EL Erdnussbutter (cremig) 3 EL Sojasauce 1 EL Reisessig 1 EL Sesam\u00f6l 1 EL Honig oder Ahornsirup Saft einer Limette 1-2 EL Wasser (f\u00fcr die Konsistenz) Zubereitung 4 EL cremige Erdnussbutter in eine Sch\u00fcssel geben. 3 EL Sojasauce, 1 EL Reisessig, 1 EL Sesam\u00f6l und 1 EL Honig oder Ahornsirup [&hellip;]<\/p>\n","protected":false},"author":1,"featured_media":0,"parent":0,"menu_order":0,"comment_status":"closed","ping_status":"closed","template":"elementor_header_footer","meta":{"footnotes":""},"class_list":["post-478","page","type-page","status-publish","hentry"],"_links":{"self":[{"href":"http:\/\/merely-labeled.com\/index.php?rest_route=\/wp\/v2\/pages\/478","targetHints":{"allow":["GET"]}}],"collection":[{"href":"http:\/\/merely-labeled.com\/index.php?rest_route=\/wp\/v2\/pages"}],"about":[{"href":"http:\/\/merely-labeled.com\/index.php?rest_route=\/wp\/v2\/types\/page"}],"author":[{"embeddable":true,"href":"http:\/\/merely-labeled.com\/index.php?rest_route=\/wp\/v2\/users\/1"}],"replies":[{"embeddable":true,"href":"http:\/\/merely-labeled.com\/index.php?rest_route=%2Fwp%2Fv2%2Fcomments&post=478"}],"version-history":[{"count":10,"href":"http:\/\/merely-labeled.com\/index.php?rest_route=\/wp\/v2\/pages\/478\/revisions"}],"predecessor-version":[{"id":945,"href":"http:\/\/merely-labeled.com\/index.php?rest_route=\/wp\/v2\/pages\/478\/revisions\/945"}],"wp:attachment":[{"href":"http:\/\/merely-labeled.com\/index.php?rest_route=%2Fwp%2Fv2%2Fmedia&parent=478"}],"curies":[{"name":"wp","href":"https:\/\/api.w.org\/{rel}","templated":true}]}}