{"id":418,"date":"2024-06-23T21:47:48","date_gmt":"2024-06-23T19:47:48","guid":{"rendered":"http:\/\/merely-labeled.com\/?page_id=418"},"modified":"2025-05-31T16:27:49","modified_gmt":"2025-05-31T14:27:49","slug":"elementor-418","status":"publish","type":"page","link":"http:\/\/merely-labeled.com\/?page_id=418","title":{"rendered":"Spinat-Feta-Quiche\u200b (Thermomix TM 6)"},"content":{"rendered":"\t\t<div data-elementor-type=\"wp-page\" data-elementor-id=\"418\" class=\"elementor elementor-418\" data-elementor-post-type=\"page\">\n\t\t\t\t<div class=\"elementor-element elementor-element-ed9e67e e-con-full e-flex e-con e-parent\" data-id=\"ed9e67e\" data-element_type=\"container\" data-e-type=\"container\" data-settings=\"{&quot;background_background&quot;:&quot;gradient&quot;}\">\n\t\t\t\t<div class=\"elementor-element elementor-element-1ee1056 elementor-widget elementor-widget-heading\" data-id=\"1ee1056\" data-element_type=\"widget\" data-e-type=\"widget\" data-widget_type=\"heading.default\">\n\t\t\t\t<div class=\"elementor-widget-container\">\n\t\t\t\t\t<h2 class=\"elementor-heading-title elementor-size-default\">Spinat-Feta-Quiche<span class=\"elementor-heading-title elementor-size-default elementor-inline-editing pen\" data-elementor-setting-key=\"title\" data-pen-placeholder=\"Eingabe hier...\"> (Thermomix TM 6)<\/span><\/h2>\t\t\t\t<\/div>\n\t\t\t\t<\/div>\n\t\t\t\t<div class=\"elementor-element elementor-element-626f5f75 elementor-widget__width-inherit elementor-widget-divider--view-line elementor-invisible elementor-widget elementor-widget-divider\" data-id=\"626f5f75\" data-element_type=\"widget\" data-e-type=\"widget\" data-settings=\"{&quot;_animation&quot;:&quot;fadeInLeft&quot;}\" data-widget_type=\"divider.default\">\n\t\t\t\t<div class=\"elementor-widget-container\">\n\t\t\t\t\t\t\t<div class=\"elementor-divider\">\n\t\t\t<span class=\"elementor-divider-separator\">\n\t\t\t\t\t\t<\/span>\n\t\t<\/div>\n\t\t\t\t\t\t<\/div>\n\t\t\t\t<\/div>\n\t\t\t\t<div class=\"elementor-element elementor-element-4627a29 elementor-widget elementor-widget-text-editor\" data-id=\"4627a29\" data-element_type=\"widget\" data-e-type=\"widget\" data-widget_type=\"text-editor.default\">\n\t\t\t\t<div class=\"elementor-widget-container\">\n\t\t\t\t\t\t\t\t\t<h3>Zutaten<\/h3><h4>F\u00fcr den Teig<\/h4><ul><li>200 g Mehl<\/li><li>100 g kalte Butter, in St\u00fccken<\/li><li>1 Ei<\/li><li>1 Prise Salz<\/li><li>2\u20133 EL kaltes Wasser (bei Bedarf)<\/li><\/ul><h4>F\u00fcr die F\u00fcllung<\/h4><ul><li>400 g Tiefk\u00fchlspinat (aufgetaut und gut abgetropft)<\/li><li>200 g Feta-K\u00e4se (zerbr\u00f6ckelt)<\/li><li>200 g Emmentaler (in St\u00fccken)<\/li><li>1 Zwiebel (halbiert)<\/li><li>2 Knoblauchzehen<\/li><li>200 ml Schlagobers<\/li><li>4 Eier<\/li><li>Salz und Pfeffer<\/li><li>Muskatnuss (optional)<\/li><li>Oliven\u00f6l (zum Anbraten)<\/li><\/ul><h3>Zubereitung<\/h3><p data-start=\"658\" data-end=\"683\"><strong data-start=\"658\" data-end=\"681\">1. Teig zubereiten:<\/strong><\/p><ol><li data-start=\"686\" data-end=\"735\"><strong>200 g Mehl, 100 g kalte Butter (in St\u00fccken), 1 Ei<\/strong> und <strong>eine Prise Salz<\/strong> in den Mixtopf geben.<\/li><li data-start=\"738\" data-end=\"768\"><strong data-start=\"738\" data-end=\"759\">20 Sek. | Stufe 6<\/strong> mixen.<\/li><li data-start=\"771\" data-end=\"836\">Bei Bedarf 2-3 EL kaltes Wasser\u00a0zugeben und kurz mixen.<\/li><li data-start=\"839\" data-end=\"913\">Teig zu einer Kugel formen, in Folie wickeln und <strong data-start=\"888\" data-end=\"912\">30 Min. kalt stellen<\/strong>.<\/li><\/ol><p data-start=\"915\" data-end=\"936\"><strong data-start=\"915\" data-end=\"934\">2. K\u00e4se reiben:<\/strong><\/p><ol><li data-start=\"939\" data-end=\"984\">200 g Emmentaler (in St\u00fcck) in den Mixtopf geben.<\/li><li data-start=\"987\" data-end=\"1018\"><strong data-start=\"987\" data-end=\"1008\">10 Sek. | Stufe 8<\/strong> reiben.<\/li><li data-start=\"1021\" data-end=\"1042\">K\u00e4se beiseitestellen.<\/li><\/ol><p data-start=\"1044\" data-end=\"1093\"><strong data-start=\"1044\" data-end=\"1091\">3. Zwiebel, Knoblauch und Spinat and\u00fcnsten:<\/strong><\/p><ol><li><strong>1 Zwiebel (halbiert)<\/strong> und <strong>2 Knoblauchzehen<\/strong> in den Mixtopf geben.<\/li><li><strong data-start=\"1144\" data-end=\"1164\">5 Sek. | Stufe 5<\/strong> zerkleinern.<\/li><li data-start=\"1163\" data-end=\"1213\">Oliven\u00f6l zugeben.<\/li><li data-start=\"1163\" data-end=\"1213\"><strong data-start=\"1163\" data-end=\"1204\">5 Min. | 120 \u00b0C | Stufe 1 | Linkslauf<\/strong> d\u00fcnsten.<\/li><li data-start=\"1266\" data-end=\"1308\"><strong>400 g aufgetauten Spinat<\/strong> in den Mixtopf geben.<\/li><li data-start=\"1311\" data-end=\"1361\"><strong data-start=\"1311\" data-end=\"1352\">3 Min. | 120 \u00b0C | Stufe 1 | Linkslauf<\/strong> d\u00fcnsten.<\/li><li data-start=\"1336\" data-end=\"1419\">Die Mischung in eine gro\u00dfe Sch\u00fcssel geben.<\/li><\/ol><p data-start=\"1421\" data-end=\"1467\"><strong data-start=\"1560\" data-end=\"1589\">6. F\u00fcllung fertigstellen:<\/strong><\/p><ol><li data-start=\"1470\" data-end=\"1558\"><strong>4 Eier, 200 ml Schlagobers, Salz, Pfeffer<\/strong> und <strong>Muskat<\/strong> im Mixtopf <strong data-start=\"1525\" data-end=\"1546\">10 Sek. | Stufe 4<\/strong> verquirlen.<\/li><li data-start=\"1470\" data-end=\"1558\">Die Mischung zum Spinat geben.<\/li><li data-start=\"1470\" data-end=\"1558\"><strong>200 g zerbr\u00f6ckelten Feta K\u00e4se<\/strong> und den <strong>Emmentaler<\/strong> dazugeben und alles gut vermengen.<\/li><\/ol><p data-start=\"1704\" data-end=\"1727\"><strong data-start=\"1704\" data-end=\"1725\">7. Quiche backen:<\/strong><\/p><ol><li data-start=\"1730\" data-end=\"1773\">Backrohr auf <strong data-start=\"1743\" data-end=\"1760\">180 \u00b0C Umluft<\/strong> vorheizen.<\/li><li data-start=\"1776\" data-end=\"1826\">Teig ausrollen und in eine gefettete Form legen.<\/li><li data-start=\"1829\" data-end=\"1869\">F\u00fcllung einf\u00fcllen und glatt streichen.<\/li><li data-start=\"1872\" data-end=\"1911\">Geriebenen Emmentaler dar\u00fcberstreuen.<\/li><li data-start=\"1914\" data-end=\"1970\"><strong data-start=\"1914\" data-end=\"1928\">35\u201340 Min.<\/strong> backen, bis die Oberfl\u00e4che goldbraun ist.<\/li><\/ol>\t\t\t\t\t\t\t\t<\/div>\n\t\t\t\t<\/div>\n\t\t\t\t<\/div>\n\t\t\t\t<\/div>\n\t\t","protected":false},"excerpt":{"rendered":"<p>Spinat-Feta-Quiche (Thermomix TM 6) Zutaten F\u00fcr den Teig 200 g Mehl 100 g kalte Butter, in St\u00fccken 1 Ei 1 Prise Salz 2\u20133 EL kaltes Wasser (bei Bedarf) F\u00fcr die F\u00fcllung 400 g Tiefk\u00fchlspinat (aufgetaut und gut abgetropft) 200 g Feta-K\u00e4se (zerbr\u00f6ckelt) 200 g Emmentaler (in St\u00fccken) 1 Zwiebel (halbiert) 2 Knoblauchzehen 200 ml Schlagobers [&hellip;]<\/p>\n","protected":false},"author":1,"featured_media":0,"parent":0,"menu_order":0,"comment_status":"closed","ping_status":"closed","template":"elementor_header_footer","meta":{"footnotes":""},"class_list":["post-418","page","type-page","status-publish","hentry"],"_links":{"self":[{"href":"http:\/\/merely-labeled.com\/index.php?rest_route=\/wp\/v2\/pages\/418","targetHints":{"allow":["GET"]}}],"collection":[{"href":"http:\/\/merely-labeled.com\/index.php?rest_route=\/wp\/v2\/pages"}],"about":[{"href":"http:\/\/merely-labeled.com\/index.php?rest_route=\/wp\/v2\/types\/page"}],"author":[{"embeddable":true,"href":"http:\/\/merely-labeled.com\/index.php?rest_route=\/wp\/v2\/users\/1"}],"replies":[{"embeddable":true,"href":"http:\/\/merely-labeled.com\/index.php?rest_route=%2Fwp%2Fv2%2Fcomments&post=418"}],"version-history":[{"count":10,"href":"http:\/\/merely-labeled.com\/index.php?rest_route=\/wp\/v2\/pages\/418\/revisions"}],"predecessor-version":[{"id":1687,"href":"http:\/\/merely-labeled.com\/index.php?rest_route=\/wp\/v2\/pages\/418\/revisions\/1687"}],"wp:attachment":[{"href":"http:\/\/merely-labeled.com\/index.php?rest_route=%2Fwp%2Fv2%2Fmedia&parent=418"}],"curies":[{"name":"wp","href":"https:\/\/api.w.org\/{rel}","templated":true}]}}