{"id":408,"date":"2024-06-23T21:27:32","date_gmt":"2024-06-23T19:27:32","guid":{"rendered":"http:\/\/merely-labeled.com\/?page_id=408"},"modified":"2024-08-18T16:04:44","modified_gmt":"2024-08-18T14:04:44","slug":"elementor-408","status":"publish","type":"page","link":"http:\/\/merely-labeled.com\/?page_id=408","title":{"rendered":"Kartoffel-Gem\u00fcse-Auflauf\u200b"},"content":{"rendered":"\t\t<div data-elementor-type=\"wp-page\" data-elementor-id=\"408\" class=\"elementor elementor-408\" data-elementor-post-type=\"page\">\n\t\t\t\t<div class=\"elementor-element elementor-element-ad29830 e-con-full e-flex e-con e-parent\" data-id=\"ad29830\" data-element_type=\"container\" data-e-type=\"container\" data-settings=\"{&quot;background_background&quot;:&quot;gradient&quot;}\">\n\t\t\t\t<div class=\"elementor-element elementor-element-58fa4630 elementor-widget elementor-widget-heading\" data-id=\"58fa4630\" data-element_type=\"widget\" data-e-type=\"widget\" data-widget_type=\"heading.default\">\n\t\t\t\t<div class=\"elementor-widget-container\">\n\t\t\t\t\t<h2 class=\"elementor-heading-title elementor-size-default\">Kartoffel-Gem\u00fcse-Auflauf<\/h2>\t\t\t\t<\/div>\n\t\t\t\t<\/div>\n\t\t\t\t<div class=\"elementor-element elementor-element-1e15cbdd elementor-widget__width-inherit elementor-widget-divider--view-line elementor-invisible elementor-widget elementor-widget-divider\" data-id=\"1e15cbdd\" data-element_type=\"widget\" data-e-type=\"widget\" data-settings=\"{&quot;_animation&quot;:&quot;fadeInLeft&quot;}\" data-widget_type=\"divider.default\">\n\t\t\t\t<div class=\"elementor-widget-container\">\n\t\t\t\t\t\t\t<div class=\"elementor-divider\">\n\t\t\t<span class=\"elementor-divider-separator\">\n\t\t\t\t\t\t<\/span>\n\t\t<\/div>\n\t\t\t\t\t\t<\/div>\n\t\t\t\t<\/div>\n\t\t\t\t<div class=\"elementor-element elementor-element-3166046 elementor-widget elementor-widget-text-editor\" data-id=\"3166046\" data-element_type=\"widget\" data-e-type=\"widget\" data-widget_type=\"text-editor.default\">\n\t\t\t\t<div class=\"elementor-widget-container\">\n\t\t\t\t\t\t\t\t\t<p><strong>Portionen:<\/strong> F\u00fcr 4 Personen<\/p><h3>Zutaten<\/h3><ul><li><strong>4<\/strong> kleine Auflaufformen<\/li><li><strong>500 g<\/strong> Kartoffeln, in W\u00fcrfeln geschnitten<\/li><li><strong>500 g<\/strong> gefrorenes Kaisergem\u00fcse (z.B. eine Mischung aus Karotten, Blumenkohl, Brokkoli)<\/li><li><strong>1<\/strong> Zwiebel, gehackt<\/li><li><strong>2<\/strong> Knoblauchzehen, gehackt<\/li><li><strong>200 ml<\/strong> Schlagobers<\/li><li><strong>200 ml<\/strong> Milch<\/li><li><strong>2<\/strong> Eier<\/li><li><strong>150 g<\/strong> geriebener K\u00e4se (z.B. Gouda oder Emmentaler)<\/li><li><strong>2 EL<\/strong> Mehl<\/li><li><strong>2 EL<\/strong> Butter<\/li><li><strong>Salz<\/strong>, <strong>Pfeffer<\/strong>, <strong>Muskatnuss<\/strong><\/li><li><strong>1 EL<\/strong> Oliven\u00f6l<\/li><\/ul><h3>Zubereitung<\/h3><ol><li>Den Backofen auf 180\u00b0C (Umluft) vorheizen.<\/li><li>Die kleinen Auflaufformen leicht mit Butter oder Oliven\u00f6l einfetten.<\/li><li><strong>150 g K\u00e4se<\/strong> im Thermomix zerkleinern und beiseitestellen.<\/li><li><strong>500 g Kartoffeln<\/strong> (in W\u00fcrfeln geschnitten) in leicht gesalzenem Wasser f\u00fcr etwa 10 Minuten kochen, dann abgie\u00dfen.<\/li><li><strong>500 g gefrorenes Kaisergem\u00fcse<\/strong> d\u00fcnsten.<\/li><li><strong>1 EL Oliven\u00f6l<\/strong> in einer gro\u00dfen Pfanne erhitzen.<\/li><li><strong>1 Zwiebel<\/strong> (gehackt) und <strong>2 Knoblauchzehen<\/strong> (gehackt) darin glasig d\u00fcnsten.<\/li><li>Das ged\u00fcnstete Kaisergem\u00fcse hinzuf\u00fcgen und kurz anbraten. Mit <strong>Salz<\/strong> und <strong>Pfeffer<\/strong> w\u00fcrzen.<\/li><li><strong>2 EL Butter<\/strong> in einem Topf schmelzen, <strong>2 EL Mehl<\/strong> einr\u00fchren und unter R\u00fchren anschwitzen. Nach und nach <strong>200 ml Milch<\/strong> und <strong>200 ml Schlagobers<\/strong> unter st\u00e4ndigem R\u00fchren hinzuf\u00fcgen, bis eine glatte So\u00dfe entsteht.<\/li><li><strong>2 Eier<\/strong> in einer kleinen Sch\u00fcssel verquirlen und unter die So\u00dfe r\u00fchren. Mit <strong>Salz<\/strong>, <strong>Pfeffer<\/strong> und <strong>Muskatnuss<\/strong>abschmecken.<\/li><li>Die Kartoffelw\u00fcrfel in die kleinen Auflaufformen legen.<\/li><li>Das angebratene Kaisergem\u00fcse darauf verteilen.<\/li><li>Die So\u00dfe gleichm\u00e4\u00dfig \u00fcber die Auflaufformen verteilen.<\/li><li>Mit dem zerkleinerten K\u00e4se bestreuen.<\/li><li>Die Auflaufformen auf ein Backblech stellen und im vorgeheizten Ofen etwa 30 Minuten backen, bis der K\u00e4se goldbraun und der Auflauf durchgegart ist.<\/li><\/ol><h3>Notwendiges Zubeh\u00f6r<\/h3><ul><li>Backofen<\/li><li>Gro\u00dfe Pfanne<\/li><li>Topf<\/li><li>Thermomix (f\u00fcr das Zerkleinern des K\u00e4ses)<\/li><li>Auflaufformen<\/li><\/ul><h3>N\u00e4hrwerte pro 1 Portion<\/h3><ul><li><strong>Kalorien:<\/strong> 2006 kJ \/ 479 kcal<\/li><li><strong>Protein:<\/strong> 15 g<\/li><li><strong>Kohlenhydrate:<\/strong> 38 g<\/li><li><strong>Fett:<\/strong> 28 g<\/li><li><strong>Ballaststoffe:<\/strong> 4 g<\/li><\/ul>\t\t\t\t\t\t\t\t<\/div>\n\t\t\t\t<\/div>\n\t\t\t\t<\/div>\n\t\t\t\t<\/div>\n\t\t","protected":false},"excerpt":{"rendered":"<p>Kartoffel-Gem\u00fcse-Auflauf Portionen: F\u00fcr 4 Personen Zutaten 4 kleine Auflaufformen 500 g Kartoffeln, in W\u00fcrfeln geschnitten 500 g gefrorenes Kaisergem\u00fcse (z.B. eine Mischung aus Karotten, Blumenkohl, Brokkoli) 1 Zwiebel, gehackt 2 Knoblauchzehen, gehackt 200 ml Schlagobers 200 ml Milch 2 Eier 150 g geriebener K\u00e4se (z.B. Gouda oder Emmentaler) 2 EL Mehl 2 EL Butter Salz, [&hellip;]<\/p>\n","protected":false},"author":1,"featured_media":0,"parent":0,"menu_order":0,"comment_status":"closed","ping_status":"closed","template":"elementor_header_footer","meta":{"footnotes":""},"class_list":["post-408","page","type-page","status-publish","hentry"],"_links":{"self":[{"href":"http:\/\/merely-labeled.com\/index.php?rest_route=\/wp\/v2\/pages\/408","targetHints":{"allow":["GET"]}}],"collection":[{"href":"http:\/\/merely-labeled.com\/index.php?rest_route=\/wp\/v2\/pages"}],"about":[{"href":"http:\/\/merely-labeled.com\/index.php?rest_route=\/wp\/v2\/types\/page"}],"author":[{"embeddable":true,"href":"http:\/\/merely-labeled.com\/index.php?rest_route=\/wp\/v2\/users\/1"}],"replies":[{"embeddable":true,"href":"http:\/\/merely-labeled.com\/index.php?rest_route=%2Fwp%2Fv2%2Fcomments&post=408"}],"version-history":[{"count":10,"href":"http:\/\/merely-labeled.com\/index.php?rest_route=\/wp\/v2\/pages\/408\/revisions"}],"predecessor-version":[{"id":930,"href":"http:\/\/merely-labeled.com\/index.php?rest_route=\/wp\/v2\/pages\/408\/revisions\/930"}],"wp:attachment":[{"href":"http:\/\/merely-labeled.com\/index.php?rest_route=%2Fwp%2Fv2%2Fmedia&parent=408"}],"curies":[{"name":"wp","href":"https:\/\/api.w.org\/{rel}","templated":true}]}}