{"id":313,"date":"2024-04-07T07:45:18","date_gmt":"2024-04-07T05:45:18","guid":{"rendered":"http:\/\/merely-labeled.com\/?page_id=313"},"modified":"2024-08-18T15:45:12","modified_gmt":"2024-08-18T13:45:12","slug":"sangria","status":"publish","type":"page","link":"http:\/\/merely-labeled.com\/?page_id=313","title":{"rendered":"Sangria"},"content":{"rendered":"\t\t<div data-elementor-type=\"wp-page\" data-elementor-id=\"313\" class=\"elementor elementor-313\" data-elementor-post-type=\"page\">\n\t\t\t\t<div class=\"elementor-element elementor-element-16e12f95 e-con-full e-flex e-con e-parent\" data-id=\"16e12f95\" data-element_type=\"container\" data-e-type=\"container\" data-settings=\"{&quot;background_background&quot;:&quot;gradient&quot;}\">\n\t\t\t\t<div class=\"elementor-element elementor-element-111bb8bf elementor-widget elementor-widget-heading\" data-id=\"111bb8bf\" data-element_type=\"widget\" data-e-type=\"widget\" data-widget_type=\"heading.default\">\n\t\t\t\t<div class=\"elementor-widget-container\">\n\t\t\t\t\t<h2 class=\"elementor-heading-title elementor-size-default\">Sangria<\/h2>\t\t\t\t<\/div>\n\t\t\t\t<\/div>\n\t\t\t\t<div class=\"elementor-element elementor-element-1664e8af elementor-widget__width-inherit elementor-widget-divider--view-line elementor-invisible elementor-widget elementor-widget-divider\" data-id=\"1664e8af\" data-element_type=\"widget\" data-e-type=\"widget\" data-settings=\"{&quot;_animation&quot;:&quot;fadeInLeft&quot;}\" data-widget_type=\"divider.default\">\n\t\t\t\t<div class=\"elementor-widget-container\">\n\t\t\t\t\t\t\t<div class=\"elementor-divider\">\n\t\t\t<span class=\"elementor-divider-separator\">\n\t\t\t\t\t\t<\/span>\n\t\t<\/div>\n\t\t\t\t\t\t<\/div>\n\t\t\t\t<\/div>\n\t\t\t\t<div class=\"elementor-element elementor-element-1ac2ffce elementor-widget elementor-widget-text-editor\" data-id=\"1ac2ffce\" data-element_type=\"widget\" data-e-type=\"widget\" data-widget_type=\"text-editor.default\">\n\t\t\t\t<div class=\"elementor-widget-container\">\n\t\t\t\t\t\t\t\t\t<p><strong>Portionen<\/strong> F\u00fcr 2 Gl\u00e4ser<\/p><h3>Zutaten<\/h3><ul><li><strong>50 ml<\/strong> Orangensaft (frisch gepresst)<\/li><li><strong>\u00bd EL<\/strong> Zitronensaft<\/li><li><strong>\u00bd \u2013 1 EL<\/strong> Zucker<\/li><li><strong>10-15 ml<\/strong> Orangenlik\u00f6r<\/li><li><strong>250 ml<\/strong> Rotwein<\/li><li><strong>60-125 ml<\/strong> sprudelndes Wasser<\/li><li>Eisw\u00fcrfel<\/li><li><strong>100 g<\/strong> Beeren (nach Wahl), Zitronen- und Orangenscheiben<\/li><\/ul><h3>Zubereitung<\/h3><ol><li><strong>50 ml Orangensaft<\/strong>, <strong>\u00bd EL Zitronensaft<\/strong> und <strong>\u00bd \u2013 1 EL Zucker<\/strong> in einer Sch\u00fcssel oder einem Glas vermischen, bis sich der Zucker vollst\u00e4ndig aufgel\u00f6st hat.<\/li><li><strong>10-15 ml Orangenlik\u00f6r<\/strong> und <strong>250 ml Rotwein<\/strong> hinzuf\u00fcgen und gut umr\u00fchren. Die Mischung im K\u00fchlschrank etwas ziehen lassen (mindestens 30 Minuten).<\/li><li>Vor dem Servieren <strong>60-125 ml sprudelndes Wasser<\/strong> zur Sangria-Mischung geben und nochmals umr\u00fchren.<\/li><li>Eisw\u00fcrfel und <strong>100 g Beeren<\/strong>, Zitronen- und Orangenscheiben auf 2 Gl\u00e4ser aufteilen.<\/li><li>Die vorbereitete Sangria in die Gl\u00e4ser gie\u00dfen und sofort servieren.<\/li><\/ol><h3>Notwendiges Zubeh\u00f6r<\/h3><ul><li>Sch\u00fcssel oder Glas zum Mischen<\/li><li>2 Gl\u00e4ser<\/li><li>L\u00f6ffel zum Umr\u00fchren<\/li><\/ul><h3>N\u00e4hrwerte pro 1 Glas<\/h3><ul><li><strong>Kalorien:<\/strong> 810 kJ \/ 194 kcal<\/li><li><strong>Protein:<\/strong> 1 g<\/li><li><strong>Kohlenhydrate:<\/strong> 16 g<\/li><li><strong>Fett:<\/strong> 0 g<\/li><li><strong>Ballaststoffe:<\/strong> 2 g<\/li><\/ul><h3>Tipps &amp; Tricks<\/h3><ul><li><strong>Geschmacksintensit\u00e4t:<\/strong> Die Sangria wird intensiver im Geschmack, wenn sie l\u00e4nger im K\u00fchlschrank zieht. Eine Ziehzeit von mindestens 2 Stunden wird empfohlen, um die Aromen gut durchziehen zu lassen.<\/li><li><strong>Variationen:<\/strong> Sie k\u00f6nnen die Sangria nach Belieben mit weiteren Fr\u00fcchten wie \u00c4pfeln, Pfirsichen oder Trauben erg\u00e4nzen.<\/li><li><strong>Serviervorschlag:<\/strong> Sangria eignet sich hervorragend als erfrischender Aperitif f\u00fcr sommerliche Abende.<\/li><\/ul>\t\t\t\t\t\t\t\t<\/div>\n\t\t\t\t<\/div>\n\t\t\t\t<\/div>\n\t\t\t\t<\/div>\n\t\t","protected":false},"excerpt":{"rendered":"<p>Sangria Portionen F\u00fcr 2 Gl\u00e4ser Zutaten 50 ml Orangensaft (frisch gepresst) \u00bd EL Zitronensaft \u00bd \u2013 1 EL Zucker 10-15 ml Orangenlik\u00f6r 250 ml Rotwein 60-125 ml sprudelndes Wasser Eisw\u00fcrfel 100 g Beeren (nach Wahl), Zitronen- und Orangenscheiben Zubereitung 50 ml Orangensaft, \u00bd EL Zitronensaft und \u00bd \u2013 1 EL Zucker in einer Sch\u00fcssel oder [&hellip;]<\/p>\n","protected":false},"author":1,"featured_media":0,"parent":9,"menu_order":0,"comment_status":"closed","ping_status":"closed","template":"elementor_header_footer","meta":{"footnotes":""},"class_list":["post-313","page","type-page","status-publish","hentry"],"_links":{"self":[{"href":"http:\/\/merely-labeled.com\/index.php?rest_route=\/wp\/v2\/pages\/313","targetHints":{"allow":["GET"]}}],"collection":[{"href":"http:\/\/merely-labeled.com\/index.php?rest_route=\/wp\/v2\/pages"}],"about":[{"href":"http:\/\/merely-labeled.com\/index.php?rest_route=\/wp\/v2\/types\/page"}],"author":[{"embeddable":true,"href":"http:\/\/merely-labeled.com\/index.php?rest_route=\/wp\/v2\/users\/1"}],"replies":[{"embeddable":true,"href":"http:\/\/merely-labeled.com\/index.php?rest_route=%2Fwp%2Fv2%2Fcomments&post=313"}],"version-history":[{"count":8,"href":"http:\/\/merely-labeled.com\/index.php?rest_route=\/wp\/v2\/pages\/313\/revisions"}],"predecessor-version":[{"id":903,"href":"http:\/\/merely-labeled.com\/index.php?rest_route=\/wp\/v2\/pages\/313\/revisions\/903"}],"up":[{"embeddable":true,"href":"http:\/\/merely-labeled.com\/index.php?rest_route=\/wp\/v2\/pages\/9"}],"wp:attachment":[{"href":"http:\/\/merely-labeled.com\/index.php?rest_route=%2Fwp%2Fv2%2Fmedia&parent=313"}],"curies":[{"name":"wp","href":"https:\/\/api.w.org\/{rel}","templated":true}]}}