{"id":249,"date":"2024-01-21T21:09:47","date_gmt":"2024-01-21T20:09:47","guid":{"rendered":"http:\/\/merely-labeled.com\/?page_id=249"},"modified":"2024-08-18T15:41:10","modified_gmt":"2024-08-18T13:41:10","slug":"suesskartoffel-chili-mit-schwarzen-bohnen","status":"publish","type":"page","link":"http:\/\/merely-labeled.com\/?page_id=249","title":{"rendered":"S\u00fc\u00dfkartoffel-Chili mit schwarzen Bohnen (Thermomix TM 6)"},"content":{"rendered":"\t\t<div data-elementor-type=\"wp-page\" data-elementor-id=\"249\" class=\"elementor elementor-249\" data-elementor-post-type=\"page\">\n\t\t\t\t<div class=\"elementor-element elementor-element-46100953 e-con-full e-flex e-con e-parent\" data-id=\"46100953\" data-element_type=\"container\" data-e-type=\"container\" data-settings=\"{&quot;background_background&quot;:&quot;gradient&quot;}\">\n\t\t\t\t<div class=\"elementor-element elementor-element-7d19b7a4 elementor-widget elementor-widget-heading\" data-id=\"7d19b7a4\" data-element_type=\"widget\" data-e-type=\"widget\" data-widget_type=\"heading.default\">\n\t\t\t\t<div class=\"elementor-widget-container\">\n\t\t\t\t\t<h2 class=\"elementor-heading-title elementor-size-default\">S\u00fc\u00dfkartoffel-Chili mit schwarzen Bohnen (Thermomix TM 6)<\/h2>\t\t\t\t<\/div>\n\t\t\t\t<\/div>\n\t\t\t\t<div class=\"elementor-element elementor-element-40a49d04 elementor-widget__width-inherit elementor-widget-divider--view-line elementor-invisible elementor-widget elementor-widget-divider\" data-id=\"40a49d04\" data-element_type=\"widget\" data-e-type=\"widget\" data-settings=\"{&quot;_animation&quot;:&quot;fadeInLeft&quot;}\" data-widget_type=\"divider.default\">\n\t\t\t\t<div class=\"elementor-widget-container\">\n\t\t\t\t\t\t\t<div class=\"elementor-divider\">\n\t\t\t<span class=\"elementor-divider-separator\">\n\t\t\t\t\t\t<\/span>\n\t\t<\/div>\n\t\t\t\t\t\t<\/div>\n\t\t\t\t<\/div>\n\t\t\t\t<div class=\"elementor-element elementor-element-4010422b elementor-widget elementor-widget-text-editor\" data-id=\"4010422b\" data-element_type=\"widget\" data-e-type=\"widget\" data-widget_type=\"text-editor.default\">\n\t\t\t\t<div class=\"elementor-widget-container\">\n\t\t\t\t\t\t\t\t\t<p><strong>Portionen<\/strong> F\u00fcr ca. 4-6 Personen<\/p><h3>Zutaten<\/h3><ul><li><strong>15 g<\/strong> \u00d6l<\/li><li><strong>2<\/strong> rote Paprika (in St\u00fccken)<\/li><li><strong>170 g<\/strong> rote Zwiebeln (in halbe Ringe geschnitten)<\/li><li><strong>300 g<\/strong> S\u00fc\u00dfkartoffeln (in W\u00fcrfeln, ca. 2 cm)<\/li><li><strong>800 g<\/strong> Tomaten (in St\u00fccken)<\/li><li><strong>2 TL<\/strong> Gem\u00fcsebr\u00fche (Pulver)<\/li><li><strong>1 \u00bd TL<\/strong> Kreuzk\u00fcmmel (gemahlen)<\/li><li><strong>\u00bc TL<\/strong> Chilipulver<\/li><li><strong>1 \u00bd TL<\/strong> Paprika edels\u00fc\u00df<\/li><li><strong>2<\/strong> Knoblauchzehen (gehackt)<\/li><li><strong>3 TL<\/strong> Kakao<\/li><li><strong>1 \u00bd TL<\/strong> Salz<\/li><li><strong>\u00bd TL<\/strong> Pfeffer<\/li><li><strong>250 g<\/strong> schwarze Bohnen (aus der Dose, abgetropft)<\/li><li><strong>250 g<\/strong> Mais (aus der Dose, abgetropft)<\/li><li>Sauerrahm (nach Geschmack, zum Servieren)<\/li><\/ul><h3>Zubereitung<\/h3><ol><li><strong>15 g \u00d6l<\/strong> und <strong>2 rote Paprika<\/strong> in den Mixtopf geben. Spritzschutz auf den Mixtopfdeckel setzen und <strong>8 Min.\/120\u00b0C\/Linkslauf\/Stufe R\u00fchren<\/strong> anbraten.<\/li><li><strong>170 g rote Zwiebeln<\/strong> (in halbe Ringe geschnitten) dazugeben. Spritzschutz auf den Mixtopfdeckel setzen und weitere <strong>8 Min.\/120\u00b0C\/Linkslauf\/Stufe R\u00fchren<\/strong> anbraten.<\/li><li><strong>300 g S\u00fc\u00dfkartoffeln<\/strong> (in W\u00fcrfeln, ca. 2 cm), <strong>800 g Tomaten<\/strong> (in St\u00fccken), <strong>2 TL Gem\u00fcsebr\u00fche<\/strong> (Pulver), <strong>1 \u00bd TL Kreuzk\u00fcmmel<\/strong>, <strong>\u00bc TL Chilipulver<\/strong>, <strong>1 \u00bd TL Paprika edels\u00fc\u00df<\/strong>, <strong>2 gehackte Knoblauchzehen<\/strong>, <strong>3 TL Kakao<\/strong>, <strong>1 \u00bd TL Salz<\/strong> und <strong>\u00bd TL Pfeffer<\/strong> in den Mixtopf geben. <strong>10 Min.\/100\u00b0C\/Linkslauf\/Stufe R\u00fchren<\/strong> kochen.<\/li><li><strong>250 g schwarze Bohnen<\/strong> (abgetropft) und <strong>250 g Mais<\/strong> (abgetropft) zugeben. <strong>5 Min.\/100\u00b0C\/Linkslauf\/Stufe R\u00fchren<\/strong> kochen.<\/li><li>Nach Geschmack Sauerrahm in den Teller r\u00fchren und servieren.<\/li><\/ol><h3>Notwendiges Zubeh\u00f6r<\/h3><ul><li>Mixtopf<\/li><li>Spritzschutz<\/li><\/ul><h3>N\u00e4hrwerte pro 1 Portion<\/h3><ul><li><strong>Kalorien:<\/strong> 1085 kJ \/ 260 kcal<\/li><li><strong>Protein:<\/strong> 8 g<\/li><li><strong>Kohlenhydrate:<\/strong> 41 g<\/li><li><strong>Fett:<\/strong> 6 g<\/li><li><strong>Ballaststoffe:<\/strong> 8 g<\/li><\/ul><h3>Tipps &amp; Tricks<\/h3><ul><li><strong>Variationen:<\/strong> F\u00fcr eine zus\u00e4tzliche Sch\u00e4rfe kannst du frische Chilischoten oder eine Prise Cayennepfeffer hinzuf\u00fcgen.<\/li><li><strong>Serviervorschlag:<\/strong> Das Chili schmeckt besonders gut, wenn es mit frischen Kr\u00e4utern wie Koriander garniert und mit einem Limettenviertel serviert wird.<\/li><li><strong>Lagerung:<\/strong> Das Chili l\u00e4sst sich hervorragend einfrieren und schmeckt aufgew\u00e4rmt oft noch besser, da die Aromen Zeit hatten, durchzuziehen.<\/li><\/ul>\t\t\t\t\t\t\t\t<\/div>\n\t\t\t\t<\/div>\n\t\t\t\t<\/div>\n\t\t\t\t<\/div>\n\t\t","protected":false},"excerpt":{"rendered":"<p>S\u00fc\u00dfkartoffel-Chili mit schwarzen Bohnen (Thermomix TM 6) Portionen F\u00fcr ca. 4-6 Personen Zutaten 15 g \u00d6l 2 rote Paprika (in St\u00fccken) 170 g rote Zwiebeln (in halbe Ringe geschnitten) 300 g S\u00fc\u00dfkartoffeln (in W\u00fcrfeln, ca. 2 cm) 800 g Tomaten (in St\u00fccken) 2 TL Gem\u00fcsebr\u00fche (Pulver) 1 \u00bd TL Kreuzk\u00fcmmel (gemahlen) \u00bc TL Chilipulver 1 [&hellip;]<\/p>\n","protected":false},"author":1,"featured_media":0,"parent":9,"menu_order":0,"comment_status":"closed","ping_status":"closed","template":"elementor_header_footer","meta":{"footnotes":""},"class_list":["post-249","page","type-page","status-publish","hentry"],"_links":{"self":[{"href":"http:\/\/merely-labeled.com\/index.php?rest_route=\/wp\/v2\/pages\/249","targetHints":{"allow":["GET"]}}],"collection":[{"href":"http:\/\/merely-labeled.com\/index.php?rest_route=\/wp\/v2\/pages"}],"about":[{"href":"http:\/\/merely-labeled.com\/index.php?rest_route=\/wp\/v2\/types\/page"}],"author":[{"embeddable":true,"href":"http:\/\/merely-labeled.com\/index.php?rest_route=\/wp\/v2\/users\/1"}],"replies":[{"embeddable":true,"href":"http:\/\/merely-labeled.com\/index.php?rest_route=%2Fwp%2Fv2%2Fcomments&post=249"}],"version-history":[{"count":10,"href":"http:\/\/merely-labeled.com\/index.php?rest_route=\/wp\/v2\/pages\/249\/revisions"}],"predecessor-version":[{"id":894,"href":"http:\/\/merely-labeled.com\/index.php?rest_route=\/wp\/v2\/pages\/249\/revisions\/894"}],"up":[{"embeddable":true,"href":"http:\/\/merely-labeled.com\/index.php?rest_route=\/wp\/v2\/pages\/9"}],"wp:attachment":[{"href":"http:\/\/merely-labeled.com\/index.php?rest_route=%2Fwp%2Fv2%2Fmedia&parent=249"}],"curies":[{"name":"wp","href":"https:\/\/api.w.org\/{rel}","templated":true}]}}