{"id":241,"date":"2024-01-20T19:14:34","date_gmt":"2024-01-20T18:14:34","guid":{"rendered":"http:\/\/merely-labeled.com\/?page_id=241"},"modified":"2025-07-13T14:58:44","modified_gmt":"2025-07-13T12:58:44","slug":"spinatknoedel","status":"publish","type":"page","link":"http:\/\/merely-labeled.com\/?page_id=241","title":{"rendered":"Spinatkn\u00f6del (Thermomix TM 6)"},"content":{"rendered":"\t\t<div data-elementor-type=\"wp-page\" data-elementor-id=\"241\" class=\"elementor elementor-241\" data-elementor-post-type=\"page\">\n\t\t\t\t<div class=\"elementor-element elementor-element-344754d4 e-con-full e-flex e-con e-parent\" data-id=\"344754d4\" data-element_type=\"container\" data-e-type=\"container\" data-settings=\"{&quot;background_background&quot;:&quot;gradient&quot;}\">\n\t\t\t\t<div class=\"elementor-element elementor-element-284b52cd elementor-widget elementor-widget-heading\" data-id=\"284b52cd\" data-element_type=\"widget\" data-e-type=\"widget\" data-widget_type=\"heading.default\">\n\t\t\t\t<div class=\"elementor-widget-container\">\n\t\t\t\t\t<h2 class=\"elementor-heading-title elementor-size-default\">Spinatkn\u00f6del (Thermomix TM 6)<\/h2>\t\t\t\t<\/div>\n\t\t\t\t<\/div>\n\t\t\t\t<div class=\"elementor-element elementor-element-5737c96a elementor-widget__width-inherit elementor-widget-divider--view-line elementor-invisible elementor-widget elementor-widget-divider\" data-id=\"5737c96a\" data-element_type=\"widget\" data-e-type=\"widget\" data-settings=\"{&quot;_animation&quot;:&quot;fadeInLeft&quot;}\" data-widget_type=\"divider.default\">\n\t\t\t\t<div class=\"elementor-widget-container\">\n\t\t\t\t\t\t\t<div class=\"elementor-divider\">\n\t\t\t<span class=\"elementor-divider-separator\">\n\t\t\t\t\t\t<\/span>\n\t\t<\/div>\n\t\t\t\t\t\t<\/div>\n\t\t\t\t<\/div>\n\t\t\t\t<div class=\"elementor-element elementor-element-7fd2993e elementor-widget elementor-widget-text-editor\" data-id=\"7fd2993e\" data-element_type=\"widget\" data-e-type=\"widget\" data-widget_type=\"text-editor.default\">\n\t\t\t\t<div class=\"elementor-widget-container\">\n\t\t\t\t\t\t\t\t\t<p>Portionen: F\u00fcr ca. 4-6 Personen<\/p><h3>Zutaten<\/h3><ul><li>500 g Semmelw\u00fcrfel<\/li><li>80 g Weizenmehl (griffig)<\/li><li>300 g Emmentaler (in W\u00fcrfeln, ca. 1 cm)<\/li><li>400 g Blattspinat (TK, angetaut, in St\u00fccken, ca. 2 cm)<\/li><li>140 g Zwiebeln (halbiert)<\/li><li>3 Knoblauchzehen<\/li><li>60 g \u00d6l<\/li><li>260 g Milch<\/li><li>6 Eier<\/li><li>1 TL Salz<\/li><li>2 Prisen Muskatnuss (gemahlen)<\/li><li>500 ml Wasser<\/li><\/ul><h3>Zubereitung<\/h3><ol><li><strong>500 g Semmelw\u00fcrfel<\/strong> und <strong>80 g Weizenmehl<\/strong> in einer gro\u00dfen Sch\u00fcssel miteinander vermischen.<\/li><li><strong>300 g Emmentaler<\/strong> in den Mixtopf geben und 10 Sek.\/Stufe 7 zerkleinern, dann in eine Sch\u00fcssel umf\u00fcllen.<\/li><li><strong>400 g Blattspinat<\/strong> (TK, angetaut, in St\u00fccken) in den Mixtopf geben, 7 Sek.\/Stufe 7 zerkleinern und ebenfalls in eine Sch\u00fcssel umf\u00fcllen.<\/li><li><strong>140 g Zwiebeln<\/strong> (halbiert) und <strong>3 Knoblauchzehen <\/strong>in den Mixtopf geben, 7 Sek.\/Stufe 5 zerkleinern und mit dem Spatel nach unten schieben.<\/li><li><strong>60 g \u00d6l<\/strong> zugeben und 4 Min.\/120\u00b0C\/Stufe 1 d\u00fcnsten.<\/li><li><strong>260 g Milch<\/strong>, <strong>6 Eier<\/strong>, <strong>1 TL Salz<\/strong>, <strong>2 Prisen Muskatnuss<\/strong>, den zerkleinerten Emmentaler und den zerkleinerten Spinat in den Mixtopf geben und 10 Sek.\/Stufe 2,5 vermischen.<\/li><li>Die Mischung zu den Semmelw\u00fcrfeln geben und vorsichtig mit den H\u00e4nden vermengen. Die Masse 15 Minuten rasten lassen.<\/li><li>Mit nassen H\u00e4nden kleine Kn\u00f6del formen und im Varoma-Beh\u00e4lter und -Einlegeboden verteilen.<\/li><li><strong>500 ml Wasser<\/strong> in den Mixtopf geben, den Varoma aufsetzen und 30 Min.\/Varoma\/Stufe 1 garen.<\/li><\/ol><h3>Notwendiges Zubeh\u00f6r<\/h3><ul><li>Mixtopf<\/li><li>Varoma-Beh\u00e4lter und -Einlegeboden<\/li><li>Gro\u00dfe Sch\u00fcssel<\/li><li>Spatel<\/li><\/ul><h3>N\u00e4hrwerte pro 1 Portion (ca. 3 Kn\u00f6del)<\/h3><ul><li><strong>Kalorien:<\/strong> 1590 kJ \/ 380 kcal<\/li><li><strong>Protein:<\/strong> 20 g<\/li><li><strong>Kohlenhydrate:<\/strong> 40 g<\/li><li><strong>Fett:<\/strong> 15 g<\/li><li><strong>Ballaststoffe:<\/strong> 3 g<\/li><\/ul><h3>Tipps &amp; Tricks<\/h3><ul><li><strong>Kn\u00f6del formen:<\/strong> Um das Formen der Kn\u00f6del zu erleichtern, befeuchte deine H\u00e4nde regelm\u00e4\u00dfig mit kaltem Wasser, damit der Teig nicht kleben bleibt.<\/li><li><strong>Variationen:<\/strong> F\u00fcr eine noch aromatischere Variante kannst du in die Kn\u00f6delmasse fein gehackten Knoblauch oder geriebenen Parmesan hinzuf\u00fcgen.<\/li><li><strong>Serviervorschlag:<\/strong> Spinatkn\u00f6del schmecken hervorragend mit zerlassener Butter und geriebenem Parmesan oder als Beilage zu einem herzhaften Gulasch.<\/li><\/ul>\t\t\t\t\t\t\t\t<\/div>\n\t\t\t\t<\/div>\n\t\t\t\t<\/div>\n\t\t\t\t<\/div>\n\t\t","protected":false},"excerpt":{"rendered":"<p>Spinatkn\u00f6del (Thermomix TM 6) Portionen: F\u00fcr ca. 4-6 Personen Zutaten 500 g Semmelw\u00fcrfel 80 g Weizenmehl (griffig) 300 g Emmentaler (in W\u00fcrfeln, ca. 1 cm) 400 g Blattspinat (TK, angetaut, in St\u00fccken, ca. 2 cm) 140 g Zwiebeln (halbiert) 3 Knoblauchzehen 60 g \u00d6l 260 g Milch 6 Eier 1 TL Salz 2 Prisen Muskatnuss [&hellip;]<\/p>\n","protected":false},"author":1,"featured_media":0,"parent":9,"menu_order":0,"comment_status":"closed","ping_status":"closed","template":"elementor_header_footer","meta":{"footnotes":""},"class_list":["post-241","page","type-page","status-publish","hentry"],"_links":{"self":[{"href":"http:\/\/merely-labeled.com\/index.php?rest_route=\/wp\/v2\/pages\/241","targetHints":{"allow":["GET"]}}],"collection":[{"href":"http:\/\/merely-labeled.com\/index.php?rest_route=\/wp\/v2\/pages"}],"about":[{"href":"http:\/\/merely-labeled.com\/index.php?rest_route=\/wp\/v2\/types\/page"}],"author":[{"embeddable":true,"href":"http:\/\/merely-labeled.com\/index.php?rest_route=\/wp\/v2\/users\/1"}],"replies":[{"embeddable":true,"href":"http:\/\/merely-labeled.com\/index.php?rest_route=%2Fwp%2Fv2%2Fcomments&post=241"}],"version-history":[{"count":10,"href":"http:\/\/merely-labeled.com\/index.php?rest_route=\/wp\/v2\/pages\/241\/revisions"}],"predecessor-version":[{"id":1794,"href":"http:\/\/merely-labeled.com\/index.php?rest_route=\/wp\/v2\/pages\/241\/revisions\/1794"}],"up":[{"embeddable":true,"href":"http:\/\/merely-labeled.com\/index.php?rest_route=\/wp\/v2\/pages\/9"}],"wp:attachment":[{"href":"http:\/\/merely-labeled.com\/index.php?rest_route=%2Fwp%2Fv2%2Fmedia&parent=241"}],"curies":[{"name":"wp","href":"https:\/\/api.w.org\/{rel}","templated":true}]}}