{"id":213,"date":"2024-01-20T18:38:37","date_gmt":"2024-01-20T17:38:37","guid":{"rendered":"http:\/\/merely-labeled.com\/?page_id=213"},"modified":"2024-08-18T15:32:46","modified_gmt":"2024-08-18T13:32:46","slug":"pesto-rosso-holy-smoke","status":"publish","type":"page","link":"http:\/\/merely-labeled.com\/?page_id=213","title":{"rendered":"Pesto Rosso Holy Smoke (Thermomix TM 6)"},"content":{"rendered":"\t\t<div data-elementor-type=\"wp-page\" data-elementor-id=\"213\" class=\"elementor elementor-213\" data-elementor-post-type=\"page\">\n\t\t\t\t<div class=\"elementor-element elementor-element-5f058ae4 e-flex e-con-boxed e-con e-parent\" data-id=\"5f058ae4\" data-element_type=\"container\" data-e-type=\"container\">\n\t\t\t\t\t<div class=\"e-con-inner\">\n\t\t\t\t<div class=\"elementor-element elementor-element-4158aceb elementor-widget elementor-widget-text-editor\" data-id=\"4158aceb\" data-element_type=\"widget\" data-e-type=\"widget\" data-widget_type=\"text-editor.default\">\n\t\t\t\t<div class=\"elementor-widget-container\">\n\t\t\t\t\t\t\t\t\t\n<p><a href=\"https:\/\/cookidoo.at\/community\/profile\/de-AT\"><\/a><\/p>\n\t\t\t\t\t\t\t\t<\/div>\n\t\t\t\t<\/div>\n\t\t\t\t\t<\/div>\n\t\t\t\t<\/div>\n\t\t<div class=\"elementor-element elementor-element-4e11a852 e-con-full e-flex e-con e-parent\" data-id=\"4e11a852\" data-element_type=\"container\" data-e-type=\"container\" data-settings=\"{&quot;background_background&quot;:&quot;gradient&quot;}\">\n\t\t\t\t<div class=\"elementor-element elementor-element-3710a763 elementor-widget elementor-widget-heading\" data-id=\"3710a763\" data-element_type=\"widget\" data-e-type=\"widget\" data-widget_type=\"heading.default\">\n\t\t\t\t<div class=\"elementor-widget-container\">\n\t\t\t\t\t<h2 class=\"elementor-heading-title elementor-size-default\">Pesto Rosso Holy Smoke (Thermomix TM 6)<\/h2>\t\t\t\t<\/div>\n\t\t\t\t<\/div>\n\t\t\t\t<div class=\"elementor-element elementor-element-c25fb12 elementor-widget__width-inherit elementor-widget-divider--view-line elementor-invisible elementor-widget elementor-widget-divider\" data-id=\"c25fb12\" data-element_type=\"widget\" data-e-type=\"widget\" data-settings=\"{&quot;_animation&quot;:&quot;fadeInLeft&quot;}\" data-widget_type=\"divider.default\">\n\t\t\t\t<div class=\"elementor-widget-container\">\n\t\t\t\t\t\t\t<div class=\"elementor-divider\">\n\t\t\t<span class=\"elementor-divider-separator\">\n\t\t\t\t\t\t<\/span>\n\t\t<\/div>\n\t\t\t\t\t\t<\/div>\n\t\t\t\t<\/div>\n\t\t\t\t<div class=\"elementor-element elementor-element-1465ea52 elementor-widget elementor-widget-text-editor\" data-id=\"1465ea52\" data-element_type=\"widget\" data-e-type=\"widget\" data-widget_type=\"text-editor.default\">\n\t\t\t\t<div class=\"elementor-widget-container\">\n\t\t\t\t\t\t\t\t\t<p><strong>Portionen<\/strong> Ergibt ca. 4 Portionen<\/p>\n<h3>Zutaten<\/h3>\n<h4>F\u00fcr das Pesto<\/h4>\n<ul>\n<li><strong>100 g<\/strong> Cashewn\u00fcsse<\/li>\n<li><strong>\u00bc TL<\/strong> Rosmarin<\/li>\n<li><strong>\u00bc TL<\/strong> Thymian<\/li>\n<li><strong>3<\/strong> Knoblauchzehen<\/li>\n<li><strong>150 g<\/strong> in \u00d6l eingelegte Tomaten<\/li>\n<li>\u00d6l von den eingelegten Tomaten (nach Bedarf)<\/li>\n<li><strong>\u00bd TL<\/strong> Suppengew\u00fcrz<\/li>\n<li><strong>1 Messerspitze<\/strong> Zimtpulver<\/li>\n<li>Ein paar Tropfen Liquid Smoke<\/li>\n<li><strong>\u00bc TL<\/strong> Pfeffer<\/li>\n<li>Etwas Balsamicoessig<\/li>\n<li><strong>\u00bd TL<\/strong> Salz<\/li>\n<\/ul>\n<h3>Zubereitung<\/h3>\n<ol>\n<li><strong>100 g Cashewn\u00fcsse<\/strong>, <strong>\u00bc TL Rosmarin<\/strong> und <strong>\u00bc TL Thymian<\/strong> in den Mixtopf geben, 10 Sek.\/Stufe 10 zerkleinern und in eine Sch\u00fcssel f\u00fcllen.<\/li>\n<li><strong>3 Knoblauchzehen<\/strong> in den Mixtopf geben, 10 Sek.\/Stufe 6 zerkleinern.<\/li>\n<li>Etwas \u00d6l von den eingelegten Tomaten in den Mixtopf geben, 2 Min.\/120\u00b0C\/Stufe 3 anbraten.<\/li>\n<li><strong>150 g in \u00d6l eingelegte Tomaten<\/strong> und <strong>\u00bd TL Suppengew\u00fcrz<\/strong> in den Mixtopf geben, 10 Sek.\/Stufe 10 zerkleinern und mit dem Spatel nach unten schieben.<\/li>\n<li>Die Cashewnussmischung, \u00d6l von den eingelegten Tomaten, <strong>1 Messerspitze Zimtpulver<\/strong>, ein paar Tropfen Liquid Smoke, <strong>\u00bc TL Pfeffer<\/strong>, etwas Balsamicoessig und <strong>\u00bd TL Salz<\/strong> zugeben, 30 Sek.\/Stufe 5 vermischen, abschmecken und z.B. unter gekochte Nudeln mischen und servieren.<\/li>\n<\/ol>\n<h3>Notwendiges Zubeh\u00f6r<\/h3>\n<ul>\n<li>Mixtopf<\/li>\n<li>Spatel<\/li>\n<li>Sch\u00fcssel<\/li>\n<\/ul>\n<h3>N\u00e4hrwerte pro 1 Portion<\/h3>\n<ul>\n<li><strong>Kalorien:<\/strong> 1400 kJ \/ 335 kcal<\/li>\n<li><strong>Protein:<\/strong> 7 g<\/li>\n<li><strong>Kohlenhydrate:<\/strong> 10 g<\/li>\n<li><strong>Fett:<\/strong> 29 g<\/li>\n<li><strong>Ballaststoffe:<\/strong> 3 g<\/li>\n<\/ul>\n<h3>Tipps &amp; Tricks<\/h3>\n<ul>\n<li><strong>Variationen:<\/strong> F\u00fcr eine etwas fruchtigere Note kannst du getrocknete Tomaten verwenden, die zuvor in warmem Wasser eingeweicht wurden. Dies verleiht dem Pesto eine s\u00fc\u00dfere und intensivere Tomatenaromatik.<\/li>\n<li><strong>Konsistenz anpassen:<\/strong> Wenn das Pesto zu dick ist, kannst du es mit etwas mehr \u00d6l oder einem Schuss Wasser verd\u00fcnnen, bis die gew\u00fcnschte Konsistenz erreicht ist.<\/li>\n<li><strong>Lagerung:<\/strong> Das Pesto h\u00e4lt sich im K\u00fchlschrank bis zu einer Woche, wenn es in ein sauberes Glas gef\u00fcllt und mit einer Schicht \u00d6l bedeckt wird, um es frisch zu halten.<\/li>\n<\/ul>\t\t\t\t\t\t\t\t<\/div>\n\t\t\t\t<\/div>\n\t\t\t\t<\/div>\n\t\t\t\t<\/div>\n\t\t","protected":false},"excerpt":{"rendered":"<p>Pesto Rosso Holy Smoke (Thermomix TM 6) Portionen Ergibt ca. 4 Portionen Zutaten F\u00fcr das Pesto 100 g Cashewn\u00fcsse \u00bc TL Rosmarin \u00bc TL Thymian 3 Knoblauchzehen 150 g in \u00d6l eingelegte Tomaten \u00d6l von den eingelegten Tomaten (nach Bedarf) \u00bd TL Suppengew\u00fcrz 1 Messerspitze Zimtpulver Ein paar Tropfen Liquid Smoke \u00bc TL Pfeffer Etwas [&hellip;]<\/p>\n","protected":false},"author":1,"featured_media":0,"parent":9,"menu_order":0,"comment_status":"closed","ping_status":"closed","template":"elementor_header_footer","meta":{"footnotes":""},"class_list":["post-213","page","type-page","status-publish","hentry"],"_links":{"self":[{"href":"http:\/\/merely-labeled.com\/index.php?rest_route=\/wp\/v2\/pages\/213","targetHints":{"allow":["GET"]}}],"collection":[{"href":"http:\/\/merely-labeled.com\/index.php?rest_route=\/wp\/v2\/pages"}],"about":[{"href":"http:\/\/merely-labeled.com\/index.php?rest_route=\/wp\/v2\/types\/page"}],"author":[{"embeddable":true,"href":"http:\/\/merely-labeled.com\/index.php?rest_route=\/wp\/v2\/users\/1"}],"replies":[{"embeddable":true,"href":"http:\/\/merely-labeled.com\/index.php?rest_route=%2Fwp%2Fv2%2Fcomments&post=213"}],"version-history":[{"count":10,"href":"http:\/\/merely-labeled.com\/index.php?rest_route=\/wp\/v2\/pages\/213\/revisions"}],"predecessor-version":[{"id":878,"href":"http:\/\/merely-labeled.com\/index.php?rest_route=\/wp\/v2\/pages\/213\/revisions\/878"}],"up":[{"embeddable":true,"href":"http:\/\/merely-labeled.com\/index.php?rest_route=\/wp\/v2\/pages\/9"}],"wp:attachment":[{"href":"http:\/\/merely-labeled.com\/index.php?rest_route=%2Fwp%2Fv2%2Fmedia&parent=213"}],"curies":[{"name":"wp","href":"https:\/\/api.w.org\/{rel}","templated":true}]}}