{"id":162,"date":"2024-01-14T14:22:11","date_gmt":"2024-01-14T13:22:11","guid":{"rendered":"http:\/\/merely-labeled.com\/?page_id=162"},"modified":"2024-08-18T15:35:17","modified_gmt":"2024-08-18T13:35:17","slug":"senfdressing","status":"publish","type":"page","link":"http:\/\/merely-labeled.com\/?page_id=162","title":{"rendered":"Senfdressing"},"content":{"rendered":"\t\t<div data-elementor-type=\"wp-page\" data-elementor-id=\"162\" class=\"elementor elementor-162\" data-elementor-post-type=\"page\">\n\t\t\t\t<div class=\"elementor-element elementor-element-70e470bf e-con-full e-flex e-con e-parent\" data-id=\"70e470bf\" data-element_type=\"container\" data-e-type=\"container\" data-settings=\"{&quot;background_background&quot;:&quot;gradient&quot;}\">\n\t\t\t\t<div class=\"elementor-element elementor-element-55bee364 elementor-widget elementor-widget-heading\" data-id=\"55bee364\" data-element_type=\"widget\" data-e-type=\"widget\" data-widget_type=\"heading.default\">\n\t\t\t\t<div class=\"elementor-widget-container\">\n\t\t\t\t\t<h2 class=\"elementor-heading-title elementor-size-default\">Senfdressing<\/h2>\t\t\t\t<\/div>\n\t\t\t\t<\/div>\n\t\t\t\t<div class=\"elementor-element elementor-element-6978423f elementor-widget__width-inherit elementor-widget-divider--view-line elementor-invisible elementor-widget elementor-widget-divider\" data-id=\"6978423f\" data-element_type=\"widget\" data-e-type=\"widget\" data-settings=\"{&quot;_animation&quot;:&quot;fadeInLeft&quot;}\" data-widget_type=\"divider.default\">\n\t\t\t\t<div class=\"elementor-widget-container\">\n\t\t\t\t\t\t\t<div class=\"elementor-divider\">\n\t\t\t<span class=\"elementor-divider-separator\">\n\t\t\t\t\t\t<\/span>\n\t\t<\/div>\n\t\t\t\t\t\t<\/div>\n\t\t\t\t<\/div>\n\t\t\t\t<div class=\"elementor-element elementor-element-11091eb9 elementor-widget elementor-widget-text-editor\" data-id=\"11091eb9\" data-element_type=\"widget\" data-e-type=\"widget\" data-widget_type=\"text-editor.default\">\n\t\t\t\t<div class=\"elementor-widget-container\">\n\t\t\t\t\t\t\t\t\t<p><strong>Portionen<\/strong> Ergibt ca. 4 Portionen<\/p><h3>Zutaten<\/h3><ul><li><strong>4 EL<\/strong> neutrales Pflanzen\u00f6l (z.B. Raps- oder Sonnenblumen\u00f6l)<\/li><li><strong>2 EL<\/strong> Wei\u00dfweinessig<\/li><li><strong>2 EL<\/strong> Gurkenwasser (aus einem Glas eingelegter Gurken)<\/li><li><strong>1 EL<\/strong> Senf (mittelscharf)<\/li><li><strong>\u00bc TL<\/strong> Zucker<\/li><li><strong>\u00bc TL<\/strong> Salz<\/li><li><strong>\u00bc TL<\/strong> schwarzer Pfeffer (aus der M\u00fchle)<\/li><\/ul><h3>Zubereitung<\/h3><ol><li><strong>4 EL Pflanzen\u00f6l<\/strong>, <strong>2 EL Wei\u00dfweinessig<\/strong>, <strong>2 EL Gurkenwasser<\/strong>, <strong>1 EL Senf<\/strong>, <strong>\u00bc TL Zucker<\/strong>, <strong>\u00bc TL Salz<\/strong> und <strong>\u00bc TL schwarzer Pfeffer<\/strong> in eine Sch\u00fcssel oder ein Glas geben.<\/li><li>Alles gut miteinander verquirlen oder in einem verschlossenen Glas kr\u00e4ftig sch\u00fctteln, bis eine homogene Mischung entsteht.<\/li><li>Das Senfdressing nach Belieben \u00fcber Salat oder als Marinade verwenden.<\/li><\/ol><h3>Notwendiges Zubeh\u00f6r<\/h3><ul><li>Sch\u00fcssel oder Glas<\/li><li>Schneebesen oder Deckel zum Sch\u00fctteln<\/li><\/ul><h3>N\u00e4hrwerte pro 1 Portion (ca. 2 EL)<\/h3><ul><li><strong>Kalorien:<\/strong> 416 kJ \/ 99 kcal<\/li><li><strong>Protein:<\/strong> 0.2 g<\/li><li><strong>Kohlenhydrate:<\/strong> 1.5 g<\/li><li><strong>Fett:<\/strong> 10 g<\/li><li><strong>Ballaststoffe:<\/strong> 0 g<\/li><\/ul><h3>Tipps &amp; Tricks<\/h3><ul><li><strong>Cremigeres Dressing:<\/strong> Wenn du ein cremigeres Dressing m\u00f6chtest, kannst du 1-2 EL Joghurt oder Mayonnaise hinzuf\u00fcgen.<\/li><li><strong>Geschmacksvariationen:<\/strong> F\u00fcge frische Kr\u00e4uter wie Schnittlauch oder Petersilie hinzu, um dem Dressing eine frische Note zu verleihen. Ein Hauch von Honig kann dem Dressing zus\u00e4tzliche S\u00fc\u00dfe geben, falls gew\u00fcnscht.<\/li><li><strong>Lagerung:<\/strong> Das Dressing kann im K\u00fchlschrank bis zu einer Woche aufbewahrt werden. Vor der Verwendung gut sch\u00fctteln oder umr\u00fchren.<\/li><\/ul>\t\t\t\t\t\t\t\t<\/div>\n\t\t\t\t<\/div>\n\t\t\t\t<\/div>\n\t\t\t\t<\/div>\n\t\t","protected":false},"excerpt":{"rendered":"<p>Senfdressing Portionen Ergibt ca. 4 Portionen Zutaten 4 EL neutrales Pflanzen\u00f6l (z.B. Raps- oder Sonnenblumen\u00f6l) 2 EL Wei\u00dfweinessig 2 EL Gurkenwasser (aus einem Glas eingelegter Gurken) 1 EL Senf (mittelscharf) \u00bc TL Zucker \u00bc TL Salz \u00bc TL schwarzer Pfeffer (aus der M\u00fchle) Zubereitung 4 EL Pflanzen\u00f6l, 2 EL Wei\u00dfweinessig, 2 EL Gurkenwasser, 1 EL [&hellip;]<\/p>\n","protected":false},"author":1,"featured_media":0,"parent":9,"menu_order":0,"comment_status":"closed","ping_status":"closed","template":"elementor_header_footer","meta":{"footnotes":""},"class_list":["post-162","page","type-page","status-publish","hentry"],"_links":{"self":[{"href":"http:\/\/merely-labeled.com\/index.php?rest_route=\/wp\/v2\/pages\/162","targetHints":{"allow":["GET"]}}],"collection":[{"href":"http:\/\/merely-labeled.com\/index.php?rest_route=\/wp\/v2\/pages"}],"about":[{"href":"http:\/\/merely-labeled.com\/index.php?rest_route=\/wp\/v2\/types\/page"}],"author":[{"embeddable":true,"href":"http:\/\/merely-labeled.com\/index.php?rest_route=\/wp\/v2\/users\/1"}],"replies":[{"embeddable":true,"href":"http:\/\/merely-labeled.com\/index.php?rest_route=%2Fwp%2Fv2%2Fcomments&post=162"}],"version-history":[{"count":10,"href":"http:\/\/merely-labeled.com\/index.php?rest_route=\/wp\/v2\/pages\/162\/revisions"}],"predecessor-version":[{"id":887,"href":"http:\/\/merely-labeled.com\/index.php?rest_route=\/wp\/v2\/pages\/162\/revisions\/887"}],"up":[{"embeddable":true,"href":"http:\/\/merely-labeled.com\/index.php?rest_route=\/wp\/v2\/pages\/9"}],"wp:attachment":[{"href":"http:\/\/merely-labeled.com\/index.php?rest_route=%2Fwp%2Fv2%2Fmedia&parent=162"}],"curies":[{"name":"wp","href":"https:\/\/api.w.org\/{rel}","templated":true}]}}