{"id":155,"date":"2024-01-14T14:24:39","date_gmt":"2024-01-14T13:24:39","guid":{"rendered":"http:\/\/merely-labeled.com\/?page_id=155"},"modified":"2024-08-18T15:42:43","modified_gmt":"2024-08-18T13:42:43","slug":"wurstsalat-mit-kaese-und-guerkchen","status":"publish","type":"page","link":"http:\/\/merely-labeled.com\/?page_id=155","title":{"rendered":"Wurstsalat mit K\u00e4se und G\u00fcrkchen"},"content":{"rendered":"\t\t<div data-elementor-type=\"wp-page\" data-elementor-id=\"155\" class=\"elementor elementor-155\" data-elementor-post-type=\"page\">\n\t\t\t\t<div class=\"elementor-element elementor-element-128ca26e e-con-full e-flex e-con e-parent\" data-id=\"128ca26e\" data-element_type=\"container\" data-e-type=\"container\" data-settings=\"{&quot;background_background&quot;:&quot;gradient&quot;}\">\n\t\t\t\t<div class=\"elementor-element elementor-element-424f0c15 elementor-widget elementor-widget-heading\" data-id=\"424f0c15\" data-element_type=\"widget\" data-e-type=\"widget\" data-widget_type=\"heading.default\">\n\t\t\t\t<div class=\"elementor-widget-container\">\n\t\t\t\t\t<h2 class=\"elementor-heading-title elementor-size-default\">Wurstsalat mit K\u00e4se und G\u00fcrkchen<\/h2>\t\t\t\t<\/div>\n\t\t\t\t<\/div>\n\t\t\t\t<div class=\"elementor-element elementor-element-752407e6 elementor-widget__width-inherit elementor-widget-divider--view-line elementor-invisible elementor-widget elementor-widget-divider\" data-id=\"752407e6\" data-element_type=\"widget\" data-e-type=\"widget\" data-settings=\"{&quot;_animation&quot;:&quot;fadeInLeft&quot;}\" data-widget_type=\"divider.default\">\n\t\t\t\t<div class=\"elementor-widget-container\">\n\t\t\t\t\t\t\t<div class=\"elementor-divider\">\n\t\t\t<span class=\"elementor-divider-separator\">\n\t\t\t\t\t\t<\/span>\n\t\t<\/div>\n\t\t\t\t\t\t<\/div>\n\t\t\t\t<\/div>\n\t\t\t\t<div class=\"elementor-element elementor-element-4eafd577 elementor-widget elementor-widget-text-editor\" data-id=\"4eafd577\" data-element_type=\"widget\" data-e-type=\"widget\" data-widget_type=\"text-editor.default\">\n\t\t\t\t<div class=\"elementor-widget-container\">\n\t\t\t\t\t\t\t\t\t<p><strong>Portionen<\/strong> F\u00fcr ca. 4 Personen<\/p><h3>Zutaten<\/h3><h4>Dressing<\/h4><ul><li><strong>4 EL<\/strong> neutrales Pflanzen\u00f6l (Raps- oder Sonnenblumen\u00f6l)<\/li><li><strong>2 EL<\/strong> Wei\u00dfweinessig<\/li><li><strong>2 EL<\/strong> Gurkenwasser (aus einem Glas eingelegter Gurken)<\/li><li><strong>1 EL<\/strong> Senf (mittelscharf)<\/li><li><strong>\u00bc TL<\/strong> Zucker<\/li><li><strong>\u00bc TL<\/strong> Salz<\/li><li><strong>\u00bc TL<\/strong> schwarzer Pfeffer (aus der M\u00fchle)<\/li><\/ul><h4>Salat<\/h4><ul><li><strong>300 g<\/strong> Knackwurst (in schmale Streifen, ca. 5 mm breit, geschnitten)<\/li><li><strong>150 g<\/strong> Schweizer Emmentaler (in schmale Streifen, ca. 5 mm breit, geschnitten)<\/li><li><strong>100 g<\/strong> Essiggurken (in Scheiben geschnitten)<\/li><li><strong>2<\/strong> Jungzwiebeln (in d\u00fcnne Ringe geschnitten)<\/li><\/ul><h3>Zubereitung<\/h3><ol><li><strong>4 EL Pflanzen\u00f6l<\/strong>, <strong>2 EL Wei\u00dfweinessig<\/strong>, <strong>2 EL Gurkenwasser<\/strong>, <strong>1 EL Senf<\/strong>, <strong>\u00bc TL Zucker<\/strong>, <strong>\u00bc TL Salz<\/strong> und <strong>\u00bc TL schwarzer Pfeffer<\/strong> in eine Sch\u00fcssel geben und gut vermischen, bis das Dressing homogen ist.<\/li><li><strong>300 g Knackwurst<\/strong>, <strong>150 g Emmentaler<\/strong>, <strong>100 g Essiggurken<\/strong> und <strong>2 Jungzwiebeln<\/strong> in eine gro\u00dfe Salatsch\u00fcssel geben.<\/li><li>Das vorbereitete Dressing \u00fcber die Wurst-, K\u00e4se- und Gem\u00fcse-Mischung gie\u00dfen und alles gut vermengen.<\/li><li>Den Wurstsalat abgedeckt im K\u00fchlschrank f\u00fcr 2-3 Stunden durchziehen lassen, f\u00fcr den besten Geschmack gerne auch \u00fcber Nacht.<\/li><li>Vor dem Servieren nochmals gut durchmischen und nach Belieben mit frischen Kr\u00e4utern garnieren.<\/li><\/ol><h3>Notwendiges Zubeh\u00f6r<\/h3><ul><li>Gro\u00dfe Sch\u00fcssel<\/li><li>Schneebesen oder Gabel zum Vermischen des Dressings<\/li><\/ul><h3>N\u00e4hrwerte pro 1 Portion<\/h3><ul><li><strong>Kalorien:<\/strong> 1846 kJ \/ 441 kcal<\/li><li><strong>Protein:<\/strong> 20 g<\/li><li><strong>Kohlenhydrate:<\/strong> 4 g<\/li><li><strong>Fett:<\/strong> 38 g<\/li><li><strong>Ballaststoffe:<\/strong> 1 g<\/li><\/ul><h3>Tipps &amp; Tricks<\/h3><ul><li><strong>Variation:<\/strong> Du kannst dem Salat auch fein geschnittene Radieschen oder Paprika hinzuf\u00fcgen, um ihm zus\u00e4tzliche Frische und Knackigkeit zu verleihen.<\/li><li><strong>Serviervorschlag:<\/strong> Dieser Wurstsalat schmeckt hervorragend zu frischem Bauernbrot oder Brezeln.<\/li><\/ul>\t\t\t\t\t\t\t\t<\/div>\n\t\t\t\t<\/div>\n\t\t\t\t<\/div>\n\t\t\t\t<\/div>\n\t\t","protected":false},"excerpt":{"rendered":"<p>Wurstsalat mit K\u00e4se und G\u00fcrkchen Portionen F\u00fcr ca. 4 Personen Zutaten Dressing 4 EL neutrales Pflanzen\u00f6l (Raps- oder Sonnenblumen\u00f6l) 2 EL Wei\u00dfweinessig 2 EL Gurkenwasser (aus einem Glas eingelegter Gurken) 1 EL Senf (mittelscharf) \u00bc TL Zucker \u00bc TL Salz \u00bc TL schwarzer Pfeffer (aus der M\u00fchle) Salat 300 g Knackwurst (in schmale Streifen, ca. [&hellip;]<\/p>\n","protected":false},"author":1,"featured_media":0,"parent":9,"menu_order":0,"comment_status":"closed","ping_status":"closed","template":"elementor_header_footer","meta":{"footnotes":""},"class_list":["post-155","page","type-page","status-publish","hentry"],"_links":{"self":[{"href":"http:\/\/merely-labeled.com\/index.php?rest_route=\/wp\/v2\/pages\/155","targetHints":{"allow":["GET"]}}],"collection":[{"href":"http:\/\/merely-labeled.com\/index.php?rest_route=\/wp\/v2\/pages"}],"about":[{"href":"http:\/\/merely-labeled.com\/index.php?rest_route=\/wp\/v2\/types\/page"}],"author":[{"embeddable":true,"href":"http:\/\/merely-labeled.com\/index.php?rest_route=\/wp\/v2\/users\/1"}],"replies":[{"embeddable":true,"href":"http:\/\/merely-labeled.com\/index.php?rest_route=%2Fwp%2Fv2%2Fcomments&post=155"}],"version-history":[{"count":10,"href":"http:\/\/merely-labeled.com\/index.php?rest_route=\/wp\/v2\/pages\/155\/revisions"}],"predecessor-version":[{"id":897,"href":"http:\/\/merely-labeled.com\/index.php?rest_route=\/wp\/v2\/pages\/155\/revisions\/897"}],"up":[{"embeddable":true,"href":"http:\/\/merely-labeled.com\/index.php?rest_route=\/wp\/v2\/pages\/9"}],"wp:attachment":[{"href":"http:\/\/merely-labeled.com\/index.php?rest_route=%2Fwp%2Fv2%2Fmedia&parent=155"}],"curies":[{"name":"wp","href":"https:\/\/api.w.org\/{rel}","templated":true}]}}