{"id":1522,"date":"2025-01-25T19:21:23","date_gmt":"2025-01-25T18:21:23","guid":{"rendered":"http:\/\/merely-labeled.com\/?page_id=1522"},"modified":"2025-01-25T19:22:10","modified_gmt":"2025-01-25T18:22:10","slug":"gruenes-thai-curry-mit-tofu-thermomix-tm6","status":"publish","type":"page","link":"http:\/\/merely-labeled.com\/?page_id=1522","title":{"rendered":"Gr\u00fcnes Thai-Curry mit Tofu (Thermomix TM6)"},"content":{"rendered":"\t\t<div data-elementor-type=\"wp-page\" data-elementor-id=\"1522\" class=\"elementor elementor-1522\" data-elementor-post-type=\"page\">\n\t\t\t\t<div class=\"elementor-element elementor-element-7513f3dc e-con-full e-flex e-con e-parent\" data-id=\"7513f3dc\" data-element_type=\"container\" data-e-type=\"container\" data-settings=\"{&quot;background_background&quot;:&quot;gradient&quot;}\">\n\t\t\t\t<div class=\"elementor-element elementor-element-2819086b elementor-widget elementor-widget-heading\" data-id=\"2819086b\" data-element_type=\"widget\" data-e-type=\"widget\" data-widget_type=\"heading.default\">\n\t\t\t\t<div class=\"elementor-widget-container\">\n\t\t\t\t\t<h2 class=\"elementor-heading-title elementor-size-default\">Gr\u00fcnes Thai-Curry mit Tofu (Thermomix TM6)<\/h2>\t\t\t\t<\/div>\n\t\t\t\t<\/div>\n\t\t\t\t<div class=\"elementor-element elementor-element-18de356b elementor-widget__width-inherit elementor-widget-divider--view-line elementor-invisible elementor-widget elementor-widget-divider\" data-id=\"18de356b\" data-element_type=\"widget\" data-e-type=\"widget\" data-settings=\"{&quot;_animation&quot;:&quot;fadeInLeft&quot;}\" data-widget_type=\"divider.default\">\n\t\t\t\t<div class=\"elementor-widget-container\">\n\t\t\t\t\t\t\t<div class=\"elementor-divider\">\n\t\t\t<span class=\"elementor-divider-separator\">\n\t\t\t\t\t\t<\/span>\n\t\t<\/div>\n\t\t\t\t\t\t<\/div>\n\t\t\t\t<\/div>\n\t\t\t\t<div class=\"elementor-element elementor-element-33ff000c elementor-widget elementor-widget-text-editor\" data-id=\"33ff000c\" data-element_type=\"widget\" data-e-type=\"widget\" data-widget_type=\"text-editor.default\">\n\t\t\t\t<div class=\"elementor-widget-container\">\n\t\t\t\t\t\t\t\t\t<p><strong>Portionen:<\/strong> F\u00fcr 4 Personen<\/p><h3>Zutaten<\/h3><p><strong>F\u00fcr das Curry:<\/strong><br \/>400 ml Kokosmilch<br \/>300 g fester Tofu (gew\u00fcrfelt)<br \/>1 Zucchini (in Scheiben)<br \/>1 rote Paprika (in Streifen)<br \/>150 g TK-gr\u00fcne Bohnen<br \/>150 g TK-Karotten<br \/>1 Zwiebel (halbiert)<br \/>1 Limette (f\u00fcr Saft und Dekoration)<br \/>1 EL Sojaso\u00dfe<br \/>1 TL Zucker (z. B. brauner Zucker)<\/p><p><strong>F\u00fcr die Gew\u00fcrz-Mischung:<\/strong><br \/>1\u20132 gr\u00fcne Chilischoten (entkernt, je nach Sch\u00e4rfevorliebe)<br \/>2 Knoblauchzehen<br \/>1 St\u00fcck Ingwer (ca. 2 cm)<br \/>1 TL gemahlener Koriander<br \/>1 TL Kreuzk\u00fcmmel<br \/>1 TL Kurkuma<br \/>1 St\u00e4ngel frisches Zitronengras (in St\u00fccke geschnitten, leicht angedr\u00fcckt)<\/p><p><strong>F\u00fcr die Beilage:<\/strong><br \/>200 g Jasminreis oder Basmatireis<\/p><h3>Zubereitung<\/h3><ol><li><p><strong>Gew\u00fcrz-Mischung vorbereiten<\/strong><br \/><strong>1\u20132 gr\u00fcne Chilischoten (entkernt)<\/strong>, <strong>2 Knoblauchzehen<\/strong>, <strong>1 St\u00fcck Ingwer (ca. 2 cm)<\/strong> und <strong>1 St\u00e4ngel frisches Zitronengras (in St\u00fccke geschnitten, leicht angedr\u00fcckt)<\/strong> in den Mixtopf geben. <strong>5 Sek.\/Stufe 8<\/strong> zerkleinern. <strong>1 TL gemahlener Koriander<\/strong>, <strong>1 TL Kreuzk\u00fcmmel<\/strong> und <strong>1 TL Kurkuma<\/strong> hinzuf\u00fcgen. Alles <strong>3 Min.\/120 \u00b0C\/Stufe 1<\/strong>anr\u00f6sten, um die Aromen zu intensivieren.<\/p><\/li><li><p><strong>Currybasis kochen<\/strong><br \/><strong>400 ml Kokosmilch<\/strong>, <strong>1 EL Sojaso\u00dfe<\/strong> und <strong>1 TL Zucker (z. B. brauner Zucker)<\/strong> in den Mixtopf geben. <strong>1 Zwiebel (halbiert)<\/strong> hinzuf\u00fcgen und <strong>10 Min.\/100 \u00b0C\/Stufe 1<\/strong> kochen, damit sich die Basis entfaltet.<\/p><\/li><li><p><strong>Gem\u00fcse und Tofu garen<\/strong><br \/><strong>1 Zucchini (in Scheiben)<\/strong>, <strong>1 rote Paprika (in Streifen)<\/strong>, <strong>150 g TK-gr\u00fcne Bohnen<\/strong>, <strong>150 g TK-Karotten<\/strong> und <strong>300 g gew\u00fcrfelten Tofu (fester Tofu)<\/strong> in den Mixtopf geben. <strong>15 Min.\/100 \u00b0C\/Linkslauf\/Stufe 1<\/strong> garen, bis das Gem\u00fcse weich und der Tofu gut durchgezogen ist.<\/p><\/li><li><p><strong>Reis zubereiten<\/strong><br \/>Parallel <strong>200 g Jasminreis oder Basmatireis<\/strong> nach Packungsanleitung zubereiten.<\/p><\/li><li><p><strong>Abschmecken<\/strong><br \/>Das Curry mit frisch gepresstem Saft von <strong>1 Limette<\/strong>, Salz und Pfeffer abschmecken. Das Zitronengras vor dem Servieren entfernen.<\/p><\/li><li><p><strong>Servieren<\/strong><br \/>Das Curry in Sch\u00fcsseln anrichten, mit Limettenspalten dekorieren und zusammen mit dem Reis servieren.<\/p><\/li><\/ol><h3>Tipps &amp; Tricks<\/h3><p><strong>Extra Geschmack:<\/strong> F\u00fcge frisch gehackten Koriander oder Thai-Basilikum als Garnitur hinzu<br \/><strong>Sch\u00e4rfe anpassen:<\/strong> Verwende weniger oder mehr Chilischoten je nach gew\u00fcnschtem Sch\u00e4rfegrad<br \/><strong>Vegan:<\/strong> Dieses Rezept ist bereits vegan \u2013 f\u00fcr zus\u00e4tzliche Proteine erg\u00e4nze Kichererbsen oder Edamame<br \/><strong>Variation:<\/strong> Tausche Tofu gegen H\u00e4hnchenstreifen, Garnelen oder Tempeh f\u00fcr eine andere Variante<\/p><p>Guten Appetit! \ud83d\ude0a<\/p>\t\t\t\t\t\t\t\t<\/div>\n\t\t\t\t<\/div>\n\t\t\t\t<\/div>\n\t\t\t\t<\/div>\n\t\t","protected":false},"excerpt":{"rendered":"<p>Gr\u00fcnes Thai-Curry mit Tofu (Thermomix TM6) Portionen: F\u00fcr 4 Personen Zutaten F\u00fcr das Curry:400 ml Kokosmilch300 g fester Tofu (gew\u00fcrfelt)1 Zucchini (in Scheiben)1 rote Paprika (in Streifen)150 g TK-gr\u00fcne Bohnen150 g TK-Karotten1 Zwiebel (halbiert)1 Limette (f\u00fcr Saft und Dekoration)1 EL Sojaso\u00dfe1 TL Zucker (z. B. brauner Zucker) F\u00fcr die Gew\u00fcrz-Mischung:1\u20132 gr\u00fcne Chilischoten (entkernt, je nach [&hellip;]<\/p>\n","protected":false},"author":1,"featured_media":0,"parent":0,"menu_order":0,"comment_status":"closed","ping_status":"closed","template":"elementor_header_footer","meta":{"footnotes":""},"class_list":["post-1522","page","type-page","status-publish","hentry"],"_links":{"self":[{"href":"http:\/\/merely-labeled.com\/index.php?rest_route=\/wp\/v2\/pages\/1522","targetHints":{"allow":["GET"]}}],"collection":[{"href":"http:\/\/merely-labeled.com\/index.php?rest_route=\/wp\/v2\/pages"}],"about":[{"href":"http:\/\/merely-labeled.com\/index.php?rest_route=\/wp\/v2\/types\/page"}],"author":[{"embeddable":true,"href":"http:\/\/merely-labeled.com\/index.php?rest_route=\/wp\/v2\/users\/1"}],"replies":[{"embeddable":true,"href":"http:\/\/merely-labeled.com\/index.php?rest_route=%2Fwp%2Fv2%2Fcomments&post=1522"}],"version-history":[{"count":3,"href":"http:\/\/merely-labeled.com\/index.php?rest_route=\/wp\/v2\/pages\/1522\/revisions"}],"predecessor-version":[{"id":1526,"href":"http:\/\/merely-labeled.com\/index.php?rest_route=\/wp\/v2\/pages\/1522\/revisions\/1526"}],"wp:attachment":[{"href":"http:\/\/merely-labeled.com\/index.php?rest_route=%2Fwp%2Fv2%2Fmedia&parent=1522"}],"curies":[{"name":"wp","href":"https:\/\/api.w.org\/{rel}","templated":true}]}}