{"id":1513,"date":"2025-01-25T19:05:20","date_gmt":"2025-01-25T18:05:20","guid":{"rendered":"http:\/\/merely-labeled.com\/?page_id=1513"},"modified":"2026-02-27T16:14:18","modified_gmt":"2026-02-27T15:14:18","slug":"eiaufstrich","status":"publish","type":"page","link":"http:\/\/merely-labeled.com\/?page_id=1513","title":{"rendered":"Eiaufstrich"},"content":{"rendered":"\t\t<div data-elementor-type=\"wp-page\" data-elementor-id=\"1513\" class=\"elementor elementor-1513\" data-elementor-post-type=\"page\">\n\t\t\t\t<div class=\"elementor-element elementor-element-6d3b27f8 e-con-full e-flex e-con e-parent\" data-id=\"6d3b27f8\" data-element_type=\"container\" data-e-type=\"container\" data-settings=\"{&quot;background_background&quot;:&quot;gradient&quot;}\">\n\t\t\t\t<div class=\"elementor-element elementor-element-5a5e7bcf elementor-widget elementor-widget-heading\" data-id=\"5a5e7bcf\" data-element_type=\"widget\" data-e-type=\"widget\" data-widget_type=\"heading.default\">\n\t\t\t\t<div class=\"elementor-widget-container\">\n\t\t\t\t\t<h2 class=\"elementor-heading-title elementor-size-default\">Eiaufstrich<\/h2>\t\t\t\t<\/div>\n\t\t\t\t<\/div>\n\t\t\t\t<div class=\"elementor-element elementor-element-68620494 elementor-widget__width-inherit elementor-widget-divider--view-line elementor-invisible elementor-widget elementor-widget-divider\" data-id=\"68620494\" data-element_type=\"widget\" data-e-type=\"widget\" data-settings=\"{&quot;_animation&quot;:&quot;fadeInLeft&quot;}\" data-widget_type=\"divider.default\">\n\t\t\t\t<div class=\"elementor-widget-container\">\n\t\t\t\t\t\t\t<div class=\"elementor-divider\">\n\t\t\t<span class=\"elementor-divider-separator\">\n\t\t\t\t\t\t<\/span>\n\t\t<\/div>\n\t\t\t\t\t\t<\/div>\n\t\t\t\t<\/div>\n\t\t\t\t<div class=\"elementor-element elementor-element-3fa1bb60 elementor-widget elementor-widget-text-editor\" data-id=\"3fa1bb60\" data-element_type=\"widget\" data-e-type=\"widget\" data-widget_type=\"text-editor.default\">\n\t\t\t\t<div class=\"elementor-widget-container\">\n\t\t\t\t\t\t\t\t\t<p><strong>Portionen:<\/strong> F\u00fcr 4 Personen<\/p><h3>Zutaten<\/h3><ul><li>6 hartgekochte Eier<\/li><li>3 EL Mayonnaise<\/li><li>1 \u00bd TL scharfer Senf<\/li><li>1 \u00bc TL Salz<\/li><li>\u00bd TL Pfeffer<\/li><li>2 Essiggurkerl (fein gehackt)<\/li><li>1 kleine Zwiebel (fein gehackt)<\/li><li>1 EL Zitronensaft<\/li><li>Frische Kr\u00e4uter wie Schnittlauch oder Petersilie (fein gehackt, nach Belieben)<\/li><\/ul><h3>Zubereitung<\/h3><ol><li><p><strong>Eier vorbereiten:<\/strong><br \/>Die <strong>6 hartgekochten Eier<\/strong> sch\u00e4len, grob hacken und in eine Sch\u00fcssel geben.<\/p><\/li><li><p><strong>Zutaten hinzuf\u00fcgen:<\/strong><br \/><strong>3 EL Mayonnaise<\/strong>, <strong>1 \u00bd TL scharfen Senf<\/strong>, <strong>1 \u00bc TL Salz<\/strong>, <strong>\u00bd TL Pfeffer<\/strong>, <strong>2 fein gehackte Essiggurkerl<\/strong>, <strong>1 kleine Zwiebel (fein gehackt)<\/strong> und <strong>1 EL Zitronensaft<\/strong> zu den Eiern geben.<\/p><\/li><li><p><strong>Vermengen:<\/strong><br \/>Alles gut miteinander vermischen, bis ein cremiger Aufstrich entsteht.<\/p><\/li><li><p><strong>Kr\u00e4uter unterheben:<\/strong><br \/>Nach Belieben frische Kr\u00e4uter wie Schnittlauch oder Petersilie fein hacken und unter den Aufstrich heben.<\/p><\/li><\/ol><h3>Tipps &amp; Tricks<\/h3><ul><li><strong>Extra Cremigkeit:<\/strong> F\u00fcr einen noch cremigeren Aufstrich kannst du etwas mehr Mayonnaise hinzuf\u00fcgen oder einen Teil durch Naturjoghurt ersetzen.<\/li><li><strong>Variation:<\/strong> Ersetze die Essiggurkerl durch Kapern f\u00fcr eine andere Geschmacksnote.<\/li><li><strong>Aufbewahrung:<\/strong> Der Aufstrich h\u00e4lt sich in einem luftdichten Beh\u00e4lter im K\u00fchlschrank bis zu 2 Tage.<\/li><li><strong>Servieren:<\/strong> Passt perfekt zu frischem Brot, als Dip f\u00fcr Gem\u00fcsesticks oder als Sandwich-F\u00fcllung.<\/li><\/ul>\t\t\t\t\t\t\t\t<\/div>\n\t\t\t\t<\/div>\n\t\t\t\t<\/div>\n\t\t\t\t<\/div>\n\t\t","protected":false},"excerpt":{"rendered":"<p>Eiaufstrich Portionen: F\u00fcr 4 Personen Zutaten 6 hartgekochte Eier 3 EL Mayonnaise 1 \u00bd TL scharfer Senf 1 \u00bc TL Salz \u00bd TL Pfeffer 2 Essiggurkerl (fein gehackt) 1 kleine Zwiebel (fein gehackt) 1 EL Zitronensaft Frische Kr\u00e4uter wie Schnittlauch oder Petersilie (fein gehackt, nach Belieben) Zubereitung Eier vorbereiten:Die 6 hartgekochten Eier sch\u00e4len, grob hacken [&hellip;]<\/p>\n","protected":false},"author":1,"featured_media":0,"parent":9,"menu_order":0,"comment_status":"closed","ping_status":"closed","template":"elementor_header_footer","meta":{"footnotes":""},"class_list":["post-1513","page","type-page","status-publish","hentry"],"_links":{"self":[{"href":"http:\/\/merely-labeled.com\/index.php?rest_route=\/wp\/v2\/pages\/1513","targetHints":{"allow":["GET"]}}],"collection":[{"href":"http:\/\/merely-labeled.com\/index.php?rest_route=\/wp\/v2\/pages"}],"about":[{"href":"http:\/\/merely-labeled.com\/index.php?rest_route=\/wp\/v2\/types\/page"}],"author":[{"embeddable":true,"href":"http:\/\/merely-labeled.com\/index.php?rest_route=\/wp\/v2\/users\/1"}],"replies":[{"embeddable":true,"href":"http:\/\/merely-labeled.com\/index.php?rest_route=%2Fwp%2Fv2%2Fcomments&post=1513"}],"version-history":[{"count":4,"href":"http:\/\/merely-labeled.com\/index.php?rest_route=\/wp\/v2\/pages\/1513\/revisions"}],"predecessor-version":[{"id":1518,"href":"http:\/\/merely-labeled.com\/index.php?rest_route=\/wp\/v2\/pages\/1513\/revisions\/1518"}],"up":[{"embeddable":true,"href":"http:\/\/merely-labeled.com\/index.php?rest_route=\/wp\/v2\/pages\/9"}],"wp:attachment":[{"href":"http:\/\/merely-labeled.com\/index.php?rest_route=%2Fwp%2Fv2%2Fmedia&parent=1513"}],"curies":[{"name":"wp","href":"https:\/\/api.w.org\/{rel}","templated":true}]}}