{"id":1468,"date":"2025-01-19T21:17:11","date_gmt":"2025-01-19T20:17:11","guid":{"rendered":"http:\/\/merely-labeled.com\/?page_id=1468"},"modified":"2025-01-19T21:18:03","modified_gmt":"2025-01-19T20:18:03","slug":"tofu-wuerfel-mit-petersilienpesto","status":"publish","type":"page","link":"http:\/\/merely-labeled.com\/?page_id=1468","title":{"rendered":"Tofu-W\u00fcrfel mit Petersilienpesto"},"content":{"rendered":"\t\t<div data-elementor-type=\"wp-page\" data-elementor-id=\"1468\" class=\"elementor elementor-1468\" data-elementor-post-type=\"page\">\n\t\t\t\t<div class=\"elementor-element elementor-element-3b3384b1 e-con-full e-flex e-con e-parent\" data-id=\"3b3384b1\" data-element_type=\"container\" data-e-type=\"container\" data-settings=\"{&quot;background_background&quot;:&quot;gradient&quot;}\">\n\t\t\t\t<div class=\"elementor-element elementor-element-275e1713 elementor-widget elementor-widget-heading\" data-id=\"275e1713\" data-element_type=\"widget\" data-e-type=\"widget\" data-widget_type=\"heading.default\">\n\t\t\t\t<div class=\"elementor-widget-container\">\n\t\t\t\t\t<h2 class=\"elementor-heading-title elementor-size-default\">Tofu-W\u00fcrfel mit Petersilienpesto<\/h2>\t\t\t\t<\/div>\n\t\t\t\t<\/div>\n\t\t\t\t<div class=\"elementor-element elementor-element-3f3aaed5 elementor-widget__width-inherit elementor-widget-divider--view-line elementor-invisible elementor-widget elementor-widget-divider\" data-id=\"3f3aaed5\" data-element_type=\"widget\" data-e-type=\"widget\" data-settings=\"{&quot;_animation&quot;:&quot;fadeInLeft&quot;}\" data-widget_type=\"divider.default\">\n\t\t\t\t<div class=\"elementor-widget-container\">\n\t\t\t\t\t\t\t<div class=\"elementor-divider\">\n\t\t\t<span class=\"elementor-divider-separator\">\n\t\t\t\t\t\t<\/span>\n\t\t<\/div>\n\t\t\t\t\t\t<\/div>\n\t\t\t\t<\/div>\n\t\t\t\t<div class=\"elementor-element elementor-element-2b7e79b8 elementor-widget elementor-widget-text-editor\" data-id=\"2b7e79b8\" data-element_type=\"widget\" data-e-type=\"widget\" data-widget_type=\"text-editor.default\">\n\t\t\t\t<div class=\"elementor-widget-container\">\n\t\t\t\t\t\t\t\t\t<p><strong>Portionen:<\/strong> F\u00fcr 4 Personen<\/p><h3>Zutaten<\/h3><ul><li>400 g Tofu (natur oder ger\u00e4uchert)<\/li><li>2 EL Sojasauce<\/li><li>1 TL Ahornsirup<\/li><li>1 TL Paprikapulver<\/li><li>1 EL Maisst\u00e4rke<\/li><li>2 EL Oliven\u00f6l<\/li><li>Zum Servieren: 3 EL Petersilienpesto<\/li><\/ul><h3>Zubereitung<\/h3><ol><li><p><strong>Tofu vorbereiten:<\/strong><br \/><strong>400 g Tofu (natur oder ger\u00e4uchert)<\/strong> in W\u00fcrfel schneiden. Mit einem K\u00fcchentuch leicht ausdr\u00fccken, um \u00fcbersch\u00fcssige Fl\u00fcssigkeit zu entfernen.<\/p><\/li><li><p><strong>Marinieren:<\/strong><br \/><strong>2 EL Sojasauce<\/strong>, <strong>1 TL Ahornsirup<\/strong> und <strong>1 TL Paprikapulver<\/strong> in einer Sch\u00fcssel vermischen. Die Tofu-W\u00fcrfel in die Marinade geben und ca. <strong>15 Minuten<\/strong> ziehen lassen.<\/p><\/li><li><p><strong>Best\u00e4uben:<\/strong><br \/>Die marinierten Tofu-W\u00fcrfel mit <strong>1 EL Maisst\u00e4rke<\/strong> best\u00e4uben und leicht durchmischen, damit sie gleichm\u00e4\u00dfig bedeckt sind.<\/p><\/li><li><p><strong>Anbraten:<\/strong><br \/><strong>2 EL Oliven\u00f6l<\/strong> in einer Pfanne erhitzen. Die Tofu-W\u00fcrfel darin von allen Seiten goldbraun braten.<\/p><\/li><li><p><strong>Servieren:<\/strong><br \/>Die Tofu-W\u00fcrfel auf Tellern anrichten und mit <strong>3 EL Petersilienpesto<\/strong> als Dip servieren.<\/p><\/li><\/ol><h3>Tipps &amp; Tricks<\/h3><ul><li><strong>Knuspriger Tofu:<\/strong> F\u00fcr extra knusprige W\u00fcrfel die Pfanne nicht zu voll machen und in mehreren Durchg\u00e4ngen anbraten.<\/li><li><strong>Variation:<\/strong> Ersetze Paprikapulver durch Currypulver oder Chili f\u00fcr einen w\u00fcrzigeren Geschmack.<\/li><li><strong>Aufbewahrung:<\/strong> Die Tofu-W\u00fcrfel lassen sich gut vorbereiten und kurz vor dem Servieren anbraten.<\/li><li><strong>Beilage:<\/strong> Passt hervorragend zu Reis, Quinoa oder einem frischen Salat.<\/li><\/ul>\t\t\t\t\t\t\t\t<\/div>\n\t\t\t\t<\/div>\n\t\t\t\t<\/div>\n\t\t\t\t<\/div>\n\t\t","protected":false},"excerpt":{"rendered":"<p>Tofu-W\u00fcrfel mit Petersilienpesto Portionen: F\u00fcr 4 Personen Zutaten 400 g Tofu (natur oder ger\u00e4uchert) 2 EL Sojasauce 1 TL Ahornsirup 1 TL Paprikapulver 1 EL Maisst\u00e4rke 2 EL Oliven\u00f6l Zum Servieren: 3 EL Petersilienpesto Zubereitung Tofu vorbereiten:400 g Tofu (natur oder ger\u00e4uchert) in W\u00fcrfel schneiden. Mit einem K\u00fcchentuch leicht ausdr\u00fccken, um \u00fcbersch\u00fcssige Fl\u00fcssigkeit zu entfernen. [&hellip;]<\/p>\n","protected":false},"author":1,"featured_media":0,"parent":0,"menu_order":0,"comment_status":"closed","ping_status":"closed","template":"elementor_header_footer","meta":{"footnotes":""},"class_list":["post-1468","page","type-page","status-publish","hentry"],"_links":{"self":[{"href":"http:\/\/merely-labeled.com\/index.php?rest_route=\/wp\/v2\/pages\/1468","targetHints":{"allow":["GET"]}}],"collection":[{"href":"http:\/\/merely-labeled.com\/index.php?rest_route=\/wp\/v2\/pages"}],"about":[{"href":"http:\/\/merely-labeled.com\/index.php?rest_route=\/wp\/v2\/types\/page"}],"author":[{"embeddable":true,"href":"http:\/\/merely-labeled.com\/index.php?rest_route=\/wp\/v2\/users\/1"}],"replies":[{"embeddable":true,"href":"http:\/\/merely-labeled.com\/index.php?rest_route=%2Fwp%2Fv2%2Fcomments&post=1468"}],"version-history":[{"count":4,"href":"http:\/\/merely-labeled.com\/index.php?rest_route=\/wp\/v2\/pages\/1468\/revisions"}],"predecessor-version":[{"id":1473,"href":"http:\/\/merely-labeled.com\/index.php?rest_route=\/wp\/v2\/pages\/1468\/revisions\/1473"}],"wp:attachment":[{"href":"http:\/\/merely-labeled.com\/index.php?rest_route=%2Fwp%2Fv2%2Fmedia&parent=1468"}],"curies":[{"name":"wp","href":"https:\/\/api.w.org\/{rel}","templated":true}]}}