{"id":1435,"date":"2025-01-16T22:45:37","date_gmt":"2025-01-16T21:45:37","guid":{"rendered":"http:\/\/merely-labeled.com\/?page_id=1435"},"modified":"2025-06-21T18:21:31","modified_gmt":"2025-06-21T16:21:31","slug":"fenchelsauce-thermomix-tm-6","status":"publish","type":"page","link":"http:\/\/merely-labeled.com\/?page_id=1435","title":{"rendered":"Fenchelsauce (Thermomix TM 6)"},"content":{"rendered":"\t\t<div data-elementor-type=\"wp-page\" data-elementor-id=\"1435\" class=\"elementor elementor-1435\" data-elementor-post-type=\"page\">\n\t\t\t\t<div class=\"elementor-element elementor-element-1b56a57b e-con-full e-flex e-con e-parent\" data-id=\"1b56a57b\" data-element_type=\"container\" data-e-type=\"container\" data-settings=\"{&quot;background_background&quot;:&quot;gradient&quot;}\">\n\t\t\t\t<div class=\"elementor-element elementor-element-141d95e2 elementor-widget elementor-widget-heading\" data-id=\"141d95e2\" data-element_type=\"widget\" data-e-type=\"widget\" data-widget_type=\"heading.default\">\n\t\t\t\t<div class=\"elementor-widget-container\">\n\t\t\t\t\t<h2 class=\"elementor-heading-title elementor-size-default\">Fenchelsauce (Thermomix TM 6)<\/h2>\t\t\t\t<\/div>\n\t\t\t\t<\/div>\n\t\t\t\t<div class=\"elementor-element elementor-element-7cbd9576 elementor-widget__width-inherit elementor-widget-divider--view-line elementor-invisible elementor-widget elementor-widget-divider\" data-id=\"7cbd9576\" data-element_type=\"widget\" data-e-type=\"widget\" data-settings=\"{&quot;_animation&quot;:&quot;fadeInLeft&quot;}\" data-widget_type=\"divider.default\">\n\t\t\t\t<div class=\"elementor-widget-container\">\n\t\t\t\t\t\t\t<div class=\"elementor-divider\">\n\t\t\t<span class=\"elementor-divider-separator\">\n\t\t\t\t\t\t<\/span>\n\t\t<\/div>\n\t\t\t\t\t\t<\/div>\n\t\t\t\t<\/div>\n\t\t\t\t<div class=\"elementor-element elementor-element-14dba290 elementor-widget elementor-widget-text-editor\" data-id=\"14dba290\" data-element_type=\"widget\" data-e-type=\"widget\" data-widget_type=\"text-editor.default\">\n\t\t\t\t<div class=\"elementor-widget-container\">\n\t\t\t\t\t\t\t\t\t<p><strong>Portionen:<\/strong> F\u00fcr 4 Personen<\/p><h3>Zutaten<\/h3><ul><li>1 Zwiebel (halbiert)<\/li><li>2 Knoblauchzehen<\/li><li>10 g \u00d6l<\/li><li>200 g Wasser<\/li><li>2 Fenchelknollen (in Streifen)<\/li><li>2 EL Mandelmus (ca. 40 g)<\/li><li>1 geh\u00e4ufter TL Gew\u00fcrzpaste f\u00fcr Gem\u00fcsebr\u00fche<\/li><li>1 TL Salz<\/li><li>1\/4 TL Pfeffer<\/li><\/ul><h3>Zubereitung<\/h3><ol><li data-pm-slice=\"1 1 []\"><strong>1 Zwiebel (halbiert)<\/strong> und <strong>2 Knoblauchzehen<\/strong> in den Mixtopf geben.<\/li><li><strong>5 Sek.\/Stufe 5<\/strong> zerkleinern und mit dem Spatel nach unten schieben.<\/li><li><strong>10 g \u00d6l<\/strong> in den Mixtopf geben und <strong>5 Min.\/120\u00b0C\/Stufe 1<\/strong> d\u00fcnsten.<\/li><li><strong>200 g Wasser, 2 Fenchelknollen in Streifen geschnitten, 2 EL Mandelmus, 1 geh\u00e4ufter TL Gew\u00fcrzpaste f\u00fcr Gem\u00fcsebr\u00fche, 1 TL Salz<\/strong> und <strong>1\/4 TL Pfeffer<\/strong> hinzuf\u00fcgen.<\/li><li><strong>15 Min.\/100\u00b0C\/Linkslauf\/Stufe 1<\/strong> garen.<\/li><\/ol>\t\t\t\t\t\t\t\t<\/div>\n\t\t\t\t<\/div>\n\t\t\t\t<\/div>\n\t\t\t\t<\/div>\n\t\t","protected":false},"excerpt":{"rendered":"<p>Fenchelsauce (Thermomix TM 6) Portionen: F\u00fcr 4 Personen Zutaten 1 Zwiebel (halbiert) 2 Knoblauchzehen 10 g \u00d6l 200 g Wasser 2 Fenchelknollen (in Streifen) 2 EL Mandelmus (ca. 40 g) 1 geh\u00e4ufter TL Gew\u00fcrzpaste f\u00fcr Gem\u00fcsebr\u00fche 1 TL Salz 1\/4 TL Pfeffer Zubereitung 1 Zwiebel (halbiert) und 2 Knoblauchzehen in den Mixtopf geben. 5 Sek.\/Stufe [&hellip;]<\/p>\n","protected":false},"author":1,"featured_media":0,"parent":0,"menu_order":0,"comment_status":"closed","ping_status":"closed","template":"elementor_header_footer","meta":{"footnotes":""},"class_list":["post-1435","page","type-page","status-publish","hentry"],"_links":{"self":[{"href":"http:\/\/merely-labeled.com\/index.php?rest_route=\/wp\/v2\/pages\/1435","targetHints":{"allow":["GET"]}}],"collection":[{"href":"http:\/\/merely-labeled.com\/index.php?rest_route=\/wp\/v2\/pages"}],"about":[{"href":"http:\/\/merely-labeled.com\/index.php?rest_route=\/wp\/v2\/types\/page"}],"author":[{"embeddable":true,"href":"http:\/\/merely-labeled.com\/index.php?rest_route=\/wp\/v2\/users\/1"}],"replies":[{"embeddable":true,"href":"http:\/\/merely-labeled.com\/index.php?rest_route=%2Fwp%2Fv2%2Fcomments&post=1435"}],"version-history":[{"count":10,"href":"http:\/\/merely-labeled.com\/index.php?rest_route=\/wp\/v2\/pages\/1435\/revisions"}],"predecessor-version":[{"id":1759,"href":"http:\/\/merely-labeled.com\/index.php?rest_route=\/wp\/v2\/pages\/1435\/revisions\/1759"}],"wp:attachment":[{"href":"http:\/\/merely-labeled.com\/index.php?rest_route=%2Fwp%2Fv2%2Fmedia&parent=1435"}],"curies":[{"name":"wp","href":"https:\/\/api.w.org\/{rel}","templated":true}]}}