{"id":143,"date":"2024-01-14T14:08:50","date_gmt":"2024-01-14T13:08:50","guid":{"rendered":"http:\/\/merely-labeled.com\/?page_id=143"},"modified":"2024-08-18T15:34:34","modified_gmt":"2024-08-18T13:34:34","slug":"schokoladen-blechkuchen","status":"publish","type":"page","link":"http:\/\/merely-labeled.com\/?page_id=143","title":{"rendered":"Schokoladen Blechkuchen"},"content":{"rendered":"\t\t<div data-elementor-type=\"wp-page\" data-elementor-id=\"143\" class=\"elementor elementor-143\" data-elementor-post-type=\"page\">\n\t\t\t\t<div class=\"elementor-element elementor-element-30e8982 e-con-full e-flex e-con e-parent\" data-id=\"30e8982\" data-element_type=\"container\" data-e-type=\"container\" data-settings=\"{&quot;background_background&quot;:&quot;gradient&quot;}\">\n\t\t\t\t<div class=\"elementor-element elementor-element-520afdb elementor-widget elementor-widget-heading\" data-id=\"520afdb\" data-element_type=\"widget\" data-e-type=\"widget\" data-widget_type=\"heading.default\">\n\t\t\t\t<div class=\"elementor-widget-container\">\n\t\t\t\t\t<h2 class=\"elementor-heading-title elementor-size-default\">Schokoladen Blechkuchen<\/h2>\t\t\t\t<\/div>\n\t\t\t\t<\/div>\n\t\t\t\t<div class=\"elementor-element elementor-element-3f9d8441 elementor-widget__width-inherit elementor-widget-divider--view-line elementor-invisible elementor-widget elementor-widget-divider\" data-id=\"3f9d8441\" data-element_type=\"widget\" data-e-type=\"widget\" data-settings=\"{&quot;_animation&quot;:&quot;fadeInLeft&quot;}\" data-widget_type=\"divider.default\">\n\t\t\t\t<div class=\"elementor-widget-container\">\n\t\t\t\t\t\t\t<div class=\"elementor-divider\">\n\t\t\t<span class=\"elementor-divider-separator\">\n\t\t\t\t\t\t<\/span>\n\t\t<\/div>\n\t\t\t\t\t\t<\/div>\n\t\t\t\t<\/div>\n\t\t\t\t<div class=\"elementor-element elementor-element-13ae1c5b elementor-widget elementor-widget-text-editor\" data-id=\"13ae1c5b\" data-element_type=\"widget\" data-e-type=\"widget\" data-widget_type=\"text-editor.default\">\n\t\t\t\t<div class=\"elementor-widget-container\">\n\t\t\t\t\t\t\t\t\t<p><strong>Portionen<\/strong> F\u00fcr ca. 24 St\u00fccke<\/p><h3>Zutaten<\/h3><ul><li><strong>500 g<\/strong> Butter<\/li><li><strong>1 kg<\/strong> Zartbitterschokolade<\/li><li><strong>16<\/strong> Eier<\/li><li><strong>200 g<\/strong> Mehl<\/li><li><strong>600 g<\/strong> Zucker<\/li><li><strong>2 Pck.<\/strong> Backpulver<\/li><\/ul><h3>Zubereitung<\/h3><ol><li><strong>500 g Butter<\/strong> in einem Topf bei schwacher Hitze zerlassen.<\/li><li><strong>1 kg Zartbitterschokolade<\/strong> langsam in der geschmolzenen Butter schmelzen lassen, dabei regelm\u00e4\u00dfig umr\u00fchren.<\/li><li><strong>16 Eier<\/strong> in eine gro\u00dfe Sch\u00fcssel schlagen, <strong>200 g Mehl<\/strong>, <strong>600 g Zucker<\/strong> und <strong>2 Pck. Backpulver<\/strong> hinzuf\u00fcgen. Alles sehr gut aufschlagen, bis die Mischung schaumig und gut vermischt ist.<\/li><li>Die Butter-Schoko-Mischung langsam unter die Eier-Mehl-Mischung r\u00fchren, bis ein homogener Teig entsteht.<\/li><li>Den Teig auf ein vorbereitetes Backblech (mit Backpapier ausgelegt) streichen.<\/li><li>Im vorgeheizten Backofen bei 200 \u00b0C Ober-\/Unterhitze ca. 20 bis 25 Minuten backen, bis der Kuchen durchgebacken ist. Mit einem Holzst\u00e4bchen testen, ob der Kuchen fertig ist (das St\u00e4bchen sollte sauber herauskommen).<\/li><li>Den Kuchen aus dem Ofen nehmen, abk\u00fchlen lassen und in St\u00fccke schneiden.<\/li><\/ol><h3>Notwendiges Zubeh\u00f6r<\/h3><ul><li>Gro\u00dfer Topf<\/li><li>Gro\u00dfe Sch\u00fcssel<\/li><li>Backblech<\/li><li>Backpapier<\/li><\/ul><h3>N\u00e4hrwerte pro 1 St\u00fcck (bei 24 St\u00fccken)<\/h3><ul><li><strong>Kalorien:<\/strong> 2237 kJ \/ 534 kcal<\/li><li><strong>Protein:<\/strong> 7 g<\/li><li><strong>Kohlenhydrate:<\/strong> 48 g<\/li><li><strong>Fett:<\/strong> 34 g<\/li><li><strong>Ballaststoffe:<\/strong> 2 g<\/li><\/ul><h3>Tipps &amp; Tricks<\/h3><ul><li><strong>Veredelung:<\/strong> Du kannst den Kuchen nach dem Backen mit Puderzucker best\u00e4uben oder eine Ganache aus Sahne und Schokolade dar\u00fcber verteilen, um ihm einen besonders intensiven Schokoladengeschmack zu verleihen.<\/li><li><strong>Variationen:<\/strong> F\u00fcge gehackte N\u00fcsse oder getrocknete Fr\u00fcchte wie Kirschen oder Cranberries zum Teig hinzu, um dem Kuchen zus\u00e4tzliche Textur und Geschmack zu geben.<\/li><li><strong>Backzeit anpassen:<\/strong> Da jeder Ofen unterschiedlich backt, solltest du nach 20 Minuten die St\u00e4bchenprobe machen und die Backzeit entsprechend verl\u00e4ngern oder verk\u00fcrzen.<\/li><\/ul>\t\t\t\t\t\t\t\t<\/div>\n\t\t\t\t<\/div>\n\t\t\t\t<\/div>\n\t\t\t\t<\/div>\n\t\t","protected":false},"excerpt":{"rendered":"<p>Schokoladen Blechkuchen Portionen F\u00fcr ca. 24 St\u00fccke Zutaten 500 g Butter 1 kg Zartbitterschokolade 16 Eier 200 g Mehl 600 g Zucker 2 Pck. Backpulver Zubereitung 500 g Butter in einem Topf bei schwacher Hitze zerlassen. 1 kg Zartbitterschokolade langsam in der geschmolzenen Butter schmelzen lassen, dabei regelm\u00e4\u00dfig umr\u00fchren. 16 Eier in eine gro\u00dfe Sch\u00fcssel [&hellip;]<\/p>\n","protected":false},"author":1,"featured_media":0,"parent":9,"menu_order":0,"comment_status":"closed","ping_status":"closed","template":"elementor_header_footer","meta":{"footnotes":""},"class_list":["post-143","page","type-page","status-publish","hentry"],"_links":{"self":[{"href":"http:\/\/merely-labeled.com\/index.php?rest_route=\/wp\/v2\/pages\/143","targetHints":{"allow":["GET"]}}],"collection":[{"href":"http:\/\/merely-labeled.com\/index.php?rest_route=\/wp\/v2\/pages"}],"about":[{"href":"http:\/\/merely-labeled.com\/index.php?rest_route=\/wp\/v2\/types\/page"}],"author":[{"embeddable":true,"href":"http:\/\/merely-labeled.com\/index.php?rest_route=\/wp\/v2\/users\/1"}],"replies":[{"embeddable":true,"href":"http:\/\/merely-labeled.com\/index.php?rest_route=%2Fwp%2Fv2%2Fcomments&post=143"}],"version-history":[{"count":10,"href":"http:\/\/merely-labeled.com\/index.php?rest_route=\/wp\/v2\/pages\/143\/revisions"}],"predecessor-version":[{"id":884,"href":"http:\/\/merely-labeled.com\/index.php?rest_route=\/wp\/v2\/pages\/143\/revisions\/884"}],"up":[{"embeddable":true,"href":"http:\/\/merely-labeled.com\/index.php?rest_route=\/wp\/v2\/pages\/9"}],"wp:attachment":[{"href":"http:\/\/merely-labeled.com\/index.php?rest_route=%2Fwp%2Fv2%2Fmedia&parent=143"}],"curies":[{"name":"wp","href":"https:\/\/api.w.org\/{rel}","templated":true}]}}