{"id":1417,"date":"2024-12-29T19:16:59","date_gmt":"2024-12-29T18:16:59","guid":{"rendered":"http:\/\/merely-labeled.com\/?page_id=1417"},"modified":"2024-12-29T19:17:26","modified_gmt":"2024-12-29T18:17:26","slug":"moskito-alkoholfrei","status":"publish","type":"page","link":"http:\/\/merely-labeled.com\/?page_id=1417","title":{"rendered":"Moskito (alkoholfrei)"},"content":{"rendered":"\t\t<div data-elementor-type=\"wp-page\" data-elementor-id=\"1417\" class=\"elementor elementor-1417\" data-elementor-post-type=\"page\">\n\t\t\t\t<div class=\"elementor-element elementor-element-6289a258 e-con-full e-flex e-con e-parent\" data-id=\"6289a258\" data-element_type=\"container\" data-e-type=\"container\" data-settings=\"{&quot;background_background&quot;:&quot;gradient&quot;}\">\n\t\t\t\t<div class=\"elementor-element elementor-element-3f9a39df elementor-widget elementor-widget-heading\" data-id=\"3f9a39df\" data-element_type=\"widget\" data-e-type=\"widget\" data-widget_type=\"heading.default\">\n\t\t\t\t<div class=\"elementor-widget-container\">\n\t\t\t\t\t<h2 class=\"elementor-heading-title elementor-size-default\">Moskito (alkoholfrei)<\/h2>\t\t\t\t<\/div>\n\t\t\t\t<\/div>\n\t\t\t\t<div class=\"elementor-element elementor-element-60927aa9 elementor-widget__width-inherit elementor-widget-divider--view-line elementor-invisible elementor-widget elementor-widget-divider\" data-id=\"60927aa9\" data-element_type=\"widget\" data-e-type=\"widget\" data-settings=\"{&quot;_animation&quot;:&quot;fadeInLeft&quot;}\" data-widget_type=\"divider.default\">\n\t\t\t\t<div class=\"elementor-widget-container\">\n\t\t\t\t\t\t\t<div class=\"elementor-divider\">\n\t\t\t<span class=\"elementor-divider-separator\">\n\t\t\t\t\t\t<\/span>\n\t\t<\/div>\n\t\t\t\t\t\t<\/div>\n\t\t\t\t<\/div>\n\t\t\t\t<div class=\"elementor-element elementor-element-5d926a11 elementor-widget elementor-widget-text-editor\" data-id=\"5d926a11\" data-element_type=\"widget\" data-e-type=\"widget\" data-widget_type=\"text-editor.default\">\n\t\t\t\t<div class=\"elementor-widget-container\">\n\t\t\t\t\t\t\t\t\t<p><strong>Portionen:<\/strong> F\u00fcr 1 Glas.<\/p><h4>Zutaten:<\/h4><ul><li>100 ml Ginger Ale<\/li><li>1 Limette (geviertelt)<\/li><li>2 TL brauner Rohrzucker<\/li><li>5 frische Minzbl\u00e4tter<\/li><li>Crushed Ice<\/li><\/ul><h4>Zubereitung:<\/h4><ol><li>Die geviertelte Limette zusammen mit dem braunen Rohrzucker in ein Glas geben und mit einem St\u00f6\u00dfel leicht zerdr\u00fccken, um den Saft der Limette freizusetzen.<\/li><li>Minzbl\u00e4tter hinzuf\u00fcgen und ebenfalls vorsichtig andr\u00fccken, damit die Aromen freigesetzt werden.<\/li><li>Das Glas bis zur H\u00e4lfte mit Crushed Ice f\u00fcllen.<\/li><li>Ginger Ale dazugeben und mit einem L\u00f6ffel vorsichtig umr\u00fchren.<\/li><li>Das Glas mit weiterem Crushed Ice auff\u00fcllen und nach Belieben mit einem Minzblatt dekorieren.<\/li><\/ol><p>K\u00fchl und erfrischend genie\u00dfen! \ud83e\udd42\ud83c\udf79<\/p>\t\t\t\t\t\t\t\t<\/div>\n\t\t\t\t<\/div>\n\t\t\t\t<\/div>\n\t\t\t\t<\/div>\n\t\t","protected":false},"excerpt":{"rendered":"<p>Moskito (alkoholfrei) Portionen: F\u00fcr 1 Glas. Zutaten: 100 ml Ginger Ale 1 Limette (geviertelt) 2 TL brauner Rohrzucker 5 frische Minzbl\u00e4tter Crushed Ice Zubereitung: Die geviertelte Limette zusammen mit dem braunen Rohrzucker in ein Glas geben und mit einem St\u00f6\u00dfel leicht zerdr\u00fccken, um den Saft der Limette freizusetzen. Minzbl\u00e4tter hinzuf\u00fcgen und ebenfalls vorsichtig andr\u00fccken, damit [&hellip;]<\/p>\n","protected":false},"author":1,"featured_media":0,"parent":0,"menu_order":0,"comment_status":"closed","ping_status":"closed","template":"elementor_header_footer","meta":{"footnotes":""},"class_list":["post-1417","page","type-page","status-publish","hentry"],"_links":{"self":[{"href":"http:\/\/merely-labeled.com\/index.php?rest_route=\/wp\/v2\/pages\/1417","targetHints":{"allow":["GET"]}}],"collection":[{"href":"http:\/\/merely-labeled.com\/index.php?rest_route=\/wp\/v2\/pages"}],"about":[{"href":"http:\/\/merely-labeled.com\/index.php?rest_route=\/wp\/v2\/types\/page"}],"author":[{"embeddable":true,"href":"http:\/\/merely-labeled.com\/index.php?rest_route=\/wp\/v2\/users\/1"}],"replies":[{"embeddable":true,"href":"http:\/\/merely-labeled.com\/index.php?rest_route=%2Fwp%2Fv2%2Fcomments&post=1417"}],"version-history":[{"count":4,"href":"http:\/\/merely-labeled.com\/index.php?rest_route=\/wp\/v2\/pages\/1417\/revisions"}],"predecessor-version":[{"id":1422,"href":"http:\/\/merely-labeled.com\/index.php?rest_route=\/wp\/v2\/pages\/1417\/revisions\/1422"}],"wp:attachment":[{"href":"http:\/\/merely-labeled.com\/index.php?rest_route=%2Fwp%2Fv2%2Fmedia&parent=1417"}],"curies":[{"name":"wp","href":"https:\/\/api.w.org\/{rel}","templated":true}]}}