{"id":1396,"date":"2024-12-29T18:48:53","date_gmt":"2024-12-29T17:48:53","guid":{"rendered":"http:\/\/merely-labeled.com\/?page_id=1396"},"modified":"2026-02-27T16:14:23","modified_gmt":"2026-02-27T15:14:23","slug":"deftige-fruehstuecksmuffins","status":"publish","type":"page","link":"http:\/\/merely-labeled.com\/?page_id=1396","title":{"rendered":"Deftige Fr\u00fchst\u00fccksmuffins"},"content":{"rendered":"\t\t<div data-elementor-type=\"wp-page\" data-elementor-id=\"1396\" class=\"elementor elementor-1396\" data-elementor-post-type=\"page\">\n\t\t\t\t<div class=\"elementor-element elementor-element-79222e59 e-con-full e-flex e-con e-parent\" data-id=\"79222e59\" data-element_type=\"container\" data-e-type=\"container\" data-settings=\"{&quot;background_background&quot;:&quot;gradient&quot;}\">\n\t\t\t\t<div class=\"elementor-element elementor-element-59df9340 elementor-widget elementor-widget-heading\" data-id=\"59df9340\" data-element_type=\"widget\" data-e-type=\"widget\" data-widget_type=\"heading.default\">\n\t\t\t\t<div class=\"elementor-widget-container\">\n\t\t\t\t\t<h2 class=\"elementor-heading-title elementor-size-default\">Deftige Fr\u00fchst\u00fccksmuffins (Thermomix TM 6)<\/h2>\t\t\t\t<\/div>\n\t\t\t\t<\/div>\n\t\t\t\t<div class=\"elementor-element elementor-element-19168141 elementor-widget__width-inherit elementor-widget-divider--view-line elementor-invisible elementor-widget elementor-widget-divider\" data-id=\"19168141\" data-element_type=\"widget\" data-e-type=\"widget\" data-settings=\"{&quot;_animation&quot;:&quot;fadeInLeft&quot;}\" data-widget_type=\"divider.default\">\n\t\t\t\t<div class=\"elementor-widget-container\">\n\t\t\t\t\t\t\t<div class=\"elementor-divider\">\n\t\t\t<span class=\"elementor-divider-separator\">\n\t\t\t\t\t\t<\/span>\n\t\t<\/div>\n\t\t\t\t\t\t<\/div>\n\t\t\t\t<\/div>\n\t\t\t\t<div class=\"elementor-element elementor-element-87ed88b elementor-widget elementor-widget-text-editor\" data-id=\"87ed88b\" data-element_type=\"widget\" data-e-type=\"widget\" data-widget_type=\"text-editor.default\">\n\t\t\t\t<div class=\"elementor-widget-container\">\n\t\t\t\t\t\t\t\t\t<p><strong>Portionen:<\/strong> f\u00fcr 12 Muffins<\/p><h3>Zutaten<\/h3><p><strong>Trockene Zutaten:<\/strong><\/p><ul><li>200 g Dinkelvollkornmehl<\/li><li>1 TL Backpulver<\/li><li>1\/2 TL Natron<\/li><li>1\/2 TL Salz<\/li><li>1\/2 TL Paprikapulver (optional f\u00fcr W\u00fcrze)<\/li><\/ul><p><strong>Nasse Zutaten:<\/strong><\/p><ul><li>3 Eier<\/li><li>150 ml Milch oder pflanzliche Alternative<\/li><li>50 ml Raps\u00f6l oder Oliven\u00f6l<\/li><\/ul><p><strong>F\u00fcllung:<\/strong><\/p><ul><li>100 g geriebener K\u00e4se (z. B. Cheddar, Gouda oder Parmesan)<\/li><li>100 g gew\u00fcrfelter Schinken oder Speck<\/li><li>1 Fr\u00fchlingszwiebel, in feine Ringe geschnitten<\/li><li>1 kleine Zucchini, grob geraspelt<\/li><li>1 Handvoll frische Kr\u00e4uter (z. B. Petersilie, Schnittlauch, Basilikum), fein gehackt<\/li><\/ul><p><strong>Optional:<\/strong><\/p><ul><li>Eine Prise Chili f\u00fcr etwas Sch\u00e4rfe<\/li><\/ul><h3>Zubereitung<\/h3><ol><li><p><strong>Backofen vorheizen:<\/strong><br \/>Auf 180 \u00b0C (Ober-\/Unterhitze) vorheizen. Ein Muffinblech mit Papierf\u00f6rmchen auslegen oder einfetten.<\/p><\/li><li><p><strong>K\u00e4se reiben:<\/strong><br \/>K\u00e4se in den Mixtopf geben und <strong>5 Sek.\/Stufe 8<\/strong> reiben. Umf\u00fcllen und beiseite stellen.<\/p><\/li><li><p><strong>Zucchini raspeln:<\/strong><br \/>Zucchini in grobe St\u00fccke schneiden, in den Mixtopf geben und <strong>5 Sek.\/Stufe 5<\/strong> zerkleinern. Anschlie\u00dfend mit dem Spatel nach unten schieben und \u00fcbersch\u00fcssige Fl\u00fcssigkeit ausdr\u00fccken. Beiseite stellen.<\/p><\/li><li><p><strong>Nasse Zutaten mischen:<\/strong><br \/>Eier, Milch und \u00d6l in den Mixtopf geben und <strong>10 Sek.\/Stufe 4<\/strong> vermischen.<\/p><\/li><li><p><strong>Teig herstellen:<\/strong><\/p><ul><li>Mehl, Backpulver, Natron, Salz und Paprikapulver hinzuf\u00fcgen und <strong>15 Sek.\/Stufe 4<\/strong> vermengen.<\/li><li>Geriebenen K\u00e4se, Schinken\/Speck, Fr\u00fchlingszwiebeln, Kr\u00e4uter und Zucchini hinzuf\u00fcgen. Mit dem Spatel leicht unterheben und anschlie\u00dfend <strong>10 Sek.\/Stufe 3, Linkslauf<\/strong> mischen.<\/li><\/ul><\/li><li><p><strong>Muffinformen f\u00fcllen:<\/strong><br \/>Den Teig gleichm\u00e4\u00dfig auf die F\u00f6rmchen verteilen.<\/p><\/li><li><p><strong>Backen:<\/strong><br \/>F\u00fcr 20\u201325 Minuten im vorgeheizten Ofen backen, bis die Muffins goldbraun sind und ein Zahnstocher sauber herauskommt.<\/p><\/li><li><p><strong>Abk\u00fchlen lassen:<\/strong><br \/>Die Muffins ca. 5 Minuten im Blech ruhen lassen. Anschlie\u00dfend herausnehmen und warm oder kalt genie\u00dfen.<\/p><\/li><\/ol><h3>Tipp<\/h3><ul><li><strong>Meal-Prep:<\/strong> Die Muffins lassen sich gut einfrieren. Vor dem Verzehr einfach im Ofen oder der Mikrowelle aufw\u00e4rmen.<\/li><li><strong>Variationen:<\/strong> F\u00fcr eine vegetarische Version den Schinken durch sautiertes Gem\u00fcse oder R\u00e4uchertofu ersetzen. Statt Zucchini eignen sich auch geraspelte Karotten oder Paprikaw\u00fcrfel.<\/li><\/ul><p>Guten Appetit! \ud83e\uddc0\ud83e\udd53<\/p>\t\t\t\t\t\t\t\t<\/div>\n\t\t\t\t<\/div>\n\t\t\t\t<\/div>\n\t\t\t\t<\/div>\n\t\t","protected":false},"excerpt":{"rendered":"<p>Deftige Fr\u00fchst\u00fccksmuffins (Thermomix TM 6) Portionen: f\u00fcr 12 Muffins Zutaten Trockene Zutaten: 200 g Dinkelvollkornmehl 1 TL Backpulver 1\/2 TL Natron 1\/2 TL Salz 1\/2 TL Paprikapulver (optional f\u00fcr W\u00fcrze) Nasse Zutaten: 3 Eier 150 ml Milch oder pflanzliche Alternative 50 ml Raps\u00f6l oder Oliven\u00f6l F\u00fcllung: 100 g geriebener K\u00e4se (z. B. Cheddar, Gouda oder [&hellip;]<\/p>\n","protected":false},"author":1,"featured_media":0,"parent":9,"menu_order":0,"comment_status":"closed","ping_status":"closed","template":"elementor_header_footer","meta":{"footnotes":""},"class_list":["post-1396","page","type-page","status-publish","hentry"],"_links":{"self":[{"href":"http:\/\/merely-labeled.com\/index.php?rest_route=\/wp\/v2\/pages\/1396","targetHints":{"allow":["GET"]}}],"collection":[{"href":"http:\/\/merely-labeled.com\/index.php?rest_route=\/wp\/v2\/pages"}],"about":[{"href":"http:\/\/merely-labeled.com\/index.php?rest_route=\/wp\/v2\/types\/page"}],"author":[{"embeddable":true,"href":"http:\/\/merely-labeled.com\/index.php?rest_route=\/wp\/v2\/users\/1"}],"replies":[{"embeddable":true,"href":"http:\/\/merely-labeled.com\/index.php?rest_route=%2Fwp%2Fv2%2Fcomments&post=1396"}],"version-history":[{"count":10,"href":"http:\/\/merely-labeled.com\/index.php?rest_route=\/wp\/v2\/pages\/1396\/revisions"}],"predecessor-version":[{"id":1413,"href":"http:\/\/merely-labeled.com\/index.php?rest_route=\/wp\/v2\/pages\/1396\/revisions\/1413"}],"up":[{"embeddable":true,"href":"http:\/\/merely-labeled.com\/index.php?rest_route=\/wp\/v2\/pages\/9"}],"wp:attachment":[{"href":"http:\/\/merely-labeled.com\/index.php?rest_route=%2Fwp%2Fv2%2Fmedia&parent=1396"}],"curies":[{"name":"wp","href":"https:\/\/api.w.org\/{rel}","templated":true}]}}